{"id":36,"date":"2017-03-03T09:14:56","date_gmt":"2017-03-03T09:14:56","guid":{"rendered":"https:\/\/www.ccgrass.com\/pt\/?page_id=36"},"modified":"2017-05-04T05:06:46","modified_gmt":"2017-05-04T05:06:46","slug":"the-company","status":"publish","type":"page","link":"https:\/\/www.ccgrass.com\/pt\/the-company\/","title":{"rendered":"A EMPRESA"},"content":{"rendered":"","protected":false},"excerpt":{"rendered":"","protected":false},"author":1,"featured_media":0,"parent":0,"menu_order":0,"comment_status":"closed","ping_status":"closed","template":"templates\/template-redirect.php","meta":{"_acf_changed":false,"footnotes":"","_links_to":"","_links_to_target":""},"class_list":["post-36","page","type-page","status-publish","hentry"],"acf":[],"yoast_head":"<!-- This site is optimized with the Yoast SEO plugin v27.5 - https:\/\/yoast.com\/product\/yoast-seo-wordpress\/ -->\n<title>A EMPRESA<\/title>\n<meta name=\"description\" content=\"A EMPRESA2\" \/>\n<meta name=\"robots\" content=\"index, follow, max-snippet:-1, max-image-preview:large, max-video-preview:-1\" \/>\n<link rel=\"canonical\" href=\"https:\/\/www.ccgrass.com\/pt\/the-company\/\" \/>\n<meta property=\"og:locale\" content=\"pt_PT\" \/>\n<meta property=\"og:type\" content=\"article\" \/>\n<meta property=\"og:title\" content=\"A EMPRESA\" \/>\n<meta property=\"og:description\" content=\"A EMPRESA2\" \/>\n<meta property=\"og:url\" content=\"https:\/\/www.ccgrass.com\/pt\/the-company\/\" \/>\n<meta property=\"og:site_name\" content=\"L\u00edder em fabrica\u00e7\u00e3o de pasto sint\u00e9tico\" \/>\n<meta property=\"article:modified_time\" content=\"2017-05-04T05:06:46+00:00\" \/>\n<meta name=\"twitter:card\" content=\"summary_large_image\" \/>\n<script type=\"application\/ld+json\" class=\"yoast-schema-graph\">{\"@context\":\"https:\\\/\\\/schema.org\",\"@graph\":[{\"@type\":\"WebPage\",\"@id\":\"https:\\\/\\\/www.ccgrass.com\\\/pt\\\/the-company\\\/\",\"url\":\"https:\\\/\\\/www.ccgrass.com\\\/pt\\\/the-company\\\/\",\"name\":\"A EMPRESA\",\"isPartOf\":{\"@id\":\"https:\\\/\\\/www.ccgrass.com\\\/pt\\\/#website\"},\"datePublished\":\"2017-03-03T09:14:56+00:00\",\"dateModified\":\"2017-05-04T05:06:46+00:00\",\"description\":\"A EMPRESA2\",\"breadcrumb\":{\"@id\":\"https:\\\/\\\/www.ccgrass.com\\\/pt\\\/the-company\\\/#breadcrumb\"},\"inLanguage\":\"pt-PT\",\"potentialAction\":[{\"@type\":\"ReadAction\",\"target\":[\"https:\\\/\\\/www.ccgrass.com\\\/pt\\\/the-company\\\/\"]}]},{\"@type\":\"BreadcrumbList\",\"@id\":\"https:\\\/\\\/www.ccgrass.com\\\/pt\\\/the-company\\\/#breadcrumb\",\"itemListElement\":[{\"@type\":\"ListItem\",\"position\":1,\"name\":\"Home\",\"item\":\"https:\\\/\\\/www.ccgrass.com\\\/pt\\\/\"},{\"@type\":\"ListItem\",\"position\":2,\"name\":\"A EMPRESA\"}]},{\"@type\":\"WebSite\",\"@id\":\"https:\\\/\\\/www.ccgrass.com\\\/pt\\\/#website\",\"url\":\"https:\\\/\\\/www.ccgrass.com\\\/pt\\\/\",\"name\":\"L\u00edder em fabrica\u00e7\u00e3o de pasto sint\u00e9tico\",\"description\":\"\",\"potentialAction\":[{\"@type\":\"SearchAction\",\"target\":{\"@type\":\"EntryPoint\",\"urlTemplate\":\"https:\\\/\\\/www.ccgrass.com\\\/pt\\\/?s={search_term_string}\"},\"query-input\":{\"@type\":\"PropertyValueSpecification\",\"valueRequired\":true,\"valueName\":\"search_term_string\"}}],\"inLanguage\":\"pt-PT\"}]}<\/script>\n<!-- \/ Yoast SEO plugin. -->","yoast_head_json":{"title":"A EMPRESA","description":"A EMPRESA2","robots":{"index":"index","follow":"follow","max-snippet":"max-snippet:-1","max-image-preview":"max-image-preview:large","max-video-preview":"max-video-preview:-1"},"canonical":"https:\/\/www.ccgrass.com\/pt\/the-company\/","og_locale":"pt_PT","og_type":"article","og_title":"A EMPRESA","og_description":"A EMPRESA2","og_url":"https:\/\/www.ccgrass.com\/pt\/the-company\/","og_site_name":"L\u00edder em fabrica\u00e7\u00e3o de pasto sint\u00e9tico","article_modified_time":"2017-05-04T05:06:46+00:00","twitter_card":"summary_large_image","schema":{"@context":"https:\/\/schema.org","@graph":[{"@type":"WebPage","@id":"https:\/\/www.ccgrass.com\/pt\/the-company\/","url":"https:\/\/www.ccgrass.com\/pt\/the-company\/","name":"A EMPRESA","isPartOf":{"@id":"https:\/\/www.ccgrass.com\/pt\/#website"},"datePublished":"2017-03-03T09:14:56+00:00","dateModified":"2017-05-04T05:06:46+00:00","description":"A EMPRESA2","breadcrumb":{"@id":"https:\/\/www.ccgrass.com\/pt\/the-company\/#breadcrumb"},"inLanguage":"pt-PT","potentialAction":[{"@type":"ReadAction","target":["https:\/\/www.ccgrass.com\/pt\/the-company\/"]}]},{"@type":"BreadcrumbList","@id":"https:\/\/www.ccgrass.com\/pt\/the-company\/#breadcrumb","itemListElement":[{"@type":"ListItem","position":1,"name":"Home","item":"https:\/\/www.ccgrass.com\/pt\/"},{"@type":"ListItem","position":2,"name":"A EMPRESA"}]},{"@type":"WebSite","@id":"https:\/\/www.ccgrass.com\/pt\/#website","url":"https:\/\/www.ccgrass.com\/pt\/","name":"L\u00edder em fabrica\u00e7\u00e3o de pasto sint\u00e9tico","description":"","potentialAction":[{"@type":"SearchAction","target":{"@type":"EntryPoint","urlTemplate":"https:\/\/www.ccgrass.com\/pt\/?s={search_term_string}"},"query-input":{"@type":"PropertyValueSpecification","valueRequired":true,"valueName":"search_term_string"}}],"inLanguage":"pt-PT"}]}},"_links":{"self":[{"href":"https:\/\/www.ccgrass.com\/pt\/wp-json\/wp\/v2\/pages\/36","targetHints":{"allow":["GET"]}}],"collection":[{"href":"https:\/\/www.ccgrass.com\/pt\/wp-json\/wp\/v2\/pages"}],"about":[{"href":"https:\/\/www.ccgrass.com\/pt\/wp-json\/wp\/v2\/types\/page"}],"author":[{"embeddable":true,"href":"https:\/\/www.ccgrass.com\/pt\/wp-json\/wp\/v2\/users\/1"}],"replies":[{"embeddable":true,"href":"https:\/\/www.ccgrass.com\/pt\/wp-json\/wp\/v2\/comments?post=36"}],"version-history":[{"count":0,"href":"https:\/\/www.ccgrass.com\/pt\/wp-json\/wp\/v2\/pages\/36\/revisions"}],"wp:attachment":[{"href":"https:\/\/www.ccgrass.com\/pt\/wp-json\/wp\/v2\/media?parent=36"}],"curies":[{"name":"wp","href":"https:\/\/api.w.org\/{rel}","templated":true}]}}