{"id":319,"date":"2017-03-25T08:01:12","date_gmt":"2017-03-25T08:01:12","guid":{"rendered":"https:\/\/www.ccgrass.com\/pt\/?page_id=319"},"modified":"2022-02-22T03:45:55","modified_gmt":"2022-02-22T03:45:55","slug":"fih-certified-manufacturer","status":"publish","type":"page","link":"https:\/\/www.ccgrass.com\/pt\/qualifications\/fih-certified-manufacturer\/","title":{"rendered":"Fabricante Certificado FIH"},"content":{"rendered":"[vc_row full_width=&#8221;stretch_row&#8221; css=&#8221;.vc_custom_1490339438546{padding-top: 100px !important;padding-bottom: 60px !important;}&#8221; el_class=&#8221;bg-gray-round&#8221;][vc_column][vc_column_text el_class=&#8221;section-title remove-br&#8221;]\n<h2 class=\"item-h2\">CCGrass &#8211; <span class=\"dark-green\">Fabricante Certificado FIH<\/span><\/h2>\n[\/vc_column_text][vc_single_image image=&#8221;3615&#8243; img_size=&#8221;full&#8221; alignment=&#8221;center&#8221; css=&#8221;.vc_custom_1617262865678{padding-bottom: 45px !important;}&#8221;][vc_row_inner][vc_column_inner width=&#8221;1\/6&#8243;][\/vc_column_inner][vc_column_inner width=&#8221;2\/3&#8243;][vc_column_text el_class=&#8221;gray text-center&#8221;]Campos de hockey t\u00eam padr\u00f5es muito altos para superf\u00edcies de pasto sint\u00e9tico. \u00c9 muito estrito em rolagem de bola, Deslizamento do p\u00e9, absor\u00e7\u00e3o de choque etc. CCGrass \u00e9 um fabricante aprovado pela Federa\u00e7\u00e3o Internacional de Hockey (FIH) e oferece sistemas de hockey Global e Nacional aprovados pela FIH para atender suas diversificadas demandas. Enquanto isso, nossas instala\u00e7\u00f5es de alto n\u00edvel tamb\u00e9m t\u00eam sido premiadas com certificado de campo FIH.<\/p>\n[\/vc_column_text][\/vc_column_inner][vc_column_inner width=&#8221;1\/6&#8243;][\/vc_column_inner][\/vc_row_inner][\/vc_column][\/vc_row][vc_row full_width=&#8221;stretch_row_content&#8221;][vc_column width=&#8221;1\/4&#8243;][vc_single_image image=&#8221;544&#8243; img_size=&#8221;full&#8221; alignment=&#8221;center&#8221; css=&#8221;.vc_custom_1493092449582{margin-bottom: 15px !important;}&#8221;][\/vc_column][vc_column width=&#8221;1\/4&#8243;][vc_single_image image=&#8221;545&#8243; img_size=&#8221;full&#8221; alignment=&#8221;center&#8221; css=&#8221;.vc_custom_1493092454571{margin-bottom: 15px !important;}&#8221;][\/vc_column][vc_column width=&#8221;1\/4&#8243;][vc_single_image image=&#8221;546&#8243; img_size=&#8221;full&#8221; alignment=&#8221;center&#8221; css=&#8221;.vc_custom_1493092459247{margin-bottom: 15px !important;}&#8221;][\/vc_column][vc_column width=&#8221;1\/4&#8243;][vc_single_image image=&#8221;547&#8243; img_size=&#8221;full&#8221; alignment=&#8221;center&#8221; css=&#8221;.vc_custom_1493092464176{margin-bottom: 15px !important;}&#8221;][\/vc_column][\/vc_row][vc_row full_width=&#8221;stretch_row_content&#8221;][vc_column width=&#8221;1\/4&#8243;][vc_single_image image=&#8221;551&#8243; img_size=&#8221;full&#8221; alignment=&#8221;center&#8221; css=&#8221;.vc_custom_1493092471494{margin-bottom: 15px !important;}&#8221;][\/vc_column][vc_column width=&#8221;1\/4&#8243;][vc_single_image image=&#8221;550&#8243; img_size=&#8221;full&#8221; alignment=&#8221;center&#8221; css=&#8221;.vc_custom_1493092476451{margin-bottom: 15px !important;}&#8221;][\/vc_column][vc_column width=&#8221;1\/4&#8243;][vc_single_image image=&#8221;549&#8243; img_size=&#8221;full&#8221; alignment=&#8221;center&#8221; css=&#8221;.vc_custom_1493092481355{margin-bottom: 15px !important;}&#8221;][\/vc_column][vc_column width=&#8221;1\/4&#8243;][vc_single_image image=&#8221;548&#8243; img_size=&#8221;full&#8221; alignment=&#8221;center&#8221; css=&#8221;.vc_custom_1493092486021{margin-bottom: 15px !important;}&#8221;][\/vc_column][\/vc_row][vc_row css=&#8221;.vc_custom_1490863688530{padding-top: 90px !important;padding-bottom: 50px !important;}&#8221;][vc_column][vc_row_inner css=&#8221;.vc_custom_1490863479335{padding-bottom: 30px !important;}&#8221;][vc_column_inner width=&#8221;1\/2&#8243;][vc_single_image image=&#8221;3699&#8243; img_size=&#8221;675&#215;955&#8243; alignment=&#8221;center&#8221;][vc_column_text]\n<h2 class=\"text-center\">Certificado de Empresa FIH<\/h2>\n[\/vc_column_text][\/vc_column_inner][vc_column_inner width=&#8221;1\/2&#8243;][vc_single_image image=&#8221;557&#8243; img_size=&#8221;full&#8221; alignment=&#8221;center&#8221;][vc_column_text]\n<h2 class=\"text-center\">Certificado de Produto N\u00edvel Global FIH<\/h2>\n[\/vc_column_text][\/vc_column_inner][\/vc_row_inner][vc_row_inner][vc_column_inner width=&#8221;1\/2&#8243;][vc_single_image image=&#8221;556&#8243; img_size=&#8221;full&#8221; alignment=&#8221;center&#8221;][vc_column_text]\n<h2 class=\"text-center\">Certificado de Produto N\u00edvel Nacional FIH<\/h2>\n[\/vc_column_text][\/vc_column_inner][vc_column_inner width=&#8221;1\/2&#8243;][vc_single_image image=&#8221;552&#8243; img_size=&#8221;full&#8221; alignment=&#8221;center&#8221;][vc_column_text]\n<h2 class=\"text-center\">Certificado de Campo FIH<\/h2>\n[\/vc_column_text][\/vc_column_inner][\/vc_row_inner][\/vc_column][\/vc_row]\n","protected":false},"excerpt":{"rendered":"<p>[vc_row full_width=&#8221;stretch_row&#8221; css=&#8221;.vc_custom_1490339438546{padding-top: 100px !important;padding-bottom: 60px !important;}&#8221; el_class=&#8221;bg-gray-round&#8221;][vc_column][vc_column_text el_class=&#8221;section-title remove-br&#8221;] CCGrass &#8211; Fabricante Certificado FIH [\/vc_column_text][vc_single_image image=&#8221;3615&#8243; img_size=&#8221;full&#8221; alignment=&#8221;center&#8221; css=&#8221;.vc_custom_1617262865678{padding-bottom: 45px !important;}&#8221;][vc_row_inner][vc_column_inner width=&#8221;1\/6&#8243;][\/vc_column_inner][vc_column_inner width=&#8221;2\/3&#8243;][vc_column_text el_class=&#8221;gray text-center&#8221;]Campos de hockey t\u00eam padr\u00f5es muito altos para superf\u00edcies de pasto sint\u00e9tico. \u00c9 muito estrito em rolagem de bola, Deslizamento do p\u00e9, absor\u00e7\u00e3o de choque etc. CCGrass \u00e9 um fabricante [&hellip;]<\/p>\n","protected":false},"author":1,"featured_media":540,"parent":40,"menu_order":3,"comment_status":"closed","ping_status":"closed","template":"","meta":{"_acf_changed":false,"footnotes":"","_links_to":"","_links_to_target":""},"class_list":["post-319","page","type-page","status-publish","has-post-thumbnail","hentry"],"acf":[],"yoast_head":"<!-- This site is optimized with the Yoast SEO plugin v27.5 - https:\/\/yoast.com\/product\/yoast-seo-wordpress\/ -->\n<title>Fabricante Certificado FIH - L\u00edder em fabrica\u00e7\u00e3o de pasto sint\u00e9tico<\/title>\n<meta name=\"description\" content=\"Fabricante Certificado FIH2\" \/>\n<meta name=\"robots\" content=\"index, follow, max-snippet:-1, max-image-preview:large, max-video-preview:-1\" \/>\n<link rel=\"canonical\" href=\"https:\/\/www.ccgrass.com\/pt\/qualifications\/fih-certified-manufacturer\/\" \/>\n<meta property=\"og:locale\" content=\"pt_PT\" \/>\n<meta property=\"og:type\" content=\"article\" \/>\n<meta property=\"og:title\" content=\"Fabricante Certificado FIH - L\u00edder em fabrica\u00e7\u00e3o de pasto sint\u00e9tico\" \/>\n<meta property=\"og:description\" content=\"Fabricante Certificado FIH2\" \/>\n<meta property=\"og:url\" content=\"https:\/\/www.ccgrass.com\/pt\/qualifications\/fih-certified-manufacturer\/\" \/>\n<meta property=\"og:site_name\" content=\"L\u00edder em fabrica\u00e7\u00e3o de pasto sint\u00e9tico\" \/>\n<meta property=\"article:modified_time\" content=\"2022-02-22T03:45:55+00:00\" \/>\n<meta property=\"og:image\" content=\"https:\/\/www.ccgrass.com\/pt\/wp-content\/uploads\/2017\/03\/thumb-for-FIH.jpg\" \/>\n\t<meta property=\"og:image:width\" content=\"1920\" \/>\n\t<meta property=\"og:image:height\" content=\"495\" \/>\n\t<meta property=\"og:image:type\" content=\"image\/jpeg\" \/>\n<meta name=\"twitter:card\" content=\"summary_large_image\" \/>\n<meta name=\"twitter:label1\" content=\"Tempo estimado de leitura\" \/>\n\t<meta name=\"twitter:data1\" content=\"2 minutos\" \/>\n<script type=\"application\/ld+json\" class=\"yoast-schema-graph\">{\"@context\":\"https:\\\/\\\/schema.org\",\"@graph\":[{\"@type\":\"WebPage\",\"@id\":\"https:\\\/\\\/www.ccgrass.com\\\/pt\\\/qualifications\\\/fih-certified-manufacturer\\\/\",\"url\":\"https:\\\/\\\/www.ccgrass.com\\\/pt\\\/qualifications\\\/fih-certified-manufacturer\\\/\",\"name\":\"Fabricante Certificado FIH - L\u00edder em fabrica\u00e7\u00e3o de pasto sint\u00e9tico\",\"isPartOf\":{\"@id\":\"https:\\\/\\\/www.ccgrass.com\\\/pt\\\/#website\"},\"primaryImageOfPage\":{\"@id\":\"https:\\\/\\\/www.ccgrass.com\\\/pt\\\/qualifications\\\/fih-certified-manufacturer\\\/#primaryimage\"},\"image\":{\"@id\":\"https:\\\/\\\/www.ccgrass.com\\\/pt\\\/qualifications\\\/fih-certified-manufacturer\\\/#primaryimage\"},\"thumbnailUrl\":\"https:\\\/\\\/www.ccgrass.com\\\/pt\\\/wp-content\\\/uploads\\\/2017\\\/03\\\/thumb-for-FIH.jpg\",\"datePublished\":\"2017-03-25T08:01:12+00:00\",\"dateModified\":\"2022-02-22T03:45:55+00:00\",\"description\":\"Fabricante Certificado FIH2\",\"breadcrumb\":{\"@id\":\"https:\\\/\\\/www.ccgrass.com\\\/pt\\\/qualifications\\\/fih-certified-manufacturer\\\/#breadcrumb\"},\"inLanguage\":\"pt-PT\",\"potentialAction\":[{\"@type\":\"ReadAction\",\"target\":[\"https:\\\/\\\/www.ccgrass.com\\\/pt\\\/qualifications\\\/fih-certified-manufacturer\\\/\"]}]},{\"@type\":\"ImageObject\",\"inLanguage\":\"pt-PT\",\"@id\":\"https:\\\/\\\/www.ccgrass.com\\\/pt\\\/qualifications\\\/fih-certified-manufacturer\\\/#primaryimage\",\"url\":\"https:\\\/\\\/www.ccgrass.com\\\/pt\\\/wp-content\\\/uploads\\\/2017\\\/03\\\/thumb-for-FIH.jpg\",\"contentUrl\":\"https:\\\/\\\/www.ccgrass.com\\\/pt\\\/wp-content\\\/uploads\\\/2017\\\/03\\\/thumb-for-FIH.jpg\",\"width\":1920,\"height\":495,\"caption\":\"thumb-for-FIH\"},{\"@type\":\"BreadcrumbList\",\"@id\":\"https:\\\/\\\/www.ccgrass.com\\\/pt\\\/qualifications\\\/fih-certified-manufacturer\\\/#breadcrumb\",\"itemListElement\":[{\"@type\":\"ListItem\",\"position\":1,\"name\":\"Home\",\"item\":\"https:\\\/\\\/www.ccgrass.com\\\/pt\\\/\"},{\"@type\":\"ListItem\",\"position\":2,\"name\":\"QUALIFICA\u00c7\u00d5ES\",\"item\":\"https:\\\/\\\/www.ccgrass.com\\\/pt\\\/qualifications\\\/\"},{\"@type\":\"ListItem\",\"position\":3,\"name\":\"Fabricante Certificado FIH\"}]},{\"@type\":\"WebSite\",\"@id\":\"https:\\\/\\\/www.ccgrass.com\\\/pt\\\/#website\",\"url\":\"https:\\\/\\\/www.ccgrass.com\\\/pt\\\/\",\"name\":\"L\u00edder em fabrica\u00e7\u00e3o de pasto sint\u00e9tico\",\"description\":\"\",\"potentialAction\":[{\"@type\":\"SearchAction\",\"target\":{\"@type\":\"EntryPoint\",\"urlTemplate\":\"https:\\\/\\\/www.ccgrass.com\\\/pt\\\/?s={search_term_string}\"},\"query-input\":{\"@type\":\"PropertyValueSpecification\",\"valueRequired\":true,\"valueName\":\"search_term_string\"}}],\"inLanguage\":\"pt-PT\"}]}<\/script>\n<!-- \/ Yoast SEO plugin. -->","yoast_head_json":{"title":"Fabricante Certificado FIH - L\u00edder em fabrica\u00e7\u00e3o de pasto sint\u00e9tico","description":"Fabricante Certificado FIH2","robots":{"index":"index","follow":"follow","max-snippet":"max-snippet:-1","max-image-preview":"max-image-preview:large","max-video-preview":"max-video-preview:-1"},"canonical":"https:\/\/www.ccgrass.com\/pt\/qualifications\/fih-certified-manufacturer\/","og_locale":"pt_PT","og_type":"article","og_title":"Fabricante Certificado FIH - L\u00edder em fabrica\u00e7\u00e3o de pasto sint\u00e9tico","og_description":"Fabricante Certificado FIH2","og_url":"https:\/\/www.ccgrass.com\/pt\/qualifications\/fih-certified-manufacturer\/","og_site_name":"L\u00edder em fabrica\u00e7\u00e3o de pasto sint\u00e9tico","article_modified_time":"2022-02-22T03:45:55+00:00","og_image":[{"width":1920,"height":495,"url":"https:\/\/www.ccgrass.com\/pt\/wp-content\/uploads\/2017\/03\/thumb-for-FIH.jpg","type":"image\/jpeg"}],"twitter_card":"summary_large_image","twitter_misc":{"Tempo estimado de leitura":"2 minutos"},"schema":{"@context":"https:\/\/schema.org","@graph":[{"@type":"WebPage","@id":"https:\/\/www.ccgrass.com\/pt\/qualifications\/fih-certified-manufacturer\/","url":"https:\/\/www.ccgrass.com\/pt\/qualifications\/fih-certified-manufacturer\/","name":"Fabricante Certificado FIH - L\u00edder em fabrica\u00e7\u00e3o de pasto sint\u00e9tico","isPartOf":{"@id":"https:\/\/www.ccgrass.com\/pt\/#website"},"primaryImageOfPage":{"@id":"https:\/\/www.ccgrass.com\/pt\/qualifications\/fih-certified-manufacturer\/#primaryimage"},"image":{"@id":"https:\/\/www.ccgrass.com\/pt\/qualifications\/fih-certified-manufacturer\/#primaryimage"},"thumbnailUrl":"https:\/\/www.ccgrass.com\/pt\/wp-content\/uploads\/2017\/03\/thumb-for-FIH.jpg","datePublished":"2017-03-25T08:01:12+00:00","dateModified":"2022-02-22T03:45:55+00:00","description":"Fabricante Certificado FIH2","breadcrumb":{"@id":"https:\/\/www.ccgrass.com\/pt\/qualifications\/fih-certified-manufacturer\/#breadcrumb"},"inLanguage":"pt-PT","potentialAction":[{"@type":"ReadAction","target":["https:\/\/www.ccgrass.com\/pt\/qualifications\/fih-certified-manufacturer\/"]}]},{"@type":"ImageObject","inLanguage":"pt-PT","@id":"https:\/\/www.ccgrass.com\/pt\/qualifications\/fih-certified-manufacturer\/#primaryimage","url":"https:\/\/www.ccgrass.com\/pt\/wp-content\/uploads\/2017\/03\/thumb-for-FIH.jpg","contentUrl":"https:\/\/www.ccgrass.com\/pt\/wp-content\/uploads\/2017\/03\/thumb-for-FIH.jpg","width":1920,"height":495,"caption":"thumb-for-FIH"},{"@type":"BreadcrumbList","@id":"https:\/\/www.ccgrass.com\/pt\/qualifications\/fih-certified-manufacturer\/#breadcrumb","itemListElement":[{"@type":"ListItem","position":1,"name":"Home","item":"https:\/\/www.ccgrass.com\/pt\/"},{"@type":"ListItem","position":2,"name":"QUALIFICA\u00c7\u00d5ES","item":"https:\/\/www.ccgrass.com\/pt\/qualifications\/"},{"@type":"ListItem","position":3,"name":"Fabricante Certificado FIH"}]},{"@type":"WebSite","@id":"https:\/\/www.ccgrass.com\/pt\/#website","url":"https:\/\/www.ccgrass.com\/pt\/","name":"L\u00edder em fabrica\u00e7\u00e3o de pasto sint\u00e9tico","description":"","potentialAction":[{"@type":"SearchAction","target":{"@type":"EntryPoint","urlTemplate":"https:\/\/www.ccgrass.com\/pt\/?s={search_term_string}"},"query-input":{"@type":"PropertyValueSpecification","valueRequired":true,"valueName":"search_term_string"}}],"inLanguage":"pt-PT"}]}},"_links":{"self":[{"href":"https:\/\/www.ccgrass.com\/pt\/wp-json\/wp\/v2\/pages\/319","targetHints":{"allow":["GET"]}}],"collection":[{"href":"https:\/\/www.ccgrass.com\/pt\/wp-json\/wp\/v2\/pages"}],"about":[{"href":"https:\/\/www.ccgrass.com\/pt\/wp-json\/wp\/v2\/types\/page"}],"author":[{"embeddable":true,"href":"https:\/\/www.ccgrass.com\/pt\/wp-json\/wp\/v2\/users\/1"}],"replies":[{"embeddable":true,"href":"https:\/\/www.ccgrass.com\/pt\/wp-json\/wp\/v2\/comments?post=319"}],"version-history":[{"count":0,"href":"https:\/\/www.ccgrass.com\/pt\/wp-json\/wp\/v2\/pages\/319\/revisions"}],"up":[{"embeddable":true,"href":"https:\/\/www.ccgrass.com\/pt\/wp-json\/wp\/v2\/pages\/40"}],"wp:featuredmedia":[{"embeddable":true,"href":"https:\/\/www.ccgrass.com\/pt\/wp-json\/wp\/v2\/media\/540"}],"wp:attachment":[{"href":"https:\/\/www.ccgrass.com\/pt\/wp-json\/wp\/v2\/media?parent=319"}],"curies":[{"name":"wp","href":"https:\/\/api.w.org\/{rel}","templated":true}]}}