{"id":313,"date":"2017-03-25T07:59:27","date_gmt":"2017-03-25T07:59:27","guid":{"rendered":"https:\/\/www.ccgrass.com\/pt\/?page_id=313"},"modified":"2018-05-23T01:50:22","modified_gmt":"2018-05-23T01:50:22","slug":"landscape-grass","status":"publish","type":"page","link":"https:\/\/www.ccgrass.com\/pt\/products\/landscape-grass\/","title":{"rendered":"Grama Decorativa"},"content":{"rendered":"[vc_row full_width=&#8221;stretch_row&#8221; css=&#8221;.vc_custom_1490857788250{padding-top: 100px !important;padding-bottom: 60px !important;}&#8221;][vc_column][vc_column_text el_class=&#8221;section-title remove-br&#8221;]\n<h2 class=\"item-h2\">Desenhista e Fabricante de<br \/>\n<span class=\"dark-green\">Grama Paisag\u00edstica<\/span><\/h2>\n[\/vc_column_text][vc_single_image image=&#8221;519&#8243; img_size=&#8221;full&#8221; alignment=&#8221;center&#8221;][vc_row_inner][vc_column_inner width=&#8221;1\/6&#8243;][\/vc_column_inner][vc_column_inner width=&#8221;2\/3&#8243;][vc_column_text el_class=&#8221;gray text-center&#8221;]Desde 2006, CCGras tem sido ativamente comprometido em desenhar as melhores solu\u00e7\u00f5es para as demandas do mercado paisag\u00edstico. CCGrass pode fornecer uma faixa compreensiva de produtos de paisagem cobrindo aplica\u00e7\u00f5es residenciais, comerciais, DIY, animais de estima\u00e7\u00e3o, golfe e municipal, que podem atender os diferentes requerimentos de revendedores, lojas, instaladores, etc.[\/vc_column_text][vc_column_text el_class=&#8221;text-center&#8221;]<a class=\"cus_btn large-btn black\" href=\"http:\/\/www.artificialgrasslandscape.com\/\" target=\"_blank\" rel=\"noopener noreferrer\">Saber Mais <\/a>[\/vc_column_text][\/vc_column_inner][vc_column_inner width=&#8221;1\/6&#8243;][\/vc_column_inner][\/vc_row_inner][\/vc_column][\/vc_row][vc_row full_width=&#8221;stretch_row_content_no_spaces&#8221;][vc_column width=&#8221;1\/3&#8243;][vc_single_image image=&#8221;519&#8243; img_size=&#8221;full&#8221; alignment=&#8221;center&#8221; css=&#8221;.vc_custom_1490857869826{margin-bottom: 0px !important;}&#8221;][\/vc_column][vc_column width=&#8221;1\/3&#8243;][vc_single_image image=&#8221;520&#8243; img_size=&#8221;full&#8221; alignment=&#8221;center&#8221; css=&#8221;.vc_custom_1490857869826{margin-bottom: 0px !important;}&#8221;][\/vc_column][vc_column width=&#8221;1\/3&#8243;][vc_single_image image=&#8221;521&#8243; img_size=&#8221;full&#8221; alignment=&#8221;center&#8221; css=&#8221;.vc_custom_1490857869826{margin-bottom: 0px !important;}&#8221;][\/vc_column][\/vc_row][vc_row full_width=&#8221;stretch_row_content_no_spaces&#8221;][vc_column width=&#8221;1\/3&#8243;][vc_single_image image=&#8221;522&#8243; img_size=&#8221;full&#8221; alignment=&#8221;center&#8221; css=&#8221;.vc_custom_1490857869826{margin-bottom: 0px !important;}&#8221;][\/vc_column][vc_column width=&#8221;1\/3&#8243;][vc_single_image image=&#8221;523&#8243; img_size=&#8221;full&#8221; alignment=&#8221;center&#8221; css=&#8221;.vc_custom_1490857869826{margin-bottom: 0px !important;}&#8221;][\/vc_column][vc_column width=&#8221;1\/3&#8243;][vc_single_image image=&#8221;524&#8243; img_size=&#8221;960&#215;640&#8243; alignment=&#8221;center&#8221; css=&#8221;.vc_custom_1490858005790{margin-bottom: 0px !important;}&#8221;][\/vc_column][\/vc_row]\n","protected":false},"excerpt":{"rendered":"<p>[vc_row full_width=&#8221;stretch_row&#8221; css=&#8221;.vc_custom_1490857788250{padding-top: 100px !important;padding-bottom: 60px !important;}&#8221;][vc_column][vc_column_text el_class=&#8221;section-title remove-br&#8221;] Desenhista e Fabricante de Grama Paisag\u00edstica [\/vc_column_text][vc_single_image image=&#8221;519&#8243; img_size=&#8221;full&#8221; alignment=&#8221;center&#8221;][vc_row_inner][vc_column_inner width=&#8221;1\/6&#8243;][\/vc_column_inner][vc_column_inner width=&#8221;2\/3&#8243;][vc_column_text el_class=&#8221;gray text-center&#8221;]Desde 2006, CCGras tem sido ativamente comprometido em desenhar as melhores solu\u00e7\u00f5es para as demandas do mercado paisag\u00edstico. CCGrass pode fornecer uma faixa compreensiva de produtos de paisagem cobrindo aplica\u00e7\u00f5es residenciais, comerciais, DIY, [&hellip;]<\/p>\n","protected":false},"author":1,"featured_media":515,"parent":38,"menu_order":5,"comment_status":"closed","ping_status":"closed","template":"","meta":{"_acf_changed":false,"footnotes":"","_links_to":"","_links_to_target":""},"class_list":["post-313","page","type-page","status-publish","has-post-thumbnail","hentry"],"acf":[],"yoast_head":"<!-- This site is optimized with the Yoast SEO plugin v27.5 - https:\/\/yoast.com\/product\/yoast-seo-wordpress\/ -->\n<title>Designer e fabricante de relva artificial de paisagem<\/title>\n<meta name=\"description\" content=\"O CCGrass pode fornecer uma gama abrangente de grama artificial para paisagem, cobrindo resid\u00eancias, comerciais, bricolage, animais de estima\u00e7\u00e3o, golfe, etc.2\" \/>\n<meta name=\"robots\" content=\"index, follow, max-snippet:-1, max-image-preview:large, max-video-preview:-1\" \/>\n<link rel=\"canonical\" href=\"https:\/\/www.ccgrass.com\/pt\/products\/landscape-grass\/\" \/>\n<meta property=\"og:locale\" content=\"pt_PT\" \/>\n<meta property=\"og:type\" content=\"article\" \/>\n<meta property=\"og:title\" content=\"Designer e fabricante de relva artificial de paisagem\" \/>\n<meta property=\"og:description\" content=\"O CCGrass pode fornecer uma gama abrangente de grama artificial para paisagem, cobrindo resid\u00eancias, comerciais, bricolage, animais de estima\u00e7\u00e3o, golfe, etc.2\" \/>\n<meta property=\"og:url\" content=\"https:\/\/www.ccgrass.com\/pt\/products\/landscape-grass\/\" \/>\n<meta property=\"og:site_name\" content=\"L\u00edder em fabrica\u00e7\u00e3o de pasto sint\u00e9tico\" \/>\n<meta property=\"article:modified_time\" content=\"2018-05-23T01:50:22+00:00\" \/>\n<meta property=\"og:image\" content=\"https:\/\/www.ccgrass.com\/pt\/wp-content\/uploads\/2017\/03\/thumb-for-landscape.jpg\" \/>\n\t<meta property=\"og:image:width\" content=\"1920\" \/>\n\t<meta property=\"og:image:height\" content=\"495\" \/>\n\t<meta property=\"og:image:type\" content=\"image\/jpeg\" \/>\n<meta name=\"twitter:card\" content=\"summary_large_image\" \/>\n<meta name=\"twitter:label1\" content=\"Tempo estimado de leitura\" \/>\n\t<meta name=\"twitter:data1\" content=\"1 minuto\" \/>\n<script type=\"application\/ld+json\" class=\"yoast-schema-graph\">{\"@context\":\"https:\\\/\\\/schema.org\",\"@graph\":[{\"@type\":\"WebPage\",\"@id\":\"https:\\\/\\\/www.ccgrass.com\\\/pt\\\/products\\\/landscape-grass\\\/\",\"url\":\"https:\\\/\\\/www.ccgrass.com\\\/pt\\\/products\\\/landscape-grass\\\/\",\"name\":\"Designer e fabricante de relva artificial de paisagem\",\"isPartOf\":{\"@id\":\"https:\\\/\\\/www.ccgrass.com\\\/pt\\\/#website\"},\"primaryImageOfPage\":{\"@id\":\"https:\\\/\\\/www.ccgrass.com\\\/pt\\\/products\\\/landscape-grass\\\/#primaryimage\"},\"image\":{\"@id\":\"https:\\\/\\\/www.ccgrass.com\\\/pt\\\/products\\\/landscape-grass\\\/#primaryimage\"},\"thumbnailUrl\":\"https:\\\/\\\/www.ccgrass.com\\\/pt\\\/wp-content\\\/uploads\\\/2017\\\/03\\\/thumb-for-landscape.jpg\",\"datePublished\":\"2017-03-25T07:59:27+00:00\",\"dateModified\":\"2018-05-23T01:50:22+00:00\",\"description\":\"O CCGrass pode fornecer uma gama abrangente de grama artificial para paisagem, cobrindo resid\u00eancias, comerciais, bricolage, animais de estima\u00e7\u00e3o, golfe, etc.2\",\"breadcrumb\":{\"@id\":\"https:\\\/\\\/www.ccgrass.com\\\/pt\\\/products\\\/landscape-grass\\\/#breadcrumb\"},\"inLanguage\":\"pt-PT\",\"potentialAction\":[{\"@type\":\"ReadAction\",\"target\":[\"https:\\\/\\\/www.ccgrass.com\\\/pt\\\/products\\\/landscape-grass\\\/\"]}]},{\"@type\":\"ImageObject\",\"inLanguage\":\"pt-PT\",\"@id\":\"https:\\\/\\\/www.ccgrass.com\\\/pt\\\/products\\\/landscape-grass\\\/#primaryimage\",\"url\":\"https:\\\/\\\/www.ccgrass.com\\\/pt\\\/wp-content\\\/uploads\\\/2017\\\/03\\\/thumb-for-landscape.jpg\",\"contentUrl\":\"https:\\\/\\\/www.ccgrass.com\\\/pt\\\/wp-content\\\/uploads\\\/2017\\\/03\\\/thumb-for-landscape.jpg\",\"width\":1920,\"height\":495,\"caption\":\"thumb-for-landscape\"},{\"@type\":\"BreadcrumbList\",\"@id\":\"https:\\\/\\\/www.ccgrass.com\\\/pt\\\/products\\\/landscape-grass\\\/#breadcrumb\",\"itemListElement\":[{\"@type\":\"ListItem\",\"position\":1,\"name\":\"Home\",\"item\":\"https:\\\/\\\/www.ccgrass.com\\\/pt\\\/\"},{\"@type\":\"ListItem\",\"position\":2,\"name\":\"PRODUTOS\",\"item\":\"https:\\\/\\\/www.ccgrass.com\\\/pt\\\/products\\\/sports-grass-for-football\\\/\"},{\"@type\":\"ListItem\",\"position\":3,\"name\":\"Grama Decorativa\"}]},{\"@type\":\"WebSite\",\"@id\":\"https:\\\/\\\/www.ccgrass.com\\\/pt\\\/#website\",\"url\":\"https:\\\/\\\/www.ccgrass.com\\\/pt\\\/\",\"name\":\"L\u00edder em fabrica\u00e7\u00e3o de pasto sint\u00e9tico\",\"description\":\"\",\"potentialAction\":[{\"@type\":\"SearchAction\",\"target\":{\"@type\":\"EntryPoint\",\"urlTemplate\":\"https:\\\/\\\/www.ccgrass.com\\\/pt\\\/?s={search_term_string}\"},\"query-input\":{\"@type\":\"PropertyValueSpecification\",\"valueRequired\":true,\"valueName\":\"search_term_string\"}}],\"inLanguage\":\"pt-PT\"}]}<\/script>\n<!-- \/ Yoast SEO plugin. -->","yoast_head_json":{"title":"Designer e fabricante de relva artificial de paisagem","description":"O CCGrass pode fornecer uma gama abrangente de grama artificial para paisagem, cobrindo resid\u00eancias, comerciais, bricolage, animais de estima\u00e7\u00e3o, golfe, etc.2","robots":{"index":"index","follow":"follow","max-snippet":"max-snippet:-1","max-image-preview":"max-image-preview:large","max-video-preview":"max-video-preview:-1"},"canonical":"https:\/\/www.ccgrass.com\/pt\/products\/landscape-grass\/","og_locale":"pt_PT","og_type":"article","og_title":"Designer e fabricante de relva artificial de paisagem","og_description":"O CCGrass pode fornecer uma gama abrangente de grama artificial para paisagem, cobrindo resid\u00eancias, comerciais, bricolage, animais de estima\u00e7\u00e3o, golfe, etc.2","og_url":"https:\/\/www.ccgrass.com\/pt\/products\/landscape-grass\/","og_site_name":"L\u00edder em fabrica\u00e7\u00e3o de pasto sint\u00e9tico","article_modified_time":"2018-05-23T01:50:22+00:00","og_image":[{"width":1920,"height":495,"url":"https:\/\/www.ccgrass.com\/pt\/wp-content\/uploads\/2017\/03\/thumb-for-landscape.jpg","type":"image\/jpeg"}],"twitter_card":"summary_large_image","twitter_misc":{"Tempo estimado de leitura":"1 minuto"},"schema":{"@context":"https:\/\/schema.org","@graph":[{"@type":"WebPage","@id":"https:\/\/www.ccgrass.com\/pt\/products\/landscape-grass\/","url":"https:\/\/www.ccgrass.com\/pt\/products\/landscape-grass\/","name":"Designer e fabricante de relva artificial de paisagem","isPartOf":{"@id":"https:\/\/www.ccgrass.com\/pt\/#website"},"primaryImageOfPage":{"@id":"https:\/\/www.ccgrass.com\/pt\/products\/landscape-grass\/#primaryimage"},"image":{"@id":"https:\/\/www.ccgrass.com\/pt\/products\/landscape-grass\/#primaryimage"},"thumbnailUrl":"https:\/\/www.ccgrass.com\/pt\/wp-content\/uploads\/2017\/03\/thumb-for-landscape.jpg","datePublished":"2017-03-25T07:59:27+00:00","dateModified":"2018-05-23T01:50:22+00:00","description":"O CCGrass pode fornecer uma gama abrangente de grama artificial para paisagem, cobrindo resid\u00eancias, comerciais, bricolage, animais de estima\u00e7\u00e3o, golfe, etc.2","breadcrumb":{"@id":"https:\/\/www.ccgrass.com\/pt\/products\/landscape-grass\/#breadcrumb"},"inLanguage":"pt-PT","potentialAction":[{"@type":"ReadAction","target":["https:\/\/www.ccgrass.com\/pt\/products\/landscape-grass\/"]}]},{"@type":"ImageObject","inLanguage":"pt-PT","@id":"https:\/\/www.ccgrass.com\/pt\/products\/landscape-grass\/#primaryimage","url":"https:\/\/www.ccgrass.com\/pt\/wp-content\/uploads\/2017\/03\/thumb-for-landscape.jpg","contentUrl":"https:\/\/www.ccgrass.com\/pt\/wp-content\/uploads\/2017\/03\/thumb-for-landscape.jpg","width":1920,"height":495,"caption":"thumb-for-landscape"},{"@type":"BreadcrumbList","@id":"https:\/\/www.ccgrass.com\/pt\/products\/landscape-grass\/#breadcrumb","itemListElement":[{"@type":"ListItem","position":1,"name":"Home","item":"https:\/\/www.ccgrass.com\/pt\/"},{"@type":"ListItem","position":2,"name":"PRODUTOS","item":"https:\/\/www.ccgrass.com\/pt\/products\/sports-grass-for-football\/"},{"@type":"ListItem","position":3,"name":"Grama Decorativa"}]},{"@type":"WebSite","@id":"https:\/\/www.ccgrass.com\/pt\/#website","url":"https:\/\/www.ccgrass.com\/pt\/","name":"L\u00edder em fabrica\u00e7\u00e3o de pasto sint\u00e9tico","description":"","potentialAction":[{"@type":"SearchAction","target":{"@type":"EntryPoint","urlTemplate":"https:\/\/www.ccgrass.com\/pt\/?s={search_term_string}"},"query-input":{"@type":"PropertyValueSpecification","valueRequired":true,"valueName":"search_term_string"}}],"inLanguage":"pt-PT"}]}},"_links":{"self":[{"href":"https:\/\/www.ccgrass.com\/pt\/wp-json\/wp\/v2\/pages\/313","targetHints":{"allow":["GET"]}}],"collection":[{"href":"https:\/\/www.ccgrass.com\/pt\/wp-json\/wp\/v2\/pages"}],"about":[{"href":"https:\/\/www.ccgrass.com\/pt\/wp-json\/wp\/v2\/types\/page"}],"author":[{"embeddable":true,"href":"https:\/\/www.ccgrass.com\/pt\/wp-json\/wp\/v2\/users\/1"}],"replies":[{"embeddable":true,"href":"https:\/\/www.ccgrass.com\/pt\/wp-json\/wp\/v2\/comments?post=313"}],"version-history":[{"count":0,"href":"https:\/\/www.ccgrass.com\/pt\/wp-json\/wp\/v2\/pages\/313\/revisions"}],"up":[{"embeddable":true,"href":"https:\/\/www.ccgrass.com\/pt\/wp-json\/wp\/v2\/pages\/38"}],"wp:featuredmedia":[{"embeddable":true,"href":"https:\/\/www.ccgrass.com\/pt\/wp-json\/wp\/v2\/media\/515"}],"wp:attachment":[{"href":"https:\/\/www.ccgrass.com\/pt\/wp-json\/wp\/v2\/media?parent=313"}],"curies":[{"name":"wp","href":"https:\/\/api.w.org\/{rel}","templated":true}]}}