{"id":311,"date":"2017-03-25T07:58:31","date_gmt":"2017-03-25T07:58:31","guid":{"rendered":"https:\/\/www.ccgrass.com\/pt\/?page_id=311"},"modified":"2018-05-23T01:49:56","modified_gmt":"2018-05-23T01:49:56","slug":"sports-grass-for-multi-purpose","status":"publish","type":"page","link":"https:\/\/www.ccgrass.com\/pt\/products\/sports-grass-for-multi-purpose\/","title":{"rendered":"Grama Esportiva Multiusos"},"content":{"rendered":"[vc_row full_width=&#8221;stretch_row&#8221; css=&#8221;.vc_custom_1490856625965{padding-top: 100px !important;padding-bottom: 60px !important;}&#8221;][vc_column][vc_column_text el_class=&#8221;section-title&#8221; css=&#8221;.vc_custom_1517467641191{padding-bottom: 35px !important;}&#8221;]\n<h2 class=\"item-h2\"><span class=\"dark-green\">Multi-prop\u00f3sito<\/span> com Alta Performance<\/h2>\n[\/vc_column_text][vc_single_image image=&#8221;506&#8243; img_size=&#8221;full&#8221; alignment=&#8221;center&#8221; css=&#8221;.vc_custom_1490856258634{padding-bottom: 45px !important;}&#8221;][vc_row_inner][vc_column_inner width=&#8221;1\/6&#8243;][\/vc_column_inner][vc_column_inner width=&#8221;2\/3&#8243;][vc_column_text el_class=&#8221;gray text-center&#8221;]A abundante experi\u00eancia da CCGrass em v\u00e1rias aplica\u00e7\u00f5es esportivas nos permitiu fornecer sistemas de pasto sint\u00e9tico de alta performance para aplica\u00e7\u00f5es multi-prop\u00f3sito, como campos de futebol de 7 e 11, Campo de Futebol e Hockey e Campo de Futebol e Rugby.<\/p>\n<p><strong>CCGrass acredita que o multi-prop\u00f3sito n\u00e3o deve afetar o custo da performance. O sistema Futebol &amp; Hockey atende aos padr\u00f5es FIFA 2 estrelas e Padr\u00e3o Nacional FIH enquanto o sistema Futebol &amp; Rugby passou nos tetes de laborat\u00f3rio FIFA e IRB. Com o passar dos anos, os sistemas multi-prop\u00f3sito de alta performance CCGrass serviu a um grande n\u00famero de universidades, comunidae e clubes amadores para atender suas necessidades e maximizar a fun\u00e7\u00e3o de um \u00fanico investimento.<\/strong><\/p>\n<p>Em acr\u00e9scimo, para ajudar os clientes a evitar a complexidade de um campo multi-prop\u00f3sito, CCGrass controla o desgastante processo de design para nossos clientes e fornece orienta\u00e7\u00e3o que garante f\u00e1cil instala\u00e7\u00e3o e alta jogabilidade.[\/vc_column_text][\/vc_column_inner][vc_column_inner width=&#8221;1\/6&#8243;][\/vc_column_inner][\/vc_row_inner][\/vc_column][\/vc_row][vc_row full_width=&#8221;stretch_row_content_no_spaces&#8221;][vc_column width=&#8221;1\/4&#8243;][vc_single_image image=&#8221;510&#8243; img_size=&#8221;full&#8221; alignment=&#8221;center&#8221; css=&#8221;.vc_custom_1490856552611{margin-bottom: 0px !important;}&#8221;][\/vc_column][vc_column width=&#8221;1\/4&#8243;][vc_single_image image=&#8221;508&#8243; img_size=&#8221;full&#8221; alignment=&#8221;center&#8221; css=&#8221;.vc_custom_1490856559601{margin-bottom: 0px !important;}&#8221;][\/vc_column][vc_column width=&#8221;1\/4&#8243;][vc_single_image image=&#8221;507&#8243; img_size=&#8221;full&#8221; alignment=&#8221;center&#8221; css=&#8221;.vc_custom_1490856564816{margin-bottom: 0px !important;}&#8221;][\/vc_column][vc_column width=&#8221;1\/4&#8243;][vc_single_image image=&#8221;511&#8243; img_size=&#8221;full&#8221; alignment=&#8221;center&#8221; css=&#8221;.vc_custom_1490856569742{margin-bottom: 0px !important;}&#8221;][\/vc_column][\/vc_row]\n","protected":false},"excerpt":{"rendered":"<p>[vc_row full_width=&#8221;stretch_row&#8221; css=&#8221;.vc_custom_1490856625965{padding-top: 100px !important;padding-bottom: 60px !important;}&#8221;][vc_column][vc_column_text el_class=&#8221;section-title&#8221; css=&#8221;.vc_custom_1517467641191{padding-bottom: 35px !important;}&#8221;] Multi-prop\u00f3sito com Alta Performance [\/vc_column_text][vc_single_image image=&#8221;506&#8243; img_size=&#8221;full&#8221; alignment=&#8221;center&#8221; css=&#8221;.vc_custom_1490856258634{padding-bottom: 45px !important;}&#8221;][vc_row_inner][vc_column_inner width=&#8221;1\/6&#8243;][\/vc_column_inner][vc_column_inner width=&#8221;2\/3&#8243;][vc_column_text el_class=&#8221;gray text-center&#8221;]A abundante experi\u00eancia da CCGrass em v\u00e1rias aplica\u00e7\u00f5es esportivas nos permitiu fornecer sistemas de pasto sint\u00e9tico de alta performance para aplica\u00e7\u00f5es multi-prop\u00f3sito, como campos de futebol de 7 e 11, [&hellip;]<\/p>\n","protected":false},"author":1,"featured_media":501,"parent":38,"menu_order":4,"comment_status":"closed","ping_status":"closed","template":"","meta":{"_acf_changed":false,"footnotes":"","_links_to":"","_links_to_target":""},"class_list":["post-311","page","type-page","status-publish","has-post-thumbnail","hentry"],"acf":[],"yoast_head":"<!-- This site is optimized with the Yoast SEO plugin v27.5 - https:\/\/yoast.com\/product\/yoast-seo-wordpress\/ -->\n<title>Grama Artificial de Alto Desempenho e Produtos de Relva Sint\u00e9tica para Campos Profissionais Multifuncionais<\/title>\n<meta name=\"description\" content=\"O nosso sistema de futebol e h\u00f3quei em relva sint\u00e9tica cumpre o padr\u00e3o FIFA Quality Pro Standard e o padr\u00e3o nacional FIH, e o nosso sistema de relva artificial de futebol e rugby passou tanto no teste laboratorial FIFA como no teste laboratorial IRB.2\" \/>\n<meta name=\"robots\" content=\"index, follow, max-snippet:-1, max-image-preview:large, max-video-preview:-1\" \/>\n<link rel=\"canonical\" href=\"https:\/\/www.ccgrass.com\/pt\/products\/sports-grass-for-multi-purpose\/\" \/>\n<meta property=\"og:locale\" content=\"pt_PT\" \/>\n<meta property=\"og:type\" content=\"article\" \/>\n<meta property=\"og:title\" content=\"Grama Artificial de Alto Desempenho e Produtos de Relva Sint\u00e9tica para Campos Profissionais Multifuncionais\" \/>\n<meta property=\"og:description\" content=\"O nosso sistema de futebol e h\u00f3quei em relva sint\u00e9tica cumpre o padr\u00e3o FIFA Quality Pro Standard e o padr\u00e3o nacional FIH, e o nosso sistema de relva artificial de futebol e rugby passou tanto no teste laboratorial FIFA como no teste laboratorial IRB.2\" \/>\n<meta property=\"og:url\" content=\"https:\/\/www.ccgrass.com\/pt\/products\/sports-grass-for-multi-purpose\/\" \/>\n<meta property=\"og:site_name\" content=\"L\u00edder em fabrica\u00e7\u00e3o de pasto sint\u00e9tico\" \/>\n<meta property=\"article:modified_time\" content=\"2018-05-23T01:49:56+00:00\" \/>\n<meta property=\"og:image\" content=\"https:\/\/www.ccgrass.com\/pt\/wp-content\/uploads\/2017\/03\/thumb-for-multi-purpose.jpg\" \/>\n\t<meta property=\"og:image:width\" content=\"1920\" \/>\n\t<meta property=\"og:image:height\" content=\"495\" \/>\n\t<meta property=\"og:image:type\" content=\"image\/jpeg\" \/>\n<meta name=\"twitter:card\" content=\"summary_large_image\" \/>\n<meta name=\"twitter:label1\" content=\"Tempo estimado de leitura\" \/>\n\t<meta name=\"twitter:data1\" content=\"2 minutos\" \/>\n<script type=\"application\/ld+json\" class=\"yoast-schema-graph\">{\"@context\":\"https:\\\/\\\/schema.org\",\"@graph\":[{\"@type\":\"WebPage\",\"@id\":\"https:\\\/\\\/www.ccgrass.com\\\/pt\\\/products\\\/sports-grass-for-multi-purpose\\\/\",\"url\":\"https:\\\/\\\/www.ccgrass.com\\\/pt\\\/products\\\/sports-grass-for-multi-purpose\\\/\",\"name\":\"Grama Artificial de Alto Desempenho e Produtos de Relva Sint\u00e9tica para Campos Profissionais Multifuncionais\",\"isPartOf\":{\"@id\":\"https:\\\/\\\/www.ccgrass.com\\\/pt\\\/#website\"},\"primaryImageOfPage\":{\"@id\":\"https:\\\/\\\/www.ccgrass.com\\\/pt\\\/products\\\/sports-grass-for-multi-purpose\\\/#primaryimage\"},\"image\":{\"@id\":\"https:\\\/\\\/www.ccgrass.com\\\/pt\\\/products\\\/sports-grass-for-multi-purpose\\\/#primaryimage\"},\"thumbnailUrl\":\"https:\\\/\\\/www.ccgrass.com\\\/pt\\\/wp-content\\\/uploads\\\/2017\\\/03\\\/thumb-for-multi-purpose.jpg\",\"datePublished\":\"2017-03-25T07:58:31+00:00\",\"dateModified\":\"2018-05-23T01:49:56+00:00\",\"description\":\"O nosso sistema de futebol e h\u00f3quei em relva sint\u00e9tica cumpre o padr\u00e3o FIFA Quality Pro Standard e o padr\u00e3o nacional FIH, e o nosso sistema de relva artificial de futebol e rugby passou tanto no teste laboratorial FIFA como no teste laboratorial IRB.2\",\"breadcrumb\":{\"@id\":\"https:\\\/\\\/www.ccgrass.com\\\/pt\\\/products\\\/sports-grass-for-multi-purpose\\\/#breadcrumb\"},\"inLanguage\":\"pt-PT\",\"potentialAction\":[{\"@type\":\"ReadAction\",\"target\":[\"https:\\\/\\\/www.ccgrass.com\\\/pt\\\/products\\\/sports-grass-for-multi-purpose\\\/\"]}]},{\"@type\":\"ImageObject\",\"inLanguage\":\"pt-PT\",\"@id\":\"https:\\\/\\\/www.ccgrass.com\\\/pt\\\/products\\\/sports-grass-for-multi-purpose\\\/#primaryimage\",\"url\":\"https:\\\/\\\/www.ccgrass.com\\\/pt\\\/wp-content\\\/uploads\\\/2017\\\/03\\\/thumb-for-multi-purpose.jpg\",\"contentUrl\":\"https:\\\/\\\/www.ccgrass.com\\\/pt\\\/wp-content\\\/uploads\\\/2017\\\/03\\\/thumb-for-multi-purpose.jpg\",\"width\":1920,\"height\":495,\"caption\":\"thumb-for-multi-purpose\"},{\"@type\":\"BreadcrumbList\",\"@id\":\"https:\\\/\\\/www.ccgrass.com\\\/pt\\\/products\\\/sports-grass-for-multi-purpose\\\/#breadcrumb\",\"itemListElement\":[{\"@type\":\"ListItem\",\"position\":1,\"name\":\"Home\",\"item\":\"https:\\\/\\\/www.ccgrass.com\\\/pt\\\/\"},{\"@type\":\"ListItem\",\"position\":2,\"name\":\"PRODUTOS\",\"item\":\"https:\\\/\\\/www.ccgrass.com\\\/pt\\\/products\\\/sports-grass-for-football\\\/\"},{\"@type\":\"ListItem\",\"position\":3,\"name\":\"Grama Esportiva Multiusos\"}]},{\"@type\":\"WebSite\",\"@id\":\"https:\\\/\\\/www.ccgrass.com\\\/pt\\\/#website\",\"url\":\"https:\\\/\\\/www.ccgrass.com\\\/pt\\\/\",\"name\":\"L\u00edder em fabrica\u00e7\u00e3o de pasto sint\u00e9tico\",\"description\":\"\",\"potentialAction\":[{\"@type\":\"SearchAction\",\"target\":{\"@type\":\"EntryPoint\",\"urlTemplate\":\"https:\\\/\\\/www.ccgrass.com\\\/pt\\\/?s={search_term_string}\"},\"query-input\":{\"@type\":\"PropertyValueSpecification\",\"valueRequired\":true,\"valueName\":\"search_term_string\"}}],\"inLanguage\":\"pt-PT\"}]}<\/script>\n<!-- \/ Yoast SEO plugin. -->","yoast_head_json":{"title":"Grama Artificial de Alto Desempenho e Produtos de Relva Sint\u00e9tica para Campos Profissionais Multifuncionais","description":"O nosso sistema de futebol e h\u00f3quei em relva sint\u00e9tica cumpre o padr\u00e3o FIFA Quality Pro Standard e o padr\u00e3o nacional FIH, e o nosso sistema de relva artificial de futebol e rugby passou tanto no teste laboratorial FIFA como no teste laboratorial IRB.2","robots":{"index":"index","follow":"follow","max-snippet":"max-snippet:-1","max-image-preview":"max-image-preview:large","max-video-preview":"max-video-preview:-1"},"canonical":"https:\/\/www.ccgrass.com\/pt\/products\/sports-grass-for-multi-purpose\/","og_locale":"pt_PT","og_type":"article","og_title":"Grama Artificial de Alto Desempenho e Produtos de Relva Sint\u00e9tica para Campos Profissionais Multifuncionais","og_description":"O nosso sistema de futebol e h\u00f3quei em relva sint\u00e9tica cumpre o padr\u00e3o FIFA Quality Pro Standard e o padr\u00e3o nacional FIH, e o nosso sistema de relva artificial de futebol e rugby passou tanto no teste laboratorial FIFA como no teste laboratorial IRB.2","og_url":"https:\/\/www.ccgrass.com\/pt\/products\/sports-grass-for-multi-purpose\/","og_site_name":"L\u00edder em fabrica\u00e7\u00e3o de pasto sint\u00e9tico","article_modified_time":"2018-05-23T01:49:56+00:00","og_image":[{"width":1920,"height":495,"url":"https:\/\/www.ccgrass.com\/pt\/wp-content\/uploads\/2017\/03\/thumb-for-multi-purpose.jpg","type":"image\/jpeg"}],"twitter_card":"summary_large_image","twitter_misc":{"Tempo estimado de leitura":"2 minutos"},"schema":{"@context":"https:\/\/schema.org","@graph":[{"@type":"WebPage","@id":"https:\/\/www.ccgrass.com\/pt\/products\/sports-grass-for-multi-purpose\/","url":"https:\/\/www.ccgrass.com\/pt\/products\/sports-grass-for-multi-purpose\/","name":"Grama Artificial de Alto Desempenho e Produtos de Relva Sint\u00e9tica para Campos Profissionais Multifuncionais","isPartOf":{"@id":"https:\/\/www.ccgrass.com\/pt\/#website"},"primaryImageOfPage":{"@id":"https:\/\/www.ccgrass.com\/pt\/products\/sports-grass-for-multi-purpose\/#primaryimage"},"image":{"@id":"https:\/\/www.ccgrass.com\/pt\/products\/sports-grass-for-multi-purpose\/#primaryimage"},"thumbnailUrl":"https:\/\/www.ccgrass.com\/pt\/wp-content\/uploads\/2017\/03\/thumb-for-multi-purpose.jpg","datePublished":"2017-03-25T07:58:31+00:00","dateModified":"2018-05-23T01:49:56+00:00","description":"O nosso sistema de futebol e h\u00f3quei em relva sint\u00e9tica cumpre o padr\u00e3o FIFA Quality Pro Standard e o padr\u00e3o nacional FIH, e o nosso sistema de relva artificial de futebol e rugby passou tanto no teste laboratorial FIFA como no teste laboratorial IRB.2","breadcrumb":{"@id":"https:\/\/www.ccgrass.com\/pt\/products\/sports-grass-for-multi-purpose\/#breadcrumb"},"inLanguage":"pt-PT","potentialAction":[{"@type":"ReadAction","target":["https:\/\/www.ccgrass.com\/pt\/products\/sports-grass-for-multi-purpose\/"]}]},{"@type":"ImageObject","inLanguage":"pt-PT","@id":"https:\/\/www.ccgrass.com\/pt\/products\/sports-grass-for-multi-purpose\/#primaryimage","url":"https:\/\/www.ccgrass.com\/pt\/wp-content\/uploads\/2017\/03\/thumb-for-multi-purpose.jpg","contentUrl":"https:\/\/www.ccgrass.com\/pt\/wp-content\/uploads\/2017\/03\/thumb-for-multi-purpose.jpg","width":1920,"height":495,"caption":"thumb-for-multi-purpose"},{"@type":"BreadcrumbList","@id":"https:\/\/www.ccgrass.com\/pt\/products\/sports-grass-for-multi-purpose\/#breadcrumb","itemListElement":[{"@type":"ListItem","position":1,"name":"Home","item":"https:\/\/www.ccgrass.com\/pt\/"},{"@type":"ListItem","position":2,"name":"PRODUTOS","item":"https:\/\/www.ccgrass.com\/pt\/products\/sports-grass-for-football\/"},{"@type":"ListItem","position":3,"name":"Grama Esportiva Multiusos"}]},{"@type":"WebSite","@id":"https:\/\/www.ccgrass.com\/pt\/#website","url":"https:\/\/www.ccgrass.com\/pt\/","name":"L\u00edder em fabrica\u00e7\u00e3o de pasto sint\u00e9tico","description":"","potentialAction":[{"@type":"SearchAction","target":{"@type":"EntryPoint","urlTemplate":"https:\/\/www.ccgrass.com\/pt\/?s={search_term_string}"},"query-input":{"@type":"PropertyValueSpecification","valueRequired":true,"valueName":"search_term_string"}}],"inLanguage":"pt-PT"}]}},"_links":{"self":[{"href":"https:\/\/www.ccgrass.com\/pt\/wp-json\/wp\/v2\/pages\/311","targetHints":{"allow":["GET"]}}],"collection":[{"href":"https:\/\/www.ccgrass.com\/pt\/wp-json\/wp\/v2\/pages"}],"about":[{"href":"https:\/\/www.ccgrass.com\/pt\/wp-json\/wp\/v2\/types\/page"}],"author":[{"embeddable":true,"href":"https:\/\/www.ccgrass.com\/pt\/wp-json\/wp\/v2\/users\/1"}],"replies":[{"embeddable":true,"href":"https:\/\/www.ccgrass.com\/pt\/wp-json\/wp\/v2\/comments?post=311"}],"version-history":[{"count":0,"href":"https:\/\/www.ccgrass.com\/pt\/wp-json\/wp\/v2\/pages\/311\/revisions"}],"up":[{"embeddable":true,"href":"https:\/\/www.ccgrass.com\/pt\/wp-json\/wp\/v2\/pages\/38"}],"wp:featuredmedia":[{"embeddable":true,"href":"https:\/\/www.ccgrass.com\/pt\/wp-json\/wp\/v2\/media\/501"}],"wp:attachment":[{"href":"https:\/\/www.ccgrass.com\/pt\/wp-json\/wp\/v2\/media?parent=311"}],"curies":[{"name":"wp","href":"https:\/\/api.w.org\/{rel}","templated":true}]}}