{"id":309,"date":"2017-03-25T07:58:01","date_gmt":"2017-03-25T07:58:01","guid":{"rendered":"https:\/\/www.ccgrass.com\/pt\/?page_id=309"},"modified":"2021-05-18T01:41:23","modified_gmt":"2021-05-18T01:41:23","slug":"sports-grass-for-tennis","status":"publish","type":"page","link":"https:\/\/www.ccgrass.com\/pt\/products\/sports-grass-for-tennis\/","title":{"rendered":"Grama Esportiva para T\u00eanis"},"content":{"rendered":"[vc_row full_width=&#8221;stretch_row&#8221; css=&#8221;.vc_custom_1490842474196{padding-top: 100px !important;padding-bottom: 60px !important;}&#8221;][vc_column][vc_column_text el_class=&#8221;section-title&#8221; css=&#8221;.vc_custom_1517467570057{padding-bottom: 35px !important;}&#8221;]\n<h2 class=\"item-h2\">Atrativa e Confort\u00e1vel Solu\u00e7\u00e3o para <span class=\"dark-green\">T\u00eanis<\/span><\/h2>\n[\/vc_column_text][vc_single_image image=&#8221;405&#8243; img_size=&#8221;full&#8221; alignment=&#8221;center&#8221; css=&#8221;.vc_custom_1490841030902{padding-bottom: 45px !important;}&#8221;][vc_row_inner][vc_column_inner width=&#8221;1\/6&#8243;][\/vc_column_inner][vc_column_inner width=&#8221;2\/3&#8243;][vc_column_text el_class=&#8221;gray text-center&#8221;]De acordo com a classifica\u00e7\u00e3o Court Pace, existem 5 categorias para quadras de t\u00eanis: lenta, m\u00e9dia-lenta, m\u00e9dia, m\u00e9dia-r\u00e1pida, r\u00e1pida. CCGrass fornece pasto sint\u00e9tico certificada pela ITF (International Tennis Federation) para quadras de t\u00eanis m\u00e9dia-lenta. O sistema de t\u00eanis tamb\u00e9m apresenta apar\u00eancia atrativa e sensa\u00e7\u00e3o confort\u00e1vel que adiciona valor a sua comunidade ou \u00e1rea comercial.<\/p>\n<p>P\u00e1del possui requerimentos similares quanto a superf\u00edcie, CCGrass tamb\u00e9m oferece solu\u00e7\u00e3o de pasto sint\u00e9tico para este setor do esporte, que est\u00e1 se espalhando rapidamente na Europa e outros continentes.[\/vc_column_text][vc_single_image image=&#8221;3618&#8243; img_size=&#8221;full&#8221; alignment=&#8221;center&#8221;][\/vc_column_inner][vc_column_inner width=&#8221;1\/6&#8243;][\/vc_column_inner][\/vc_row_inner][\/vc_column][\/vc_row][vc_row full_width=&#8221;stretch_row_content&#8221;][vc_column width=&#8221;1\/2&#8243; css=&#8221;.vc_custom_1488608721610{padding-top: 0px !important;}&#8221;][vc_single_image image=&#8221;389&#8243; img_size=&#8221;full&#8221; alignment=&#8221;right&#8221; css=&#8221;.vc_custom_1490839682578{margin-bottom: 0px !important;}&#8221;][\/vc_column][vc_column width=&#8221;1\/2&#8243; css=&#8221;.vc_custom_1488608726349{padding-top: 0px !important;}&#8221;][vc_single_image image=&#8221;390&#8243; img_size=&#8221;full&#8221; css=&#8221;.vc_custom_1490841567812{margin-bottom: 0px !important;}&#8221;][\/vc_column][\/vc_row][vc_row css=&#8221;.vc_custom_1489218887644{padding-top: 100px !important;padding-bottom: 60px !important;}&#8221;][vc_column el_class=&#8221;recommend-products-wrap&#8221;][vc_column_text el_class=&#8221;section-title&#8221;]\n<h2 class=\"item-h2\">Produtos Recomendados<\/h2>\n[\/vc_column_text][vc_row_inner][vc_column_inner el_class=&#8221;recommend-product-item&#8221; offset=&#8221;vc_col-lg-6 vc_col-md-6&#8243;][vc_single_image image=&#8221;404&#8243; img_size=&#8221;full&#8221; alignment=&#8221;center&#8221; css=&#8221;.vc_custom_1490841057528{margin-bottom: 25px !important;}&#8221;][vc_column_text css=&#8221;.vc_custom_1557198721995{margin-bottom: 20px !important;}&#8221;]\n<h2>YEII<sup>TM<\/sup> 15<\/h2>\n<ul>\n<li>Estrutura \u00danica Fibrilada<\/li>\n<li>Excelente Performance Esportiva<\/li>\n<li>Alta Resist\u00eancia a Desgaste e UV<\/li>\n<\/ul>\n[\/vc_column_text][vc_column_text]\n<div class=\"equal-height\"><span class=\"dark-green\">YEII<sup>TM<\/sup><\/span> \u00e9 feito de fibras cl\u00e1ssicas creativamente desenvolvida para atender as necessidades especiais de durabilidade e performance de jogo do t\u00eanis.<\/div>\n[\/vc_column_text][\/vc_column_inner][\/vc_row_inner][\/vc_column][\/vc_row]\n","protected":false},"excerpt":{"rendered":"<p>[vc_row full_width=&#8221;stretch_row&#8221; css=&#8221;.vc_custom_1490842474196{padding-top: 100px !important;padding-bottom: 60px !important;}&#8221;][vc_column][vc_column_text el_class=&#8221;section-title&#8221; css=&#8221;.vc_custom_1517467570057{padding-bottom: 35px !important;}&#8221;] Atrativa e Confort\u00e1vel Solu\u00e7\u00e3o para T\u00eanis [\/vc_column_text][vc_single_image image=&#8221;405&#8243; img_size=&#8221;full&#8221; alignment=&#8221;center&#8221; css=&#8221;.vc_custom_1490841030902{padding-bottom: 45px !important;}&#8221;][vc_row_inner][vc_column_inner width=&#8221;1\/6&#8243;][\/vc_column_inner][vc_column_inner width=&#8221;2\/3&#8243;][vc_column_text el_class=&#8221;gray text-center&#8221;]De acordo com a classifica\u00e7\u00e3o Court Pace, existem 5 categorias para quadras de t\u00eanis: lenta, m\u00e9dia-lenta, m\u00e9dia, m\u00e9dia-r\u00e1pida, r\u00e1pida. CCGrass fornece pasto sint\u00e9tico certificada pela ITF (International Tennis [&hellip;]<\/p>\n","protected":false},"author":1,"featured_media":385,"parent":38,"menu_order":3,"comment_status":"closed","ping_status":"closed","template":"","meta":{"_acf_changed":false,"footnotes":"","_links_to":"","_links_to_target":""},"class_list":["post-309","page","type-page","status-publish","has-post-thumbnail","hentry"],"acf":[],"yoast_head":"<!-- This site is optimized with the Yoast SEO plugin v27.5 - https:\/\/yoast.com\/product\/yoast-seo-wordpress\/ -->\n<title>Grama Artificial e Solu\u00e7\u00f5es de Relva Sint\u00e9tica para Campos de T\u00eanis de Alta Qualidade<\/title>\n<meta name=\"description\" content=\"O CCGrass fornece grama de t\u00eanis certificada pela ITF para quadra de t\u00eanis e relva artificial para Padel. Nosso gramado de t\u00eanis sint\u00e9tico \u00e9 atraente e confort\u00e1vel.2\" \/>\n<meta name=\"robots\" content=\"index, follow, max-snippet:-1, max-image-preview:large, max-video-preview:-1\" \/>\n<link rel=\"canonical\" href=\"https:\/\/www.ccgrass.com\/pt\/products\/sports-grass-for-tennis\/\" \/>\n<meta property=\"og:locale\" content=\"pt_PT\" \/>\n<meta property=\"og:type\" content=\"article\" \/>\n<meta property=\"og:title\" content=\"Grama Artificial e Solu\u00e7\u00f5es de Relva Sint\u00e9tica para Campos de T\u00eanis de Alta Qualidade\" \/>\n<meta property=\"og:description\" content=\"O CCGrass fornece grama de t\u00eanis certificada pela ITF para quadra de t\u00eanis e relva artificial para Padel. Nosso gramado de t\u00eanis sint\u00e9tico \u00e9 atraente e confort\u00e1vel.2\" \/>\n<meta property=\"og:url\" content=\"https:\/\/www.ccgrass.com\/pt\/products\/sports-grass-for-tennis\/\" \/>\n<meta property=\"og:site_name\" content=\"L\u00edder em fabrica\u00e7\u00e3o de pasto sint\u00e9tico\" \/>\n<meta property=\"article:modified_time\" content=\"2021-05-18T01:41:23+00:00\" \/>\n<meta property=\"og:image\" content=\"https:\/\/www.ccgrass.com\/pt\/wp-content\/uploads\/2017\/03\/thumb-for-tennis.jpg\" \/>\n\t<meta property=\"og:image:width\" content=\"1920\" \/>\n\t<meta property=\"og:image:height\" content=\"495\" \/>\n\t<meta property=\"og:image:type\" content=\"image\/jpeg\" \/>\n<meta name=\"twitter:card\" content=\"summary_large_image\" \/>\n<meta name=\"twitter:label1\" content=\"Tempo estimado de leitura\" \/>\n\t<meta name=\"twitter:data1\" content=\"1 minuto\" \/>\n<script type=\"application\/ld+json\" class=\"yoast-schema-graph\">{\"@context\":\"https:\\\/\\\/schema.org\",\"@graph\":[{\"@type\":\"WebPage\",\"@id\":\"https:\\\/\\\/www.ccgrass.com\\\/pt\\\/products\\\/sports-grass-for-tennis\\\/\",\"url\":\"https:\\\/\\\/www.ccgrass.com\\\/pt\\\/products\\\/sports-grass-for-tennis\\\/\",\"name\":\"Grama Artificial e Solu\u00e7\u00f5es de Relva Sint\u00e9tica para Campos de T\u00eanis de Alta Qualidade\",\"isPartOf\":{\"@id\":\"https:\\\/\\\/www.ccgrass.com\\\/pt\\\/#website\"},\"primaryImageOfPage\":{\"@id\":\"https:\\\/\\\/www.ccgrass.com\\\/pt\\\/products\\\/sports-grass-for-tennis\\\/#primaryimage\"},\"image\":{\"@id\":\"https:\\\/\\\/www.ccgrass.com\\\/pt\\\/products\\\/sports-grass-for-tennis\\\/#primaryimage\"},\"thumbnailUrl\":\"https:\\\/\\\/www.ccgrass.com\\\/pt\\\/wp-content\\\/uploads\\\/2017\\\/03\\\/thumb-for-tennis.jpg\",\"datePublished\":\"2017-03-25T07:58:01+00:00\",\"dateModified\":\"2021-05-18T01:41:23+00:00\",\"description\":\"O CCGrass fornece grama de t\u00eanis certificada pela ITF para quadra de t\u00eanis e relva artificial para Padel. Nosso gramado de t\u00eanis sint\u00e9tico \u00e9 atraente e confort\u00e1vel.2\",\"breadcrumb\":{\"@id\":\"https:\\\/\\\/www.ccgrass.com\\\/pt\\\/products\\\/sports-grass-for-tennis\\\/#breadcrumb\"},\"inLanguage\":\"pt-PT\",\"potentialAction\":[{\"@type\":\"ReadAction\",\"target\":[\"https:\\\/\\\/www.ccgrass.com\\\/pt\\\/products\\\/sports-grass-for-tennis\\\/\"]}]},{\"@type\":\"ImageObject\",\"inLanguage\":\"pt-PT\",\"@id\":\"https:\\\/\\\/www.ccgrass.com\\\/pt\\\/products\\\/sports-grass-for-tennis\\\/#primaryimage\",\"url\":\"https:\\\/\\\/www.ccgrass.com\\\/pt\\\/wp-content\\\/uploads\\\/2017\\\/03\\\/thumb-for-tennis.jpg\",\"contentUrl\":\"https:\\\/\\\/www.ccgrass.com\\\/pt\\\/wp-content\\\/uploads\\\/2017\\\/03\\\/thumb-for-tennis.jpg\",\"width\":1920,\"height\":495,\"caption\":\"thumb-for-tennis\"},{\"@type\":\"BreadcrumbList\",\"@id\":\"https:\\\/\\\/www.ccgrass.com\\\/pt\\\/products\\\/sports-grass-for-tennis\\\/#breadcrumb\",\"itemListElement\":[{\"@type\":\"ListItem\",\"position\":1,\"name\":\"Home\",\"item\":\"https:\\\/\\\/www.ccgrass.com\\\/pt\\\/\"},{\"@type\":\"ListItem\",\"position\":2,\"name\":\"PRODUTOS\",\"item\":\"https:\\\/\\\/www.ccgrass.com\\\/pt\\\/products\\\/sports-grass-for-football\\\/\"},{\"@type\":\"ListItem\",\"position\":3,\"name\":\"Grama Esportiva para T\u00eanis\"}]},{\"@type\":\"WebSite\",\"@id\":\"https:\\\/\\\/www.ccgrass.com\\\/pt\\\/#website\",\"url\":\"https:\\\/\\\/www.ccgrass.com\\\/pt\\\/\",\"name\":\"L\u00edder em fabrica\u00e7\u00e3o de pasto sint\u00e9tico\",\"description\":\"\",\"potentialAction\":[{\"@type\":\"SearchAction\",\"target\":{\"@type\":\"EntryPoint\",\"urlTemplate\":\"https:\\\/\\\/www.ccgrass.com\\\/pt\\\/?s={search_term_string}\"},\"query-input\":{\"@type\":\"PropertyValueSpecification\",\"valueRequired\":true,\"valueName\":\"search_term_string\"}}],\"inLanguage\":\"pt-PT\"}]}<\/script>\n<!-- \/ Yoast SEO plugin. -->","yoast_head_json":{"title":"Grama Artificial e Solu\u00e7\u00f5es de Relva Sint\u00e9tica para Campos de T\u00eanis de Alta Qualidade","description":"O CCGrass fornece grama de t\u00eanis certificada pela ITF para quadra de t\u00eanis e relva artificial para Padel. Nosso gramado de t\u00eanis sint\u00e9tico \u00e9 atraente e confort\u00e1vel.2","robots":{"index":"index","follow":"follow","max-snippet":"max-snippet:-1","max-image-preview":"max-image-preview:large","max-video-preview":"max-video-preview:-1"},"canonical":"https:\/\/www.ccgrass.com\/pt\/products\/sports-grass-for-tennis\/","og_locale":"pt_PT","og_type":"article","og_title":"Grama Artificial e Solu\u00e7\u00f5es de Relva Sint\u00e9tica para Campos de T\u00eanis de Alta Qualidade","og_description":"O CCGrass fornece grama de t\u00eanis certificada pela ITF para quadra de t\u00eanis e relva artificial para Padel. Nosso gramado de t\u00eanis sint\u00e9tico \u00e9 atraente e confort\u00e1vel.2","og_url":"https:\/\/www.ccgrass.com\/pt\/products\/sports-grass-for-tennis\/","og_site_name":"L\u00edder em fabrica\u00e7\u00e3o de pasto sint\u00e9tico","article_modified_time":"2021-05-18T01:41:23+00:00","og_image":[{"width":1920,"height":495,"url":"https:\/\/www.ccgrass.com\/pt\/wp-content\/uploads\/2017\/03\/thumb-for-tennis.jpg","type":"image\/jpeg"}],"twitter_card":"summary_large_image","twitter_misc":{"Tempo estimado de leitura":"1 minuto"},"schema":{"@context":"https:\/\/schema.org","@graph":[{"@type":"WebPage","@id":"https:\/\/www.ccgrass.com\/pt\/products\/sports-grass-for-tennis\/","url":"https:\/\/www.ccgrass.com\/pt\/products\/sports-grass-for-tennis\/","name":"Grama Artificial e Solu\u00e7\u00f5es de Relva Sint\u00e9tica para Campos de T\u00eanis de Alta Qualidade","isPartOf":{"@id":"https:\/\/www.ccgrass.com\/pt\/#website"},"primaryImageOfPage":{"@id":"https:\/\/www.ccgrass.com\/pt\/products\/sports-grass-for-tennis\/#primaryimage"},"image":{"@id":"https:\/\/www.ccgrass.com\/pt\/products\/sports-grass-for-tennis\/#primaryimage"},"thumbnailUrl":"https:\/\/www.ccgrass.com\/pt\/wp-content\/uploads\/2017\/03\/thumb-for-tennis.jpg","datePublished":"2017-03-25T07:58:01+00:00","dateModified":"2021-05-18T01:41:23+00:00","description":"O CCGrass fornece grama de t\u00eanis certificada pela ITF para quadra de t\u00eanis e relva artificial para Padel. Nosso gramado de t\u00eanis sint\u00e9tico \u00e9 atraente e confort\u00e1vel.2","breadcrumb":{"@id":"https:\/\/www.ccgrass.com\/pt\/products\/sports-grass-for-tennis\/#breadcrumb"},"inLanguage":"pt-PT","potentialAction":[{"@type":"ReadAction","target":["https:\/\/www.ccgrass.com\/pt\/products\/sports-grass-for-tennis\/"]}]},{"@type":"ImageObject","inLanguage":"pt-PT","@id":"https:\/\/www.ccgrass.com\/pt\/products\/sports-grass-for-tennis\/#primaryimage","url":"https:\/\/www.ccgrass.com\/pt\/wp-content\/uploads\/2017\/03\/thumb-for-tennis.jpg","contentUrl":"https:\/\/www.ccgrass.com\/pt\/wp-content\/uploads\/2017\/03\/thumb-for-tennis.jpg","width":1920,"height":495,"caption":"thumb-for-tennis"},{"@type":"BreadcrumbList","@id":"https:\/\/www.ccgrass.com\/pt\/products\/sports-grass-for-tennis\/#breadcrumb","itemListElement":[{"@type":"ListItem","position":1,"name":"Home","item":"https:\/\/www.ccgrass.com\/pt\/"},{"@type":"ListItem","position":2,"name":"PRODUTOS","item":"https:\/\/www.ccgrass.com\/pt\/products\/sports-grass-for-football\/"},{"@type":"ListItem","position":3,"name":"Grama Esportiva para T\u00eanis"}]},{"@type":"WebSite","@id":"https:\/\/www.ccgrass.com\/pt\/#website","url":"https:\/\/www.ccgrass.com\/pt\/","name":"L\u00edder em fabrica\u00e7\u00e3o de pasto sint\u00e9tico","description":"","potentialAction":[{"@type":"SearchAction","target":{"@type":"EntryPoint","urlTemplate":"https:\/\/www.ccgrass.com\/pt\/?s={search_term_string}"},"query-input":{"@type":"PropertyValueSpecification","valueRequired":true,"valueName":"search_term_string"}}],"inLanguage":"pt-PT"}]}},"_links":{"self":[{"href":"https:\/\/www.ccgrass.com\/pt\/wp-json\/wp\/v2\/pages\/309","targetHints":{"allow":["GET"]}}],"collection":[{"href":"https:\/\/www.ccgrass.com\/pt\/wp-json\/wp\/v2\/pages"}],"about":[{"href":"https:\/\/www.ccgrass.com\/pt\/wp-json\/wp\/v2\/types\/page"}],"author":[{"embeddable":true,"href":"https:\/\/www.ccgrass.com\/pt\/wp-json\/wp\/v2\/users\/1"}],"replies":[{"embeddable":true,"href":"https:\/\/www.ccgrass.com\/pt\/wp-json\/wp\/v2\/comments?post=309"}],"version-history":[{"count":0,"href":"https:\/\/www.ccgrass.com\/pt\/wp-json\/wp\/v2\/pages\/309\/revisions"}],"up":[{"embeddable":true,"href":"https:\/\/www.ccgrass.com\/pt\/wp-json\/wp\/v2\/pages\/38"}],"wp:featuredmedia":[{"embeddable":true,"href":"https:\/\/www.ccgrass.com\/pt\/wp-json\/wp\/v2\/media\/385"}],"wp:attachment":[{"href":"https:\/\/www.ccgrass.com\/pt\/wp-json\/wp\/v2\/media?parent=309"}],"curies":[{"name":"wp","href":"https:\/\/api.w.org\/{rel}","templated":true}]}}