{"id":112,"date":"2017-03-04T08:09:04","date_gmt":"2017-03-04T08:09:04","guid":{"rendered":"https:\/\/www.ccgrass.com\/pt\/?page_id=112"},"modified":"2025-02-18T08:13:01","modified_gmt":"2025-02-18T08:13:01","slug":"fifa-preferred-producer","status":"publish","type":"page","link":"https:\/\/www.ccgrass.com\/pt\/qualifications\/fifa-preferred-producer\/","title":{"rendered":"Fabricante Preferido FIFA"},"content":{"rendered":"[vc_row css=&#8221;.vc_custom_1488876653585{padding-top: 80px !important;padding-bottom: 80px !important;}&#8221;][vc_column][vc_empty_space height=&#8221;30px&#8221; el_class=&#8221;hidden-xs&#8221;][vc_column_text]\n<h1 class=\"section-title\">O que \u00e9 Fabricante Preferido FIFA?<\/h1>\n[\/vc_column_text][vc_column_text el_class=&#8221;width-9 gray text-center&#8221; css=&#8221;.vc_custom_1493882420819{padding-top: 15px !important;}&#8221;]A iniciativa Fabricante Preferido FIFA (FPP) foi iniciada em 2009 em resposta a demanda por uma maior qualidade n\u00e3o s\u00f3 no produto em si, mas tamb\u00e9m no processo de instala\u00e7\u00e3o do pasto sint\u00e9tico. O objetivo geral \u00e9 proteger os interesses dos consumidores ao comprarem campos e assegurar que esses campos de pasto sint\u00e9tico, cumpram as altas exig\u00eancias de qualidade, performance e seguran\u00e7a.[\/vc_column_text][vc_empty_space height=&#8221;60px&#8221; el_class=&#8221;hidden-xs&#8221;][\/vc_column][\/vc_row][vc_row full_width=&#8221;stretch_row&#8221; css=&#8221;.vc_custom_1488877783767{padding-bottom: 40px !important;background-image: url(https:\/\/www.ccgrass.com\/pt\/wp-content\/uploads\/2017\/03\/fifa-Preferred-bg.jpg?id=116) !important;}&#8221; el_class=&#8221;fifa-center-section&#8221;][vc_column][vc_single_image image=&#8221;3823&#8243; img_size=&#8221;605&#215;429&#8243; alignment=&#8221;center&#8221; el_class=&#8221;footerball-turf&#8221;][vc_column_text el_class=&#8221;white text-center font-18&#8243; css=&#8221;.vc_custom_1493882438591{padding-top: 40px !important;padding-bottom: 75px !important;}&#8221;]Para conseguir a qualifica\u00e7\u00e3o, o fabricante tamb\u00e9m deve cumprir com os altos<br \/>\npadr\u00f5es FIFA nos termos de:[\/vc_column_text][vc_row_inner][vc_column_inner width=&#8221;1\/4&#8243;][vc_single_image image=&#8221;120&#8243; img_size=&#8221;full&#8221; alignment=&#8221;center&#8221; css=&#8221;.vc_custom_1488877594182{margin-bottom: 25px !important;}&#8221;][vc_column_text el_class=&#8221;text-center&#8221;]\n<h5>Processo de produ\u00e7\u00e3o<\/h5>\n[\/vc_column_text][\/vc_column_inner][vc_column_inner width=&#8221;1\/4&#8243;][vc_single_image image=&#8221;119&#8243; img_size=&#8221;full&#8221; alignment=&#8221;center&#8221; css=&#8221;.vc_custom_1488877598690{margin-bottom: 25px !important;}&#8221;][vc_column_text el_class=&#8221;text-center&#8221;]\n<h5>Sistema de controle de qualidade<\/h5>\n[\/vc_column_text][\/vc_column_inner][vc_column_inner width=&#8221;1\/4&#8243;][vc_single_image image=&#8221;118&#8243; img_size=&#8221;full&#8221; alignment=&#8221;center&#8221; css=&#8221;.vc_custom_1488877602713{margin-bottom: 25px !important;}&#8221;][vc_column_text el_class=&#8221;text-center&#8221;]\n<h5>Qualidade do produto<\/h5>\n[\/vc_column_text][\/vc_column_inner][vc_column_inner width=&#8221;1\/4&#8243;][vc_single_image image=&#8221;117&#8243; img_size=&#8221;full&#8221; alignment=&#8221;center&#8221; css=&#8221;.vc_custom_1488877606752{margin-bottom: 25px !important;}&#8221;][vc_column_text el_class=&#8221;text-center&#8221;]\n<h5>Conhecimento e especializa\u00e7\u00e3o<br \/>\nem instala\u00e7\u00e3o e manuten\u00e7\u00e3o<\/h5>\n[\/vc_column_text][\/vc_column_inner][\/vc_row_inner][vc_empty_space height=&#8221;200px&#8221; el_class=&#8221;hidden-xs&#8221;][\/vc_column][\/vc_row][vc_row full_width=&#8221;stretch_row&#8221; css=&#8221;.vc_custom_1488878738777{padding-top: 60px !important;padding-bottom: 90px !important;background-image: url(https:\/\/www.ccgrass.com\/pt\/wp-content\/uploads\/2017\/03\/choose-fifa.jpg?id=186) !important;}&#8221; el_class=&#8221;choose-fifa-section&#8221;][vc_column][vc_column_text css=&#8221;.vc_custom_1517467851779{padding-bottom: 25px !important;}&#8221; el_class=&#8221;remove-br&#8221;]\n<h2 class=\"section-title\">O Caminho para Fabricante<br \/>\nPreferido FIFA \u00e9 \u00c1rduo<\/h2>\n[\/vc_column_text][vc_single_image image=&#8221;3663&#8243; img_size=&#8221;full&#8221; alignment=&#8221;center&#8221; css=&#8221;.vc_custom_1636435870848{padding-bottom: 40px !important;}&#8221;][vc_empty_space height=&#8221;200px&#8221; el_class=&#8221;hidden-xs&#8221;][vc_column_text el_class=&#8221;remove-br&#8221;]\n<h2 class=\"section-title\">Por que devo escolher um<br \/>\nFabricante Preferido FIFA?<\/h2>\n[\/vc_column_text][vc_column_text el_class=&#8221;text-center remove-br&#8221; css=&#8221;.vc_custom_1493882572001{padding-bottom: 20px !important;}&#8221;]Quando voc\u00ea compra de um Fabricante Preferido FIFA, a performance \u00e9 garantida e seus<br \/>\ninteresses s\u00e3o protegidos.[\/vc_column_text][vc_row_inner content_placement=&#8221;middle&#8221;][vc_column_inner width=&#8221;1\/3&#8243;][vc_column_text el_class=&#8221;black-6&#8243;]\n<ul class=\"green-list\">\n<li>Pasto sint\u00e9tico \u00e9 fabricada e testada de acordo com o Padr\u00e3o de Qualidade FIFA.<\/li>\n<li>F\u00e1brica bem gerenciada confirmada por inspetores FIFA.<\/li>\n<li>Grama instalada aplic\u00e1vel para certificado FIFA 1 ou 2 estrelas, uma poderosa publicidade para voc\u00ea<\/li>\n<\/ul>\n[\/vc_column_text][\/vc_column_inner][vc_column_inner width=&#8221;1\/3&#8243;][vc_single_image image=&#8221;3611&#8243; img_size=&#8221;full&#8221; alignment=&#8221;center&#8221;][\/vc_column_inner][vc_column_inner width=&#8221;1\/3&#8243;][vc_column_text el_class=&#8221;black-6&#8243;]\n<ul class=\"green-list\">\n<li>Suporte para instala\u00e7\u00e3o e manuten\u00e7\u00e3o<\/li>\n<li>Caso problemas ocorram com o gramado, FIFA tamb\u00e9m poder\u00e1 ser contatada para solucionar o problema<\/li>\n<li>Mais oportunidades para projetos de alto n\u00edvel e larga escala<\/li>\n<\/ul>\n[\/vc_column_text][\/vc_column_inner][\/vc_row_inner][\/vc_column][\/vc_row][vc_row full_width=&#8221;stretch_row&#8221; css=&#8221;.vc_custom_1488879318036{padding-top: 60px !important;padding-bottom: 60px !important;background-image: url(https:\/\/www.ccgrass.com\/pt\/wp-content\/uploads\/2017\/03\/fifa-bottom.jpg?id=124) !important;background-position: center !important;background-repeat: no-repeat !important;background-size: cover !important;}&#8221; el_class=&#8221;fifa-offer-section&#8221;][vc_column][vc_empty_space height=&#8221;30px&#8221; el_class=&#8221;hidden-xs&#8221;][vc_column_text el_class=&#8221;remove-br&#8221;]\n<h2 class=\"section-title\">Como Fabricante Preferido FIFA,<br \/>\nO que mais CCGrass pode oferecer?<\/h2>\n[\/vc_column_text][vc_column_text el_class=&#8221;text-center white remove-br&#8221; css=&#8221;.vc_custom_1490341737485{padding-bottom: 10px !important;}&#8221;]Besides the common advantages you can find from FPP, CCGrass offers following benefits<br \/>\nthat provide added value.[\/vc_column_text][vc_single_image image=&#8221;3613&#8243; img_size=&#8221;full&#8221; alignment=&#8221;center&#8221; css=&#8221;.vc_custom_1617261151411{padding-bottom: 5px !important;}&#8221;][vc_row_inner][vc_column_inner width=&#8221;1\/2&#8243; offset=&#8221;vc_col-lg-offset-1 vc_col-lg-5&#8243;][vc_column_text el_class=&#8221;white&#8221;]\n<ul class=\"green-list\">\n<li>Servi\u00e7o de aconselhamento profissional desde a escolha do produto ao final da instala\u00e7\u00e3o<\/li>\n<li>Servi\u00e7o de projeto do campo gr\u00e1tis para facilitar ainda mais sua instala\u00e7\u00e3o<\/li>\n<li>Faz uma prepara\u00e7\u00e3o flex\u00edvel e efetiva do Teste de Campo FIFA para voc\u00ea<\/li>\n<\/ul>\n[\/vc_column_text][\/vc_column_inner][vc_column_inner width=&#8221;1\/2&#8243; offset=&#8221;vc_col-lg-5&#8243;][vc_column_text el_class=&#8221;white&#8221;]\n<ul class=\"green-list\">\n<li>Aproximadamente 100 sistemas de pasto sint\u00e9tico de futebol qualificados FIFA para atender suas mais altas expectativas em performance esportiva, durabilidade e est\u00e9tica<\/li>\n<li>Toma conta completamente do processo de documenta\u00e7\u00e3o quando se elege para o Certificado de Campo FIFA<\/li>\n<\/ul>\n[\/vc_column_text][\/vc_column_inner][\/vc_row_inner][\/vc_column][\/vc_row]\n","protected":false},"excerpt":{"rendered":"<p>[vc_row css=&#8221;.vc_custom_1488876653585{padding-top: 80px !important;padding-bottom: 80px !important;}&#8221;][vc_column][vc_empty_space height=&#8221;30px&#8221; el_class=&#8221;hidden-xs&#8221;][vc_column_text] O que \u00e9 Fabricante Preferido FIFA? [\/vc_column_text][vc_column_text el_class=&#8221;width-9 gray text-center&#8221; css=&#8221;.vc_custom_1493882420819{padding-top: 15px !important;}&#8221;]A iniciativa Fabricante Preferido FIFA (FPP) foi iniciada em 2009 em resposta a demanda por uma maior qualidade n\u00e3o s\u00f3 no produto em si, mas tamb\u00e9m no processo de instala\u00e7\u00e3o do pasto sint\u00e9tico. O objetivo [&hellip;]<\/p>\n","protected":false},"author":1,"featured_media":174,"parent":40,"menu_order":1,"comment_status":"closed","ping_status":"closed","template":"","meta":{"_acf_changed":false,"footnotes":"","_links_to":"","_links_to_target":""},"class_list":["post-112","page","type-page","status-publish","has-post-thumbnail","hentry"],"acf":[],"yoast_head":"<!-- This site is optimized with the Yoast SEO plugin v27.5 - https:\/\/yoast.com\/product\/yoast-seo-wordpress\/ -->\n<title>Fabricante Preferido FIFA - L\u00edder em fabrica\u00e7\u00e3o de pasto sint\u00e9tico<\/title>\n<meta name=\"description\" content=\"Fabricante Preferido FIFA2\" \/>\n<meta name=\"robots\" content=\"index, follow, max-snippet:-1, max-image-preview:large, max-video-preview:-1\" \/>\n<link rel=\"canonical\" href=\"https:\/\/www.ccgrass.com\/pt\/qualifications\/fifa-preferred-producer\/\" \/>\n<meta property=\"og:locale\" content=\"pt_PT\" \/>\n<meta property=\"og:type\" content=\"article\" \/>\n<meta property=\"og:title\" content=\"Fabricante Preferido FIFA - L\u00edder em fabrica\u00e7\u00e3o de pasto sint\u00e9tico\" \/>\n<meta property=\"og:description\" content=\"Fabricante Preferido FIFA2\" \/>\n<meta property=\"og:url\" content=\"https:\/\/www.ccgrass.com\/pt\/qualifications\/fifa-preferred-producer\/\" \/>\n<meta property=\"og:site_name\" content=\"L\u00edder em fabrica\u00e7\u00e3o de pasto sint\u00e9tico\" \/>\n<meta property=\"article:modified_time\" content=\"2025-02-18T08:13:01+00:00\" \/>\n<meta property=\"og:image\" content=\"https:\/\/www.ccgrass.com\/pt\/wp-content\/uploads\/2017\/03\/bg-fifa.jpg\" \/>\n\t<meta property=\"og:image:width\" content=\"1920\" \/>\n\t<meta property=\"og:image:height\" content=\"450\" \/>\n\t<meta property=\"og:image:type\" content=\"image\/jpeg\" \/>\n<meta name=\"twitter:card\" content=\"summary_large_image\" \/>\n<meta name=\"twitter:label1\" content=\"Tempo estimado de leitura\" \/>\n\t<meta name=\"twitter:data1\" content=\"3 minutos\" \/>\n<script type=\"application\/ld+json\" class=\"yoast-schema-graph\">{\"@context\":\"https:\\\/\\\/schema.org\",\"@graph\":[{\"@type\":\"WebPage\",\"@id\":\"https:\\\/\\\/www.ccgrass.com\\\/pt\\\/qualifications\\\/fifa-preferred-producer\\\/\",\"url\":\"https:\\\/\\\/www.ccgrass.com\\\/pt\\\/qualifications\\\/fifa-preferred-producer\\\/\",\"name\":\"Fabricante Preferido FIFA - L\u00edder em fabrica\u00e7\u00e3o de pasto sint\u00e9tico\",\"isPartOf\":{\"@id\":\"https:\\\/\\\/www.ccgrass.com\\\/pt\\\/#website\"},\"primaryImageOfPage\":{\"@id\":\"https:\\\/\\\/www.ccgrass.com\\\/pt\\\/qualifications\\\/fifa-preferred-producer\\\/#primaryimage\"},\"image\":{\"@id\":\"https:\\\/\\\/www.ccgrass.com\\\/pt\\\/qualifications\\\/fifa-preferred-producer\\\/#primaryimage\"},\"thumbnailUrl\":\"https:\\\/\\\/www.ccgrass.com\\\/pt\\\/wp-content\\\/uploads\\\/2017\\\/03\\\/bg-fifa.jpg\",\"datePublished\":\"2017-03-04T08:09:04+00:00\",\"dateModified\":\"2025-02-18T08:13:01+00:00\",\"description\":\"Fabricante Preferido FIFA2\",\"breadcrumb\":{\"@id\":\"https:\\\/\\\/www.ccgrass.com\\\/pt\\\/qualifications\\\/fifa-preferred-producer\\\/#breadcrumb\"},\"inLanguage\":\"pt-PT\",\"potentialAction\":[{\"@type\":\"ReadAction\",\"target\":[\"https:\\\/\\\/www.ccgrass.com\\\/pt\\\/qualifications\\\/fifa-preferred-producer\\\/\"]}]},{\"@type\":\"ImageObject\",\"inLanguage\":\"pt-PT\",\"@id\":\"https:\\\/\\\/www.ccgrass.com\\\/pt\\\/qualifications\\\/fifa-preferred-producer\\\/#primaryimage\",\"url\":\"https:\\\/\\\/www.ccgrass.com\\\/pt\\\/wp-content\\\/uploads\\\/2017\\\/03\\\/bg-fifa.jpg\",\"contentUrl\":\"https:\\\/\\\/www.ccgrass.com\\\/pt\\\/wp-content\\\/uploads\\\/2017\\\/03\\\/bg-fifa.jpg\",\"width\":1920,\"height\":450,\"caption\":\"bg-fifa\"},{\"@type\":\"BreadcrumbList\",\"@id\":\"https:\\\/\\\/www.ccgrass.com\\\/pt\\\/qualifications\\\/fifa-preferred-producer\\\/#breadcrumb\",\"itemListElement\":[{\"@type\":\"ListItem\",\"position\":1,\"name\":\"Home\",\"item\":\"https:\\\/\\\/www.ccgrass.com\\\/pt\\\/\"},{\"@type\":\"ListItem\",\"position\":2,\"name\":\"QUALIFICA\u00c7\u00d5ES\",\"item\":\"https:\\\/\\\/www.ccgrass.com\\\/pt\\\/qualifications\\\/\"},{\"@type\":\"ListItem\",\"position\":3,\"name\":\"Fabricante Preferido FIFA\"}]},{\"@type\":\"WebSite\",\"@id\":\"https:\\\/\\\/www.ccgrass.com\\\/pt\\\/#website\",\"url\":\"https:\\\/\\\/www.ccgrass.com\\\/pt\\\/\",\"name\":\"L\u00edder em fabrica\u00e7\u00e3o de pasto sint\u00e9tico\",\"description\":\"\",\"potentialAction\":[{\"@type\":\"SearchAction\",\"target\":{\"@type\":\"EntryPoint\",\"urlTemplate\":\"https:\\\/\\\/www.ccgrass.com\\\/pt\\\/?s={search_term_string}\"},\"query-input\":{\"@type\":\"PropertyValueSpecification\",\"valueRequired\":true,\"valueName\":\"search_term_string\"}}],\"inLanguage\":\"pt-PT\"}]}<\/script>\n<!-- \/ Yoast SEO plugin. -->","yoast_head_json":{"title":"Fabricante Preferido FIFA - L\u00edder em fabrica\u00e7\u00e3o de pasto sint\u00e9tico","description":"Fabricante Preferido FIFA2","robots":{"index":"index","follow":"follow","max-snippet":"max-snippet:-1","max-image-preview":"max-image-preview:large","max-video-preview":"max-video-preview:-1"},"canonical":"https:\/\/www.ccgrass.com\/pt\/qualifications\/fifa-preferred-producer\/","og_locale":"pt_PT","og_type":"article","og_title":"Fabricante Preferido FIFA - L\u00edder em fabrica\u00e7\u00e3o de pasto sint\u00e9tico","og_description":"Fabricante Preferido FIFA2","og_url":"https:\/\/www.ccgrass.com\/pt\/qualifications\/fifa-preferred-producer\/","og_site_name":"L\u00edder em fabrica\u00e7\u00e3o de pasto sint\u00e9tico","article_modified_time":"2025-02-18T08:13:01+00:00","og_image":[{"width":1920,"height":450,"url":"https:\/\/www.ccgrass.com\/pt\/wp-content\/uploads\/2017\/03\/bg-fifa.jpg","type":"image\/jpeg"}],"twitter_card":"summary_large_image","twitter_misc":{"Tempo estimado de leitura":"3 minutos"},"schema":{"@context":"https:\/\/schema.org","@graph":[{"@type":"WebPage","@id":"https:\/\/www.ccgrass.com\/pt\/qualifications\/fifa-preferred-producer\/","url":"https:\/\/www.ccgrass.com\/pt\/qualifications\/fifa-preferred-producer\/","name":"Fabricante Preferido FIFA - L\u00edder em fabrica\u00e7\u00e3o de pasto sint\u00e9tico","isPartOf":{"@id":"https:\/\/www.ccgrass.com\/pt\/#website"},"primaryImageOfPage":{"@id":"https:\/\/www.ccgrass.com\/pt\/qualifications\/fifa-preferred-producer\/#primaryimage"},"image":{"@id":"https:\/\/www.ccgrass.com\/pt\/qualifications\/fifa-preferred-producer\/#primaryimage"},"thumbnailUrl":"https:\/\/www.ccgrass.com\/pt\/wp-content\/uploads\/2017\/03\/bg-fifa.jpg","datePublished":"2017-03-04T08:09:04+00:00","dateModified":"2025-02-18T08:13:01+00:00","description":"Fabricante Preferido FIFA2","breadcrumb":{"@id":"https:\/\/www.ccgrass.com\/pt\/qualifications\/fifa-preferred-producer\/#breadcrumb"},"inLanguage":"pt-PT","potentialAction":[{"@type":"ReadAction","target":["https:\/\/www.ccgrass.com\/pt\/qualifications\/fifa-preferred-producer\/"]}]},{"@type":"ImageObject","inLanguage":"pt-PT","@id":"https:\/\/www.ccgrass.com\/pt\/qualifications\/fifa-preferred-producer\/#primaryimage","url":"https:\/\/www.ccgrass.com\/pt\/wp-content\/uploads\/2017\/03\/bg-fifa.jpg","contentUrl":"https:\/\/www.ccgrass.com\/pt\/wp-content\/uploads\/2017\/03\/bg-fifa.jpg","width":1920,"height":450,"caption":"bg-fifa"},{"@type":"BreadcrumbList","@id":"https:\/\/www.ccgrass.com\/pt\/qualifications\/fifa-preferred-producer\/#breadcrumb","itemListElement":[{"@type":"ListItem","position":1,"name":"Home","item":"https:\/\/www.ccgrass.com\/pt\/"},{"@type":"ListItem","position":2,"name":"QUALIFICA\u00c7\u00d5ES","item":"https:\/\/www.ccgrass.com\/pt\/qualifications\/"},{"@type":"ListItem","position":3,"name":"Fabricante Preferido FIFA"}]},{"@type":"WebSite","@id":"https:\/\/www.ccgrass.com\/pt\/#website","url":"https:\/\/www.ccgrass.com\/pt\/","name":"L\u00edder em fabrica\u00e7\u00e3o de pasto sint\u00e9tico","description":"","potentialAction":[{"@type":"SearchAction","target":{"@type":"EntryPoint","urlTemplate":"https:\/\/www.ccgrass.com\/pt\/?s={search_term_string}"},"query-input":{"@type":"PropertyValueSpecification","valueRequired":true,"valueName":"search_term_string"}}],"inLanguage":"pt-PT"}]}},"_links":{"self":[{"href":"https:\/\/www.ccgrass.com\/pt\/wp-json\/wp\/v2\/pages\/112","targetHints":{"allow":["GET"]}}],"collection":[{"href":"https:\/\/www.ccgrass.com\/pt\/wp-json\/wp\/v2\/pages"}],"about":[{"href":"https:\/\/www.ccgrass.com\/pt\/wp-json\/wp\/v2\/types\/page"}],"author":[{"embeddable":true,"href":"https:\/\/www.ccgrass.com\/pt\/wp-json\/wp\/v2\/users\/1"}],"replies":[{"embeddable":true,"href":"https:\/\/www.ccgrass.com\/pt\/wp-json\/wp\/v2\/comments?post=112"}],"version-history":[{"count":0,"href":"https:\/\/www.ccgrass.com\/pt\/wp-json\/wp\/v2\/pages\/112\/revisions"}],"up":[{"embeddable":true,"href":"https:\/\/www.ccgrass.com\/pt\/wp-json\/wp\/v2\/pages\/40"}],"wp:featuredmedia":[{"embeddable":true,"href":"https:\/\/www.ccgrass.com\/pt\/wp-json\/wp\/v2\/media\/174"}],"wp:attachment":[{"href":"https:\/\/www.ccgrass.com\/pt\/wp-json\/wp\/v2\/media?parent=112"}],"curies":[{"name":"wp","href":"https:\/\/api.w.org\/{rel}","templated":true}]}}