{"id":9810,"date":"2023-06-07T03:32:08","date_gmt":"2023-06-07T03:32:08","guid":{"rendered":"https:\/\/www.ccgrass.com\/?page_id=9810"},"modified":"2024-12-25T08:46:05","modified_gmt":"2024-12-25T08:46:05","slug":"about-our-qualifications","status":"publish","type":"page","link":"https:\/\/www.ccgrass.com\/pl\/qualifications\/about-our-qualifications\/","title":{"rendered":"O naszych kwalifikacjach"},"content":{"rendered":"[vc_row full_width=&#8221;stretch_row&#8221; css=&#8221;.vc_custom_1493096197351{padding-top: 100px !important;}&#8221;][vc_column][vc_column_text el_class=&#8221;section-title remove-br&#8221;]\n<h2 class=\"item-h2\">O naszych kwalifikacjach<\/h2>\n[\/vc_column_text][vc_column_text el_class=&#8221;gray text-center width-12&#8243;]CCGrass posiada trzy dobrze zarz\u0105dzane fabryki w Chinach i Wietnamie. Nasze najnowocze\u015bniejsze fabryki sztucznej trawy spe\u0142niaj\u0105 najwy\u017csze standardy, w tym ISO9001, ISO14001, ISO45001 i ISO50001. Ponadto pomy\u015blnie przesz\u0142y rygorystyczne audyty fabryczne, takie jak BSCI, WFSGI, Sedex i ICS, co dodatkowo podkre\u015bla nasze zaanga\u017cowanie w doskona\u0142o\u015b\u0107 i jako\u015b\u0107.<\/p>\n<p>Co wi\u0119cej, przyk\u0142adamy najwy\u017csz\u0105 wag\u0119 do zdrowia i bezpiecze\u0144stwa klient\u00f3w, poddaj\u0105c nasze produkty ze sztucznej trawy rygorystycznym testom zdrowotnym. Nasza sztuczna trawa jest skrupulatnie testowana pod k\u0105tem zawarto\u015bci ponad 200 substancji, zgodnie z najbardziej rygorystycznymi mi\u0119dzynarodowymi normami, takimi jak REACH, EN71-3, ASTM i DIN. W rezultacie mo\u017cemy \u015bmia\u0142o zapewni\u0107, \u017ce nasza sztuczna trawa jest ca\u0142kowicie wolna od jakichkolwiek niebezpiecznych substancji, zapewniaj\u0105c naszym klientom bezpieczne i beztroskie do\u015bwiadczenie.<\/p>\n<p>Co wi\u0119cej, CCGrass z dum\u0105 jest jednym z 5 preferowanych producent\u00f3w uhonorowanych przez FIFA, FIH i World Rugby, b\u0119d\u0105c jednocze\u015bnie jedynym przedstawicielem z Azji. Wspieramy \u015bcis\u0142\u0105 wsp\u00f3\u0142prac\u0119 z licznymi profesjonalnymi instytutami i stowarzyszeniami sportowymi, aby pozosta\u0107 w czo\u0142\u00f3wce najnowszych trend\u00f3w i wymaga\u0144. B\u0119d\u0105c dobrze poinformowanym, mo\u017cemy szybko dostosowa\u0107 nasze dostawy do zmieniaj\u0105cych si\u0119 potrzeb bran\u017cy, zapewniaj\u0105c, \u017ce nasze murawy s\u0105 zawsze zgodne z najwy\u017cszymi standardami.[\/vc_column_text][vc_raw_html]JTNDc3R5bGUlM0UlMEElMjAlMjAlMjAlMjAlMjAlMjAlMjAlMjAlMjAlMjAlMjAlMjAlMjAlMjAlMjAlMjAlMjAlMjAlMjAlMjAlMjAlMjAlMjAlMjAlMjAlMjAlMjAlMjAlMjAlMjAlMjAlMjAlMjAlMjAlMjAlMjAlMjAlMjAlMjAlMjAlMjAlMjAlMjAlMjBhLmN1c19idG4ucmVhZC1tb3JlLmJ0bi0xNCUyMCU3QiUwQSUyMCUyMCUyMCUyMCUyMCUyMCUyMCUyMCUyMCUyMCUyMCUyMCUyMCUyMCUyMCUyMCUyMCUyMCUyMCUyMCUyMCUyMCUyMCUyMCUyMCUyMCUyMCUyMCUyMCUyMCUyMCUyMCUyMCUyMCUyMCUyMCUyMCUyMCUyMCUyMCUyMCUyMCUyMCUyMCUyMCUyMCUyMCUyMGJhY2tncm91bmQlM0ElMjByZ2JhJTI4MCUyQzAlMkMwJTJDMCUyOSUyMCUyMWltcG9ydGFudCUzQiUwQSUyMCUyMCUyMCUyMCUyMCUyMCUyMCUyMCUyMCUyMCUyMCUyMCUyMCUyMCUyMCUyMCUyMCUyMCUyMCUyMCUyMCUyMCUyMCUyMCUyMCUyMCUyMCUyMCUyMCUyMCUyMCUyMCUyMCUyMCUyMCUyMCUyMCUyMCUyMCUyMCUyMCUyMCUyMCUyMCUyMCUyMCUyMCUyMGNvbG9yJTNBJTIwJTIzMzMzJTNCJTBBJTIwJTIwJTIwJTIwJTIwJTIwJTIwJTIwJTIwJTIwJTIwJTIwJTIwJTIwJTIwJTIwJTIwJTIwJTIwJTIwJTIwJTIwJTIwJTIwJTIwJTIwJTIwJTIwJTIwJTIwJTIwJTIwJTIwJTIwJTIwJTIwJTIwJTIwJTIwJTIwJTIwJTIwJTIwJTIwJTIwJTIwJTIwJTIwYm9yZGVyJTNBJTIwMXB4JTIwc29saWQlMjAlMjMzMzMlM0IlMEElMjAlMjAlMjAlMjAlMjAlMjAlMjAlMjAlMjAlMjAlMjAlMjAlMjAlMjAlMjAlMjAlMjAlMjAlMjAlMjAlMjAlMjAlMjAlMjAlMjAlMjAlMjAlMjAlMjAlMjAlMjAlMjAlMjAlMjAlMjAlMjAlMjAlMjAlMjAlMjAlMjAlMjAlMjAlMjAlN0QlMEElMEElMjAlMjAlMjAlMjAlMjAlMjAlMjAlMjAlMjAlMjAlMjAlMjAlMjAlMjAlMjAlMjAlMjAlMjAlMjAlMjAlMjAlMjAlMjAlMjAlMjAlMjAlMjAlMjAlMjAlMjAlMjAlMjAlMjAlMjAlMjAlMjAlMjAlMjAlMjAlMjAlMjAlMjAlMjAlMjBhLmN1c19idG4ucmVhZC1tb3JlLmJ0bi0xNCUzQWhvdmVyJTIwJTdCJTBBJTIwJTIwJTIwJTIwJTIwJTIwJTIwJTIwJTIwJTIwJTIwJTIwJTIwJTIwJTIwJTIwJTIwJTIwJTIwJTIwJTIwJTIwJTIwJTIwJTIwJTIwJTIwJTIwJTIwJTIwJTIwJTIwJTIwJTIwJTIwJTIwJTIwJTIwJTIwJTIwJTIwJTIwJTIwJTIwJTIwJTIwJTIwJTIwYmFja2dyb3VuZCUzQSUyMCUyMzg1QzQzRiUyMCUyMWltcG9ydGFudCUzQiUwQSUyMCUyMCUyMCUyMCUyMCUyMCUyMCUyMCUyMCUyMCUyMCUyMCUyMCUyMCUyMCUyMCUyMCUyMCUyMCUyMCUyMCUyMCUyMCUyMCUyMCUyMCUyMCUyMCUyMCUyMCUyMCUyMCUyMCUyMCUyMCUyMCUyMCUyMCUyMCUyMCUyMCUyMCUyMCUyMCUyMCUyMCUyMCUyMGNvbG9yJTNBJTIwJTIzZmZmZmZmJTNCJTBBJTIwJTIwJTIwJTIwJTIwJTIwJTIwJTIwJTIwJTIwJTIwJTIwJTIwJTIwJTIwJTIwJTIwJTIwJTIwJTIwJTIwJTIwJTIwJTIwJTIwJTIwJTIwJTIwJTIwJTIwJTIwJTIwJTIwJTIwJTIwJTIwJTIwJTIwJTIwJTIwJTIwJTIwJTIwJTIwJTIwJTIwJTIwJTIwYm9yZGVyJTNBJTIwMXB4JTIwc29saWQlMjAlMjM4NUM0M0YlM0IlMEElMjAlMjAlMjAlMjAlMjAlMjAlMjAlMjAlMjAlMjAlMjAlMjAlMjAlMjAlMjAlMjAlMjAlMjAlMjAlMjAlMjAlMjAlMjAlMjAlMjAlMjAlMjAlMjAlMjAlMjAlMjAlMjAlMjAlMjAlMjAlMjAlMjAlMjAlMjAlMjAlMjAlMjAlMjAlMjAlN0QlMEElM0MlMkZzdHlsZSUzRQ==[\/vc_raw_html][\/vc_column][\/vc_row][vc_row full_width=&#8221;stretch_row&#8221; css=&#8221;.vc_custom_1686118591647{margin-top: 50px !important;margin-bottom: 50px !important;padding-top: 50px !important;padding-bottom: 50px !important;background-color: #eeeeee !important;}&#8221;][vc_column width=&#8221;1\/3&#8243;][vc_single_image image=&#8221;8893&#8243; img_size=&#8221;medium&#8221; alignment=&#8221;center&#8221;][vc_custom_heading text=&#8221;Preferowany dostawca FIFA&#8221; font_container=&#8221;tag:h2|font_size:20px|text_align:center|color:%23000000&#8243; use_theme_fonts=&#8221;yes&#8221;][vc_column_text]\n<p style=\"text-align: center;\">Inicjatywa FIFA Preferred Provider (FPP), uruchomiona w 2009 roku, zapewnia najwy\u017csz\u0105 jako\u015b\u0107 i instalacj\u0119 murawy pi\u0142karskiej, chroni\u0105c interesy konsument\u00f3w i promuj\u0105c wysokie standardy jako\u015bci, wydajno\u015bci i bezpiecze\u0144stwa boisk. Jako Preferowany Dostawca FIFA, CCGrass dostarcza sp\u00f3jne, wysokiej jako\u015bci produkty i us\u0142ugi z niezawodn\u0105 gwarancj\u0105 jako\u015bci.<\/p>\n[\/vc_column_text][vc_column_text]\n<p style=\"text-align: center;\"><a class=\"cus_btn read-more btn-14\" href=\"https:\/\/www.ccgrass.com\/pl\/qualifications\/fifa-preferred-provider\/\">WI\u0118CEJ<\/a><\/p>\n[\/vc_column_text][\/vc_column][vc_column width=&#8221;1\/3&#8243;][vc_single_image image=&#8221;8894&#8243; img_size=&#8221;165&#215;165&#8243; alignment=&#8221;center&#8221;][vc_custom_heading text=&#8221;Preferowany dostawca FIH&#8221; font_container=&#8221;tag:h2|font_size:20px|text_align:center|color:%23000000&#8243; use_theme_fonts=&#8221;yes&#8221;][vc_column_text]\n<p style=\"text-align: center;\">Preferowani dostawcy FIH to firmy, kt\u00f3re produkuj\u0105 muraw\u0119 hokejow\u0105 i buduj\u0105 boiska do hokeja, umo\u017cliwiaj\u0105c klientom skorzystanie z kompleksowego podej\u015bcia do budowy nowego boiska do hokeja. Jako Preferowany Dostawca FIH zapewniamy najwy\u017cszej jako\u015bci boiska hokejowe odpowiednie do hokeja mi\u0119dzynarodowego, krajowego, klubowego i rozwojowego.<\/p>\n[\/vc_column_text][vc_column_text]\n<p style=\"text-align: center;\"><a class=\"cus_btn read-more btn-14\" href=\"https:\/\/www.ccgrass.com\/pl\/qualifications\/fih-preferred-supplier\/\">WI\u0118CEJ<\/a><\/p>\n[\/vc_column_text][\/vc_column][vc_column width=&#8221;1\/3&#8243;][vc_single_image image=&#8221;8895&#8243; img_size=&#8221;165&#215;165&#8243; alignment=&#8221;center&#8221;][vc_custom_heading text=&#8221;Preferowany producent murawy World Rugby&#8221; font_container=&#8221;tag:h2|font_size:20px|text_align:center|color:%23000000&#8243; use_theme_fonts=&#8221;yes&#8221;][vc_column_text]\n<p style=\"text-align: center;\">World Rugby Preferred Turf Producers to producenci sztucznej trawy, kt\u00f3rych World Rugby uznaje za najbardziej do\u015bwiadczonych i najlepszych dostawc\u00f3w sztucznych nawierzchni do rugby. Jako Preferowany Producent Trawy World Rugby, CCGrass zawsze zapewnia, \u017ce boisko jest zaprojektowane, zbudowane i utrzymywane zgodnie z przepisami World Rugby 22.<\/p>\n[\/vc_column_text][vc_column_text]\n<p style=\"text-align: center;\"><a class=\"cus_btn read-more btn-14\" href=\"https:\/\/www.ccgrass.com\/pl\/qualifications\/world-rugby-preferred-turf-producer\/\">WI\u0118CEJ<\/a><\/p>\n[\/vc_column_text][\/vc_column][\/vc_row][vc_row][vc_column][vc_column_text el_class=&#8221;section-title remove-br&#8221;]\n<h2 class=\"item-h2\">Zakwalifikowany produkt<\/h2>\n[\/vc_column_text][\/vc_column][\/vc_row][vc_row full_width=&#8221;stretch_row&#8221; el_class=&#8221;bg-gray-round&#8221; css=&#8221;.vc_custom_1493096267719{padding-bottom: 60px !important;}&#8221;][vc_column][vc_row_inner][vc_column_inner][vc_column_text]\t\t\t\t<div class=\"quality-box quality-box1\">\r\n\t\t\t<ul class=\"quality-img-item\">\r\n\t\t\t\t\t\t\t\t\t\t<li class=\"quality-img-list\">\r\n\t\t\t\t\t<div class=\"quality-img-box\">\r\n\t\t\t\t\t\t<img decoding=\"async\" src=\"https:\/\/www.ccgrass.com\/pl\/wp-content\/uploads\/2017\/03\/din.jpg\" class=\"img-responsive\" alt=\"\">\r\n\t\t\t\t\t<\/div>\t\r\n\t\t\t\t<\/li>\r\n\t\t\t\t\t\t\t\t<li class=\"quality-img-list\">\r\n\t\t\t\t\t<div class=\"quality-img-box\">\r\n\t\t\t\t\t\t<img decoding=\"async\" src=\"https:\/\/www.ccgrass.com\/pl\/wp-content\/uploads\/2017\/03\/reach.jpg\" class=\"img-responsive\" alt=\"\">\r\n\t\t\t\t\t<\/div>\t\r\n\t\t\t\t<\/li>\r\n\t\t\t\t\t\t\t\t<li class=\"quality-img-list\">\r\n\t\t\t\t\t<div class=\"quality-img-box\">\r\n\t\t\t\t\t\t<img decoding=\"async\" src=\"https:\/\/www.ccgrass.com\/pl\/wp-content\/uploads\/2017\/03\/rohs.jpg\" class=\"img-responsive\" alt=\"\">\r\n\t\t\t\t\t<\/div>\t\r\n\t\t\t\t<\/li>\r\n\t\t\t\t\t\t\t\t<li class=\"quality-img-list\">\r\n\t\t\t\t\t<div class=\"quality-img-box\">\r\n\t\t\t\t\t\t<img decoding=\"async\" src=\"https:\/\/www.ccgrass.com\/pl\/wp-content\/uploads\/2017\/03\/ce.jpg\" class=\"img-responsive\" alt=\"\">\r\n\t\t\t\t\t<\/div>\t\r\n\t\t\t\t<\/li>\r\n\t\t\t\t\t\t\t\t<li class=\"quality-img-list\">\r\n\t\t\t\t\t<div class=\"quality-img-box\">\r\n\t\t\t\t\t\t<img decoding=\"async\" src=\"https:\/\/www.ccgrass.com\/pl\/wp-content\/uploads\/2017\/03\/internatiaonl.jpg\" class=\"img-responsive\" alt=\"\">\r\n\t\t\t\t\t<\/div>\t\r\n\t\t\t\t<\/li>\r\n\t\t\t\t\t\t\t<\/ul>\r\n\t\t<\/div>\r\n\t\t[\/vc_column_text][vc_raw_html]JTNDc3R5bGUlM0UlMEEucXVhbGl0eS1pbWctaXRlbSU3QiUwQSUwOSUwOWxpc3Qtc3R5bGUlM0Fub25lJTNCcGFkZGluZy1sZWZ0JTNBMHB4JTNCb3ZlcmZsb3clM0FoaWRkZW4lM0JkaXNwbGF5JTNBJTIwZmxleCUzQiUwQSUyMCUyMCUyMCUyMGFsaWduLWl0ZW1zJTNBJTIwY2VudGVyJTNCJTBBJTIwJTIwJTIwJTIwanVzdGlmeS1jb250ZW50JTNBJTIwY2VudGVyJTNCJTBBJTA5JTdEJTBBJTA5LnF1YWxpdHktaW1nLWxpc3QlN0IlMEElMDklMDl3aWR0aCUzQTEyLjUlMjUlM0JwYWRkaW5nLWxlZnQlM0ExNXB4JTNCcGFkZGluZy1yaWdodCUzQTE1cHglM0IlMEElMDklN0QlMEElMDkucXVhbGl0eS1pbWctYm94JTIwJTdCJTBBJTA5JTA5dGV4dC1hbGlnbiUzQWNlbnRlciUzQiUwQSUwOSU3RCUwQSUwOS5xdWFsaXR5LWltZy1ib3glMjBpbWclN0IlMEElMDklMDltYXJnaW4tbGVmdCUzQWF1dG8lM0JtYXJnaW4tcmlnaHQlM0FhdXRvJTNCJTBBJTA5JTdEJTBBJTQwbWVkaWElMjAlMjhtaW4td2lkdGglM0E3NjhweCUyOSUyMGFuZCUyMCUyOG1heC13aWR0aCUzQTk5MXB4JTI5JTdCJTBBJTA5JTA5LnF1YWxpdHktaW1nLWxpc3QlMjAlN0IlMEElMjAlMjAlMjAlMjB3aWR0aCUzQSUyMDE0LjI4NiUyNSUzQiUwQSU3RCUwQSUwOSU3RCUwQSUwOSU0MG1lZGlhJTI4bWF4LXdpZHRoJTNBNzY3cHglMjklN0IlMEElMDklMDkucXVhbGl0eS1pbWctaXRlbSU3QiUwQSUwOSUwOSUwOWRpc3BsYXklM0Fpbmhlcml0JTNCJTBBJTA5JTA5JTdEJTBBJTA5JTA5LnF1YWxpdHktaW1nLWxpc3QlMjAlN0IlMEElMjAlMjAlMjAlMjB3aWR0aCUzQSUyMDMzLjMzMyUyNSUzQiUwQSUyMCUyMCUyMCUyMHBhZGRpbmctbGVmdCUzQSUyMDE1cHglM0IlMEElMjAlMjAlMjAlMjBwYWRkaW5nLXJpZ2h0JTNBJTIwMTVweCUzQiUwQSUyMCUyMCUyMCUyMGRpc3BsYXklM0ElMjBpbmxpbmUtYmxvY2slM0IlMEElMjAlMjAlMjAlMjBmbG9hdCUzQSUyMGxlZnQlM0IlMEElMjAlMjAlMjAlMjBtYXJnaW4tYm90dG9tJTNBJTIwMjVweCUzQiUwQSU3RCUwQSUwOSUwOS5xdWFsaXR5LWJveCUyMCU3QiUwQSUyMCUyMCUyMCUyMG1hcmdpbi1ib3R0b20lM0ElMjA2MHB4JTNCJTBBJTdEJTBBJTA5JTdEJTBBJTA5JTQwbWVkaWElMjhtYXgtd2lkdGglM0E0ODBweCUyOSU3QiUwQSUwOSUwOS5xdWFsaXR5LWltZy1pdGVtJTdCJTBBJTA5JTA5JTA5ZGlzcGxheSUzQWluaGVyaXQlM0IlMEElMDklMDklN0QlMEElMDklMDkucXVhbGl0eS1pbWctbGlzdCUyMCU3QiUwQSUyMCUyMCUyMCUyMHdpZHRoJTNBJTIwNTAlMjUlM0IlMEElMjAlMjAlMjAlMjBwYWRkaW5nLWxlZnQlM0ElMjAxNXB4JTNCJTBBJTIwJTIwJTIwJTIwcGFkZGluZy1yaWdodCUzQSUyMDE1cHglM0IlMEElMjAlMjAlMjAlMjBkaXNwbGF5JTNBJTIwaW5saW5lLWJsb2NrJTNCJTBBJTIwJTIwJTIwJTIwZmxvYXQlM0ElMjBsZWZ0JTNCJTBBJTIwJTIwJTIwJTIwbWFyZ2luLWJvdHRvbSUzQSUyMDI1cHglM0IlMEElN0QlMEElMDklN0QlMEElM0MlMkZzdHlsZSUzRQ==[\/vc_raw_html][\/vc_column_inner][\/vc_row_inner][\/vc_column][\/vc_row][vc_row full_width=&#8221;stretch_row&#8221; css=&#8221;.vc_custom_1585725804943{padding-top: 60px !important;background-color: #eeeeee !important;}&#8221;][vc_column][vc_column_text el_class=&#8221;section-title remove-br&#8221;]\n<h2 class=\"item-h2\">Zakwalifikowana firma<\/h2>\n[\/vc_column_text][\/vc_column][\/vc_row][vc_row full_width=&#8221;stretch_row&#8221; css=&#8221;.vc_custom_1585725814575{padding-bottom: 80px !important;background-color: #eeeeee !important;}&#8221;][vc_column width=&#8221;1\/2&#8243;][vc_row_inner][vc_column_inner width=&#8221;1\/4&#8243;][vc_single_image image=&#8221;3972&#8243; img_size=&#8221;full&#8221; alignment=&#8221;center&#8221;][\/vc_column_inner][vc_column_inner width=&#8221;1\/4&#8243;][vc_single_image image=&#8221;573&#8243; img_size=&#8221;full&#8221; alignment=&#8221;center&#8221;][\/vc_column_inner][vc_column_inner width=&#8221;1\/4&#8243;][vc_single_image image=&#8221;586&#8243; img_size=&#8221;full&#8221; alignment=&#8221;center&#8221;][\/vc_column_inner][vc_column_inner width=&#8221;1\/4&#8243;][vc_single_image image=&#8221;3973&#8243; img_size=&#8221;full&#8221; alignment=&#8221;center&#8221;][\/vc_column_inner][\/vc_row_inner][\/vc_column][vc_column width=&#8221;1\/2&#8243;][vc_row_inner][vc_column_inner width=&#8221;1\/4&#8243;][vc_single_image image=&#8221;4788&#8243; img_size=&#8221;full&#8221; alignment=&#8221;center&#8221;][\/vc_column_inner][vc_column_inner width=&#8221;1\/4&#8243;][vc_single_image image=&#8221;4790&#8243; img_size=&#8221;full&#8221; alignment=&#8221;center&#8221;][\/vc_column_inner][vc_column_inner width=&#8221;1\/4&#8243;][vc_single_image image=&#8221;4789&#8243; img_size=&#8221;full&#8221; alignment=&#8221;center&#8221;][\/vc_column_inner][vc_column_inner width=&#8221;1\/4&#8243;][vc_single_image image=&#8221;9820&#8243; img_size=&#8221;full&#8221; alignment=&#8221;center&#8221;][\/vc_column_inner][\/vc_row_inner][\/vc_column][\/vc_row][vc_row full_width=&#8221;stretch_row&#8221; css=&#8221;.vc_custom_1490867602688{padding-top: 60px !important;padding-bottom: 60px !important;}&#8221;][vc_column][vc_column_text el_class=&#8221;section-title remove-br&#8221;]\n<h2 class=\"item-h2\">Globalni partnerzy laboratoryjni<\/h2>\n[\/vc_column_text][vc_empty_space height=&#8221;20px&#8221;][\/vc_column][\/vc_row][vc_row full_width=&#8221;stretch_row&#8221; css=&#8221;.vc_custom_1493096389870{padding-bottom: 60px !important;}&#8221;][vc_column width=&#8221;1\/2&#8243;][vc_row_inner][vc_column_inner width=&#8221;1\/4&#8243;][vc_single_image image=&#8221;572&#8243; img_size=&#8221;full&#8221; alignment=&#8221;center&#8221;][\/vc_column_inner][vc_column_inner width=&#8221;1\/4&#8243;][vc_single_image image=&#8221;584&#8243; img_size=&#8221;full&#8221; alignment=&#8221;center&#8221;][\/vc_column_inner][vc_column_inner width=&#8221;1\/4&#8243;][vc_single_image image=&#8221;583&#8243; img_size=&#8221;full&#8221; alignment=&#8221;center&#8221;][\/vc_column_inner][vc_column_inner width=&#8221;1\/4&#8243;][vc_single_image image=&#8221;586&#8243; img_size=&#8221;full&#8221; alignment=&#8221;center&#8221;][\/vc_column_inner][\/vc_row_inner][\/vc_column][vc_column width=&#8221;1\/2&#8243;][vc_row_inner][vc_column_inner width=&#8221;1\/4&#8243;][vc_single_image image=&#8221;581&#8243; img_size=&#8221;full&#8221; alignment=&#8221;center&#8221;][\/vc_column_inner][vc_column_inner width=&#8221;1\/4&#8243;][vc_single_image image=&#8221;582&#8243; img_size=&#8221;full&#8221; alignment=&#8221;center&#8221;][\/vc_column_inner][vc_column_inner width=&#8221;1\/4&#8243;][vc_single_image image=&#8221;9824&#8243; img_size=&#8221;full&#8221; alignment=&#8221;center&#8221;][\/vc_column_inner][vc_column_inner width=&#8221;1\/4&#8243;][\/vc_column_inner][\/vc_row_inner][\/vc_column][\/vc_row]\n","protected":false},"excerpt":{"rendered":"<p>[vc_row full_width=&#8221;stretch_row&#8221; css=&#8221;.vc_custom_1493096197351{padding-top: 100px !important;}&#8221;][vc_column][vc_column_text el_class=&#8221;section-title remove-br&#8221;] O naszych kwalifikacjach [\/vc_column_text][vc_column_text el_class=&#8221;gray text-center width-12&#8243;]CCGrass posiada trzy dobrze zarz\u0105dzane fabryki w Chinach i Wietnamie. Nasze najnowocze\u015bniejsze fabryki sztucznej trawy spe\u0142niaj\u0105 najwy\u017csze standardy, w tym ISO9001, ISO14001, ISO45001 i ISO50001. Ponadto pomy\u015blnie przesz\u0142y rygorystyczne audyty fabryczne, takie jak BSCI, WFSGI, Sedex i ICS, co dodatkowo podkre\u015bla nasze [&hellip;]<\/p>\n","protected":false},"author":1,"featured_media":591,"parent":40,"menu_order":3,"comment_status":"closed","ping_status":"closed","template":"","meta":{"_acf_changed":false,"footnotes":""},"class_list":["post-9810","page","type-page","status-publish","has-post-thumbnail","hentry"],"acf":[],"_links":{"self":[{"href":"https:\/\/www.ccgrass.com\/pl\/wp-json\/wp\/v2\/pages\/9810","targetHints":{"allow":["GET"]}}],"collection":[{"href":"https:\/\/www.ccgrass.com\/pl\/wp-json\/wp\/v2\/pages"}],"about":[{"href":"https:\/\/www.ccgrass.com\/pl\/wp-json\/wp\/v2\/types\/page"}],"author":[{"embeddable":true,"href":"https:\/\/www.ccgrass.com\/pl\/wp-json\/wp\/v2\/users\/1"}],"replies":[{"embeddable":true,"href":"https:\/\/www.ccgrass.com\/pl\/wp-json\/wp\/v2\/comments?post=9810"}],"version-history":[{"count":0,"href":"https:\/\/www.ccgrass.com\/pl\/wp-json\/wp\/v2\/pages\/9810\/revisions"}],"up":[{"embeddable":true,"href":"https:\/\/www.ccgrass.com\/pl\/wp-json\/wp\/v2\/pages\/40"}],"wp:featuredmedia":[{"embeddable":true,"href":"https:\/\/www.ccgrass.com\/pl\/wp-json\/wp\/v2\/media\/591"}],"wp:attachment":[{"href":"https:\/\/www.ccgrass.com\/pl\/wp-json\/wp\/v2\/media?parent=9810"}],"curies":[{"name":"wp","href":"https:\/\/api.w.org\/{rel}","templated":true}]}}