{"id":9146,"date":"2023-02-17T00:59:15","date_gmt":"2023-02-17T00:59:15","guid":{"rendered":"https:\/\/www.ccgrass.com\/?page_id=9146"},"modified":"2024-12-27T01:40:48","modified_gmt":"2024-12-27T01:40:48","slug":"artificial-sports-turf","status":"publish","type":"page","link":"https:\/\/www.ccgrass.com\/pl\/artificial-sports-turf\/","title":{"rendered":"Sztuczna murawa sportowa"},"content":{"rendered":"[vc_row css=&#8221;.vc_custom_1676595598682{padding-top: 80px !important;padding-bottom: 40px !important;}&#8221;][vc_column][vc_column_text el_class=&#8221;section-title&#8221;]\n<h2 class=\"item-h2\">Pogo\u0144 za prawdziwym sportem<\/h2>\n[\/vc_column_text][vc_row_inner][vc_column_inner][vc_column_text el_class=&#8221;gray text-center width-12&#8243;]Aby osi\u0105gn\u0105\u0107 maksymalny potencja\u0142 w ka\u017cdym sporcie, gracze potrzebuj\u0105 sp\u00f3jnej, doskona\u0142ej jako\u015bci i wydajnej nawierzchni trawiastej. Dzi\u0119ki wieloletniemu do\u015bwiadczeniu w obs\u0142udze profesjonalnej bran\u017cy sportowej, CCGrass sta\u0142 si\u0119 dostawc\u0105 rozwi\u0105za\u0144 dla boisk sportowych. Firma opracowa\u0142a szereg sztucznych muraw sportowych dla g\u0142\u00f3wnych dyscyplin sportowych, takich jak pi\u0142ka no\u017cna, hokej, rugby, tenis, padel i wiele dyscyplin sportowych. CCGrass dok\u0142ada wszelkich stara\u0144, aby zapewni\u0107 sportowcom najlepsze mo\u017cliwe warunki do gry, aby mogli osi\u0105ga\u0107 najlepsze wyniki, podnosi\u0107 swoje umiej\u0119tno\u015bci i pomaga\u0107 w osi\u0105ganiu cel\u00f3w.[\/vc_column_text][vc_raw_html]JTNDc3R5bGUlM0UlMEEud2lkdGgtMTIlN0IlMEElMjAlMjAlMjAlMjBtYXgtd2lkdGglM0ElMjAxMjAwcHglM0IlMEElMjAlMjAlMjAlMjBtYXJnaW4lM0ElMjAwJTIwYXV0byUzQiUwQSU3RCUwQXAudmNfY3VzdG9tX2hlYWRpbmclN0IlMEElMjAlMjAlMjAlMjBmb250LWZhbWlseSUzQSUyMCUyN0hlbHZldGljYUxUU3RkLUJvbGQlMjclMkMlMjBIZWx2ZXRpY2ElMkMlMjBBcmlhbCUyQyUyMHNhbnMtc2VyaWYlM0IlMEElMjAlMjAlMjAlMjBjb2xvciUzQSUyMCUyMzMzMzMzMyUzQiUwQSU3RCUwQS5jb250YWluZXIlN0IlMEElMjAlMjAlMjAlMjBtYXJnaW4lM0ElMjAwJTIwYXV0byUzQiUwQSU3RCUwQS53aWR0aC04JTdCJTBBJTIwJTIwJTIwJTIwbWFyZ2luJTNBJTIwMCUyMGF1dG8lM0IlMEElN0QlMEFoMyU3QiUwQSUyMCUyMCUyMCUyMGZvbnQtc2l6ZSUzQSUyMDIuNHJlbSUzQiUwQSUyMCUyMCUyMCUyMGNvbG9yJTNBJTIwJTIzMzMzMzMzJTNCJTBBJTdEJTBBaDQlN0IlMEElMjAlMjAlMjAlMjBjb2xvciUzQSUyMCUyMzMzMzMzMyUzQiUwQSU3RCUwQS5wYWRkaW5nLWJveCU3QiUwQSUyMCUyMCUyMCUyMHBhZGRpbmclM0ElMjA0NXB4JTIwNjVweCUyMDEwcHglM0IlMEElMjAlMjAlMjAlMjBib3JkZXIlM0ElMjAxcHglMjBzb2xpZCUyMCUyMzg1YzQzZiUzQiUwQSU3RCUwQS5ib3JkZXItYSU3QiUwQSUyMCUyMCUyMCUyMGJvcmRlci1sZWZ0JTNBJTIwMCUzQiUwQSUyMCUyMCUyMCUyMGJvcmRlci10b3AlM0ElMjAwJTNCJTBBJTdEJTBBLmJvcmRlci1iJTdCJTBBJTIwJTIwJTIwJTIwYm9yZGVyLXJpZ2h0JTNBJTIwMCUzQiUwQSUyMCUyMCUyMCUyMGJvcmRlci10b3AlM0ElMjAwJTNCJTBBJTdEJTBBLmJvcmRlci1jJTdCJTBBJTIwJTIwJTIwJTIwYm9yZGVyLWxlZnQlM0ElMjAwJTNCJTBBJTIwJTIwJTIwJTIwYm9yZGVyLWJvdHRvbSUzQSUyMDAlM0IlMEElN0QlMEEuYm9yZGVyLWQlN0IlMEElMjAlMjAlMjAlMjBib3JkZXItcmlnaHQlM0ElMjAwJTNCJTBBJTIwJTIwJTIwJTIwYm9yZGVyLWJvdHRvbSUzQSUyMDAlM0IlMEElN0QlMEEuc3lzdGVtX2JveCUyMCU3QiUwQSUyMCUyMCUyMCUyMGRpc3BsYXklM0ElMjBmbGV4JTNCJTBBJTIwJTIwJTIwJTIwanVzdGlmeS1jb250ZW50JTNBJTIwY2VudGVyJTNCJTBBJTIwJTIwJTIwJTIwZmxleC13cmFwJTNBJTIwd3JhcCUzQiUwQSU3RCUwQS5saW5lX2ZpdmUlMjAlN0IlMEElMjAlMjAlMjAlMjB3aWR0aCUzQSUyMDIwJTI1JTNCJTBBJTIwJTIwJTIwJTIwcGFkZGluZyUzQSUyMDEycHglM0IlMEElN0QlMEEud2hpdGVfYm94JTIwJTdCJTBBJTIwJTIwJTIwJTIwYmFja2dyb3VuZC1jb2xvciUzQSUyMCUyM2ZmZmZmZiUzQiUwQSUyMCUyMCUyMCUyMGhlaWdodCUzQSUyMDEwMCUyNSUzQiUwQSUyMCUyMCUyMCUyMHRleHQtYWxpZ24lM0ElMjBjZW50ZXIlM0IlMEElMjAlMjAlMjAlMjBwYWRkaW5nJTNBJTIwMjVweCUzQiUwQSU3RCUwQS53aGl0ZV9ib3glMjBpbWclN0IlMEElMjAlMjAlMjAlMjBtYXJnaW4tYm90dG9tJTNBJTIwMjVweCUzQiUwQSU3RCUwQS5zeXN0ZW1fYnRuJTIwJTdCJTBBJTIwJTIwJTIwJTIwZGlzcGxheSUzQSUyMGlubGluZS1ibG9jayUzQiUwQSUyMCUyMCUyMCUyMGJvcmRlci1yYWRpdXMlM0ElMjA1cHglM0IlMEElMjAlMjAlMjAlMjBib3JkZXIlM0ElMjAxcHglMjBzb2xpZCUyMCUyM2UxZTFlMSUzQiUwQSUyMCUyMCUyMCUyMHBhZGRpbmclM0ElMjA0cHglMjAxNnB4JTNCJTBBJTIwJTIwJTIwJTIwZm9udC1zaXplJTNBJTIwMTJweCUzQiUwQSUyMCUyMCUyMCUyMGNvbG9yJTNBJTIwJTIzNjY2JTNCJTBBJTIwJTIwJTIwJTIwdHJhbnNpdGlvbiUzQSUyMGFsbCUyMGVhc2UlMjAwLjNzJTNCJTBBJTdEJTBBLndoaXRlX2JveCUyMHAlMjAlN0IlMEElMjAlMjAlMjAlMjBtaW4taGVpZ2h0JTNBJTIwMTIwcHglM0IlMEElN0QlMEFoMy5kYXNoX3JpZ2h0JTIwJTdCJTBBJTIwJTIwJTIwJTIwY29sb3IlM0ElMjAlMjMwMDNiMjYlM0IlMEElMjAlMjAlMjAlMjBkaXNwbGF5JTNBJTIwZmxleCUzQiUwQSUyMCUyMCUyMCUyMGFsaWduLWl0ZW1zJTNBJTIwY2VudGVyJTNCJTBBJTIwJTIwJTIwJTIwanVzdGlmeS1jb250ZW50JTNBJTIwc3BhY2UtYmV0d2VlbiUzQiUwQSU3RCUwQWgzLmRhc2hfcmlnaHQlM0ElM0FhZnRlciUyMCU3QiUwQSUyMCUyMCUyMCUyMGNvbnRlbnQlM0ElMjAlMjclMjclM0IlMEElMjAlMjAlMjAlMjB3aWR0aCUzQSUyMDcwcHglM0IlMEElMjAlMjAlMjAlMjBoZWlnaHQlM0ElMjAycHglM0IlMEElMjAlMjAlMjAlMjBib3JkZXIlM0ElMjAxcHglMjBkYXNoZWQlMjAlMjMwMDNiMjYlM0IlMEElMjAlMjAlMjAlMjBkaXNwbGF5JTNBJTIwaW5saW5lLWJsb2NrJTNCJTBBJTdEJTBBaDMuZGFzaF9sZWZ0JTIwJTdCJTBBJTIwJTIwJTIwJTIwY29sb3IlM0ElMjAlMjMwMDNiMjYlM0IlMEElMjAlMjAlMjAlMjBkaXNwbGF5JTNBJTIwZmxleCUzQiUwQSUyMCUyMCUyMCUyMGFsaWduLWl0ZW1zJTNBJTIwY2VudGVyJTNCJTBBJTIwJTIwJTIwJTIwanVzdGlmeS1jb250ZW50JTNBJTIwc3BhY2UtYmV0d2VlbiUzQiUwQSU3RCUwQWgzLmRhc2hfbGVmdCUzQSUzQWJlZm9yZSU3QiUwQSUyMCUyMCUyMCUyMGNvbnRlbnQlM0ElMjAlMjclMjclM0IlMEElMjAlMjAlMjAlMjB3aWR0aCUzQSUyMDcwcHglM0IlMEElMjAlMjAlMjAlMjBoZWlnaHQlM0ElMjAycHglM0IlMEElMjAlMjAlMjAlMjBib3JkZXIlM0ElMjAxcHglMjBkYXNoZWQlMjAlMjMwMDNiMjYlM0IlMEElMjAlMjAlMjAlMjBkaXNwbGF5JTNBJTIwaW5saW5lLWJsb2NrJTNCJTBBJTdEJTBBLmxlZnQlN0IlMEElMjAlMjAlMjAlMjB0ZXh0LWFsaWduJTNBJTIwbGVmdCUzQiUwQSU3RCUwQS5yaWdodCU3QiUwQSUyMCUyMCUyMCUyMHRleHQtYWxpZ24lM0ElMjByaWdodCUzQiUwQSU3RCUwQS5iZW5lZml0X2JveCUyMGgzJTdCJTBBJTIwJTIwJTIwJTIwbWFyZ2luLWJvdHRvbSUzQSUyMDE1cHglM0IlMEElN0QlMEEuYmVuZWZpdF9ib3glMjAlN0IlMEElMjAlMjAlMjAlMjBtYXJnaW4lM0ElMjA4MHB4JTIwMCUzQiUwQSU3RCUwQS5sZXRfYmclN0IlMEElMjAlMjAlMjAlMjBiYWNrZ3JvdW5kLWNvbG9yJTNBJTIwJTIzMWU3ODE0N2QlM0IlMEElN0QlMEEud2hpdGVfaDMlN0IlMEElMjAlMjAlMjAlMjBjb2xvciUzQSUyMCUyM2ZmZmZmZiUzQiUwQSUyMCUyMCUyMCUyMG1hcmdpbi1ib3R0b20lM0ElMjAzNXB4JTNCJTBBJTdEJTBBLndoaXRlX2J0biU3QiUwQSUyMCUyMCUyMCUyMGJhY2tncm91bmQtY29sb3IlM0ElMjByZ2JhJTI4MCUyQzAlMkMwJTJDMCUyOSUyMCUyMWltcG9ydGFudCUzQiUwQSUyMCUyMCUyMCUyMGNvbG9yJTNBJTIwJTIzZmZmZmZmJTIwJTIxaW1wb3J0YW50JTNCJTBBJTIwJTIwJTIwJTIwZGlzcGxheSUzQSUyMGlubGluZS1ibG9jayUzQiUwQSUyMCUyMCUyMCUyMGJvcmRlciUzQSUyMDJweCUyMHNvbGlkJTIwJTIzZmZmZmZmJTIwJTIxaW1wb3J0YW50JTNCJTBBJTdEJTBBLndoaXRlX2J0biUzQWhvdmVyJTdCJTBBJTIwJTIwJTIwJTIwYmFja2dyb3VuZC1jb2xvciUzQSUyMCUyM2ZmZmZmZiUyMCUyMWltcG9ydGFudCUzQiUwQSUyMCUyMCUyMCUyMGNvbG9yJTNBJTIwJTIzODVDNDNGJTIwJTIxaW1wb3J0YW50JTNCJTBBJTIwJTIwJTIwJTIwYm9yZGVyJTNBJTIwMnB4JTIwc29saWQlMjAlMjM4NUM0M0YlMjAlMjFpbXBvcnRhbnQlM0IlMEElN0QlMEEuc2l0ZS1jb250ZW50LWNvbnRhaW4lN0IlMEElMjAlMjAlMjAlMjBwYWRkaW5nJTNBJTIwMCUzQiUwQSU3RCUwQS5zeXN0ZW1fYnRuJTNBaG92ZXIlN0IlMEElMjAlMjAlMjAlMjBiYWNrZ3JvdW5kLWNvbG9yJTNBJTIwJTIzODZjNDQwJTNCJTBBJTIwJTIwJTIwJTIwYm9yZGVyLWNvbG9yJTNBJTIwJTIzODZjNDQwJTNCJTBBJTIwJTIwJTIwJTIwY29sb3IlM0ElMjAlMjNmZmZmZmYlM0IlMEElN0QlMEElNDBtZWRpYSUyMCUyOG1heC13aWR0aCUzQSUyMDE0NDBweCUyOSU3QiUwQS53aGl0ZV9ib3glMjAlN0IlMEElMjAlMjAlMjAlMjBwYWRkaW5nJTNBJTIwMTVweCUzQiUwQSU3RCUwQS52Y19jdXN0b21fMTY3NjYwNDE3OTAxNiU3QiUwQSUyMCUyMCUyMCUyMHBhZGRpbmclM0ElMjA4MHB4JTIwNTBweCUyMCUyMWltcG9ydGFudCUzQiUwQSU3RCUwQSU3RCUwQSU0MG1lZGlhJTIwJTI4bWF4LXdpZHRoJTNBJTIwMTQ0MHB4JTI5JTdCJTBBaDMlN0IlMEElMjAlMjAlMjAlMjBmb250LXNpemUlM0ElMjAycmVtJTNCJTBBJTdEJTBBJTdEJTBBJTQwbWVkaWElMjAlMjhtYXgtd2lkdGglM0ElMjA4MjBweCUyOSU3QiUwQS5saW5lX2ZpdmUlMjAlN0IlMEElMjAlMjAlMjAlMjB3aWR0aCUzQSUyMDUwJTI1JTNCJTBBJTdEJTBBLndoaXRlX2JveCUyMHAlMjAlN0IlMEElMjAlMjAlMjAlMjBtaW4taGVpZ2h0JTNBJTIwaW5oZXJpdCUzQiUwQSU3RCUwQS5iZW5lZml0X3NlY3Rpb24lMjAudmNfY29sLXNtLTQlMjAlN0IlMEElMjAlMjAlMjAlMjB3aWR0aCUzQSUyMDEwMCUyNSUzQiUwQSU3RCUwQSU3RCUwQSU0MG1lZGlhJTIwJTI4bWF4LXdpZHRoJTNBJTIwNzY4cHglMjklN0IlMEEucGFkZGluZy1ib3glMjAlN0IlMEElMjAlMjAlMjAlMjBwYWRkaW5nJTNBJTIwMjVweCUzQiUwQSU3RCUwQSU3RCUwQSU0MG1lZGlhJTIwJTI4bWF4LXdpZHRoJTNBJTIwNTQwcHglMjklN0IlMEEudmNfY3VzdG9tXzE2NzY1OTgyMjg4MTklMjAud3BiX2NvbHVtbi52Y19jb2x1bW5fY29udGFpbmVyLnZjX2NvbC1zbS00JTdCJTBBJTIwJTIwJTIwJTIwbWFyZ2luJTNBJTIwNDBweCUyMDAlM0IlMEElN0QlMEEucGFkZGluZy1ib3glN0IlMEElMjAlMjAlMjAlMjBib3JkZXIlM0ElMjAwJTIwJTIxaW1wb3J0YW50JTNCJTBBJTdEJTBBLmxpbmVfZml2ZSUyMCU3QiUwQSUyMCUyMCUyMCUyMHdpZHRoJTNBJTIwMTAwJTI1JTNCJTBBJTdEJTBBLndwYl90ZXh0X2NvbHVtbi53cGJfY29udGVudF9lbGVtZW50LnZjX2N1c3RvbV8xNjc2NjA1MDQ1MzA2LnNlY3Rpb24tdGl0bGUubGVmdCUyMCU3QiUwQSUyMCUyMCUyMCUyMHRleHQtYWxpZ24lM0ElMjBjZW50ZXIlM0IlMEElN0QlMEElN0QlMEElM0MlMkZzdHlsZSUzRQ==[\/vc_raw_html][\/vc_column_inner][\/vc_row_inner][\/vc_column][\/vc_row][vc_row full_width=&#8221;stretch_row_content&#8221; css=&#8221;.vc_custom_1676596882996{padding-top: 35px !important;padding-bottom: 70px !important;background-color: #f7f7f7 !important;}&#8221;][vc_column][vc_column_text el_class=&#8221;section-title&#8221;]\n<h2 class=\"item-h2\">Zastosowania sztucznej murawy sportowej CCGrass<\/h2>\n[\/vc_column_text][vc_row_inner el_class=&#8221;container&#8221;][vc_column_inner width=&#8221;1\/3&#8243;][vc_single_image image=&#8221;9157&#8243; img_size=&#8221;full&#8221; onclick=&#8221;custom_link&#8221; link=&#8221;https:\/\/www.ccgrass.com\/products\/sports-grass-for-football\/&#8221;][\/vc_column_inner][vc_column_inner width=&#8221;1\/3&#8243;][vc_single_image image=&#8221;9158&#8243; img_size=&#8221;full&#8221; onclick=&#8221;custom_link&#8221; link=&#8221;https:\/\/www.ccgrass.com\/products\/sports-grass-for-hockey\/&#8221;][\/vc_column_inner][vc_column_inner width=&#8221;1\/3&#8243;][vc_single_image image=&#8221;9159&#8243; img_size=&#8221;full&#8221; onclick=&#8221;custom_link&#8221; link=&#8221;https:\/\/www.ccgrass.com\/products\/rugby-turf\/&#8221;][\/vc_column_inner][\/vc_row_inner][vc_row_inner el_class=&#8221;container&#8221;][vc_column_inner width=&#8221;1\/3&#8243;][vc_single_image image=&#8221;9160&#8243; img_size=&#8221;full&#8221; onclick=&#8221;custom_link&#8221; link=&#8221;https:\/\/www.ccgrass.com\/products\/sports-grass-for-tennis\/&#8221;][\/vc_column_inner][vc_column_inner width=&#8221;1\/3&#8243;][vc_single_image image=&#8221;9161&#8243; img_size=&#8221;full&#8221; onclick=&#8221;custom_link&#8221; link=&#8221;https:\/\/www.ccgrass.com\/products\/padel-turf\/&#8221;][\/vc_column_inner][vc_column_inner width=&#8221;1\/3&#8243;][vc_single_image image=&#8221;9156&#8243; img_size=&#8221;full&#8221; onclick=&#8221;custom_link&#8221; link=&#8221;https:\/\/www.ccgrass.com\/products\/sports-grass-for-multi-sport\/&#8221;][\/vc_column_inner][\/vc_row_inner][\/vc_column][\/vc_row][vc_row css=&#8221;.vc_custom_1676597290709{padding-top: 45px !important;padding-bottom: 45px !important;}&#8221;][vc_column][vc_column_text el_class=&#8221;section-title&#8221;]\n<h2 class=\"item-h2\">Dlaczego warto wybra\u0107 sztuczn\u0105 muraw\u0119 sportow\u0105 CCGrass?<\/h2>\n[\/vc_column_text][vc_column_text el_class=&#8221;gray text-center width-12&#8243;]Firma CCGrass rozpocz\u0119\u0142a produkcj\u0119 sztucznej trawy w 2002 roku i obecnie posiada najwi\u0119ksz\u0105 na \u015bwiecie fabryk\u0119 sztucznej trawy. CCGrass jest jednym z zaledwie 5 Preferowanych Producent\u00f3w na \u015bwiecie, wyr\u00f3\u017cnionych przez FIFA, FIH i World Rugby, i jedynym w Azji. Tysi\u0105ce profesjonalnych boisk sportowych zosta\u0142o zainstalowanych z nasz\u0105 sztuczn\u0105 traw\u0105 sportow\u0105 na 5 kontynentach, w ponad 140 krajach, a ogromne zawody odbywaj\u0105 si\u0119 na boiskach CCGrass.[\/vc_column_text][vc_row_inner el_class=&#8221;width-8&#8243; css=&#8221;.vc_custom_1676598228819{margin-top: 35px !important;margin-bottom: 35px !important;}&#8221;][vc_column_inner width=&#8221;1\/3&#8243;][vc_single_image image=&#8221;8893&#8243; img_size=&#8221;250&#215;138&#8243; alignment=&#8221;center&#8221;][vc_custom_heading text=&#8221;Preferowany dostawca FIFA&#8221; font_container=&#8221;tag:p|text_align:center&#8221; use_theme_fonts=&#8221;yes&#8221;][\/vc_column_inner][vc_column_inner width=&#8221;1\/3&#8243;][vc_single_image image=&#8221;8894&#8243; img_size=&#8221;138&#215;138&#8243; alignment=&#8221;center&#8221;][vc_custom_heading text=&#8221;Preferowany dostawca FIH&#8221; font_container=&#8221;tag:p|text_align:center&#8221; use_theme_fonts=&#8221;yes&#8221;][\/vc_column_inner][vc_column_inner width=&#8221;1\/3&#8243;][vc_single_image image=&#8221;8895&#8243; img_size=&#8221;138&#215;138&#8243; alignment=&#8221;center&#8221;][vc_custom_heading text=&#8221;Preferowany producent murawy World Rugby&#8221; font_container=&#8221;tag:p|text_align:center&#8221; use_theme_fonts=&#8221;yes&#8221;][\/vc_column_inner][\/vc_row_inner][\/vc_column][\/vc_row][vc_row equal_height=&#8221;yes&#8221;][vc_column width=&#8221;1\/2&#8243; el_class=&#8221;padding-box border-a&#8221;][vc_single_image image=&#8221;9177&#8243; alignment=&#8221;center&#8221;][vc_column_text el_class=&#8221;gray text-center&#8221;]\n<h3>Spe\u0142niaj\u0105 najwy\u017csze standardy bran\u017cowe<\/h3>\n<p>Dzi\u0119ki \u015bcis\u0142ej wsp\u00f3\u0142pracy ze \u015bwiatowej s\u0142awy laboratoriami i ci\u0105g\u0142ym inwestycjom w badania i rozw\u00f3j, produkty CCGrass spe\u0142niaj\u0105 najwy\u017csze standardy wiod\u0105cych organizacji sportowych, takich jak FIFA, World Rugby, FIH i ITF.[\/vc_column_text][\/vc_column][vc_column width=&#8221;1\/2&#8243; el_class=&#8221;padding-box border-b&#8221;][vc_single_image image=&#8221;9192&#8243; alignment=&#8221;center&#8221;][vc_column_text el_class=&#8221;gray text-center&#8221;]\n<h3>Oferuj\u0105 najszerszy wyb\u00f3r sztucznych system\u00f3w sportowych<\/h3>\n<p>Posiadaj\u0105c status &#8220;Preferowany&#8221; w 3 du\u017cych \u015bwiatowych dyscyplinach sportowych &#8211; pi\u0142ce no\u017cnej, hokeju i rugby, jeste\u015bmy w stanie zaoferowa\u0107 szerok\u0105 gam\u0119 przetestowanych system\u00f3w dla wszystkich poziom\u00f3w ka\u017cdego sportu.[\/vc_column_text][\/vc_column][\/vc_row][vc_row equal_height=&#8221;yes&#8221;][vc_column width=&#8221;1\/2&#8243; el_class=&#8221;padding-box border-c&#8221;][vc_single_image image=&#8221;9193&#8243; alignment=&#8221;center&#8221;][vc_column_text el_class=&#8221;gray text-center&#8221;]\n<h3>Bogate do\u015bwiadczenie i wiedza specjalistyczna<\/h3>\n<p>CCGrass pom\u00f3g\u0142 dostarczy\u0107 wiele doskona\u0142ych boisk ze sztucznej trawy dla klub\u00f3w sportowych, obiekt\u00f3w komunalnych, szk\u00f3\u0142, uniwersytet\u00f3w, profesjonalnych zawod\u00f3w i nie tylko. Zgromadzili\u015bmy bogate do\u015bwiadczenie, aby poprowadzi\u0107 Ci\u0119 przez ka\u017cdy etap procesu budowy boiska.[\/vc_column_text][\/vc_column][vc_column width=&#8221;1\/2&#8243; el_class=&#8221;padding-box border-d&#8221;][vc_single_image image=&#8221;9243&#8243; alignment=&#8221;center&#8221;][vc_column_text el_class=&#8221;gray text-center&#8221;]\n<h3>Mo\u017cliwo\u015bci w zakresie bada\u0144 i rozwoju oraz innowacji<\/h3>\n<p>Dzi\u0119ki otwarto\u015bci i silnym zdolno\u015bciom produkcyjnym, CCGrass jest zaanga\u017cowany w dostarczanie klientom unikalnie zaprojektowanych system\u00f3w murawy sportowej poprzez ci\u0105g\u0142e innowacje.[\/vc_column_text][\/vc_column][\/vc_row][vc_row full_width=&#8221;stretch_row_content&#8221; css=&#8221;.vc_custom_1676599816501{margin-top: 120px !important;padding-top: 70px !important;padding-bottom: 70px !important;background-color: #003b26 !important;}&#8221;][vc_column][vc_column_text el_class=&#8221;section-title&#8221;]\n<h2 class=\"item-h2\">Innowacyjne rozwi\u0105zania dla system\u00f3w sportowych<\/h2>\n[\/vc_column_text][vc_row_inner el_class=&#8221;container&#8221;][vc_column_inner][vc_column_text]            <div class=\"system_box\">\r\n                                      \r\n                <div class=\"line_five\">\r\n                    <div class=\"system white_box\">\r\n                        <img decoding=\"async\" src=\"https:\/\/www.ccgrass.com\/pl\/wp-content\/uploads\/2022\/11\/110-1.png\" alt=\"system\">\r\n                        <p>Seria Green Game \u0142\u0105czy w\u0142\u00f3kna monofilowe z mocn\u0105 prz\u0119dz\u0105 kr\u0119con\u0105 w ka\u017cdej k\u0119pce trawy.<\/p>\r\n                        <a href=\"https:\/\/www.ccgrass.com\/green-game-artificial-turf-system\/\" class=\"system_btn\">MORE<\/a>\r\n                    <\/div>\r\n                <\/div>      \r\n                      \r\n                <div class=\"line_five\">\r\n                    <div class=\"system white_box\">\r\n                        <img decoding=\"async\" src=\"https:\/\/www.ccgrass.com\/pl\/wp-content\/uploads\/2022\/11\/greenplay.png\" alt=\"system\">\r\n                        <p>Seria Green Play \u0142\u0105czy w sobie w\u0142\u00f3kna monofilowe z mocnymi prz\u0119dzami fibrylowanymi w jednej murawie.<\/p>\r\n                        <a href=\"https:\/\/www.ccgrass.com\/green-play-series-synthetic-turf-systems\" class=\"system_btn\">MORE<\/a>\r\n                    <\/div>\r\n                <\/div>      \r\n                      \r\n                <div class=\"line_five\">\r\n                    <div class=\"system white_box\">\r\n                        <img decoding=\"async\" src=\"https:\/\/www.ccgrass.com\/pl\/wp-content\/uploads\/2022\/11\/greendura.png\" alt=\"system\">\r\n                        <p>Seria Green Dura mo\u017ce wyd\u0142u\u017cy\u0107 \u017cywotno\u015b\u0107 boiska i wyd\u0142u\u017cy\u0107 czas wymiany, dzi\u0119ki czemu jest bardziej op\u0142acalna.<\/p>\r\n                        <a href=\"https:\/\/www.ccgrass.com\/green-dura-durable-artificial-turf-system\" class=\"system_btn\">MORE<\/a>\r\n                    <\/div>\r\n                <\/div>      \r\n                      \r\n                <div class=\"line_five\">\r\n                    <div class=\"system white_box\">\r\n                        <img decoding=\"async\" src=\"https:\/\/www.ccgrass.com\/pl\/wp-content\/uploads\/2022\/11\/union.png\" alt=\"system\">\r\n                        <p>Seria Union na\u015bladuje natur\u0119, \u0142\u0105cz\u0105c dwie lub trzy prz\u0119dze sztucznej trawy o r\u00f3\u017cnych kszta\u0142tach i kolorach. <\/p>\r\n                        <a href=\"https:\/\/www.ccgrass.com\/green-union-series-realistic-artificial-grass-system\" class=\"system_btn\">MORE<\/a>\r\n                    <\/div>\r\n                <\/div>      \r\n                      \r\n                <div class=\"line_five\">\r\n                    <div class=\"system white_box\">\r\n                        <img decoding=\"async\" src=\"https:\/\/www.ccgrass.com\/pl\/wp-content\/uploads\/2022\/11\/recyclable.png\" alt=\"system\">\r\n                        <p>Seria Recyclable 100% ekologiczna, by rozwi\u0105za\u0107 problemy z utylizacj\u0105 po zako\u0144czeniu u\u017cytkowania.<\/p>\r\n                        <a href=\"https:\/\/www.ccgrass.com\/green-recycable-artificial-turf-system\" class=\"system_btn\">MORE<\/a>\r\n                    <\/div>\r\n                <\/div>      \r\n                                <div class=\"clearfix\"><\/div>\r\n            <\/div>[\/vc_column_text][\/vc_column_inner][\/vc_row_inner][\/vc_column][\/vc_row][vc_row css=&#8221;.vc_custom_1676602066624{padding-top: 70px !important;padding-bottom: 70px !important;}&#8221;][vc_column][vc_column_text el_class=&#8221;section-title&#8221;]\n<h2 class=\"item-h2\">Zalety boisk ze sztuczn\u0105 nawierzchni\u0105 sportow\u0105<\/h2>\n[\/vc_column_text][vc_row_inner equal_height=&#8221;yes&#8221; content_placement=&#8221;middle&#8221; el_class=&#8221;benefit_section&#8221;][vc_column_inner width=&#8221;1\/3&#8243;][vc_raw_html]JTNDZGl2JTIwY2xhc3MlM0QlMjJiZW5lZml0X2JveCUyMGxlZnQlMjIlM0UlMEElM0NoMyUyMGNsYXNzJTNEJTIyZGFzaF9yaWdodCUyMiUzRUN6eXN0byVDNSU5QiVDNCU4NyUyMHclMjBrYSVDNSVCQ2R5Y2glMjB3YXJ1bmthY2glMjBwb2dvZG93eWNoJTNDJTJGaDMlM0UlMEElM0NwJTNFWmFsZXQlQzQlODUlMjBib2lza2ElMjB6ZSUyMHN6dHVjem5laiUyMHRyYXd5JTIwamVzdCUyMGplZ28lMjBvZHBvcm5vJUM1JTlCJUM0JTg3JTIwbmElMjBrYSVDNSVCQ2QlQzQlODUlMjBwb2dvZCVDNCU5OS4lMjBOYXR1cmFsbmUlMjBib2lza2ElMjB0cmF3aWFzdGUlMjB6YW1pZW5pYWolQzQlODUlMjBzaSVDNCU5OSUyMHclMjBiJUM1JTgyb3RvJTIwcG9kY3phcyUyMGRlc3pjenUuJTIwWiUyMGtvbGVpJTIwYm9pc2thJTIwemUlMjBzenR1Y3puZWolMjB0cmF3eSUyMHphcGV3bmlhaiVDNCU4NSUyMGRvc2tvbmElQzUlODJlJTIwbmF3aWVyemNobmllJTIwZGxhJTIwZ3JhY3p5JTJDJTIwbmllemFsZSVDNSVCQ25pZSUyMG9kJTIwcG9nb2R5LiUzQyUyRnAlM0UlMEElM0MlMkZkaXYlM0UlMEElM0NkaXYlMjBjbGFzcyUzRCUyMmJlbmVmaXRfYm94JTIwbGVmdCUyMiUzRSUwQSUzQ2gzJTIwY2xhc3MlM0QlMjJkYXNoX3JpZ2h0JTIyJTNFTmlza2llJTIwa29zenR5JTIwdXRyenltYW5pYSUzQyUyRmgzJTNFJTBBJTNDcCUzRVN6dHVjem5lJTIwYm9pc2thJTIwc3BvcnRvd2UlMjBzJUM0JTg1JTIwJUM1JTgyYXR3aWVqc3plJTIwdyUyMHV0cnp5bWFuaXUlMjBuaSVDNSVCQyUyMG5hdHVyYWxuYSUyMHRyYXdhLiUyME5pZSUyMHd5bWFnYWolQzQlODUlMjBvbmUlMjB3aWVsdSUyMGN6eW5ubyVDNSU5QmNpJTIwa29uc2Vyd2FjeWpueWNoJTJDJTIwdGFraWNoJTIwamFrJTIwcG9ub3duZSUyMHNhZHplbmllJTJDJTIwa29zemVuaWUlMkMlMjBuYXdvJUM1JUJDZW5pZSUyQyUyMHVzdXdhbmllJTIwY2h3YXN0JUMzJUIzdyUyQyUyMHp3YWxjemFuaWUlMjBzemtvZG5payVDMyVCM3clMjBpdHAuJTNDJTJGcCUzRSUwQSUzQyUyRmRpdiUzRQ==[\/vc_raw_html][\/vc_column_inner][vc_column_inner width=&#8221;1\/3&#8243;][vc_single_image image=&#8221;9211&#8243; img_size=&#8221;full&#8221; alignment=&#8221;center&#8221;][\/vc_column_inner][vc_column_inner width=&#8221;1\/3&#8243;][vc_raw_html]JTNDZGl2JTIwY2xhc3MlM0QlMjJiZW5lZml0X2JveCUyMHJpZ2h0JTIyJTNFJTBBJTNDaDMlMjBjbGFzcyUzRCUyMmRhc2hfbGVmdCUyMiUzRVRyd2ElQzUlODJhJTIwaSUyMHd5dHJ6eW1hJUM1JTgyYSUyMHBvd2llcnpjaG5pYSUzQyUyRmgzJTNFJTBBJTNDcCUzRVd5c29raWVqJTIwamFrbyVDNSU5QmNpJTIwYm9pc2thJTIweiUyMHRyYXd5JTIwc3ludGV0eWN6bmVqJTIwcyVDNCU4NSUyMHclMjBzdGFuaWUlMjB3eXRyenltYSVDNCU4NyUyMGludGVuc3l3bmUlMjB1JUM1JUJDeXRrb3dhbmllJTJDJTIwb2ZlcnVqJUM0JTg1JTIwZCVDNSU4MnUlQzUlQkNzenklMjBjemFzJTIwdSVDNSVCQ3l0a293YW5pYSUyMG9yYXolMjB6YWNob3d1aiVDNCU4NSUyMHd5ZGFqbm8lQzUlOUIlQzQlODclMjBpJTIwYmV6cGllY3plJUM1JTg0c3R3byUyMHByemV6JTIwY2ElQzUlODJ5JTIwY3lrbCUyMCVDNSVCQ3ljaWEuJTNDJTJGcCUzRSUwQSUzQyUyRmRpdiUzRSUwQSUzQ2RpdiUyMGNsYXNzJTNEJTIyYmVuZWZpdF9ib3glMjByaWdodCUyMiUzRSUwQSUzQ2gzJTIwY2xhc3MlM0QlMjJkYXNoX2xlZnQlMjIlM0VFZmVrdHl3bm8lQzUlOUIlQzQlODclMjBrb3N6dG93YSUzQyUyRmgzJTNFJTBBJTNDcCUzRU9wciVDMyVCM2N6JTIwb3N6Y3olQzQlOTlkbm8lQzUlOUJjaSUyMG5hJTIwa29zenRhY2glMjB1dHJ6eW1hbmlhJTJDJTIwbW8lQzUlQkNuYSUyMHIlQzMlQjN3bmllJUM1JUJDJTIwd3luYWolQzQlODUlQzQlODclMjBib2lza28lMjBzcG9ydG93ZSUyQyUyMGFieSUyMHV6eXNrYSVDNCU4NyUyMGtvcnp5JUM1JTlCY2klMjBmaW5hbnNvd2UuJTIwQ28lMjB3aSVDNCU5OWNlaiUyQyUyMHdpJUM0JTk5a3N6byVDNSU5QiVDNCU4NyUyMG5hd2llcnpjaG5pJTIwemUlMjBzenR1Y3puZWolMjB0cmF3eSUyMG1vJUM1JUJDZSUyMGdvJUM1JTlCY2klQzQlODclMjB3aSVDNCU5OWNlaiUyMG5pJUM1JUJDJTIwamVkZW4lMjBzcG9ydCUzQiUyMG5hJTIwcHJ6eWslQzUlODJhZCUyMHBpJUM1JTgya2ElMjBubyVDNSVCQ25hJTIwaSUyMHJ1Z2J5JTIwYmFyZHpvJTIwZG9icnplJTIwZG8lMjBzaWViaWUlMjBwYXN1aiVDNCU4NS4lM0MlMkZwJTNFJTBBJTNDJTJGZGl2JTNF[\/vc_raw_html][\/vc_column_inner][\/vc_row_inner][\/vc_column][\/vc_row][vc_row full_width=&#8221;stretch_row_content&#8221; content_placement=&#8221;middle&#8221; css=&#8221;.vc_custom_1676604026218{background-image: url(https:\/\/www.ccgrass.com\/wp-content\/uploads\/2023\/02\/Chelsea-FC-Training-Ground-Surry-London-UK.jpg?id=9220) !important;background-position: center !important;background-repeat: no-repeat !important;background-size: cover !important;}&#8221;][vc_column width=&#8221;1\/2&#8243;][\/vc_column][vc_column width=&#8221;1\/2&#8243; el_class=&#8221;let_bg&#8221; css=&#8221;.vc_custom_1676604179016{padding-top: 100px !important;padding-right: 80px !important;padding-bottom: 100px !important;padding-left: 80px !important;}&#8221;][vc_column_text css=&#8221;.vc_custom_1735117150206{margin-bottom: 0px !important;}&#8221; el_class=&#8221;section-title left&#8221;]\n<h2 class=\"white_h3\">Pozw\u00f3l nam pom\u00f3c Ci z Twoj\u0105 ofert\u0105!<\/h2>\n<p><a class=\"large-btn white_btn\" href=\"https:\/\/www.ccgrass.com\/pl\/contact-us\/\" target=\"_blank\" rel=\"noopener noreferrer\">POROZMAWIAJ Z NASZYM EKSPERTEM<\/a>[\/vc_column_text][\/vc_column][\/vc_row]\n","protected":false},"excerpt":{"rendered":"<p>[vc_row css=&#8221;.vc_custom_1676595598682{padding-top: 80px !important;padding-bottom: 40px !important;}&#8221;][vc_column][vc_column_text el_class=&#8221;section-title&#8221;] Pogo\u0144 za prawdziwym sportem [\/vc_column_text][vc_row_inner][vc_column_inner][vc_column_text el_class=&#8221;gray text-center width-12&#8243;]Aby osi\u0105gn\u0105\u0107 maksymalny potencja\u0142 w ka\u017cdym sporcie, gracze potrzebuj\u0105 sp\u00f3jnej, doskona\u0142ej jako\u015bci i wydajnej nawierzchni trawiastej. Dzi\u0119ki wieloletniemu do\u015bwiadczeniu w obs\u0142udze profesjonalnej bran\u017cy sportowej, CCGrass sta\u0142 si\u0119 dostawc\u0105 rozwi\u0105za\u0144 dla boisk sportowych. Firma opracowa\u0142a szereg sztucznych muraw sportowych dla g\u0142\u00f3wnych dyscyplin [&hellip;]<\/p>\n","protected":false},"author":1,"featured_media":269,"parent":0,"menu_order":11,"comment_status":"closed","ping_status":"closed","template":"","meta":{"_acf_changed":false,"footnotes":""},"class_list":["post-9146","page","type-page","status-publish","has-post-thumbnail","hentry"],"acf":[],"_links":{"self":[{"href":"https:\/\/www.ccgrass.com\/pl\/wp-json\/wp\/v2\/pages\/9146","targetHints":{"allow":["GET"]}}],"collection":[{"href":"https:\/\/www.ccgrass.com\/pl\/wp-json\/wp\/v2\/pages"}],"about":[{"href":"https:\/\/www.ccgrass.com\/pl\/wp-json\/wp\/v2\/types\/page"}],"author":[{"embeddable":true,"href":"https:\/\/www.ccgrass.com\/pl\/wp-json\/wp\/v2\/users\/1"}],"replies":[{"embeddable":true,"href":"https:\/\/www.ccgrass.com\/pl\/wp-json\/wp\/v2\/comments?post=9146"}],"version-history":[{"count":0,"href":"https:\/\/www.ccgrass.com\/pl\/wp-json\/wp\/v2\/pages\/9146\/revisions"}],"wp:featuredmedia":[{"embeddable":true,"href":"https:\/\/www.ccgrass.com\/pl\/wp-json\/wp\/v2\/media\/269"}],"wp:attachment":[{"href":"https:\/\/www.ccgrass.com\/pl\/wp-json\/wp\/v2\/media?parent=9146"}],"curies":[{"name":"wp","href":"https:\/\/api.w.org\/{rel}","templated":true}]}}