{"id":91,"date":"2017-03-04T06:59:54","date_gmt":"2017-03-04T06:59:54","guid":{"rendered":"https:\/\/www.ccgrass.com\/?page_id=91"},"modified":"2024-07-12T02:12:32","modified_gmt":"2024-07-12T02:12:32","slug":"about-ccgrass","status":"publish","type":"page","link":"https:\/\/www.ccgrass.com\/pl\/the-company\/about-ccgrass\/","title":{"rendered":"Informacje o CCGrass"},"content":{"rendered":"[vc_row el_class=&#8221;about-top-section&#8221; css=&#8221;.vc_custom_1488865158399{padding-top: 90px !important;padding-bottom: 40px !important;}&#8221;][vc_column][vc_row_inner][vc_column_inner width=&#8221;1\/4&#8243;][vc_single_image image=&#8221;95&#8243; img_size=&#8221;full&#8221; alignment=&#8221;center&#8221; css=&#8221;.vc_custom_1488865661515{margin-bottom: 25px !important;}&#8221;][vc_column_text el_class=&#8221;about-top-item&#8221;]\n<h3>Najlepsza fabryka sztucznej trawy<\/h3>\n<p>Najwi\u0119ksze zak\u0142ady produkcyjne<br \/>\nW\u0142asna produkcja prz\u0119dzy i trawy<br \/>\nPe\u0142na kontrola jako\u015bci<br \/>\nNajszerszy zakres produkt\u00f3w<br \/>\nProfesjonalny system testowania[\/vc_column_text][\/vc_column_inner][vc_column_inner width=&#8221;1\/4&#8243;][vc_single_image image=&#8221;10601&#8243; img_size=&#8221;full&#8221; alignment=&#8221;center&#8221; css=&#8221;.vc_custom_1714982735934{margin-bottom: 25px !important;}&#8221;][vc_column_text el_class=&#8221;about-top-item&#8221;]\n<h3>Zalety hurtowej sprzeda\u017cy sztucznej trawy<\/h3>\n<p>Konkurencyjny system cen hurtowych<br \/>\nUsprawnione zam\u00f3wienia w celu zwi\u0119kszenia wydajno\u015bci projektu<br \/>\nOszcz\u0119dno\u015b\u0107 czasu w przypadku du\u017cych instalacji<br \/>\nJednolito\u015b\u0107 jako\u015bci i wygl\u0105du<br \/>\nR\u00f3\u017cnorodne opcje dla potrzeb personalizacji[\/vc_column_text][\/vc_column_inner][vc_column_inner width=&#8221;1\/4&#8243;][vc_single_image image=&#8221;96&#8243; img_size=&#8221;full&#8221; alignment=&#8221;center&#8221; css=&#8221;.vc_custom_1488865666523{margin-bottom: 25px !important;}&#8221;][vc_column_text el_class=&#8221;about-top-item&#8221;]\n<h3>Konsekwentne badania i rozw\u00f3j oraz innowacje<\/h3>\n<p><a href=\"\/pl\/qualifications\/fifa-preferred-provider\/\">Preferowany dostawca FIFA<\/a><br \/>\n<a href=\"\/pl\/qualifications\/fih-preferred-supplier\/\">Preferowany dostawca FIH<\/a><br \/>\n<a href=\"\/pl\/qualifications\/world-rugby-preferred-turf-producer\/\">Preferowany producent murawy World Rugby<\/a><br \/>\nZatwierdzony przez Mi\u0119dzynarodow\u0105 Federacj\u0119 Tenisow\u0105<br \/>\nBezpieczna, trwa\u0142a i realistyczna murawa krajobrazowa[\/vc_column_text][\/vc_column_inner][vc_column_inner width=&#8221;1\/4&#8243;][vc_single_image image=&#8221;97&#8243; img_size=&#8221;full&#8221; alignment=&#8221;center&#8221; css=&#8221;.vc_custom_1488865671100{margin-bottom: 25px !important;}&#8221;][vc_column_text el_class=&#8221;about-top-item&#8221;]\n<h3>Obs\u0142uga Premium<\/h3>\n<p>Doradztwo przedsprzeda\u017cowe<br \/>\nDarmowy projekt terenowy<br \/>\nOptymalne rozwi\u0105zania logistyczne<br \/>\nWsparcie marketingowe<br \/>\nWsparcie posprzeda\u017cowe<br \/>\nRozszerzone gwarancje[\/vc_column_text][\/vc_column_inner][\/vc_row_inner][\/vc_column][\/vc_row][vc_row full_width=&#8221;stretch_row_content_no_spaces&#8221; el_id=&#8221;mobile__none&#8221;][vc_column width=&#8221;1\/3&#8243;][vc_single_image image=&#8221;100&#8243; img_size=&#8221;full&#8221; alignment=&#8221;center&#8221;][\/vc_column][vc_column width=&#8221;1\/3&#8243;][vc_single_image image=&#8221;99&#8243; img_size=&#8221;full&#8221; alignment=&#8221;center&#8221;][\/vc_column][vc_column width=&#8221;1\/3&#8243;][vc_single_image image=&#8221;98&#8243; img_size=&#8221;full&#8221; alignment=&#8221;center&#8221;][\/vc_column][\/vc_row][vc_row el_id=&#8221;pc__none&#8221;][vc_column][vc_raw_html]JTNDbGluayUyMHJlbCUzRCUyMnN0eWxlc2hlZXQlMjIlMjB0eXBlJTNEJTIydGV4dCUyRmNzcyUyMiUyMGhyZWYlM0QlMjJodHRwcyUzQSUyRiUyRnd3dy5jY2dyYXNzLmNvbSUyRndwLWNvbnRlbnQlMkZ0aGVtZXMlMkZjY2dyYXNzJTJGYXNzZXRzJTJGY3NzJTJGc3dpcGVyLm1pbi5jc3MlMjIlMjAlMkYlM0UlMEElM0NzY3JpcHQlMjBzcmMlM0QlMjJodHRwcyUzQSUyRiUyRnd3dy5jY2dyYXNzLmNvbSUyRndwLWNvbnRlbnQlMkZ0aGVtZXMlMkZjY2dyYXNzJTJGYXNzZXRzJTJGanMlMkZqcXVlcnkubWluLmpzJTIyJTIwdHlwZSUzRCUyMnRleHQlMkZqYXZhc2NyaXB0JTIyJTIwY2hhcnNldCUzRCUyMnV0Zi04JTIyJTNFJTNDJTJGc2NyaXB0JTNFJTBBJTNDc2NyaXB0JTIwc3JjJTNEJTIyaHR0cHMlM0ElMkYlMkZ3d3cuY2NncmFzcy5jb20lMkZ3cC1jb250ZW50JTJGdGhlbWVzJTJGY2NncmFzcyUyRmFzc2V0cyUyRmpzJTJGc3dpcGVyLm1pbi5qcyUyMiUyMHR5cGUlM0QlMjJ0ZXh0JTJGamF2YXNjcmlwdCUyMiUyMGNoYXJzZXQlM0QlMjJ1dGYtOCUyMiUzRSUzQyUyRnNjcmlwdCUzRSUwQSUzQ2RpdiUyMGNsYXNzJTNEJTIyY29tcGFueS1zd2lwZXIlMjBzd2lwZXIlMjIlMjBzdHlsZSUzRCUyMm92ZXJmbG93JTNBaGlkZGVuJTNCJTIyJTNFJTBBJTA5JTA5JTA5JTA5JTA5JTA5JTA5JTA5JTA5JTA5JTA5JTNDZGl2JTIwY2xhc3MlM0QlMjJzd2lwZXItd3JhcHBlciUyMiUzRSUwQSUwOSUwOSUwOSUwOSUwOSUwOSUwOSUwOSUwOSUwOSUwOSUwOSUzQ2RpdiUyMGNsYXNzJTNEJTIyc3dpcGVyLXNsaWRlJTIyJTNFJTBBJTA5JTA5JTA5JTA5JTA5JTA5JTA5JTA5JTA5JTA5JTA5JTA5JTA5JTNDaW1nJTIwc3JjJTNEJTIyaHR0cHMlM0ElMkYlMkZ3d3cuY2NncmFzcy5jb20lMkZ3cC1jb250ZW50JTJGdXBsb2FkcyUyRjIwMTclMkYwMyUyRmFib3V0LXRvcC1sZWZ0LmpwZyUyMiUyMGNsYXNzJTNEJTIyaW1nLXJlc3BvbnNpdmUlMjIlMjBhbHQlM0QlMjJDQ0dyYXNzJTIwU3ludGhldGljJTIwVHVyZiUyMEZhY3RvcnklMjIlMjAlMkYlM0UlMEElMDklMDklMDklMDklMDklMDklMDklMDklMDklMDklMDklMDklM0MlMkZkaXYlM0UlMEElMDklMDklMDklMDklMDklMDklMDklMDklMDklMDklMDklMDklM0NkaXYlMjBjbGFzcyUzRCUyMnN3aXBlci1zbGlkZSUyMiUzRSUwQSUwOSUwOSUwOSUwOSUwOSUwOSUwOSUwOSUwOSUwOSUwOSUwOSUwOSUzQ2ltZyUyMHNyYyUzRCUyMmh0dHBzJTNBJTJGJTJGd3d3LmNjZ3Jhc3MuY29tJTJGd3AtY29udGVudCUyRnVwbG9hZHMlMkYyMDE3JTJGMDMlMkZhYm91dC10b3AtY2VudGVyLmpwZyUyMiUyMGNsYXNzJTNEJTIyaW1nLXJlc3BvbnNpdmUlMjIlMjBhbHQlM0QlMjJDQ0dyYXNzJTIwU3ludGhldGljJTIwVHVyZiUyMEZhY3Rvcnlwcm9kdWN0aW9uJTIwbGluZSUyMiUyMCUyRiUzRSUwQSUwOSUwOSUwOSUwOSUwOSUwOSUwOSUwOSUwOSUwOSUwOSUwOSUzQyUyRmRpdiUzRSUwQSUwOSUwOSUwOSUwOSUwOSUwOSUwOSUwOSUwOSUwOSUwOSUwOSUzQ2RpdiUyMGNsYXNzJTNEJTIyc3dpcGVyLXNsaWRlJTIyJTNFJTBBJTA5JTA5JTA5JTA5JTA5JTA5JTA5JTA5JTA5JTA5JTA5JTA5JTA5JTNDaW1nJTIwc3JjJTNEJTIyaHR0cHMlM0ElMkYlMkZ3d3cuY2NncmFzcy5jb20lMkZ3cC1jb250ZW50JTJGdXBsb2FkcyUyRjIwMTclMkYwMyUyRmFib3V0LXRvcC1yaWdodC5qcGclMjIlMjBjbGFzcyUzRCUyMmltZy1yZXNwb25zaXZlJTIyJTIwYWx0JTNEJTIyQ0NHcmFzcyUyMHN5bnRoZXRpYyUyMHR1cmYlMjBmYWN0b3J5JTIyJTIwJTJGJTNFJTBBJTA5JTA5JTA5JTA5JTA5JTA5JTA5JTA5JTA5JTA5JTA5JTA5JTNDJTJGZGl2JTNFJTBBJTA5JTA5JTA5JTA5JTA5JTA5JTA5JTA5JTA5JTA5JTA5JTNDJTJGZGl2JTNFJTBBJTA5JTA5JTA5JTA5JTA5JTA5JTA5JTA5JTA5JTA5JTNDJTJGZGl2JTNF[\/vc_raw_html][vc_raw_js]JTNDc2NyaXB0JTIwdHlwZSUzRCUyMnRleHQlMkZqYXZhc2NyaXB0JTIyJTNFJTBBdmFyJTIwY29tcGFueXN3aXBlciUyMCUzRCUyMG5ldyUyMFN3aXBlciUyOCUyNy5jb21wYW55LXN3aXBlciUyNyUyQyUyMCU3QiUwQSUwOSUwOSUwOWRpcmVjdGlvbiUzQSUyMCUyN2hvcml6b250YWwlMjclMkMlMEElMDklMDklMDlzbGlkZXNQZXJWaWV3JTNBJTIwMyUyQyUwQSUwOSUwOSUwOXNwYWNlQmV0d2VlbiUzQSUyMDEwJTJDJTBBJTA5JTA5JTA5JTIwY2VudGVyZWRTbGlkZXMlM0ElMjB0cnVlJTJDJTBBJTA5JTIwJTIwJTIwJTIwY2VudGVyZWRTbGlkZXNCb3VuZHMlM0ElMjB0cnVlJTJDJTBBJTA5JTA5JTA5c2xpZGVzUGVyR3JvdXAlM0ElMjAxJTJDJTBBJTA5JTIwJTIwJTIwJTIwJTJGJTJGYXV0b3BsYXklM0F0cnVlJTJDJTBBJTA5JTA5JTA5JTJGJTJGbG9vcCUzQSUyMHRydWUlMkMlMjAlMEElMDklMjAlMjAlMjAlMjBicmVha3BvaW50cyUzQSUyMCU3QiUwQSUwOSUwOSUwOSUwOTMyMCUzQSUyMCU3QiUwQSUwOSUwOSUwOSUwOSUwOXNsaWRlc1BlclZpZXclM0ElMjAxLjIlMkMlMEElMDklMDklMDklMDklMDlzcGFjZUJldHdlZW4lM0ExMCUwQSUwOSUwOSUwOSUwOSU3RCUyQyUwQSUwOSUwOSUwOSUwOTY0MCUzQSUyMCU3QiUwQSUwOSUwOSUwOSUwOSUwOXNsaWRlc1BlclZpZXclM0ElMjAxLjUlMkMlMEElMDklMDklMDklMDklMDlzcGFjZUJldHdlZW4lM0ElMjAxNSUwQSUwOSUwOSUwOSUwOSU3RCUyQyUwQSUwOSUwOSUwOSUwOTc2OCUzQSUyMCU3QiUwQSUwOSUwOSUwOSUwOSUwOXNsaWRlc1BlclZpZXclM0ElMjAzJTJDJTBBJTA5JTA5JTA5JTA5JTA5c3BhY2VCZXR3ZWVuJTNBJTIwMjAlMEElMDklMDklMDklMDklN0QlMkMlMEElMDklMDklMDklMDkxMjgwJTNBJTIwJTdCJTBBJTA5JTA5JTA5JTA5JTA5c2xpZGVzUGVyVmlldyUzQSUyMDMuNSUyQyUwQSUwOSUwOSUwOSUwOSUwOXNwYWNlQmV0d2VlbiUzQSUyMDIwJTBBJTA5JTA5JTA5JTA5JTdEJTBBJTA5JTA5JTA5JTdEJTBBJTA5JTA5JTdEJTI5JTBBJTNDJTJGc2NyaXB0JTNF[\/vc_raw_js][\/vc_column][\/vc_row][vc_row css=&#8221;.vc_custom_1650782969614{padding-top: 70px !important;padding-bottom: 20px !important;}&#8221;][vc_column][vc_column_text]\n<h2 class=\"section-title\">Wiod\u0105ca fabryka sztucznej trawy<\/h2>\n[\/vc_column_text][vc_single_image image=&#8221;4795&#8243; img_size=&#8221;full&#8221; alignment=&#8221;center&#8221;][vc_column_text el_class=&#8221;about-lead-item&#8221;]\n<ul class=\"list-unstyled text-center\">\n<li><span class=\"lead-country\">140+<\/span>Obejmuje ponad 140 kraj\u00f3w<\/li>\n<li><span class=\"lead-installation\"> &gt;100,000,000 m<sup>2<\/sup><\/span>Roczna zdolno\u015b\u0107 produkcyjna<\/li>\n<\/ul>\n[\/vc_column_text][vc_column_text el_class=&#8221;gray about-lead-content&#8221;]Posiadaj\u0105c najwi\u0119ksz\u0105 na \u015bwiecie fabryk\u0119 trawy syntetycznej, CCGrass jest wiod\u0105cym w bran\u017cy dostawc\u0105 sztucznej trawy i hurtowych rozwi\u0105za\u0144 w zakresie sztucznej trawy. D\u0105\u017c\u0105c do doskona\u0142o\u015bci, specjalizujemy si\u0119 w dostarczaniu najwy\u017cszej jako\u015bci trawy do zastosowa\u0144 sportowych i krajobrazowych. Dzi\u0119ki ponad 20-letniemu ukierunkowanemu rozwojowi, produkty CCGrass, takie jak murawa pi\u0142karska, murawa hokejowa, murawa do rugby, murawa tenisowa i trawa krajobrazowa, s\u0142u\u017cy\u0142y klientom z wielu region\u00f3w o r\u00f3\u017cnych potrzebach, w tym profesjonalnym klubom pi\u0142karskim, jednostkom samorz\u0105dowym, szko\u0142om i niezliczonym gospodarstwom domowym na ca\u0142ym \u015bwiecie.[\/vc_column_text][vc_column_text el_class=&#8221;gray about-lead-content&#8221;]<a class=\"cus_btn large-btn\" style=\"color: #85c43f;\" href=\"\/pl\/the-company\/artificial-grass-factory-tour\/\">WYCIECZKA PO FABRYCE<\/a>[\/vc_column_text][\/vc_column][\/vc_row][vc_row full_width=&#8221;stretch_row&#8221; el_class=&#8221;about-innovation-section&#8221; css=&#8221;.vc_custom_1488867675487{padding-top: 60px !important;padding-bottom: 70px !important;background: #000000 url(https:\/\/www.ccgrass.com\/wp-content\/uploads\/2017\/03\/about-innovation.jpg?id=103) !important;}&#8221;][vc_column][vc_column_text]\n<h2 class=\"section-title\">Nasza jako\u015b\u0107<\/h2>\n[\/vc_column_text][vc_column_text el_class=&#8221;white width-9 text-center about-innovation-text&#8221;]CCGrass nieustannie dba o jako\u015b\u0107 produkt\u00f3w. W oparciu o ponad 20-letnie do\u015bwiadczenie w rozwoju i produkcji, nasze produkty ze sztucznej trawy spe\u0142niaj\u0105 najwy\u017csze standardy wiod\u0105cych organizacji sportowych, takich jak FIFA, FIH, World Rugby, GAA i ITF. Ponadto CCGrass jest jednym z siedmiu preferowanych dostawc\u00f3w FIFA na \u015bwiecie i jedynym w Azji. Wybieramy najlepsze surowce o du\u017cej stabilno\u015bci UV, aby mie\u0107 pewno\u015b\u0107, \u017ce nasza sztuczna trawa pozostanie \u015bwie\u017ca i zielona przez wiele lat.<\/p>\n<p>Sztuczna trawa CCGrass nie zawiera o\u0142owiu, metali ci\u0119\u017ckich ani \u017cadnych innych szkodliwych substancji chemicznych zgodnie z najwy\u017cszymi standardami bezpiecze\u0144stwa, takimi jak DIN, REACH, RoHS. Nasza fabryka jest r\u00f3wnie\u017c uwa\u017cana za jedn\u0105 z najlepiej zarz\u0105dzanych fabryk sztucznej trawy w bran\u017cy. Nasza fabryka spe\u0142nia normy ISO9001, ISO14001 i przesz\u0142a r\u00f3\u017cnego rodzaju rygorystyczne audyty fabryczne, takie jak BSCI, WFSGI, ICS itp.[\/vc_column_text][vc_empty_space height=&#8221;250px&#8221; el_class=&#8221;hidden-xs&#8221;][\/vc_column][\/vc_row][vc_row css=&#8221;.vc_custom_1650787611850{padding-top: 50px !important;}&#8221;][vc_column][vc_column_text css=&#8221;.vc_custom_1720749520315{margin-bottom: 15px !important;}&#8221;]\n<h2 class=\"section-title\">Nasze us\u0142ugi<\/h2>\n[\/vc_column_text][vc_column_text el_class=&#8221;width-9 gray text-center&#8221; css=&#8221;.vc_custom_1720749540997{padding-bottom: 25px !important;}&#8221;]CCGrass wierzy w oferowanie najwy\u017cszej jako\u015bci obs\u0142ugi klienta. Wszyscy pracownicy przechodz\u0105 rygorystyczny i ci\u0105g\u0142y program szkoleniowy, aby jak najlepiej zrozumie\u0107, jak obs\u0142ugiwa\u0107 naszych licznych klient\u00f3w. Dzi\u0119ki w\u0142asnej produkcji prz\u0119dzy i trawy mo\u017cemy zagwarantowa\u0107 najlepsz\u0105 mo\u017cliw\u0105 jako\u015b\u0107 naszych produkt\u00f3w ze sztucznej trawy i zaoferowa\u0107 niezawodne terminy dostaw. Co najwa\u017cniejsze, nasze kompletne systemy cen hurtowych s\u0105 dost\u0119pne w ka\u017cdej chwili, aby zapewni\u0107 obiecuj\u0105cy biznes!<\/p>\n<p>Jako niezawodny dostawca sztucznej trawy, CCGrass opracowa\u0142 kompleksowy system us\u0142ug, aby zapewni\u0107 najwy\u017csz\u0105 satysfakcj\u0119 naszych klient\u00f3w poprzez doradztwo, projektowanie, logistyk\u0119 i marketing.[\/vc_column_text][vc_row_inner][vc_column_inner width=&#8221;1\/4&#8243;][vc_single_image image=&#8221;106&#8243; img_size=&#8221;full&#8221; alignment=&#8221;center&#8221; css=&#8221;.vc_custom_1488869174248{margin-bottom: 0px !important;}&#8221;][vc_column_text el_class=&#8221;service-item gray&#8221;]\n<div class=\"service-content equal-height\">\n<h3>Konsultacje<\/h3>\n<p>Nasze profesjonalne us\u0142ugi doradcze gwarantuj\u0105, \u017ce otrzymasz produkty ze sztucnej trawy najlepiej dostosowane do Twoich potrzeb. Do\u015bwiadczony zesp\u00f3\u0142 sprzeda\u017cy CCGrass posiada specjalistyczn\u0105 wiedz\u0119 na temat szerokiej gamy produkt\u00f3w do r\u00f3\u017cnych zastosowa\u0144. Nasi in\u017cynierowie zapewniaj\u0105 doradztwo techniczne w zakresie system\u00f3w bazowych, zapewniaj\u0105c, \u017ce spe\u0142niaj\u0105 one wymagane standardy.<\/p>\n<\/div>\n[\/vc_column_text][\/vc_column_inner][vc_column_inner width=&#8221;1\/4&#8243;][vc_single_image image=&#8221;107&#8243; img_size=&#8221;full&#8221; alignment=&#8221;center&#8221; css=&#8221;.vc_custom_1610610414820{margin-bottom: 0px !important;}&#8221;][vc_column_text el_class=&#8221;service-item gray&#8221;]\n<div class=\"service-content equal-height\">\n<h3>Projekt terenowy<\/h3>\n<p>W celu zapewnienia naszym klientom prostego projektu, oferujemy bezp\u0142atne profesjonalne doradztwo w zakresie projektowania i instalacji boisk. Ka\u017cde boisko sportowe ze sztucznej trawy lub obszar krajobrazowy jest szyty na miar\u0119 w naszej fabryce. D\u0105\u017cymy do dok\u0142adnych projekt\u00f3w, aby u\u0142atwi\u0107 transport, instalacj\u0119 i minimalizacj\u0119 odpad\u00f3w dla wszystkich nowych i odnawianych projekt\u00f3w sztucznej trawy.<\/p>\n<\/div>\n[\/vc_column_text][\/vc_column_inner][vc_column_inner width=&#8221;1\/4&#8243;][vc_single_image image=&#8221;595&#8243; img_size=&#8221;338&#215;338&#8243; alignment=&#8221;center&#8221; css=&#8221;.vc_custom_1525831028243{margin-bottom: 0px !important;}&#8221;][vc_column_text el_class=&#8221;service-item gray&#8221;]\n<div class=\"service-content equal-height\">\n<h3>Logistyka<\/h3>\n<p>Jako profesjonalna fabryka trawy syntetycznej, nasza rozleg\u0142a sie\u0107 logistyczna zapewnia, \u017ce nasze produkty ze sztucznej trawy s\u0105 dostarczane do naszych klient\u00f3w szybko i ekonomicznie. Bacznie obserwujemy czas wysy\u0142ki i pomagamy w informowaniu klient\u00f3w o nowo\u015bciach dotycz\u0105cych ich zam\u00f3wie\u0144.<\/p>\n<\/div>\n[\/vc_column_text][\/vc_column_inner][vc_column_inner width=&#8221;1\/4&#8243;][vc_single_image image=&#8221;2148&#8243; img_size=&#8221;338&#215;338&#8243; alignment=&#8221;center&#8221; css=&#8221;.vc_custom_1525831034865{margin-bottom: 0px !important;}&#8221;][vc_column_text el_class=&#8221;service-item gray&#8221;]\n<div class=\"service-content equal-height\">\n<h3>Marketing<\/h3>\n<p>Nasz do\u015bwiadczony zesp\u00f3\u0142 marketingowy zapewnia wysokiej jako\u015bci narz\u0119dzia sprzeda\u017cowe, takie jak broszury, pr\u00f3bki, specyfikacje techniczne, a tak\u017ce osobiste wsparcie marketingowe. Dzi\u0119ki proaktywnemu zaanga\u017cowaniu w mediach spo\u0142eczno\u015bciowych marka CCGrass staje si\u0119 coraz bardziej rozpoznawalna, pomagaj\u0105c klientom w zdobywaniu wi\u0119kszej liczby projekt\u00f3w. Zesp\u00f3\u0142 marketingowy CCGrass uczestniczy rocznie w ponad 15 wystawach na ca\u0142ym \u015bwiecie.<\/p>\n<\/div>\n[\/vc_column_text][\/vc_column_inner][\/vc_row_inner][vc_raw_html el_class=&#8221;nomargin&#8221;]JTNDc3R5bGUlM0UlMEFhLmxhcmdlLWJ0biUyMCU3QiUwQSUyMCUyMCUyMCUyMGZvbnQtZmFtaWx5JTNBJTIwJTI3SGVsdmV0aWNhTFRTdGQtQm9sZCUyNyUyQyUyMEhlbHZldGljYSUyQyUyMEFyaWFsJTJDJTIwc2Fucy1zZXJpZiUzQiUwQSU3RCUwQWEubGFyZ2UtYnRuJTNBaG92ZXIlN0IlMEElMjAlMjAlMjAlMjBib3JkZXItY29sb3IlM0ElMjAlMjM4NWM0M2YlMjAlMjFpbXBvcnRhbnQlM0IlMEElMjAlMjAlMjAlMjBjb2xvciUzQSUyMCUyM2ZmZmZmZiUyMCUyMWltcG9ydGFudCUzQiUwQSUyMCUyMCUyMCUyMGJhY2tncm91bmQlM0ElMjAlMjM4NWM0M2YlMjAlMjFpbXBvcnRhbnQlM0IlMEElN0QlMEEubm9tYXJnaW4lN0IlMEElMjAlMjAlMjAlMjBtYXJnaW4lM0ElMjAwJTIwJTIxaW1wb3J0YW50JTNCJTBBJTdEJTBBLnNlY3Rpb24tdGl0bGUlMjAlN0IlMEElMjAlMjAlMjAlMjBtYXJnaW4tYm90dG9tJTNBJTIwMjVweCUyMCUyMWltcG9ydGFudCUzQiUwQSU3RCUwQSUzQyUyRnN0eWxlJTNF[\/vc_raw_html][vc_column_text]\n<p style=\"text-align: center;\"><a class=\"cus_btn large-btn\" style=\"color: #85c43f;\" href=\"\/pl\/contact-us\/\">KONTAKT<\/a><\/p>\n[\/vc_column_text][\/vc_column][\/vc_row]\n","protected":false},"excerpt":{"rendered":"<p>[vc_row el_class=&#8221;about-top-section&#8221; css=&#8221;.vc_custom_1488865158399{padding-top: 90px !important;padding-bottom: 40px !important;}&#8221;][vc_column][vc_row_inner][vc_column_inner width=&#8221;1\/4&#8243;][vc_single_image image=&#8221;95&#8243; img_size=&#8221;full&#8221; alignment=&#8221;center&#8221; css=&#8221;.vc_custom_1488865661515{margin-bottom: 25px !important;}&#8221;][vc_column_text el_class=&#8221;about-top-item&#8221;] Najlepsza fabryka sztucznej trawy Najwi\u0119ksze zak\u0142ady produkcyjne W\u0142asna produkcja prz\u0119dzy i trawy Pe\u0142na kontrola jako\u015bci Najszerszy zakres produkt\u00f3w Profesjonalny system testowania[\/vc_column_text][\/vc_column_inner][vc_column_inner width=&#8221;1\/4&#8243;][vc_single_image image=&#8221;10601&#8243; img_size=&#8221;full&#8221; alignment=&#8221;center&#8221; css=&#8221;.vc_custom_1714982735934{margin-bottom: 25px !important;}&#8221;][vc_column_text el_class=&#8221;about-top-item&#8221;] Zalety hurtowej sprzeda\u017cy sztucznej trawy Konkurencyjny system cen hurtowych Usprawnione zam\u00f3wienia [&hellip;]<\/p>\n","protected":false},"author":1,"featured_media":1121,"parent":36,"menu_order":32,"comment_status":"closed","ping_status":"closed","template":"page-aboutccgrass.php","meta":{"_acf_changed":false,"footnotes":""},"class_list":["post-91","page","type-page","status-publish","has-post-thumbnail","hentry"],"acf":[],"_links":{"self":[{"href":"https:\/\/www.ccgrass.com\/pl\/wp-json\/wp\/v2\/pages\/91","targetHints":{"allow":["GET"]}}],"collection":[{"href":"https:\/\/www.ccgrass.com\/pl\/wp-json\/wp\/v2\/pages"}],"about":[{"href":"https:\/\/www.ccgrass.com\/pl\/wp-json\/wp\/v2\/types\/page"}],"author":[{"embeddable":true,"href":"https:\/\/www.ccgrass.com\/pl\/wp-json\/wp\/v2\/users\/1"}],"replies":[{"embeddable":true,"href":"https:\/\/www.ccgrass.com\/pl\/wp-json\/wp\/v2\/comments?post=91"}],"version-history":[{"count":0,"href":"https:\/\/www.ccgrass.com\/pl\/wp-json\/wp\/v2\/pages\/91\/revisions"}],"up":[{"embeddable":true,"href":"https:\/\/www.ccgrass.com\/pl\/wp-json\/wp\/v2\/pages\/36"}],"wp:featuredmedia":[{"embeddable":true,"href":"https:\/\/www.ccgrass.com\/pl\/wp-json\/wp\/v2\/media\/1121"}],"wp:attachment":[{"href":"https:\/\/www.ccgrass.com\/pl\/wp-json\/wp\/v2\/media?parent=91"}],"curies":[{"name":"wp","href":"https:\/\/api.w.org\/{rel}","templated":true}]}}