{"id":7751,"date":"2022-05-31T08:16:19","date_gmt":"2022-05-31T08:16:19","guid":{"rendered":"https:\/\/www.ccgrass.com\/?page_id=7751"},"modified":"2024-08-19T11:05:26","modified_gmt":"2024-08-19T11:05:26","slug":"green-artificial-grass-system","status":"publish","type":"page","link":"https:\/\/www.ccgrass.com\/pl\/greenlife\/green-artificial-grass-system\/","title":{"rendered":"Green Artificial Grass System"},"content":{"rendered":"[vc_row css=&#8221;.vc_custom_1661936047822{background-image: url(https:\/\/www.ccgrass.com\/wp-content\/uploads\/2022\/08\/Minimising-Infill-Migration-into-the-Environment.jpg?id=8243) !important;background-position: center !important;background-repeat: no-repeat !important;background-size: cover !important;}&#8221;][vc_column][vc_row_inner content_placement=&#8221;middle&#8221; el_class=&#8221;container&#8221;][vc_column_inner][vc_raw_html]JTNDc3R5bGUlM0UlMEEuY292ZXJfYm94JTIwaDMlMkMlMEEucmVkdWNlX3RleHQlMjBoMyU3QiUwQSUyMCUyMGZvbnQtc2l6ZSUzQSUyMDIwcHglMjAlMjFpbXBvcnRhbnQlM0IlMEElMjAlMjBjb2xvciUzQSUyMCUyMzA1NGU0ZSUzQiUwQSU3RCUwQS5yZWR1Y2VfdGV4dCUyMGg0JTdCJTBBJTIwJTIwZm9udC1zaXplJTNBJTIwMThweCUyMCUyMWltcG9ydGFudCUzQiUwQSUyMCUyMGNvbG9yJTNBJTIwJTIzMDU0ZTRlJTNCJTBBJTIwJTIwbWFyZ2luLWJvdHRvbSUzQSUyMDI1cHglM0IlMEElN0QlMEEuY292ZXJfYm94JTIwcCUyQyUwQS5yZWR1Y2VfdGV4dCUyMHAlMkMlMEEucmVkdWNlX3RleHQlMjBsaSUyQyUwQS5yZWR1Y2VfdGFibGUlMjB0ZCU3QiUwQSUyMCUyMGNvbG9yJTNBJTIwJTIzMjExODE1JTNCJTBBJTdEJTBBLmNvdmVyX2JveCU3QiUwQSUyMCUyMGJhY2tncm91bmQtY29sb3IlM0ElMjByZ2JhJTI4MjU1JTJDMjU1JTJDMjU1JTJDMC43JTI5JTNCJTBBJTIwJTIwcGFkZGluZyUzQSUyMDMwcHglMjA1NXB4JTNCJTBBJTIwJTIwbWF4LXdpZHRoJTNBJTIwNjMwcHglM0IlMEElMjAlMjBtYXJnaW4lM0ElMjA0MHB4JTIwMCUyMDQwcHglMjBhdXRvJTNCJTBBJTdEJTBBYm9keSU3QiUwQSUyMCUyMG92ZXJmbG93LXglM0ElMjBoaWRkZW4lM0IlMEElN0QlMEEudmNfcm93LmNvbnRhaW5lciUyMCU3QiUwQSUyMCUyMCUyMCUyMG1hcmdpbiUzQSUyMDAlMjBhdXRvJTNCJTBBJTdEJTBBLndwYl9yYXdfY29kZS53cGJfY29udGVudF9lbGVtZW50LndwYl9yYXdfaHRtbCU3QiUwQSUyMCUyMG1hcmdpbiUzQSUyMDAlM0IlMEElN0QlMEFoMi52Y19jdXN0b21faGVhZGluZy5mb250LXNpemUtMzglMjAlN0IlMEElMjAlMjAlMjAlMjB0ZXh0LXNoYWRvdyUzQSUyMDZweCUyMDBweCUyMDEwcHglMjByZ2IlMjgwJTIwMCUyMDAlMjAlMkYlMjA3MCUyNSUyOSUzQiUwQSU3RCUwQXN0cm9uZyU3QiUwQSUyMCUyMGZvbnQtZmFtaWx5JTNBJTIwJTI3SGVsdmV0aWNhTFRTdGQtQm9sZCUyNyUyQyUyMEhlbHZldGljYSUyQyUyMEFyaWFsJTJDJTIwc2Fucy1zZXJpZiUzQiUwQSU3RCUwQS5yZWR1Y2VfdGFibGUlMjB0ciUzQW50aC1jaGlsZCUyOG9kZCUyOSU3QiUwQSUyMCUyMGJhY2tncm91bmQtY29sb3IlM0ElMjAlMjNmZmZmZmYlM0IlMEElN0QlMEEucmVkdWNlX3RhYmxlJTIwdHIlM0FudGgtY2hpbGQlMjhldmVuJTI5JTdCJTBBJTIwJTIwYmFja2dyb3VuZC1jb2xvciUzQSUyMCUyM2Q0ZDRkNSUzQiUwQSU3RCUwQS5yZWR1Y2VfdGFibGUlMjB0ZCU3QiUwQSUyMCUyMHBhZGRpbmclM0ElMjA1cHglM0IlMEElN0QlMEEucmVkdWNlX3RhYmxlJTIwdGQlMkMlMEEucmVkdWNlX3RhYmxlJTIwdHIlMkMlMEEucmVkdWNlX3RhYmxlJTIwdGFibGUlN0IlMEElMjAlMjBib3JkZXIlM0ElMjAwJTNCJTBBJTdEJTBBLnJlZHVjZV90YWJsZSUyMHRkJTNBZmlyc3QtY2hpbGQlN0IlMEElMjAlMjAlMjAlMjBtaW4td2lkdGglM0ElMjAzMHB4JTNCJTBBJTIwJTIwJTIwJTIwdGV4dC1hbGlnbiUzQSUyMGNlbnRlciUzQiUwQSU3RCUwQS5yZWR1Y2VfdGFibGUlMjB0YWJsZSU3QiUwQSUyMCUyMCUyMHdpZHRoJTNBJTIwMTAwJTI1JTNCJTBBJTdEJTBBJTQwbWVkaWElMjAlMjhtYXgtd2lkdGglM0ElMjA4MjBweCUyOSU3QiUwQS52Y19jb2wtc20tMiUyQyUyMC52Y19jb2wtc20tNiUyQyUyMC52Y19jb2wtc20tNCUyQyUyMC52Y19jb2wtc20tOCUyMCU3QiUwQSUyMCUyMCUyMCUyMHdpZHRoJTNBJTIwMTAwJTI1JTNCJTBBJTdEJTBBJTdEJTBBJTNDJTJGc3R5bGUlM0U=[\/vc_raw_html][vc_custom_heading text=&#8221;Minimalizacja migracji wype\u0142nie\u0144 do \u015brodowiska&#8221; font_container=&#8221;tag:h2|text_align:center|color:%23ffffff&#8221; use_theme_fonts=&#8221;yes&#8221; el_class=&#8221;font-size-38&#8243;][vc_column_text el_class=&#8221;cover_box&#8221;]\n<h3>Dlaczego to robimy?<\/h3>\n<p>Wype\u0142nienia polimerowe stosowane w nawierzchniach sportowych z trawy syntetycznej zosta\u0142y uznane za \u017ar\u00f3d\u0142o mikroplastiku, je\u015bli pozwolono na ich migracj\u0119 z boiska do \u015brodowiska. Dlatego wa\u017cne jest, aby projekt ka\u017cdego boiska do pi\u0142ki no\u017cnej, kt\u00f3re ma te wype\u0142nienia, zawiera\u0142 cechy, kt\u00f3re zminimalizuj\u0105 ryzyko wyst\u0105pienia takiej sytuacji.[\/vc_column_text][\/vc_column_inner][\/vc_row_inner][\/vc_column][\/vc_row][vc_row css=&#8221;.vc_custom_1661993910403{background-color: #efefef !important;}&#8221;][vc_column][vc_row_inner equal_height=&#8221;yes&#8221; content_placement=&#8221;middle&#8221; el_class=&#8221;container&#8221;][vc_column_inner width=&#8221;1\/2&#8243;][vc_column_text el_class=&#8221;reduce_text&#8221;]\n<h3>Jak to robimy?<\/h3>\n<h4>5 Propozycje cech konstrukcyjnych pola*<\/h4>\n<p><strong>PROPOZYCJA 1: Filtry odwadniaj\u0105ce<\/strong><br \/>\nWszystkie odp\u0142ywy wok\u00f3\u0142 lub w pobli\u017cu boiska z trawy syntetycznej powinny by\u0107 wyposa\u017cone w osadniki mu\u0142u, kt\u00f3re wychwytuj\u0105 wszelkie wype\u0142nienia wyp\u0142ukiwane do systemu odwadniaj\u0105cego. Zazwyczaj sk\u0142adaj\u0105 si\u0119 one z kub\u0142a filtruj\u0105cego zapewniaj\u0105cego podstawow\u0105 filtracj\u0119 i dodatkowego drobnego mikrofiltra, kt\u00f3ry wychwytuje wszelkie pozosta\u0142e ma\u0142e cz\u0105stki.[\/vc_column_text][\/vc_column_inner][vc_column_inner width=&#8221;1\/2&#8243;][vc_single_image image=&#8221;8253&#8243; img_size=&#8221;full&#8221; alignment=&#8221;center&#8221;][\/vc_column_inner][\/vc_row_inner][\/vc_column][\/vc_row][vc_row][vc_column][vc_row_inner equal_height=&#8221;yes&#8221; content_placement=&#8221;middle&#8221; el_class=&#8221;container&#8221;][vc_column_inner width=&#8221;1\/6&#8243;][vc_single_image image=&#8221;8257&#8243; img_size=&#8221;full&#8221; alignment=&#8221;center&#8221;][\/vc_column_inner][vc_column_inner width=&#8221;1\/2&#8243;][vc_column_text el_class=&#8221;reduce_text&#8221;]<strong>PROPOZYCJA 2: Ogrodzenie obwodowe\/bariery zabezpieczaj\u0105ce brzegi<\/strong><br \/>\nDesign1:<br \/>\nOpcje podwy\u017cszonych obrze\u017cy i utwardzonej strefy oddzielaj\u0105cej nawierzchni\u0119 z trawy syntetycznej od granicy obwodu.[\/vc_column_text][\/vc_column_inner][vc_column_inner width=&#8221;1\/3&#8243;][vc_column_text el_class=&#8221;reduce_table&#8221;]\n<table>\n<tbody>\n<tr>\n<td>1<\/td>\n<td>Obszar poza boiskiem<\/td>\n<\/tr>\n<tr>\n<td>2<\/td>\n<td>Polowa strona ogrodzenia<\/td>\n<\/tr>\n<tr>\n<td>3<\/td>\n<td>Ogrodzenie obwodowe<\/td>\n<\/tr>\n<tr>\n<td>4<\/td>\n<td>P\u0142yta drewniana lub plastikowa<\/td>\n<\/tr>\n<tr>\n<td>5<\/td>\n<td>Utwardzona strefa mi\u0119dzy traw\u0105 syntetyczn\u0105 a ogrodzeniem<\/td>\n<\/tr>\n<tr>\n<td>6<\/td>\n<td>Kraw\u0119d\u017a pola\/kraw\u0119d\u017a<\/td>\n<\/tr>\n<tr>\n<td>7<\/td>\n<td>Nawierzchnia z trawy syntetycznej<\/td>\n<\/tr>\n<tr>\n<td>8<\/td>\n<td>Zlicowane kraw\u0119dzie w celu unikni\u0119cia ryzyka potkni\u0119cia<\/td>\n<\/tr>\n<tr>\n<td>9<\/td>\n<td>Podstawa boiska z trawy syntetycznej<\/td>\n<\/tr>\n<tr>\n<td><\/td>\n<td>* Wszystkie wymiary w milimetrach<\/td>\n<\/tr>\n<\/tbody>\n<\/table>\n[\/vc_column_text][\/vc_column_inner][\/vc_row_inner][\/vc_column][\/vc_row][vc_row css=&#8221;.vc_custom_1661995241506{background-color: #efefef !important;}&#8221;][vc_column][vc_row_inner equal_height=&#8221;yes&#8221; content_placement=&#8221;middle&#8221; el_class=&#8221;container&#8221;][vc_column_inner width=&#8221;1\/3&#8243;][vc_column_text el_class=&#8221;reduce_text&#8221;]<strong>WNIOSEK 3: Wej\u015bcie<\/strong><br \/>\nPrzy wszystkich wej\u015bciach na pole nale\u017cy zainstalowa\u0107 kratki do czyszczenia but\u00f3w\/maty do zgarniania. Mog\u0105 si\u0119 one sk\u0142ada\u0107 z:<\/p>\n<ul>\n<li>G\u0142adkie kraty przemys\u0142owe do odka\u017cania<\/li>\n<li>Wytrzyma\u0142e gumowe maty zgarniaj\u0105ce<\/li>\n<li>Wytrzyma\u0142e maty o profilu plastra miodu<\/li>\n<\/ul>\n<p>Design2:<br \/>\nRuszt odka\u017caj\u0105cy\/<br \/>\nczyszczenie rozruchu &#8211; konfiguracja alternatywna[\/vc_column_text][\/vc_column_inner][vc_column_inner width=&#8221;1\/3&#8243;][vc_single_image image=&#8221;8264&#8243; img_size=&#8221;full&#8221; alignment=&#8221;center&#8221;][\/vc_column_inner][vc_column_inner width=&#8221;1\/3&#8243;][vc_column_text el_class=&#8221;reduce_table&#8221;]\n<table>\n<tbody>\n<tr>\n<td>1<\/td>\n<td>Obszar poza boiskiem<\/td>\n<\/tr>\n<tr>\n<td>2<\/td>\n<td>Boisko z trawy syntetycznej<\/td>\n<\/tr>\n<tr>\n<td>3<\/td>\n<td>Ogrodzenie obwodowe<\/td>\n<\/tr>\n<tr>\n<td>4<\/td>\n<td>Bramka<\/td>\n<\/tr>\n<tr>\n<td>5<\/td>\n<td>Wytrzyma\u0142e gumowe maty zgarniaj\u0105ce<br \/>\nWytrzyma\u0142e maty o profilu plastra miodu<br \/>\nG\u0142adkie kraty przemys\u0142owe do odka\u017cania<\/td>\n<\/tr>\n<tr>\n<td>6<\/td>\n<td>Betonowa podstawa z odp\u0142ywem i osadnikiem mu\u0142u<\/td>\n<\/tr>\n<tr>\n<td>7<\/td>\n<td>Bariera kontrolna \/ ogrodzenie<\/td>\n<\/tr>\n<tr>\n<td>8<\/td>\n<td>Wybrukowany chodnik, r\u00f3wno z rusztem, aby unikn\u0105\u0107 ryzyka potkni\u0119cia si\u0119<\/td>\n<\/tr>\n<tr>\n<td>9<\/td>\n<td>Podstawa boiska z trawy syntetycznej<\/td>\n<\/tr>\n<tr>\n<td><\/td>\n<td>* Wszystkie wymiary w milimetrach<\/td>\n<\/tr>\n<\/tbody>\n<\/table>\n[\/vc_column_text][\/vc_column_inner][\/vc_row_inner][\/vc_column][\/vc_row][vc_row][vc_column][vc_row_inner equal_height=&#8221;yes&#8221; content_placement=&#8221;middle&#8221; el_class=&#8221;container&#8221;][vc_column_inner width=&#8221;1\/3&#8243;][vc_single_image image=&#8221;8267&#8243; img_size=&#8221;full&#8221; alignment=&#8221;center&#8221;][\/vc_column_inner][vc_column_inner width=&#8221;2\/3&#8243;][vc_column_text el_class=&#8221;reduce_text&#8221;]\n<p style=\"max-width: 690px;\"><strong>PROPOZYCJA 4: Stacje czyszczenia but\u00f3w<\/strong><br \/>\nJe\u015bli urz\u0105dzenie zostanie zamontowane poza boiskiem z trawy syntetycznej, powinno zosta\u0107 umieszczone na utwardzonym obszarze, kt\u00f3ry ma odpowiedni\u0105 konstrukcj\u0119 do zatrzymywania przemieszczonego wype\u0142nienia i odprowadzania wody zgodnie z ogrodzeniem obwodowym\/barierami zabezpieczaj\u0105cymi kraw\u0119d\u017a.<\/p>\n[\/vc_column_text][\/vc_column_inner][\/vc_row_inner][\/vc_column][\/vc_row][vc_row css=&#8221;.vc_custom_1661995241506{background-color: #efefef !important;}&#8221;][vc_column][vc_row_inner equal_height=&#8221;yes&#8221; content_placement=&#8221;middle&#8221; el_class=&#8221;container&#8221;][vc_column_inner width=&#8221;1\/3&#8243;][vc_column_text el_class=&#8221;reduce_text&#8221;]<strong>WNIOSEK 5: Od\u015bnie\u017canie<\/strong><br \/>\nW klimacie, w kt\u00f3rym mo\u017cna spodziewa\u0107 si\u0119 obfitych opad\u00f3w \u015bniegu, boisko powinno mie\u0107 utwardzon\u0105 nawierzchni\u0119 lub wyd\u0142u\u017cony obszar z trawy syntetycznej, kt\u00f3ry jest zaprojektowany tak, aby zapewni\u0107 odprowadzanie roztopionego \u015bniegu z powrotem na g\u0142\u00f3wne boisko lub do odpowiednio zaprojektowanych dren\u00f3w, kt\u00f3re maj\u0105 odpowiednie pu\u0142apki na mu\u0142, aby wychwyci\u0107 wszelkie wyp\u0142ukiwane wype\u0142nienie.[\/vc_column_text][\/vc_column_inner][vc_column_inner width=&#8221;1\/3&#8243;][vc_single_image image=&#8221;8274&#8243; img_size=&#8221;full&#8221; alignment=&#8221;center&#8221;][\/vc_column_inner][vc_column_inner width=&#8221;1\/3&#8243;][vc_column_text el_class=&#8221;reduce_table&#8221;]\n<table>\n<tbody>\n<tr>\n<td>1<\/td>\n<td>Obszar poza boiskiem<\/td>\n<\/tr>\n<tr>\n<td>2<\/td>\n<td>Polowa strona ogrodzenia<\/td>\n<\/tr>\n<tr>\n<td>3<\/td>\n<td>Ogrodzenie obwodowe<\/td>\n<\/tr>\n<tr>\n<td>4<\/td>\n<td>P\u0142yta drewniana lub plastikowa<\/td>\n<\/tr>\n<tr>\n<td>5<\/td>\n<td>Twarda nawierzchnia ze spadkiem w kierunku boiska<\/td>\n<\/tr>\n<tr>\n<td>6<\/td>\n<td>Kana\u0142 odp\u0142ywowy\/drena\u017c zawieraj\u0105cy kube\u0142 filtracyjny i wt\u00f3rny drobny mikrofiltr<\/td>\n<\/tr>\n<tr>\n<td>7<\/td>\n<td>Nawierzchnia z trawy syntetycznej<\/td>\n<\/tr>\n<tr>\n<td>8<\/td>\n<td>Zlicowane kraw\u0119dzie w celu unikni\u0119cia ryzyka potkni\u0119cia<\/td>\n<\/tr>\n<tr>\n<td>9<\/td>\n<td>Fundament \/ podstawa<\/td>\n<\/tr>\n<tr>\n<td><\/td>\n<td>* Wszystkie wymiary w milimetrach<\/td>\n<\/tr>\n<\/tbody>\n<\/table>\n[\/vc_column_text][\/vc_column_inner][\/vc_row_inner][\/vc_column][\/vc_row][vc_row][vc_column css=&#8221;.vc_custom_1661997735398{padding-top: 60px !important;padding-bottom: 60px !important;}&#8221;][vc_column_text el_class=&#8221;reduce_text&#8221; css=&#8221;.vc_custom_1724065518308{margin-bottom: 0px !important;}&#8221;]\n<p style=\"max-width: 750px; margin: 0 auto; text-align: center; text-transform: uppercase;\"><strong>*PROPOZYCJE POCHODZ\u0104 Z<br \/>\nFIFA QUALITY PROGRAMME FOR FOOTBALL TURF TEST MANUAL I &#8211; TEST METHODS 2015V.3.4<\/strong><\/p>\n[\/vc_column_text][\/vc_column][\/vc_row]\n","protected":false},"excerpt":{"rendered":"<p>[vc_row css=&#8221;.vc_custom_1661936047822{background-image: url(https:\/\/www.ccgrass.com\/wp-content\/uploads\/2022\/08\/Minimising-Infill-Migration-into-the-Environment.jpg?id=8243) !important;background-position: center !important;background-repeat: no-repeat !important;background-size: cover !important;}&#8221;][vc_column][vc_row_inner content_placement=&#8221;middle&#8221; el_class=&#8221;container&#8221;][vc_column_inner][vc_raw_html]JTNDc3R5bGUlM0UlMEEuY292ZXJfYm94JTIwaDMlMkMlMEEucmVkdWNlX3RleHQlMjBoMyU3QiUwQSUyMCUyMGZvbnQtc2l6ZSUzQSUyMDIwcHglMjAlMjFpbXBvcnRhbnQlM0IlMEElMjAlMjBjb2xvciUzQSUyMCUyMzA1NGU0ZSUzQiUwQSU3RCUwQS5yZWR1Y2VfdGV4dCUyMGg0JTdCJTBBJTIwJTIwZm9udC1zaXplJTNBJTIwMThweCUyMCUyMWltcG9ydGFudCUzQiUwQSUyMCUyMGNvbG9yJTNBJTIwJTIzMDU0ZTRlJTNCJTBBJTIwJTIwbWFyZ2luLWJvdHRvbSUzQSUyMDI1cHglM0IlMEElN0QlMEEuY292ZXJfYm94JTIwcCUyQyUwQS5yZWR1Y2VfdGV4dCUyMHAlMkMlMEEucmVkdWNlX3RleHQlMjBsaSUyQyUwQS5yZWR1Y2VfdGFibGUlMjB0ZCU3QiUwQSUyMCUyMGNvbG9yJTNBJTIwJTIzMjExODE1JTNCJTBBJTdEJTBBLmNvdmVyX2JveCU3QiUwQSUyMCUyMGJhY2tncm91bmQtY29sb3IlM0ElMjByZ2JhJTI4MjU1JTJDMjU1JTJDMjU1JTJDMC43JTI5JTNCJTBBJTIwJTIwcGFkZGluZyUzQSUyMDMwcHglMjA1NXB4JTNCJTBBJTIwJTIwbWF4LXdpZHRoJTNBJTIwNjMwcHglM0IlMEElMjAlMjBtYXJnaW4lM0ElMjA0MHB4JTIwMCUyMDQwcHglMjBhdXRvJTNCJTBBJTdEJTBBYm9keSU3QiUwQSUyMCUyMG92ZXJmbG93LXglM0ElMjBoaWRkZW4lM0IlMEElN0QlMEEudmNfcm93LmNvbnRhaW5lciUyMCU3QiUwQSUyMCUyMCUyMCUyMG1hcmdpbiUzQSUyMDAlMjBhdXRvJTNCJTBBJTdEJTBBLndwYl9yYXdfY29kZS53cGJfY29udGVudF9lbGVtZW50LndwYl9yYXdfaHRtbCU3QiUwQSUyMCUyMG1hcmdpbiUzQSUyMDAlM0IlMEElN0QlMEFoMi52Y19jdXN0b21faGVhZGluZy5mb250LXNpemUtMzglMjAlN0IlMEElMjAlMjAlMjAlMjB0ZXh0LXNoYWRvdyUzQSUyMDZweCUyMDBweCUyMDEwcHglMjByZ2IlMjgwJTIwMCUyMDAlMjAlMkYlMjA3MCUyNSUyOSUzQiUwQSU3RCUwQXN0cm9uZyU3QiUwQSUyMCUyMGZvbnQtZmFtaWx5JTNBJTIwJTI3SGVsdmV0aWNhTFRTdGQtQm9sZCUyNyUyQyUyMEhlbHZldGljYSUyQyUyMEFyaWFsJTJDJTIwc2Fucy1zZXJpZiUzQiUwQSU3RCUwQS5yZWR1Y2VfdGFibGUlMjB0ciUzQW50aC1jaGlsZCUyOG9kZCUyOSU3QiUwQSUyMCUyMGJhY2tncm91bmQtY29sb3IlM0ElMjAlMjNmZmZmZmYlM0IlMEElN0QlMEEucmVkdWNlX3RhYmxlJTIwdHIlM0FudGgtY2hpbGQlMjhldmVuJTI5JTdCJTBBJTIwJTIwYmFja2dyb3VuZC1jb2xvciUzQSUyMCUyM2Q0ZDRkNSUzQiUwQSU3RCUwQS5yZWR1Y2VfdGFibGUlMjB0ZCU3QiUwQSUyMCUyMHBhZGRpbmclM0ElMjA1cHglM0IlMEElN0QlMEEucmVkdWNlX3RhYmxlJTIwdGQlMkMlMEEucmVkdWNlX3RhYmxlJTIwdHIlMkMlMEEucmVkdWNlX3RhYmxlJTIwdGFibGUlN0IlMEElMjAlMjBib3JkZXIlM0ElMjAwJTNCJTBBJTdEJTBBLnJlZHVjZV90YWJsZSUyMHRkJTNBZmlyc3QtY2hpbGQlN0IlMEElMjAlMjAlMjAlMjBtaW4td2lkdGglM0ElMjAzMHB4JTNCJTBBJTIwJTIwJTIwJTIwdGV4dC1hbGlnbiUzQSUyMGNlbnRlciUzQiUwQSU3RCUwQS5yZWR1Y2VfdGFibGUlMjB0YWJsZSU3QiUwQSUyMCUyMCUyMHdpZHRoJTNBJTIwMTAwJTI1JTNCJTBBJTdEJTBBJTQwbWVkaWElMjAlMjhtYXgtd2lkdGglM0ElMjA4MjBweCUyOSU3QiUwQS52Y19jb2wtc20tMiUyQyUyMC52Y19jb2wtc20tNiUyQyUyMC52Y19jb2wtc20tNCUyQyUyMC52Y19jb2wtc20tOCUyMCU3QiUwQSUyMCUyMCUyMCUyMHdpZHRoJTNBJTIwMTAwJTI1JTNCJTBBJTdEJTBBJTdEJTBBJTNDJTJGc3R5bGUlM0U=[\/vc_raw_html][vc_custom_heading text=&#8221;Minimalizacja migracji wype\u0142nie\u0144 do \u015brodowiska&#8221; font_container=&#8221;tag:h2|text_align:center|color:%23ffffff&#8221; use_theme_fonts=&#8221;yes&#8221; el_class=&#8221;font-size-38&#8243;][vc_column_text el_class=&#8221;cover_box&#8221;] Dlaczego to robimy? Wype\u0142nienia polimerowe stosowane w nawierzchniach sportowych z trawy syntetycznej zosta\u0142y uznane za \u017ar\u00f3d\u0142o mikroplastiku, je\u015bli pozwolono na ich migracj\u0119 z boiska do \u015brodowiska. Dlatego wa\u017cne jest, aby projekt ka\u017cdego boiska do [&hellip;]<\/p>\n","protected":false},"author":1,"featured_media":0,"parent":7755,"menu_order":21,"comment_status":"closed","ping_status":"closed","template":"templates\/template-reduce.php","meta":{"_acf_changed":false,"footnotes":""},"class_list":["post-7751","page","type-page","status-publish","hentry"],"acf":[],"_links":{"self":[{"href":"https:\/\/www.ccgrass.com\/pl\/wp-json\/wp\/v2\/pages\/7751","targetHints":{"allow":["GET"]}}],"collection":[{"href":"https:\/\/www.ccgrass.com\/pl\/wp-json\/wp\/v2\/pages"}],"about":[{"href":"https:\/\/www.ccgrass.com\/pl\/wp-json\/wp\/v2\/types\/page"}],"author":[{"embeddable":true,"href":"https:\/\/www.ccgrass.com\/pl\/wp-json\/wp\/v2\/users\/1"}],"replies":[{"embeddable":true,"href":"https:\/\/www.ccgrass.com\/pl\/wp-json\/wp\/v2\/comments?post=7751"}],"version-history":[{"count":0,"href":"https:\/\/www.ccgrass.com\/pl\/wp-json\/wp\/v2\/pages\/7751\/revisions"}],"up":[{"embeddable":true,"href":"https:\/\/www.ccgrass.com\/pl\/wp-json\/wp\/v2\/pages\/7755"}],"wp:attachment":[{"href":"https:\/\/www.ccgrass.com\/pl\/wp-json\/wp\/v2\/media?parent=7751"}],"curies":[{"name":"wp","href":"https:\/\/api.w.org\/{rel}","templated":true}]}}