{"id":5824,"date":"2021-04-25T07:49:49","date_gmt":"2021-04-25T07:49:49","guid":{"rendered":"https:\/\/www.ccgrass.com\/?page_id=5824"},"modified":"2024-11-04T07:12:16","modified_gmt":"2024-11-04T07:12:16","slug":"prt-recyclable-artificial-grass","status":"publish","type":"page","link":"https:\/\/www.ccgrass.com\/pl\/products\/our-innovation\/prt-recyclable-artificial-grass\/","title":{"rendered":"PRT &#8211; Sztuczna trawa w 100% nadaj\u0105ca si\u0119 do recyklingu"},"content":{"rendered":"[vc_row css=&#8221;.vc_custom_1619332062428{margin-top: 40px !important;margin-bottom: 80px !important;}&#8221;][vc_column][vc_column_text el_class=&#8221;section-title&#8221;]\n<h2 class=\"item-h2\">Sztuczna trawa w 100% nadaj\u0105ca si\u0119 do recyklingu<\/h2>\n[\/vc_column_text][vc_single_image image=&#8221;6004&#8243; img_size=&#8221;full&#8221; alignment=&#8221;center&#8221;][vc_row_inner][vc_column_inner][vc_column_text el_class=&#8221;gray text-center width-8&#8243;]Seria PRT<sup>\u00ae <\/sup> to sztuczna trawa w 100% nadaj\u0105ca si\u0119 do recyklingu wprowadzona na rynek przez CCGrass, kt\u00f3ra charakteryzuje si\u0119 100% mo\u017cliwo\u015bci\u0105 recyklingu, super przepuszczalno\u015bci\u0105 wody i siln\u0105 blokad\u0105 darni. Wykonana jest w 100% z materia\u0142u termoplastycznego, co pozwala na recykling ca\u0142ej trawy, rozwi\u0105zuj\u0105c w ten spos\u00f3b problem utylizacji i zmniejszaj\u0105c miliony metr\u00f3w kwadratowych starych trawnik\u00f3w. CCGrass nieustannie d\u0105\u017cy do opracowywania produkt\u00f3w bardziej przyjaznych dla \u015brodowiska; seria PRT jest idealn\u0105 alternatyw\u0105 dla tradycyjnej nawierzchni ze sztucznej trawy.[\/vc_column_text][\/vc_column_inner][\/vc_row_inner][\/vc_column][\/vc_row][vc_row full_width=&#8221;stretch_row&#8221; css=&#8221;.vc_custom_1619328054691{padding-top: 60px !important;padding-bottom: 110px !important;background-color: #eeeeee !important;background-position: center !important;background-repeat: no-repeat !important;background-size: cover !important;}&#8221; el_id=&#8221;vmax-section&#8221;][vc_column el_class=&#8221;vmax-bg&#8221;][vc_single_image image=&#8221;6006&#8243; img_size=&#8221;full&#8221; alignment=&#8221;center&#8221;][vc_row_inner el_class=&#8221;width-10&#8243;][vc_column_inner width=&#8221;1\/2&#8243;][vc_column_text]\n<ul class=\"prt_list\">\n<li>Bez lateksu, bez PU, bez pow\u0142oki<\/li>\n<li>Super przepuszczalno\u015b\u0107 wody<\/li>\n<li>Mocne zakotwiczenie p\u0119czka<\/li>\n<li>Brak wyciek\u00f3w wype\u0142nienia<\/li>\n<li>Nie ro\u015bn\u0105 ro\u015bliny<\/li>\n<li>\u0141atwa i elastyczna instalacja<\/li>\n<li>Niezwykle mi\u0119kki sp\u00f3d, \u0142atwy do klejenia lub zszywania<\/li>\n<\/ul>\n[\/vc_column_text][\/vc_column_inner][vc_column_inner width=&#8221;1\/2&#8243;][vc_empty_space][vc_single_image image=&#8221;6007&#8243; img_size=&#8221;full&#8221; alignment=&#8221;center&#8221;][\/vc_column_inner][\/vc_row_inner][vc_raw_html]JTNDc3R5bGUlM0UlMEEucHJ0X2xpc3QlN0IlMEElMjAlMjAlMjAlMjBwYWRkaW5nJTNBMCUzQiUwQSU3RCUwQS53aWR0aC04JTJDLndpZHRoLTEwJTdCJTBBJTIwJTIwJTIwJTIwbWFyZ2luJTNBMCUyMGF1dG8lMjAlMjFpbXBvcnRhbnQlM0IlMEElN0QlMEEucHJ0X2xpc3QlMjBsaSU3QiUwQSUyMCUyMCUyMCUyMGRpc3BsYXklM0FibG9jayUzQiUwQSUyMCUyMCUyMCUyMGZvbnQtc2l6ZSUzQTEuNnJlbSUzQiUwQSUyMCUyMCUyMCUyMGxpbmUtaGVpZ2h0JTNBMzRweCUzQiUwQSUyMCUyMCUyMCUyMGNvbG9yJTNBJTIzODVjNDNmJTNCJTBBJTdEJTBBLnBydF9saXN0JTIwbGklM0ElM0FiZWZvcmUlN0IlMEElMjAlMjAlMjAlMjBjb250ZW50JTNBJTI3JTI3JTNCJTBBJTIwJTIwJTIwJTIwZGlzcGxheSUzQWlubGluZS1ibG9jayUzQiUwQSUyMCUyMCUyMCUyMGJhY2tncm91bmQtaW1hZ2UlM0F1cmwlMjglMjdodHRwcyUzQSUyRiUyRnd3dy5jY2dyYXNzLmNvbSUyRndwLWNvbnRlbnQlMkZ1cGxvYWRzJTJGMjAyMSUyRjA0JTJGaWNvbi5wbmclMjclMjklM0IlMEElMjAlMjAlMjAlMjB3aWR0aCUzQTdweCUzQiUwQSUyMCUyMCUyMCUyMGhlaWdodCUzQTEycHglM0IlMEElMjAlMjAlMjAlMjBtYXJnaW4tcmlnaHQlM0ExMnB4JTNCJTBBJTdEJTBBdWwuYmVuZWZpdHMlMjAlN0IlMEElMjAlMjAlMjAlMjBsaXN0LXN0eWxlJTNBJTIwbm9uZSUzQiUwQSUyMCUyMCUyMCUyMHBhZGRpbmctbGVmdCUzQSUyMDE4cHglM0IlMEElN0QlMEEuYmVuZWZpdHMlMjBsaSU3QiUwQSUyMCUyMCUyMCUyMGZvbnQtc2l6ZSUzQTE2cHglM0IlMEElMjAlMjAlMjAlMjBsaW5lLWhlaWdodCUzQTMwcHglM0IlMEElN0QlMEEuYmVuZWZpdHNfY29sb3IlN0IlMEElMjAlMjAlMjAlMjBjb2xvciUzQSUyMzg1YzQzZiUzQiUwQSU3RCUwQS5wcnRfaCU3QiUwQSUyMCUyMCUyMCUyMGZvbnQtc2l6ZSUzQTM2cHglM0IlMEElMjAlMjAlMjAlMjBjb2xvciUzQSUyMzg1YzQzZiUzQiUwQSUyMCUyMCUyMCUyMGZvbnQtZmFtaWx5JTNBJTIwJTI3SGVsdmV0aWNhTFRTdGQtQm9sZCUyNyUyQyUyMEhlbHZldGljYSUyQyUyMEFyaWFsJTJDJTIwc2Fucy1zZXJpZiUzQiUwQSU3RCUwQS5yZWN5X2xpc3QlN0IlMEElMjAlMjAlMjAlMjBwYWRkaW5nJTNBMCUzQiUwQSUyMCUyMCUyMCUyMG1hcmdpbi10b3AlM0ExNXB4JTNCJTBBJTdEJTBBLnJlY3lfbGlzdCUyMGxpJTdCJTBBJTIwJTIwJTIwJTIwZGlzcGxheSUzQWJsb2NrJTNCJTBBJTIwJTIwJTIwJTIwZm9udC1zaXplJTNBMS42cmVtJTNCJTBBJTIwJTIwJTIwJTIwbGluZS1oZWlnaHQlM0EzNHB4JTNCJTBBJTdEJTBBLnJlY3lfbGlzdCUyMGxpJTNBJTNBYmVmb3JlJTdCJTBBJTIwJTIwJTIwJTIwY29udGVudCUzQSUyNyUyNyUzQiUwQSUyMCUyMCUyMCUyMGRpc3BsYXklM0FpbmxpbmUtYmxvY2slM0IlMEElMjAlMjAlMjAlMjBiYWNrZ3JvdW5kLWltYWdlJTNBdXJsJTI4JTI3aHR0cHMlM0ElMkYlMkZ3d3cuY2NncmFzcy5jb20lMkZ3cC1jb250ZW50JTJGdXBsb2FkcyUyRjIwMjElMkYwNCUyRmljb24ucG5nJTI3JTI5JTNCJTBBJTIwJTIwJTIwJTIwd2lkdGglM0E3cHglM0IlMEElMjAlMjAlMjAlMjBoZWlnaHQlM0ExMnB4JTNCJTBBJTIwJTIwJTIwJTIwbWFyZ2luLXJpZ2h0JTNBMTJweCUzQiUwQSU3RCUwQS5yZWN5X2xpc3RzJTdCJTBBJTIwJTIwJTIwJTIwcGFkZGluZyUzQTAlM0IlMEElMjAlMjAlMjAlMjBkaXNwbGF5JTNBJTIwYmxvY2slM0IlMEElMjAlMjAlMjAlMjB3aWR0aCUzQSUyMGZpdC1jb250ZW50JTNCJTBBJTIwJTIwJTIwJTIwbWFyZ2luJTNBJTIwMCUyMGF1dG8lM0IlMEElN0QlMEEucmVjeV9saXN0cyUyMGxpJTdCJTBBJTIwJTIwJTIwJTIwZGlzcGxheSUzQWJsb2NrJTNCJTBBJTIwJTIwJTIwJTIwZm9udC1zaXplJTNBMS42cmVtJTNCJTBBJTIwJTIwJTIwJTIwbGluZS1oZWlnaHQlM0EzNHB4JTNCJTBBJTIwJTIwJTIwJTIwY29sb3IlM0ElMjNmZmYlM0IlMEElN0QlMEEucmVjeV9saXN0cyUyMGxpJTNBJTNBYmVmb3JlJTdCJTBBJTIwJTIwJTIwJTIwY29udGVudCUzQSUyNyUyNyUzQiUwQSUyMCUyMCUyMCUyMGRpc3BsYXklM0FpbmxpbmUtYmxvY2slM0IlMEElMjAlMjAlMjAlMjBiYWNrZ3JvdW5kLWltYWdlJTNBdXJsJTI4JTI3aHR0cHMlM0ElMkYlMkZ3d3cuY2NncmFzcy5jb20lMkZ3cC1jb250ZW50JTJGdXBsb2FkcyUyRjIwMjElMkYwNCUyRmljb24ucG5nJTI3JTI5JTNCJTBBJTIwJTIwJTIwJTIwd2lkdGglM0E3cHglM0IlMEElMjAlMjAlMjAlMjBoZWlnaHQlM0ExMnB4JTNCJTBBJTIwJTIwJTIwJTIwbWFyZ2luLXJpZ2h0JTNBMTJweCUzQiUwQSU3RCUwQS5ub21hcmdpbiU3QiUwQSUyMCUyMCUyMCUyMG1hcmdpbi1ib3R0b20lM0ExMHB4JTNCJTBBJTdEJTBBLmxhc3RfbGlzdCUyMC5yZWN5X2xpc3QlN0IlMEElMjAlMjAlMjAlMjBkaXNwbGF5JTNBJTIwYmxvY2slM0IlMEElMjAlMjAlMjAlMjB3aWR0aCUzQSUyMGZpdC1jb250ZW50JTNCJTBBJTIwJTIwJTIwJTIwbWFyZ2luJTNBJTIwMCUyMGF1dG8lM0IlMjAlMjAlMjAlMjAlMEElN0QlMEElNDBtZWRpYSUyMCUyOG1heC13aWR0aCUzQTQxNHB4JTI5JTdCJTBBJTIwJTIwJTIwJTIwaWZyYW1lJTdCJTBBJTIwJTIwJTIwJTIwJTIwJTIwJTIwJTIwd2lkdGglM0ExMDAlMjUlMjAlMjFpbXBvcnRhbnQlM0IlMEElMjAlMjAlMjAlMjAlN0QlMEElN0QlMEElM0MlMkZzdHlsZSUzRQ==[\/vc_raw_html][vc_column_text el_class=&#8221;width-10&#8243;]\n<p style=\"text-align: center;\"><iframe loading=\"lazy\" src=\"https:\/\/www.youtube.com\/embed\/xaVJnpMnTsg?rel=0\" width=\"60%\" height=\"440\" frameborder=\"0\" allowfullscreen=\"allowfullscreen\"><\/iframe><\/p>\n[\/vc_column_text][\/vc_column][\/vc_row][vc_row css=&#8221;.vc_custom_1617681011182{margin-top: 70px !important;margin-bottom: 50px !important;}&#8221;][vc_column][vc_column_text el_class=&#8221;section-title&#8221;]\n<h2 class=\"item-h2\">No Latex, No PU, No Coating<\/h2>\n[\/vc_column_text][vc_empty_space height=&#8221;20px&#8221;][vc_row_inner el_class=&#8221;width-8&#8243;][vc_column_inner width=&#8221;1\/2&#8243;][vc_single_image image=&#8221;6020&#8243; img_size=&#8221;full&#8221;][\/vc_column_inner][vc_column_inner width=&#8221;1\/2&#8243;][vc_empty_space height=&#8221;40px&#8221;][vc_column_text]\n<h3 class=\"prt_h\">Sztuczna trawa w 100% nadaj\u0105ca si\u0119 do recyklingu<\/h3>\n<ul class=\"recy_list\">\n<li>W 100% ekologiczny i przyjazny dla \u015brodowiska<\/li>\n<li>Bezpieczna i zdrowa dla u\u017cytkownik\u00f3w<\/li>\n<li>\u0141atwy i tani recykling<\/li>\n<\/ul>\n[\/vc_column_text][\/vc_column_inner][\/vc_row_inner][\/vc_column][\/vc_row][vc_row full_width=&#8221;stretch_row&#8221; css=&#8221;.vc_custom_1620263059570{padding-top: 30px !important;padding-bottom: 80px !important;background-image: url(https:\/\/www.ccgrass.com\/wp-content\/uploads\/2021\/04\/4-23.jpg?id=6026) !important;background-position: center !important;background-repeat: no-repeat !important;background-size: cover !important;}&#8221;][vc_column el_class=&#8221;vmax-bg&#8221;][vc_column_text el_class=&#8221;section-title&#8221;]\n<h2 class=\"item-h2\">Super przepuszczalno\u015b\u0107 wody<\/h2>\n[\/vc_column_text][vc_column_text el_class=&#8221;width-6 padleft&#8221;]\n<ul class=\"recy_lists\">\n<li>Szybko schnie, 5 razy szybciej ni\u017c zwyk\u0142a trawa syntetyczna<\/li>\n<li>W 100% przepuszczalny, nie zatrzymuje wody<\/li>\n<li>Zwi\u0119kszenie wykorzystania w ka\u017cdych warunkach pogodowych<\/li>\n<\/ul>\n[\/vc_column_text][vc_empty_space height=&#8221;50px&#8221;][vc_single_image image=&#8221;6027&#8243; img_size=&#8221;full&#8221; alignment=&#8221;center&#8221;][vc_column_text el_class=&#8221;text-right white flex_p&#8221;]Thailand National Sports University Chumphon Campus[\/vc_column_text][\/vc_column][\/vc_row][vc_row css=&#8221;.vc_custom_1619331992308{margin-top: 70px !important;margin-bottom: 100px !important;}&#8221;][vc_column][vc_column_text el_class=&#8221;section-title nomargin&#8221;]\n<h2 class=\"item-h2\">Mocne zakotwiczenie p\u0119czka<\/h2>\n[\/vc_column_text][vc_row_inner el_class=&#8221;width-8&#8243;][vc_column_inner][vc_column_text el_class=&#8221;width-6 last_list&#8221;]\n<ul class=\"recy_list\">\n<li>Zastosowanie do intensywnego u\u017cytkowania<\/li>\n<li>D\u0142u\u017csza gwarancja<\/li>\n<li>&gt; FIFA Standard<\/li>\n<\/ul>\n[\/vc_column_text][vc_single_image image=&#8221;6035&#8243; img_size=&#8221;full&#8221; alignment=&#8221;center&#8221; el_class=&#8221;width-8&#8243;][\/vc_column_inner][\/vc_row_inner][\/vc_column][\/vc_row]\n","protected":false},"excerpt":{"rendered":"<p>[vc_row css=&#8221;.vc_custom_1619332062428{margin-top: 40px !important;margin-bottom: 80px !important;}&#8221;][vc_column][vc_column_text el_class=&#8221;section-title&#8221;] Sztuczna trawa w 100% nadaj\u0105ca si\u0119 do recyklingu [\/vc_column_text][vc_single_image image=&#8221;6004&#8243; img_size=&#8221;full&#8221; alignment=&#8221;center&#8221;][vc_row_inner][vc_column_inner][vc_column_text el_class=&#8221;gray text-center width-8&#8243;]Seria PRT\u00ae to sztuczna trawa w 100% nadaj\u0105ca si\u0119 do recyklingu wprowadzona na rynek przez CCGrass, kt\u00f3ra charakteryzuje si\u0119 100% mo\u017cliwo\u015bci\u0105 recyklingu, super przepuszczalno\u015bci\u0105 wody i siln\u0105 blokad\u0105 darni. Wykonana jest w 100% z [&hellip;]<\/p>\n","protected":false},"author":1,"featured_media":6002,"parent":2313,"menu_order":27,"comment_status":"closed","ping_status":"closed","template":"","meta":{"_acf_changed":false,"footnotes":""},"class_list":["post-5824","page","type-page","status-publish","has-post-thumbnail","hentry"],"acf":[],"_links":{"self":[{"href":"https:\/\/www.ccgrass.com\/pl\/wp-json\/wp\/v2\/pages\/5824","targetHints":{"allow":["GET"]}}],"collection":[{"href":"https:\/\/www.ccgrass.com\/pl\/wp-json\/wp\/v2\/pages"}],"about":[{"href":"https:\/\/www.ccgrass.com\/pl\/wp-json\/wp\/v2\/types\/page"}],"author":[{"embeddable":true,"href":"https:\/\/www.ccgrass.com\/pl\/wp-json\/wp\/v2\/users\/1"}],"replies":[{"embeddable":true,"href":"https:\/\/www.ccgrass.com\/pl\/wp-json\/wp\/v2\/comments?post=5824"}],"version-history":[{"count":0,"href":"https:\/\/www.ccgrass.com\/pl\/wp-json\/wp\/v2\/pages\/5824\/revisions"}],"up":[{"embeddable":true,"href":"https:\/\/www.ccgrass.com\/pl\/wp-json\/wp\/v2\/pages\/2313"}],"wp:featuredmedia":[{"embeddable":true,"href":"https:\/\/www.ccgrass.com\/pl\/wp-json\/wp\/v2\/media\/6002"}],"wp:attachment":[{"href":"https:\/\/www.ccgrass.com\/pl\/wp-json\/wp\/v2\/media?parent=5824"}],"curies":[{"name":"wp","href":"https:\/\/api.w.org\/{rel}","templated":true}]}}