{"id":4973,"date":"2020-12-04T03:43:19","date_gmt":"2020-12-04T03:43:19","guid":{"rendered":"https:\/\/www.ccgrass.com\/?page_id=4973"},"modified":"2024-11-04T07:02:54","modified_gmt":"2024-11-04T07:02:54","slug":"vmax","status":"publish","type":"page","link":"https:\/\/www.ccgrass.com\/pl\/products\/our-innovation\/vmax\/","title":{"rendered":"Vmax &#8211; doskona\u0142a murawa sportowa"},"content":{"rendered":"[vc_row][vc_column][vc_column_text]\n<div class=\"vmax-titel-1\">\n[\/vc_column_text][\/vc_column][\/vc_row][vc_row css=&#8221;.vc_custom_1617681011182{margin-top: 70px !important;margin-bottom: 50px !important;}&#8221;][vc_column][vc_column_text el_class=&#8221;section-title&#8221;]\n<h2 class=\"item-h2\">Vmax, doskona\u0142a murawa sportowa<\/h2>\n[\/vc_column_text][vc_row_inner][vc_column_inner][vc_column_text el_class=&#8221;gray text-center width-8&#8243;]Vmax is a kind of artificial turf designed to offer a great football experience by combining two great yarns in one particular synthetic turf. An excellent ball roll is achieved through the resilient V shape monofilament, while the split, fibrillated yarn holds the infill in place to offer outstanding performance characteristics.[\/vc_column_text][vc_column_text el_class=&#8221;gray text-center width-8&#8243;]Vmax to rodzaj sztucznej murawy zaprojektowanej z my\u015bl\u0105 o zapewnieniu wspania\u0142ych wra\u017ce\u0144 podczas gry w pi\u0142k\u0119 no\u017cn\u0105 poprzez po\u0142\u0105czenie dw\u00f3ch doskona\u0142ych rodzaj\u00f3w w\u0142\u00f3kien w jednym modelu sztucznej trawy. Doskona\u0142e toczenie si\u0119 pi\u0142ki uzyskuje si\u0119 dzi\u0119ki spr\u0119\u017cystemu monofilowi w kszta\u0142cie litery V, podczas, gdy w\u0142\u00f3kno fibrylowane utrzymuje wype\u0142nienie w miejscu, oferuj\u0105c wyj\u0105tkowe w\u0142a\u015bciwo\u015bci u\u017cytkowe.[\/vc_column_text][\/vc_column_inner][\/vc_row_inner][\/vc_column][\/vc_row][vc_row full_width=&#8221;stretch_row&#8221; css=&#8221;.vc_custom_1617689513786{padding-top: 60px !important;padding-bottom: 110px !important;background-image: url(https:\/\/www.ccgrass.com\/wp-content\/uploads\/2021\/04\/vmax-work.jpg?id=5857) !important;background-position: center !important;background-repeat: no-repeat !important;background-size: cover !important;}&#8221; el_id=&#8221;vmax-section&#8221;][vc_column el_class=&#8221;vmax-bg&#8221;][vc_column_text el_class=&#8221;section-title&#8221;]\n<h2 class=\"item-h2\">Dlaczego Vmax dzia\u0142a?<\/h2>\n[\/vc_column_text][vc_column_text el_class=&#8221;white text-center width-8&#8243;]Po\u0142\u0105czone dwa rodzaje w\u0142\u00f3kna trawy Vmax s\u0105 g\u0119sto tuftowane i wykazuj\u0105 wyj\u0105tkowe zu\u017cycie, ponad 150 000 cykli w te\u015bcie Lisport, pozostaj\u0105c w pozycji pionowej d\u0142u\u017cej ni\u017c inne systemy murawy. Oznacza to d\u0142ugoterminow\u0105 trwa\u0142o\u015b\u0107 i wysok\u0105 wydajno\u015b\u0107 sportow\u0105 boiska z traw\u0105 Vmax.[\/vc_column_text][vc_column_text el_class=&#8221;white width-6&#8243; css=&#8221;.vc_custom_1730703539384{padding-left: 15px !important;}&#8221;]\u2022 Vmax spe\u0142nia wymagania FIFA Quality i Quality Pro na odpowiednim shockpadzie.<br \/>\n\u2022 Vmax jest obj\u0119ty 7-8-letni\u0105 gwarancj\u0105 i jest przyjazny dla \u015brodowiska.<br \/>\n\u2022 Vmax jest dost\u0119pny w trzech r\u00f3\u017cnych kombinacjach kolorystycznych w\u0142\u00f3kien.[\/vc_column_text][vc_row_inner el_class=&#8221;width-10&#8243;][vc_column_inner width=&#8221;1\/4&#8243;][vc_single_image image=&#8221;5845&#8243; img_size=&#8221;full&#8221; alignment=&#8221;center&#8221; css=&#8221;.vc_custom_1617686932240{margin-bottom: 0px !important;}&#8221;][vc_column_text el_class=&#8221;white&#8221;]\n<p style=\"text-align: center;\">Lepsza retencja wype\u0142nienia<\/p>\n[\/vc_column_text][\/vc_column_inner][vc_column_inner width=&#8221;1\/4&#8243;][vc_single_image image=&#8221;5846&#8243; img_size=&#8221;full&#8221; alignment=&#8221;center&#8221; css=&#8221;.vc_custom_1617686949015{margin-bottom: 0px !important;}&#8221;][vc_column_text el_class=&#8221;white&#8221;]\n<p style=\"text-align: center;\">Lepsza odporno\u015b\u0107 na zu\u017cycie<\/p>\n[\/vc_column_text][\/vc_column_inner][vc_column_inner width=&#8221;1\/4&#8243;][vc_single_image image=&#8221;5847&#8243; img_size=&#8221;full&#8221; alignment=&#8221;center&#8221; css=&#8221;.vc_custom_1617686963328{margin-bottom: 0px !important;}&#8221;][vc_column_text el_class=&#8221;white&#8221;]\n<p style=\"text-align: center;\">G\u0119stszy wygl\u0105d<\/p>\n[\/vc_column_text][\/vc_column_inner][vc_column_inner width=&#8221;1\/4&#8243;][vc_single_image image=&#8221;5848&#8243; img_size=&#8221;full&#8221; alignment=&#8221;center&#8221; css=&#8221;.vc_custom_1617686981469{margin-bottom: 0px !important;}&#8221;][vc_column_text el_class=&#8221;white&#8221;]\n<p style=\"text-align: center;\">Lepsza odporno\u015b\u0107 w\u0142\u00f3kien<\/p>\n[\/vc_column_text][\/vc_column_inner][\/vc_row_inner][vc_column_text el_class=&#8221;white width-10&#8243; css=&#8221;.vc_custom_1730703729904{margin-top: 50px !important;}&#8221;]\n<ul class=\"why_works_ul\">\n<li>Ciemnozielony+ &amp; Limonkowy+ dwukolorowy &amp; szmaragdowy<\/li>\n<li>Ciemnozielony+Zielony<\/li>\n<li>Limonka + ziele\u0144 i ciemnaziele\u0144<\/li>\n<\/ul>\n[\/vc_column_text][vc_raw_html el_class=&#8221;vmax_logo&#8221;]JTNDc3R5bGUlM0UlMEEudm1heC1iZyUyMC53cGJfd3JhcHBlciU3QiUwQSUyMCUyMCUyMCUyMHBvc2l0aW9uJTNBcmVsYXRpdmUlM0IlMEElN0QlMEEudm1heF9sb2dvJTdCJTBBJTIwJTIwJTIwJTIwcG9zaXRpb24lM0FhYnNvbHV0ZSUzQiUwQSUyMCUyMCUyMCUyMGJvdHRvbSUzQS0yNDBweCUzQiUwQSUyMCUyMCUyMCUyMHJpZ2h0JTNBMCUzQiUwQSUyMCUyMCUyMCUyMHdpZHRoJTNBJTIwMzM3cHglM0IlMEElMjAlMjAlMjAlMjBoZWlnaHQlM0ElMjAxOTJweCUzQiUwQSU3RCUwQSUyM3ZtYXgtc2VjdGlvbiU3QiUwQSUyMCUyMCUyMCUyMG92ZXJmbG93JTNBJTIwaW5oZXJpdCUzQiUwQSU3RCUwQSUzQyUyRnN0eWxlJTNFJTBBJTNDaW1nJTIwc3JjJTNEJTIyJTJGd3AtY29udGVudCUyRnVwbG9hZHMlMkYyMDIxJTJGMDQlMkZ2bWF4LWljb24ucG5nJTIyJTNF[\/vc_raw_html][\/vc_column][\/vc_row][vc_row css=&#8221;.vc_custom_1617681011182{margin-top: 70px !important;margin-bottom: 50px !important;}&#8221;][vc_column][vc_column_text el_class=&#8221;section-title&#8221;]\n<h2 class=\"item-h2\">Referencje<\/h2>\n[\/vc_column_text][vc_row_inner][vc_column_inner][vc_column_text el_class=&#8221;gray text-center width-8&#8243;]\n<p style=\"font-size: 24px;\">25 boisk ze sztucznej trawy Vmax przetestowanych zgodnie ze standardami FIFA<\/p>\n[\/vc_column_text][\/vc_column_inner][\/vc_row_inner][vc_row_inner][vc_column_inner width=&#8221;1\/3&#8243;][vc_single_image image=&#8221;7102&#8243; img_size=&#8221;full&#8221; alignment=&#8221;center&#8221;][\/vc_column_inner][vc_column_inner width=&#8221;1\/3&#8243;][vc_single_image image=&#8221;7103&#8243; img_size=&#8221;full&#8221; alignment=&#8221;center&#8221;][\/vc_column_inner][vc_column_inner width=&#8221;1\/3&#8243;][vc_single_image image=&#8221;7104&#8243; img_size=&#8221;full&#8221; alignment=&#8221;center&#8221;][\/vc_column_inner][\/vc_row_inner][\/vc_column][\/vc_row][vc_row css=&#8221;.vc_custom_1617691046349{margin-bottom: 70px !important;}&#8221;][vc_column width=&#8221;1\/2&#8243;][vc_raw_html]JTNDc3R5bGUlM0UlMEElMjAlMjAlMjAlMjAucGl0Y2gtY291bnRyeSUyMHNwYW4lM0FudGgtY2hpbGQlMjgxJTI5JTdCJTBBJTIwJTIwJTIwJTIwJTIwJTIwJTIwJTIwZmxvYXQlM0ElMjBsZWZ0JTNCJTBBJTIwJTIwJTIwJTIwJTIwJTIwJTIwJTIwY29sb3IlM0ElMjAlMjNmZmYlM0IlMEElMjAlMjAlMjAlMjAlMjAlMjAlMjAlMjBmb250LXNpemUlM0ElMjAzMHB4JTNCJTBBJTIwJTIwJTIwJTIwJTIwJTIwJTIwJTIwZm9udC13ZWlnaHQlM0ElMjBib2xkJTNCJTBBJTIwJTIwJTIwJTIwJTdEJTBBJTIwJTIwJTIwJTIwLnBpdGNoLWNvdW50cnklMjBzcGFuJTNBbnRoLWNoaWxkJTI4MiUyOSU3QiUwQSUyMCUyMCUyMCUyMCUyMCUyMCUyMCUyMGZsb2F0JTNBJTIwcmlnaHQlM0IlMEElMjAlMjAlMjAlMjAlMjAlMjAlMjAlMjBjb2xvciUzQSUyMCUyM2ZmZiUzQiUwQSUyMCUyMCUyMCUyMCUyMCUyMCUyMCUyMGZvbnQtc2l6ZSUzQSUyMDMwcHglM0IlMEElMjAlMjAlMjAlMjAlMjAlMjAlMjAlMjBmb250LXdlaWdodCUzQSUyMGJvbGQlM0IlMjAlMjAlMjAlMjAlMjAlMjAlMjAlMjAlMEElMjAlMjAlMjAlMjAlN0QlMEElMjAlMjAlMjAlMjAucGl0Y2glMjB1bCU3QiUwQSUyMCUyMCUyMCUyMCUyMCUyMCUyMCUyMGxpc3Qtc3R5bGUlM0ElMjBub25lJTNCJTBBJTIwJTIwJTIwJTIwJTIwJTIwJTIwJTIwbWFyZ2luLXRvcCUzQSUyMDEwcHglM0IlMEElMjAlMjAlMjAlMjAlMjAlMjAlMjAlMjBtYXJnaW4tbGVmdCUzQSUyMDBweCUzQiUwQSUyMCUyMCUyMCUyMCUyMCUyMCUyMCUyMHBhZGRpbmctbGVmdCUzQSUyMDBweCUzQiUwQSUyMCUyMCUyMCUyMCU3RCUwQSUyMCUyMCUyMCUyMC5waXRjaCUyMGxpJTdCJTBBJTIwJTIwJTIwJTIwJTIwJTIwJTIwJTIwZGlzcGxheSUzQSUyMGJsb2NrJTNCJTBBJTIwJTIwJTIwJTIwJTIwJTIwJTIwJTIwZm9udC1zaXplJTNBJTIwMTRweCUzQiUwQSUyMCUyMCUyMCUyMCUyMCUyMCUyMCUyMGxpbmUtaGVpZ2h0JTNBJTIwMjBweCUzQiUwQSUyMCUyMCUyMCUyMCUyMCUyMCUyMCUyMG1hcmdpbi1ib3R0b20lM0ElMjA1cHglM0IlMEElMjAlMjAlMjAlMjAlMjAlMjAlMjAlMjBjb2xvciUzQSUyMCUyMzY2NjY2NiUzQiUwQSUyMCUyMCUyMCUyMCUyMCUyMCUyMCUyMHBhZGRpbmclM0ElMjAxMHB4JTNCJTBBJTIwJTIwJTIwJTIwJTIwJTIwJTIwJTIwYm9yZGVyLWJvdHRvbSUzQSUyMDFweCUyMHNvbGlkJTIwJTIzY2FiYTgxJTNCJTBBJTIwJTIwJTIwJTIwJTdEJTBBJTIwJTIwJTIwJTIwLnBpdGNoJTIwbGklM0FiZWZvcmUlN0IlMEElMjAlMjAlMjAlMjAlMjAlMjAlMjAlMjBkaXNwbGF5JTNBJTIwdGFibGUlM0IlMEElMjAlMjAlMjAlMjAlMjAlMjAlMjAlMjBjb250ZW50JTNBJTIwJTIyJTIwJTIyJTNCJTBBJTIwJTIwJTIwJTIwJTdEJTBBJTIwJTIwJTIwJTIwLnBpdGNoJTIwbGklM0FhZnRlciU3QiUwQSUyMCUyMCUyMCUyMCUyMCUyMCUyMCUyMGRpc3BsYXklM0ElMjB0YWJsZSUzQiUwQSUyMCUyMCUyMCUyMCUyMCUyMCUyMCUyMGNvbnRlbnQlM0ElMjAlMjIlMjAlMjIlM0IlMEElMjAlMjAlMjAlMjAlMjAlMjAlMjAlMjBjbGVhciUzQSUyMGJvdGglM0IlMEElMjAlMjAlMjAlMjAlN0QlMEElMjAlMjAlMjAlMjAucGl0Y2glMjBsaSUyMHNwYW4lM0FudGgtY2hpbGQlMjgxJTI5JTdCJTBBJTIwJTIwJTIwJTIwJTIwJTIwJTIwJTIwZmxvYXQlM0ElMjBsZWZ0JTNCJTBBJTIwJTIwJTIwJTIwJTdEJTBBJTIwJTIwJTIwJTIwLnBpdGNoJTIwbGklMjBzcGFuJTNBbnRoLWNoaWxkJTI4MiUyOSU3QiUwQSUyMCUyMCUyMCUyMCUyMCUyMCUyMCUyMGZsb2F0JTNBJTIwcmlnaHQlM0IlMEElMjAlMjAlMjAlMjAlN0QlMEElMjAlMjAlMjAlMjAucGl0Y2gtY291bnRyeSUyMCU3QiUwQSUyMCUyMCUyMCUyMCUyMCUyMCUyMCUyMGJhY2tncm91bmQtY29sb3IlM0ElMjAlMjNhMzg4MjYlM0IlMEElMjAlMjAlMjAlMjAlMjAlMjAlMjAlMjBwYWRkaW5nJTNBJTIwMTBweCUyMDQwcHglM0IlMEElMjAlMjAlMjAlMjAlMjAlMjAlMjAlMjBib3JkZXItdG9wLWxlZnQtcmFkaXVzJTNBJTIwMzBweCUzQiUwQSUyMCUyMCUyMCUyMCUyMCUyMCUyMCUyMGJvcmRlci10b3AtcmlnaHQtcmFkaXVzJTNBJTIwMzBweCUzQiUwQSUyMCUyMCUyMCUyMCU3RCUwQSUzQyUyRnN0eWxlJTNFJTIwJTIwJTIwJTIwJTIwJTIwJTIwJTIwJTIwJTIwJTIwJTIwJTIwJTIwJTIwJTIwJTIwJTIwJTBBJTIwJTIwJTIwJTIwJTIwJTIwJTIwJTIwJTIwJTIwJTIwJTIwJTIwJTIwJTIwJTIwJTIwJTIwJTIwJTIwJTIwJTNDZGl2JTIwY2xhc3MlM0QlMjJwaXRjaCUyMiUzRSUwQSUyMCUyMCUyMCUyMCUyMCUyMCUyMCUyMCUyMCUyMCUyMCUyMCUyMCUyMCUyMCUyMCUyMCUyMCUyMCUyMCUyMCUyMCUyMCUyMCUzQ2RpdiUyMGNsYXNzJTNEJTIycGl0Y2gtY291bnRyeSUyMiUzRSUwQSUyMCUyMCUyMCUyMCUyMCUyMCUyMCUyMCUyMCUyMCUyMCUyMCUyMCUyMCUyMCUyMCUyMCUyMCUyMCUyMCUyMCUyMCUyMCUyMCUyMCUyMCUyMCUyMCUzQ3NwYW4lM0VQaXRjaCUzQyUyRnNwYW4lM0UlMEElMjAlMjAlMjAlMjAlMjAlMjAlMjAlMjAlMjAlMjAlMjAlMjAlMjAlMjAlMjAlMjAlMjAlMjAlMjAlMjAlMjAlMjAlMjAlMjAlMjAlMjAlMjAlMjAlM0NzcGFuJTNFQ291bnRyeSUzQyUyRnNwYW4lM0UlMEElMjAlMjAlMjAlMjAlMjAlMjAlMjAlMjAlMjAlMjAlMjAlMjAlMjAlMjAlMjAlMjAlMjAlMjAlMjAlMjAlMjAlMjAlMjAlMjAlMjAlMjAlMjAlMjAlM0NkaXYlMjBjbGFzcyUzRCUyMmNsZWFyZml4JTIyJTNFJTNDJTJGZGl2JTNFJTBBJTIwJTIwJTIwJTIwJTIwJTIwJTIwJTIwJTIwJTIwJTIwJTIwJTIwJTIwJTIwJTIwJTIwJTIwJTIwJTIwJTIwJTIwJTIwJTIwJTNDJTJGZGl2JTNFJTBBJTIwJTIwJTIwJTIwJTIwJTIwJTIwJTIwJTIwJTIwJTIwJTIwJTIwJTIwJTIwJTIwJTIwJTIwJTIwJTIwJTIwJTIwJTIwJTIwJTNDdWwlM0UlMEElMjAlMjAlMjAlMjAlMjAlMjAlMjAlMjAlMjAlMjAlMjAlMjAlMjAlMjAlMjAlMjAlMjAlMjAlMjAlMjAlMjAlMjAlMjAlMjAlMjAlMjAlMjAlMjAlM0NsaSUzRSUzQ3NwYW4lM0VCcmVtb3JlJTIwUGFyayUzQyUyRnNwYW4lM0UlM0NzcGFuJTNFSXJlbGFuZCUzQyUyRnNwYW4lM0UlM0MlMkZsaSUzRSUwQSUyMCUyMCUyMCUyMCUyMCUyMCUyMCUyMCUyMCUyMCUyMCUyMCUyMCUyMCUyMCUyMCUyMCUyMCUyMCUyMCUyMCUyMCUyMCUyMCUyMCUyMCUyMCUyMCUzQ2xpJTNFJTNDc3BhbiUzRVN0LiUyMEtldmluJTIwQ29sbGVnZSUyQSUyODElMjklM0MlMkZzcGFuJTNFJTNDc3BhbiUzRUF1c3RyYWxpYSUzQyUyRnNwYW4lM0UlM0MlMkZsaSUzRSUwQSUyMCUyMCUyMCUyMCUyMCUyMCUyMCUyMCUyMCUyMCUyMCUyMCUyMCUyMCUyMCUyMCUyMCUyMCUyMCUyMCUyMCUyMCUyMCUyMCUyMCUyMCUyMCUyMCUzQ2xpJTNFJTNDc3BhbiUzRVN0LiUyMEtldmluJTIwQ29sbGVnZSUyQSUyODIlMjklM0MlMkZzcGFuJTNFJTNDc3BhbiUzRUF1c3RyYWxpYSUzQyUyRnNwYW4lM0UlM0MlMkZsaSUzRSUwQSUyMCUyMCUyMCUyMCUyMCUyMCUyMCUyMCUyMCUyMCUyMCUyMCUyMCUyMCUyMCUyMCUyMCUyMCUyMCUyMCUyMCUyMCUyMCUyMCUyMCUyMCUyMCUyMCUzQ2xpJTNFJTNDc3BhbiUzRVN0LiUyMEtldmluJTIwQ29sbGVnZSUyQSUyODMlMjklM0MlMkZzcGFuJTNFJTNDc3BhbiUzRUF1c3RyYWxpYSUzQyUyRnNwYW4lM0UlM0MlMkZsaSUzRSUyMCUwQSUyMCUyMCUyMCUyMCUyMCUyMCUyMCUyMCUyMCUyMCUyMCUyMCUyMCUyMCUyMCUyMCUyMCUyMCUyMCUyMCUyMCUyMCUyMCUyMCUyMCUyMCUyMCUyMCUzQ2xpJTNFJTNDc3BhbiUzRVRyaW5pdHklMjBjb2xsZWdlJTIwZmllbGQlM0MlMkZzcGFuJTNFJTNDc3BhbiUzRUF1c3RyYWxpYSUzQyUyRnNwYW4lM0UlM0MlMkZsaSUzRSUwQSUyMCUyMCUyMCUyMCUyMCUyMCUyMCUyMCUyMCUyMCUyMCUyMCUyMCUyMCUyMCUyMCUyMCUyMCUyMCUyMCUyMCUyMCUyMCUyMCUyMCUyMCUyMCUyMCUzQ2xpJTNFJTNDc3BhbiUzRU11cmRvY2glMjBVbml2ZXJzaXR5JTIwZmllbGQlMjAlMkElMjgxJTI5JTNDJTJGc3BhbiUzRSUzQ3NwYW4lM0VBdXN0cmFsaWElM0MlMkZzcGFuJTNFJTNDJTJGbGklM0UlMEElMjAlMjAlMjAlMjAlMjAlMjAlMjAlMjAlMjAlMjAlMjAlMjAlMjAlMjAlMjAlMjAlMjAlMjAlMjAlMjAlMjAlMjAlMjAlMjAlMjAlMjAlMjAlMjAlM0NsaSUzRSUzQ3NwYW4lM0VNdXJkb2NoJTIwVW5pdmVyc2l0eSUyMGZpZWxkJTIwJTJBJTI4MiUyOSUzQyUyRnNwYW4lM0UlM0NzcGFuJTNFQXVzdHJhbGlhJTNDJTJGc3BhbiUzRSUzQyUyRmxpJTNFJTBBJTIwJTIwJTIwJTIwJTIwJTIwJTIwJTIwJTIwJTIwJTIwJTIwJTIwJTIwJTIwJTIwJTIwJTIwJTIwJTIwJTIwJTIwJTIwJTIwJTIwJTIwJTIwJTIwJTNDbGklM0UlM0NzcGFuJTNFV2VzdCUyMEFkZWxhaWRlJTIwSGVsbGFzJTIwZmllbGQlM0MlMkZzcGFuJTNFJTNDc3BhbiUzRUF1c3RyYWxpYSUzQyUyRnNwYW4lM0UlM0MlMkZsaSUzRSUyMCUwQSUyMCUyMCUyMCUyMCUyMCUyMCUyMCUyMCUyMCUyMCUyMCUyMCUyMCUyMCUyMCUyMCUyMCUyMCUyMCUyMCUyMCUyMCUyMCUyMCUyMCUyMCUyMCUyMCUzQ2xpJTNFJTNDc3BhbiUzRU1hc29uJTIwUGFyayUyMGZpZWxkJTNDJTJGc3BhbiUzRSUzQ3NwYW4lM0VBdXN0cmFsaWElM0MlMkZzcGFuJTNFJTNDJTJGbGklM0UlMEElMjAlMjAlMjAlMjAlMjAlMjAlMjAlMjAlMjAlMjAlMjAlMjAlMjAlMjAlMjAlMjAlMjAlMjAlMjAlMjAlMjAlMjAlMjAlMjAlMjAlMjAlMjAlMjAlM0NsaSUzRSUzQ3NwYW4lM0VTdHJhdGhmaWVsZCUyMFBhcmslMjBmaWVsZCUzQyUyRnNwYW4lM0UlM0NzcGFuJTNFQXVzdHJhbGlhJTNDJTJGc3BhbiUzRSUzQyUyRmxpJTNFJTBBJTIwJTIwJTIwJTIwJTIwJTIwJTIwJTIwJTIwJTIwJTIwJTIwJTIwJTIwJTIwJTIwJTIwJTIwJTIwJTIwJTIwJTIwJTIwJTIwJTIwJTIwJTIwJTIwJTNDbGklM0UlM0NzcGFuJTNFVGF0dGVyc29uJTIwcGFyayUyMGZpZWxkJTNDJTJGc3BhbiUzRSUzQ3NwYW4lM0VBdXN0cmFsaWElM0MlMkZzcGFuJTNFJTNDJTJGbGklM0UlMEElMjAlMjAlMjAlMjAlMjAlMjAlMjAlMjAlMjAlMjAlMjAlMjAlMjAlMjAlMjAlMjAlMjAlMjAlMjAlMjAlMjAlMjAlMjAlMjAlMjAlMjAlMjAlMjAlM0NsaSUzRSUzQ3NwYW4lM0VNb3JldG9uJTIwQmF5JTIwQ2VudHJhbCUyMFNwb3J0cyUyMENvbXBsZXglM0MlMkZzcGFuJTNFJTNDc3BhbiUzRUF1c3RyYWxpYSUzQyUyRnNwYW4lM0UlM0MlMkZsaSUzRSUyMCUwQSUyMCUyMCUyMCUyMCUyMCUyMCUyMCUyMCUyMCUyMCUyMCUyMCUyMCUyMCUyMCUyMCUyMCUyMCUyMCUyMCUyMCUyMCUyMCUyMCUyMCUyMCUyMCUyMCUzQ2xpJTNFJTNDc3BhbiUzRUJyZW1vcmUlMjBQYXJrQmVhdW1hcmlzJTIwU2Vjb25kYXJ5JTIwQ29sbGVnZSUzQyUyRnNwYW4lM0UlM0NzcGFuJTNFQXVzdHJhbGlhJTNDJTJGc3BhbiUzRSUzQyUyRmxpJTNFJTBBJTIwJTIwJTIwJTIwJTIwJTIwJTIwJTIwJTIwJTIwJTIwJTIwJTIwJTIwJTIwJTIwJTIwJTIwJTIwJTIwJTIwJTIwJTIwJTIwJTNDJTJGdWwlM0UlMjAlMEElMjAlMjAlMjAlMjAlMjAlMjAlMjAlMjAlMjAlMjAlMjAlMjAlMjAlMjAlMjAlMjAlMjAlMjAlMjAlMjAlM0MlMkZkaXYlM0U=[\/vc_raw_html][\/vc_column][vc_column width=&#8221;1\/2&#8243;][vc_raw_html]JTIwJTIwJTIwJTIwJTIwJTIwJTIwJTIwJTIwJTIwJTIwJTIwJTIwJTIwJTIwJTIwJTIwJTIwJTIwJTIwJTIwJTNDZGl2JTIwY2xhc3MlM0QlMjJwaXRjaCUyMiUzRSUwQSUyMCUyMCUyMCUyMCUyMCUyMCUyMCUyMCUyMCUyMCUyMCUyMCUyMCUyMCUyMCUyMCUyMCUyMCUyMCUyMCUyMCUyMCUyMCUyMCUzQ2RpdiUyMGNsYXNzJTNEJTIycGl0Y2gtY291bnRyeSUyMiUzRSUwQSUyMCUyMCUyMCUyMCUyMCUyMCUyMCUyMCUyMCUyMCUyMCUyMCUyMCUyMCUyMCUyMCUyMCUyMCUyMCUyMCUyMCUyMCUyMCUyMCUyMCUyMCUyMCUyMCUzQ3NwYW4lM0VQaXRjaCUzQyUyRnNwYW4lM0UlMEElMjAlMjAlMjAlMjAlMjAlMjAlMjAlMjAlMjAlMjAlMjAlMjAlMjAlMjAlMjAlMjAlMjAlMjAlMjAlMjAlMjAlMjAlMjAlMjAlMjAlMjAlMjAlMjAlM0NzcGFuJTNFQ291bnRyeSUzQyUyRnNwYW4lM0UlMEElMjAlMjAlMjAlMjAlMjAlMjAlMjAlMjAlMjAlMjAlMjAlMjAlMjAlMjAlMjAlMjAlMjAlMjAlMjAlMjAlMjAlMjAlMjAlMjAlMjAlMjAlMjAlMjAlM0NkaXYlMjBjbGFzcyUzRCUyMmNsZWFyZml4JTIyJTNFJTNDJTJGZGl2JTNFJTBBJTIwJTIwJTIwJTIwJTIwJTIwJTIwJTIwJTIwJTIwJTIwJTIwJTIwJTIwJTIwJTIwJTIwJTIwJTIwJTIwJTIwJTIwJTIwJTIwJTNDJTJGZGl2JTNFJTBBJTIwJTIwJTIwJTIwJTIwJTIwJTIwJTIwJTIwJTIwJTIwJTIwJTIwJTIwJTIwJTIwJTIwJTIwJTIwJTIwJTIwJTIwJTIwJTIwJTNDdWwlM0UlMEElMjAlMjAlMjAlMjAlMjAlMjAlMjAlMjAlMjAlMjAlMjAlMjAlMjAlMjAlMjAlMjAlMjAlMjAlMjAlMjAlMjAlMjAlMjAlMjAlMjAlMjAlMjAlMjAlM0NsaSUzRSUzQ3NwYW4lM0VCZWxsYSUyMFZpc3RhJTIwUHVibGljJTIwU2Nob29sJTIwZmllbGQlM0MlMkZzcGFuJTNFJTNDc3BhbiUzRUF1c3RyYWxpYSUzQyUyRnNwYW4lM0UlM0MlMkZsaSUzRSUwQSUyMCUyMCUyMCUyMCUyMCUyMCUyMCUyMCUyMCUyMCUyMCUyMCUyMCUyMCUyMCUyMCUyMCUyMCUyMCUyMCUyMCUyMCUyMCUyMCUyMCUyMCUyMCUyMCUzQ2xpJTNFJTNDc3BhbiUzRU5pY2hvbGxzJTIwU2Nob29sJTIwU3ludGhldGljJTIwU3VyZmFjZSUyMCUyQSUyMCUyODElMjklM0MlMkZzcGFuJTNFJTNDc3BhbiUzRUF1c3RyYWxpYSUzQyUyRnNwYW4lM0UlM0MlMkZsaSUzRSUwQSUyMCUyMCUyMCUyMCUyMCUyMCUyMCUyMCUyMCUyMCUyMCUyMCUyMCUyMCUyMCUyMCUyMCUyMCUyMCUyMCUyMCUyMCUyMCUyMCUyMCUyMCUyMCUyMCUzQ2xpJTNFJTNDc3BhbiUzRU5pY2hvbGxzJTIwU2Nob29sJTIwU3ludGhldGljJTIwU3VyZmFjZSUyMCUyQSUyMCUyODIlMjklM0MlMkZzcGFuJTNFJTNDc3BhbiUzRUF1c3RyYWxpYSUzQyUyRnNwYW4lM0UlM0MlMkZsaSUzRSUwQSUyMCUyMCUyMCUyMCUyMCUyMCUyMCUyMCUyMCUyMCUyMCUyMCUyMCUyMCUyMCUyMCUyMCUyMCUyMCUyMCUyMCUyMCUyMCUyMCUyMCUyMCUyMCUyMCUzQ2xpJTNFJTNDc3BhbiUzRVRheWxvcnMlMjBIaWxsJTIwU3BvcnRzJTIwQ29tcGxleCUyMCUyQSUyODElMjklM0MlMkZzcGFuJTNFJTNDc3BhbiUzRUF1c3RyYWxpYSUzQyUyRnNwYW4lM0UlM0MlMkZsaSUzRSUwQSUyMCUyMCUyMCUyMCUyMCUyMCUyMCUyMCUyMCUyMCUyMCUyMCUyMCUyMCUyMCUyMCUyMCUyMCUyMCUyMCUyMCUyMCUyMCUyMCUyMCUyMCUyMCUyMCUzQ2xpJTNFJTNDc3BhbiUzRVRheWxvcnMlMjBIaWxsJTIwU3BvcnRzJTIwQ29tcGxleCUyMCUyQSUyODIlMjklM0MlMkZzcGFuJTNFJTNDc3BhbiUzRUF1c3RyYWxpYSUzQyUyRnNwYW4lM0UlM0MlMkZsaSUzRSUwQSUyMCUyMCUyMCUyMCUyMCUyMCUyMCUyMCUyMCUyMCUyMCUyMCUyMCUyMCUyMCUyMCUyMCUyMCUyMCUyMCUyMCUyMCUyMCUyMCUyMCUyMCUyMCUyMCUzQ2xpJTNFJTNDc3BhbiUzRUZhd2tuZXIlMjBTb2NjZXIlMjBQaXRjaCUyMCUyQSUyODElMjklM0MlMkZzcGFuJTNFJTNDc3BhbiUzRUF1c3RyYWxpYSUzQyUyRnNwYW4lM0UlM0MlMkZsaSUzRSUwQSUyMCUyMCUyMCUyMCUyMCUyMCUyMCUyMCUyMCUyMCUyMCUyMCUyMCUyMCUyMCUyMCUyMCUyMCUyMCUyMCUyMCUyMCUyMCUyMCUyMCUyMCUyMCUyMCUzQ2xpJTNFJTNDc3BhbiUzRUZhd2tuZXIlMjBTb2NjZXIlMjBQaXRjaCUyMCUyQSUyODIlMjklM0MlMkZzcGFuJTNFJTNDc3BhbiUzRUF1c3RyYWxpYSUzQyUyRnNwYW4lM0UlM0MlMkZsaSUzRSUwQSUyMCUyMCUyMCUyMCUyMCUyMCUyMCUyMCUyMCUyMCUyMCUyMCUyMCUyMCUyMCUyMCUyMCUyMCUyMCUyMCUyMCUyMCUyMCUyMCUyMCUyMCUyMCUyMCUzQ2xpJTNFJTNDc3BhbiUzRUxpb25lbCUyMFdhdHRzJTIwU3ludGhldGljJTIwUGxheWluZyUyMGZpZWxkJTIwJTJBJTI4MSUyOSUzQyUyRnNwYW4lM0UlM0NzcGFuJTNFQXVzdHJhbGlhJTNDJTJGc3BhbiUzRSUzQyUyRmxpJTNFJTBBJTIwJTIwJTIwJTIwJTIwJTIwJTIwJTIwJTIwJTIwJTIwJTIwJTIwJTIwJTIwJTIwJTIwJTIwJTIwJTIwJTIwJTIwJTIwJTIwJTIwJTIwJTIwJTIwJTNDbGklM0UlM0NzcGFuJTNFTGlvbmVsJTIwV2F0dHMlMjBTeW50aGV0aWMlMjBQbGF5aW5nJTIwZmllbGQlMjAlMkElMjgyJTI5JTNDJTJGc3BhbiUzRSUzQ3NwYW4lM0VBdXN0cmFsaWElM0MlMkZzcGFuJTNFJTNDJTJGbGklM0UlMEElMjAlMjAlMjAlMjAlMjAlMjAlMjAlMjAlMjAlMjAlMjAlMjAlMjAlMjAlMjAlMjAlMjAlMjAlMjAlMjAlMjAlMjAlMjAlMjAlMjAlMjAlMjAlMjAlM0NsaSUzRSUzQ3NwYW4lM0VNb3NhaWMlMjBSZWNyZWF0aW9uJTIwUmVzZXJ2ZSUyMFByb2plY3QlM0MlMkZzcGFuJTNFJTNDc3BhbiUzRUF1c3RyYWxpYSUzQyUyRnNwYW4lM0UlM0MlMkZsaSUzRSUwQSUyMCUyMCUyMCUyMCUyMCUyMCUyMCUyMCUyMCUyMCUyMCUyMCUyMCUyMCUyMCUyMCUyMCUyMCUyMCUyMCUyMCUyMCUyMCUyMCUyMCUyMCUyMCUyMCUzQ2xpJTNFJTNDc3BhbiUzRUNhcnJ1bSUyMERvd25zJTIwUmVjcmVhdGlvbiUyMFJlc2VydmUlM0MlMkZzcGFuJTNFJTNDc3BhbiUzRUF1c3RyYWxpYSUzQyUyRnNwYW4lM0UlM0MlMkZsaSUzRSUwQSUyMCUyMCUyMCUyMCUyMCUyMCUyMCUyMCUyMCUyMCUyMCUyMCUyMCUyMCUyMCUyMCUyMCUyMCUyMCUyMCUyMCUyMCUyMCUyMCUyMCUyMCUyMCUyMCUzQ2xpJTNFJTNDc3BhbiUzRU5vcnRoYnJpZGdlJTIwb3ZhbCUzQyUyRnNwYW4lM0UlM0NzcGFuJTNFQXVzdHJhbGlhJTNDJTJGc3BhbiUzRSUzQyUyRmxpJTNFJTBBJTIwJTIwJTIwJTIwJTIwJTIwJTIwJTIwJTIwJTIwJTIwJTIwJTIwJTIwJTIwJTIwJTIwJTIwJTIwJTIwJTIwJTIwJTIwJTIwJTIwJTIwJTIwJTIwJTBBJTIwJTIwJTIwJTIwJTIwJTIwJTIwJTIwJTIwJTIwJTIwJTIwJTIwJTIwJTIwJTIwJTIwJTIwJTIwJTIwJTIwJTIwJTIwJTIwJTNDJTJGdWwlM0UlMjAlMjAlMjAlMjAlMEElMjAlMjAlMjAlMjAlMjAlMjAlMjAlMjAlMjAlMjAlMjAlMjAlMjAlMjAlMjAlMjAlMjAlMjAlMjAlMjAlM0MlMkZkaXYlM0U=[\/vc_raw_html][\/vc_column][\/vc_row][vc_row][vc_column][vc_column_text]\n<\/div>\n[\/vc_column_text][\/vc_column][\/vc_row]\n","protected":false},"excerpt":{"rendered":"<p>[vc_row][vc_column][vc_column_text] [\/vc_column_text][\/vc_column][\/vc_row][vc_row css=&#8221;.vc_custom_1617681011182{margin-top: 70px !important;margin-bottom: 50px !important;}&#8221;][vc_column][vc_column_text el_class=&#8221;section-title&#8221;] Vmax, doskona\u0142a murawa sportowa [\/vc_column_text][vc_row_inner][vc_column_inner][vc_column_text el_class=&#8221;gray text-center width-8&#8243;]Vmax is a kind of artificial turf designed to offer a great football experience by combining two great yarns in one particular synthetic turf. An excellent ball roll is achieved through the resilient V shape monofilament, while the split, fibrillated [&hellip;]<\/p>\n","protected":false},"author":1,"featured_media":5056,"parent":2313,"menu_order":28,"comment_status":"closed","ping_status":"closed","template":"","meta":{"_acf_changed":false,"footnotes":""},"class_list":["post-4973","page","type-page","status-publish","has-post-thumbnail","hentry"],"acf":[],"_links":{"self":[{"href":"https:\/\/www.ccgrass.com\/pl\/wp-json\/wp\/v2\/pages\/4973","targetHints":{"allow":["GET"]}}],"collection":[{"href":"https:\/\/www.ccgrass.com\/pl\/wp-json\/wp\/v2\/pages"}],"about":[{"href":"https:\/\/www.ccgrass.com\/pl\/wp-json\/wp\/v2\/types\/page"}],"author":[{"embeddable":true,"href":"https:\/\/www.ccgrass.com\/pl\/wp-json\/wp\/v2\/users\/1"}],"replies":[{"embeddable":true,"href":"https:\/\/www.ccgrass.com\/pl\/wp-json\/wp\/v2\/comments?post=4973"}],"version-history":[{"count":0,"href":"https:\/\/www.ccgrass.com\/pl\/wp-json\/wp\/v2\/pages\/4973\/revisions"}],"up":[{"embeddable":true,"href":"https:\/\/www.ccgrass.com\/pl\/wp-json\/wp\/v2\/pages\/2313"}],"wp:featuredmedia":[{"embeddable":true,"href":"https:\/\/www.ccgrass.com\/pl\/wp-json\/wp\/v2\/media\/5056"}],"wp:attachment":[{"href":"https:\/\/www.ccgrass.com\/pl\/wp-json\/wp\/v2\/media?parent=4973"}],"curies":[{"name":"wp","href":"https:\/\/api.w.org\/{rel}","templated":true}]}}