{"id":319,"date":"2017-03-25T08:01:12","date_gmt":"2017-03-25T08:01:12","guid":{"rendered":"https:\/\/www.ccgrass.com\/?page_id=319"},"modified":"2026-02-11T03:53:55","modified_gmt":"2026-02-11T03:53:55","slug":"fih-preferred-supplier","status":"publish","type":"page","link":"https:\/\/www.ccgrass.com\/pl\/qualifications\/fih-preferred-supplier\/","title":{"rendered":"Preferowany dostawca FIH"},"content":{"rendered":"[vc_row full_width=&#8221;stretch_row&#8221; css=&#8221;.vc_custom_1521786301489{background-image: url(https:\/\/www.ccgrass.com\/wp-content\/uploads\/2017\/03\/Group-241.png?id=1983) !important;background-position: 0 0 !important;background-repeat: no-repeat !important;}&#8221; el_class=&#8221;fifa-top-section&#8221;][vc_column][vc_empty_space height=&#8221;55px&#8221;][vc_single_image image=&#8221;1975&#8243; img_size=&#8221;full&#8221; alignment=&#8221;center&#8221;][vc_column_text]\n<h2 class=\"text-center blue\">PREFEROWANY DOSTAWCA FIH<\/h2>\n[\/vc_column_text][vc_single_image image=&#8221;7376&#8243; img_size=&#8221;full&#8221; alignment=&#8221;center&#8221;][vc_empty_space height=&#8221;25px&#8221;][\/vc_column][\/vc_row][vc_row full_width=&#8221;stretch_row&#8221; css=&#8221;.vc_custom_1521786316009{background-image: url(https:\/\/www.ccgrass.com\/wp-content\/uploads\/2017\/03\/PREFERRED-SUPPLIER-bg.jpg?id=1988) !important;background-position: center !important;background-repeat: no-repeat !important;background-size: cover !important;}&#8221;][vc_column css=&#8221;.vc_custom_1521612867336{padding-top: 0px !important;}&#8221;][vc_row_inner equal_height=&#8221;yes&#8221; content_placement=&#8221;middle&#8221; css=&#8221;.vc_custom_1676253044351{padding-top: 100px !important;padding-bottom: 100px !important;}&#8221;][vc_column_inner][vc_column_text el_class=&#8221;remove-br &#8220;]\n<h2 class=\"green nowrap section-title\" style=\"text-align: center;\">Co to jest Preferowany Dostawca FIH?<\/h2>\n[\/vc_column_text][vc_column_text el_class=&#8221;remove-br white &#8220;]\n<p style=\"text-align: center;\">Preferowani dostawcy FIH to firmy, kt\u00f3re produkuj\u0105 <a href=\"https:\/\/www.ccgrass.com\/pl\/products\/sports-grass-for-hockey\/\">traw\u0119 hokejow\u0105<\/a> i buduj\u0105 boiska do hokeja,<br \/>\numo\u017cliwiaj\u0105c klientom skorzystanie z kompleksowego<\/p>\n[\/vc_column_text][vc_single_image image=&#8221;11279&#8243; img_size=&#8221;800&#215;600&#8243; alignment=&#8221;center&#8221; css=&#8221;.vc_custom_1770782030018{margin-bottom: 0px !important;}&#8221;][\/vc_column_inner][\/vc_row_inner][\/vc_column][\/vc_row][vc_row full_width=&#8221;stretch_row&#8221; css=&#8221;.vc_custom_1521786247034{background: #0e5390 url(https:\/\/www.ccgrass.com\/wp-content\/uploads\/2017\/03\/fifapp-center.jpg?id=1995) !important;}&#8221;][vc_column][vc_empty_space height=&#8221;50px&#8221;][vc_empty_space height=&#8221;25px&#8221; el_class=&#8221;hidden-xs&#8221;][vc_column_text el_class=&#8221;section-title&#8221;]\n<h2>Dlaczego warto wybra\u0107 preferowanego dostawc\u0119 FIH?<\/h2>\n[\/vc_column_text][vc_empty_space height=&#8221;30px&#8221;][vc_row_inner][vc_column_inner width=&#8221;1\/6&#8243;][\/vc_column_inner][vc_column_inner width=&#8221;2\/3&#8243;][vc_column_text el_class=&#8221;white&#8221;]\n<div class=\"row\">\n<div class=\"col-xs-12 col-sm-6\">\n<ul class=\"list-unstyled star-list\">\n<li>Pe\u0142na kontrola produkcji, instalacji i konserwacji<\/li>\n<li>System zapewniania jako\u015bci dla produkt\u00f3w i obszar\u00f3w<\/li>\n<li>Testy laboratoryjne akredytowane przez FIH<\/li>\n<li>Program jako\u015bci FIH<\/li>\n<\/ul>\n<\/div>\n<div class=\"col-xs-12 col-sm-6\">\n<ul class=\"list-unstyled star-list\">\n<li>Ci\u0105g\u0142a produkcja murawy hokejowej i innowacje<\/li>\n<li>Profesjonalne konsultacje i projektowanie w terenie<\/li>\n<li>Pe\u0142ne wsparcie serwisowe, w tym obszerne gwarancje i wskaz\u00f3wki dotycz\u0105ce konserwacji<\/li>\n<\/ul>\n<\/div>\n<\/div>\n[\/vc_column_text][vc_empty_space height=&#8221;50px&#8221;][\/vc_column_inner][vc_column_inner width=&#8221;1\/6&#8243;][\/vc_column_inner][\/vc_row_inner][vc_column_text el_class=&#8221;section-title&#8221; css=&#8221;.vc_custom_1723269091397{margin-bottom: 30px !important;}&#8221;]\n<h1>Program jako\u015bci FIH<\/h1>\n[\/vc_column_text][vc_column_text]\n<h2 class=\"text-center white\">Certyfikacja produktu<\/h2>\n[\/vc_column_text][vc_row_inner el_class=&#8221;width-8&#8243;][vc_column_inner width=&#8221;1\/2&#8243;][vc_single_image image=&#8221;5811&#8243; img_size=&#8221;258&#215;258&#8243; alignment=&#8221;center&#8221; css=&#8221;.vc_custom_1617854198685{margin-bottom: 0px !important;}&#8221;][vc_column_text]\n<h2 class=\"fih_h2\" style=\"text-align: center;\">FIH Global<\/h2>\n<ul>\n<li>Niewype\u0142niona trawa syntetyczna z kr\u00f3tkim w\u0142osiem<\/li>\n<li>Wymagane nawadnianie<\/li>\n<li>Przeznaczony do mi\u0119dzynarodowych i krajowych zawod\u00f3w i trening\u00f3w poziomu 1.<\/li>\n<\/ul>\n[\/vc_column_text][\/vc_column_inner][vc_column_inner width=&#8221;1\/2&#8243;][vc_single_image image=&#8221;5810&#8243; img_size=&#8221;258&#215;258&#8243; alignment=&#8221;center&#8221; css=&#8221;.vc_custom_1617854237412{margin-bottom: 0px !important;}&#8221;][vc_column_text]\n<h2 class=\"fih_h2\" style=\"text-align: center;\">FIH National<\/h2>\n<ul>\n<li>Wype\u0142niona piaskiem trawa syntetyczna z kr\u00f3tkim w\u0142osiem, niewype\u0142niona trawa syntetyczna z kr\u00f3tkim w\u0142osiem<\/li>\n<li>Nawadnianie opcjonalne<\/li>\n<li>Przeznaczony do mi\u0119dzynarodowych, krajowych i lokalnych zawod\u00f3w i trening\u00f3w poziomu 2.<\/li>\n<\/ul>\n[\/vc_column_text][\/vc_column_inner][\/vc_row_inner][vc_row_inner][vc_column_inner width=&#8221;1\/3&#8243;][vc_single_image image=&#8221;5813&#8243; img_size=&#8221;258&#215;258&#8243; alignment=&#8221;center&#8221; css=&#8221;.vc_custom_1617854245115{margin-bottom: 0px !important;}&#8221;][vc_column_text]\n<h2 class=\"fih_h2\" style=\"text-align: center;\">Spo\u0142eczno\u015b\u0107 FIH<\/h2>\n<h2 class=\"fih_h2\" style=\"text-align: center;\">Hokej plus multisport<\/h2>\n<ul>\n<li>Przyjazne dla hokeja nawierzchnie z trawy syntetycznej lub tekstylne nawierzchnie wielofunkcyjne, na kt\u00f3rych mo\u017cna uprawia\u0107 inne sporty, takie jak pi\u0142ka no\u017cna, na ni\u017cszych poziomach rozgrywek gminnych i szkolnych.<\/li>\n<li>Nawadnianie nie jest wymagane<\/li>\n<li>Przeznaczony do zawod\u00f3w spo\u0142eczno\u015bciowych i szkolnych oraz trening\u00f3w<\/li>\n<\/ul>\n[\/vc_column_text][\/vc_column_inner][vc_column_inner width=&#8221;1\/3&#8243;][vc_single_image image=&#8221;5812&#8243; img_size=&#8221;258&#215;258&#8243; alignment=&#8221;center&#8221; css=&#8221;.vc_custom_1617854254452{margin-bottom: 0px !important;}&#8221;][vc_column_text]\n<h2 class=\"fih_h2\" style=\"text-align: center;\">Spo\u0142eczno\u015b\u0107 FIH<\/h2>\n<h2 class=\"fih_h2\" style=\"text-align: center;\">Gen 2 Multi-sport<\/h2>\n<ul>\n<li>Wype\u0142nione piaskiem trawa syntetyczna z kr\u00f3tkim w\u0142osiem, Tekstylna nawierzchnia sportowa, Niewype\u0142niona trawa syntetyczna z kr\u00f3tkim w\u0142osiem<\/li>\n<li>Nawadnianie nie jest wymagane<\/li>\n<li>Przeznaczony do zawod\u00f3w spo\u0142eczno\u015bciowych i szkolnych oraz trening\u00f3w<\/li>\n<\/ul>\n[\/vc_column_text][\/vc_column_inner][vc_column_inner width=&#8221;1\/3&#8243;][vc_single_image image=&#8221;5814&#8243; img_size=&#8221;258&#215;258&#8243; alignment=&#8221;center&#8221; css=&#8221;.vc_custom_1617854263441{margin-bottom: 0px !important;}&#8221;][vc_column_text]\n<h2 class=\"fih_h2\" style=\"text-align: center;\">Spo\u0142eczno\u015b\u0107 FIH<\/h2>\n<h2 class=\"fih_h2\" style=\"text-align: center;\">3G Multi-sport<\/h2>\n<ul>\n<li>Trawa syntetyczna o d\u0142u\u017cszym w\u0142osiu przeznaczona jest g\u0142\u00f3wnie do sport\u00f3w z du\u017c\u0105 pi\u0142k\u0105, a hokej jest sportem drugorz\u0119dnym.<\/li>\n<li>Nawadnianie nie jest wymagane<\/li>\n<li>Przeznaczony do zawod\u00f3w spo\u0142eczno\u015bciowych i szkolnych oraz trening\u00f3w<\/li>\n<\/ul>\n[\/vc_column_text][\/vc_column_inner][\/vc_row_inner][vc_btn title=&#8221;POLECANE PRODUKTY HOKEJOWE&#8221; color=&#8221;success&#8221; align=&#8221;center&#8221; link=&#8221;url:https%3A%2F%2Fwww.ccgrass.com%2Fpl%2Fproducts%2Fsports-grass-for-hockey%2F||target:%20_blank|&#8221; el_class=&#8221;custom_btn cus_btn large-btn&#8221;][vc_empty_space height=&#8221;50px&#8221;][vc_column_text]\n<h2 class=\"text-center white\">Certyfikacja Terenowa<\/h2>\n[\/vc_column_text][vc_raw_html]JTNDc3R5bGUlM0UlMEEuY3VzdG9tX2J0biUyMGElMjAlN0IlMEElMjAlMjAlMjAlMjBiYWNrZ3JvdW5kLWNvbG9yJTNBJTIwcmdiYSUyODAlMkMwJTJDMCUyQzAlMjklMjAlMjFpbXBvcnRhbnQlM0IlMEElMjAlMjAlMjAlMjBib3JkZXIlM0ElMjAycHglMjBzb2xpZCUyMCUyM2ZmZmZmZiUyMCUyMWltcG9ydGFudCUzQiUwQSUyMCUyMCUyMCUyMHBhZGRpbmclM0ElMjAxOXB4JTIwNDVweCUyMCUyMWltcG9ydGFudCUzQiUwQSUyMCUyMCUyMCUyMHRyYW5zaXRpb24lM0ElMjBhbGwlMjBlYXNlJTIwMC4zcyUzQiUwQSUyMCUyMCUyMCUyMGNvbG9yJTNBJTIwJTIzZmZmZmZmJTIwJTIxaW1wb3J0YW50JTNCJTBBJTIwJTIwJTIwJTIwYmFja2dyb3VuZC1pbWFnZSUzQSUyMG5vbmUlMjAlMjFpbXBvcnRhbnQlM0IlMEElN0QlMEEuY3VzdG9tX2J0biUyMGElM0Fob3ZlciU3QiUwQSUyMCUyMCUyMCUyMGJvcmRlciUzQSUyMDJweCUyMHNvbGlkJTIwJTIzODVjNDNmJTIwJTIxaW1wb3J0YW50JTNCJTBBJTIwJTIwJTIwJTIwYmFja2dyb3VuZC1jb2xvciUzQSUyMCUyMzg1YzQzZiUyMCUyMWltcG9ydGFudCUzQiUwQSU3RCUwQS5jdXNfYnRuJTdCJTBBJTIwJTIwJTIwJTIwYm9yZGVyJTNBJTIwMCUzQiUwQSU3RCUwQSUyMCUyMCUyMCUyMC5wYWdlLWlkLTMxOSUyMC53aWR0aC04JTJDLnBhZ2UtaWQtMzE5JTIwLndpZHRoLTEwJTdCJTBBJTIwJTIwJTIwJTIwJTIwJTIwJTIwJTIwbWFyZ2luJTNBMCUyMGF1dG8lM0IlMEElMjAlMjAlMjAlMjAlN0QlMEElMjAlMjAlMjAlMjAuZmloX2JveCU3QiUwQSUyMCUyMCUyMCUyMCUyMCUyMCUyMCUyMGRpc3BsYXklM0ElMjBpbmxpbmUtYmxvY2slM0IlMEElMjAlMjAlMjAlMjAlMjAlMjAlMjAlMjB3aWR0aCUzQSUyMDIwJTI1JTNCJTBBJTIwJTIwJTIwJTIwJTIwJTIwJTIwJTIwZmxvYXQlM0ElMjBsZWZ0JTNCJTBBJTIwJTIwJTIwJTIwJTIwJTIwJTIwJTIwY29sb3IlM0ElMjNmZmYlM0IlMEElMjAlMjAlMjAlMjAlMjAlMjAlMjAlMjBwYWRkaW5nJTNBMCUyMDE1cHglM0IlMEElMjAlMjAlMjAlMjAlN0QlMEElMjAlMjAlMjAlMjAuZmloX2gyJTdCJTBBJTIwJTIwJTIwJTIwJTIwJTIwJTIwJTIwZm9udC1zaXplJTNBMjBweCUzQiUwQSUyMCUyMCUyMCUyMCUyMCUyMCUyMCUyMGNvbG9yJTNBJTIzZmZmJTNCJTBBJTIwJTIwJTIwJTIwJTIwJTIwJTIwJTIwbWFyZ2luLWJvdHRvbSUzQTE1cHglM0IlMEElMjAlMjAlMjAlMjAlMjAlMjAlMjAlMjB0ZXh0LWFsaWduJTNBY2VudGVyJTNCJTBBJTIwJTIwJTIwJTIwJTdEJTBBJTIwJTIwJTIwJTIwLmZpaF9oMiUyQnVsJTdCJTBBJTIwJTIwJTIwJTIwJTIwJTIwJTIwJTIwY29sb3IlM0ElMjNmZmYlM0IlMEElMjAlMjAlMjAlMjAlMjAlMjAlMjAlMjBsaXN0LXN0eWxlJTNBbm9uZSUzQiUwQSUyMCUyMCUyMCUyMCUyMCUyMCUyMCUyMGZvbnQtc2l6ZSUzQTEuNnJlbSUzQiUwQSUyMCUyMCUyMCUyMCUyMCUyMCUyMCUyMHBhZGRpbmclM0EwJTNCJTBBJTIwJTIwJTIwJTIwJTIwJTIwJTIwJTIwbWFyZ2luJTNBMCUzQiUwQSUyMCUyMCUyMCUyMCU3RCUwQSUyMCUyMCUyMCUyMC5maWhfaDIlMkJ1bCUyMGxpJTdCJTBBJTIwJTIwJTIwJTIwJTIwJTIwJTIwJTIwYmFja2dyb3VuZCUzQSUyMHVybCUyOCUyRndwLWNvbnRlbnQlMkZ0aGVtZXMlMkZjY2dyYXNzJTJGYXNzZXRzJTJGaW1hZ2VzJTJGc3Rhci1vcmFuZ2UucG5nJTI5JTIwbm8tcmVwZWF0JTIwbGVmdCUyMHRvcCUzQiUwQSUyMCUyMCUyMCUyMCUyMCUyMCUyMCUyMHBhZGRpbmctbGVmdCUzQSUyMDM1cHglM0IlMEElMjAlMjAlMjAlMjAlMjAlMjAlMjAlMjBsaXN0LXN0eWxlJTNBJTIwbm9uZSUzQiUwQSUyMCUyMCUyMCUyMCUyMCUyMCUyMCUyMGxpbmUtaGVpZ2h0JTNBJTIwMjBweCUzQiUwQSUyMCUyMCUyMCUyMCUyMCUyMCUyMCUyMG1hcmdpbi1ib3R0b20lM0ElMjAxNXB4JTNCJTIwJTIwJTIwJTIwJTIwJTIwJTIwJTIwJTIwJTBBJTIwJTIwJTIwJTIwJTdEJTBBJTIwJTIwJTIwJTIwLmZpaF9ib3glMjBpbWclN0IlMEElMjAlMjAlMjAlMjAlMjAlMjAlMjAlMjBkaXNwbGF5JTNBYmxvY2slM0IlMEElMjAlMjAlMjAlMjAlMjAlMjAlMjAlMjBtYXJnaW4lM0ElMjAwJTIwYXV0byUzQiUwQSUyMCUyMCUyMCUyMCU3RCUwQSUyMCUyMCUyMCUyMCU0MG1lZGlhJTIwc2NyZWVuJTIwYW5kJTIwJTI4bWF4LXdpZHRoJTNBMTAyNHB4JTI5JTdCJTBBJTIwJTIwJTIwJTIwJTIwJTIwJTIwJTIwLmZpaF9ib3glN0IlMEElMjAlMjAlMjAlMjAlMjAlMjAlMjAlMjAlMjAlMjAlMjAlMjB3aWR0aCUzQTMzJTI1JTNCJTBBJTIwJTIwJTIwJTIwJTIwJTIwJTIwJTIwJTdEJTBBJTIwJTIwJTIwJTIwJTdEJTBBJTIwJTIwJTIwJTIwJTQwbWVkaWElMjBzY3JlZW4lMjBhbmQlMjAlMjhtYXgtd2lkdGglM0E0MTRweCUyOSU3QiUwQSUyMCUyMCUyMCUyMCUyMCUyMCUyMCUyMC5maWhfYm94JTdCJTBBJTIwJTIwJTIwJTIwJTIwJTIwJTIwJTIwJTIwJTIwJTIwJTIwd2lkdGglM0ExMDAlMjUlM0IlMEElMjAlMjAlMjAlMjAlMjAlMjAlMjAlMjAlMjAlMjAlMjAlMjBwYWRkaW5nJTNBMCUzQiUwQSUyMCUyMCUyMCUyMCUyMCUyMCUyMCUyMCU3RCUwQSUyMCUyMCUyMCUyMCU3RCUwQSUzQyUyRnN0eWxlJTNFJTBBJTNDZGl2JTIwY2xhc3MlM0QlMjJmaWhfYmxvY2slMjIlM0UlMEElMjAlMjAlMjAlMjAlM0NkaXYlMjBjbGFzcyUzRCUyMmZpaF9ib3glMjIlM0UlMEElMjAlMjAlMjAlMjAlMjAlMjAlMjAlMjAlM0NpbWclMjBzcmMlM0QlMjJodHRwcyUzQSUyRiUyRnd3dy5jY2dyYXNzLmNvbSUyRndwLWNvbnRlbnQlMkZ1cGxvYWRzJTJGMjAyMSUyRjA0JTJGQ2F0MV8ucG5nJTIyJTIwYWx0JTNEJTIyY2F0MSUyMiUzRSUwQSUyMCUyMCUyMCUyMCUyMCUyMCUyMCUyMCUzQ2gyJTIwY2xhc3MlM0QlMjJmaWhfaDIlMjIlM0VLYXRlZ29yaWElMjAxJTIwRmllbGQlM0MlMkZoMiUzRSUwQSUyMCUyMCUyMCUyMCUyMCUyMCUyMCUyMCUzQ3VsJTNFJTBBJTIwJTIwJTIwJTIwJTIwJTIwJTIwJTIwJTIwJTIwJTIwJTIwJTNDbGklM0VGSUglMjBHbG9iYWwlM0ElMjBOYXdhZG5pYW5hJTIwbXVyYXdhJTIwYmV6JTIwd3lwZSVDNSU4Mm5pZW5pYSUzQyUyRmxpJTNFJTBBJTIwJTIwJTIwJTIwJTIwJTIwJTIwJTIwJTIwJTIwJTIwJTIwJTNDbGklM0VVJUM1JUJDeXdhbnklMjB3JTIwbWklQzQlOTlkenluYXJvZG93eWNoJTIwdHJhbnNtaXNqYWNoJTIwaG9rZWpvd3ljaCUyMFRpZXIlMjAxJTNDJTJGbGklM0UlMEElMjAlMjAlMjAlMjAlMjAlMjAlMjAlMjAlM0MlMkZ1bCUzRSUwQSUyMCUyMCUyMCUyMCUzQyUyRmRpdiUzRSUwQSUyMCUyMCUyMCUyMCUzQ2RpdiUyMGNsYXNzJTNEJTIyZmloX2JveCUyMiUzRSUwQSUyMCUyMCUyMCUyMCUyMCUyMCUyMCUyMCUzQ2ltZyUyMHNyYyUzRCUyMmh0dHBzJTNBJTJGJTJGd3d3LmNjZ3Jhc3MuY29tJTJGd3AtY29udGVudCUyRnVwbG9hZHMlMkYyMDIxJTJGMDQlMkZDYXQyLnBuZyUyMiUyMGFsdCUzRCUyMmNhdDIlMjIlM0UlMEElMjAlMjAlMjAlMjAlMjAlMjAlMjAlMjAlM0NoMiUyMGNsYXNzJTNEJTIyZmloX2gyJTIyJTNFS2F0ZWdvcmlhJTIwMiUyMEZpZWxkJTNDJTJGaDIlM0UlMEElMjAlMjAlMjAlMjAlMjAlMjAlMjAlMjAlM0N1bCUzRSUwQSUyMCUyMCUyMCUyMCUyMCUyMCUyMCUyMCUyMCUyMCUyMCUyMCUzQ2xpJTNFRklIJTIwR2xvYmFsJTNBJTIwTmF3YWRuaWFuYSUyMG11cmF3YSUyMGJleiUyMHd5cGUlQzUlODJuaWVuaWElM0MlMkZsaSUzRSUwQSUyMCUyMCUyMCUyMCUyMCUyMCUyMCUyMCUyMCUyMCUyMCUyMCUzQ2xpJTNFVSVDNSVCQ3l3YW55JTIwZG8lMjB6YXdvZCVDMyVCM3clMjBrcmFqb3d5Y2glMjBpJTIwbWklQzQlOTlkenluYXJvZG93eWNoJTIwVGllciUyMDIlMjBvcmF6JTIwdHJlbmluZyVDMyVCM3clM0MlMkZsaSUzRSUwQSUyMCUyMCUyMCUyMCUyMCUyMCUyMCUyMCUzQyUyRnVsJTNFJTBBJTIwJTIwJTIwJTIwJTNDJTJGZGl2JTNFJTBBJTIwJTIwJTIwJTIwJTNDZGl2JTIwY2xhc3MlM0QlMjJmaWhfYm94JTIyJTNFJTBBJTIwJTIwJTIwJTIwJTIwJTIwJTIwJTIwJTNDaW1nJTIwc3JjJTNEJTIyaHR0cHMlM0ElMkYlMkZ3d3cuY2NncmFzcy5jb20lMkZ3cC1jb250ZW50JTJGdXBsb2FkcyUyRjIwMjElMkYwNCUyRkNhdDMucG5nJTIyJTIwYWx0JTNEJTIyY2F0MyUyMiUzRSUwQSUyMCUyMCUyMCUyMCUyMCUyMCUyMCUyMCUzQ2gyJTIwY2xhc3MlM0QlMjJmaWhfaDIlMjIlM0VLYXRlZ29yaWElMjAzJTIwRmllbGQlM0MlMkZoMiUzRSUwQSUyMCUyMCUyMCUyMCUyMCUyMCUyMCUyMCUzQ3VsJTNFJTBBJTIwJTIwJTIwJTIwJTIwJTIwJTIwJTIwJTIwJTIwJTIwJTIwJTNDbGklM0VGSUglMjBOYXRpb25hbCUzQSUyMFRyYXdhJTIwc3ludGV0eWN6bmElMjBvJTIwbmF3aWVyemNobmklMjB3eXBlJUM1JTgybmlvbmVqJTIwcGlhc2tpZW0lM0NiciUzRSUwQUZJSCUyMEdsb2JhbCUzQSUyME1va3JhJTIwbXVyYXdhJTIwYmV6JTIwd3lwZSVDNSU4Mm5pZW5pYSUzQyUyRmxpJTNFJTBBJTIwJTIwJTIwJTIwJTIwJTIwJTIwJTIwJTIwJTIwJTIwJTIwJTNDbGklM0VVJUM1JUJDeXdhbnklMjBkbyUyMHphd29kJUMzJUIzdyUyMGtyYWpvd3ljaCUyMGklMjBsb2thbG55Y2glMjBvcmF6JTIwdHJlbmluZyVDMyVCM3clM0MlMkZsaSUzRSUwQSUyMCUyMCUyMCUyMCUyMCUyMCUyMCUyMCUzQyUyRnVsJTNFJTBBJTIwJTIwJTIwJTIwJTNDJTJGZGl2JTNFJTBBJTIwJTIwJTIwJTIwJTNDZGl2JTIwY2xhc3MlM0QlMjJmaWhfYm94JTIyJTNFJTBBJTIwJTIwJTIwJTIwJTIwJTIwJTIwJTIwJTNDaW1nJTIwc3JjJTNEJTIyaHR0cHMlM0ElMkYlMkZ3d3cuY2NncmFzcy5jb20lMkZ3cC1jb250ZW50JTJGdXBsb2FkcyUyRjIwMjElMkYwNCUyRkNhdDQucG5nJTIyJTIwYWx0JTNEJTIyY2F0NCUyMiUzRSUwQSUyMCUyMCUyMCUyMCUyMCUyMCUyMCUyMCUzQ2gyJTIwY2xhc3MlM0QlMjJmaWhfaDIlMjIlM0VLYXRlZ29yaWElMjA0JTIwRmllbGQlM0MlMkZoMiUzRSUwQSUyMCUyMCUyMCUyMCUyMCUyMCUyMCUyMCUzQ3VsJTNFJTBBJTIwJTIwJTIwJTIwJTIwJTIwJTIwJTIwJTIwJTIwJTIwJTIwJTNDbGklM0VGSUglMjBDb21tdW5pdHklMjAlM0ElM0NiciUzRSUwQSUyMCUyMCUyMCUyMCUyMCUyMCUyMCUyMCUyMCUyMCUyMCUyMCUyMCUyMCUyMCUyMCUyMCUyMCUyMCUyMCUyMEhvY2tleSUyMHBsdXMlMjBNdWx0aS1zcG9ydCUzQSUyMHN5bnRldHljem5hJTIwdHJhd2ElMjB3eXBlJUM1JTgybmlvbmElMjBwaWFza2llbSUyMGx1YiUyMHRla3N0eWxuYSUyMG5hd2llcnpjaG5pYSUyMHNwb3J0b3dhJTNDYnIlM0UlMEElMjAlMjAlMjAlMjAlMjAlMjAlMjAlMjAlMjAlMjAlMjAlMjAlMjAlMjAlMjAlMjAlMjAlMjAlMjAlMjAlMjBHZW4lMjAyJTIwLSUyMG5hd2llcnpjaG5pYSUyMHNwb3J0b3dhJTIweiUyMHRyYXd5JTIwc3ludGV0eWN6bmVqJTIwbHViJTIwdGVrc3R5bG5hJTIweiUyMHBvc3lwayVDNCU4NSUyMHBpYXNrb3clQzQlODUlM0MlMkZsaSUzRSUwQSUyMCUyMCUyMCUyMCUyMCUyMCUyMCUyMCUyMCUyMCUyMCUyMCUzQ2xpJTNFV3lrb3J6eXN0eXdhbmUlMjB3JTIwa29ua3Vyc2FjaCUyMGklMjBzemtvbGVuaWFjaCUyMGRsYSUyMHNwbyVDNSU4MmVjem5vJUM1JTlCY2klMjBpJTIwc2VrdG9yYSUyMGVkdWthY2ppJTNDJTJGbGklM0UlMEElMjAlMjAlMjAlMjAlMjAlMjAlMjAlMjAlM0MlMkZ1bCUzRSUwQSUyMCUyMCUyMCUyMCUzQyUyRmRpdiUzRSUwQSUyMCUyMCUyMCUyMCUzQ2RpdiUyMGNsYXNzJTNEJTIyZmloX2JveCUyMiUzRSUwQSUyMCUyMCUyMCUyMCUyMCUyMCUyMCUyMCUzQ2ltZyUyMHNyYyUzRCUyMmh0dHBzJTNBJTJGJTJGd3d3LmNjZ3Jhc3MuY29tJTJGd3AtY29udGVudCUyRnVwbG9hZHMlMkYyMDIxJTJGMDQlMkZDYXQ1LnBuZyUyMiUyMGFsdCUzRCUyMmNhdDUlMjIlM0UlMEElMjAlMjAlMjAlMjAlMjAlMjAlMjAlMjAlM0NoMiUyMGNsYXNzJTNEJTIyZmloX2gyJTIyJTNFS2F0ZWdvcmlhJTIwNSUyMEZpZWxkJTNDJTJGaDIlM0UlMEElMjAlMjAlMjAlMjAlMjAlMjAlMjAlMjAlM0N1bCUzRSUwQSUyMCUyMCUyMCUyMCUyMCUyMCUyMCUyMCUyMCUyMCUyMCUyMCUzQ2xpJTNFRklIJTIwQ29tbXVuaXR5JTIwJTNBJTIwM0clMjBNdWx0aS1zcG9ydCUyMC0lMjB0cmF3YSUyMHN5bnRldHljem5hJTIweiUyMGQlQzUlODJ1Z2ltJTIwdyVDNSU4Mm9zaWVtJTNDJTJGbGklM0UlMEElMjAlMjAlMjAlMjAlMjAlMjAlMjAlMjAlMjAlMjAlMjAlMjAlM0NsaSUzRVUlQzUlQkN5d2FueSUyMGRvJTIwYm9pc2slMjBtdWx0aXNwb3J0b3d5Y2glMjB6YXByb2pla3Rvd2FueWNoJTIwZyVDNSU4MiVDMyVCM3duaWUlMjBkbyUyMGR1JUM1JUJDeWNoJTIwc3BvcnQlQzMlQjN3JTIweiUyMHBpJUM1JTgyayVDNCU4NSUyQyUyMHolMjBob2tlamVtJTIwamFrbyUyMHNwb3J0ZW0lMjBkcnVnb3J6JUM0JTk5ZG55bSUzQyUyRmxpJTNFJTBBJTIwJTIwJTIwJTIwJTIwJTIwJTIwJTIwJTNDJTJGdWwlM0UlMEElMjAlMjAlMjAlMjAlM0MlMkZkaXYlM0UlMjAlMjAlMjAlMjAlMjAlMjAlMjAlMjAlMjAlMjAlMjAlMjAlMEElM0MlMkZkaXYlM0U=[\/vc_raw_html][vc_empty_space height=&#8221;35px&#8221;][vc_row_inner][vc_column_inner][vc_empty_space height=&#8221;75px&#8221; el_class=&#8221;hidden-xs&#8221;][\/vc_column_inner][\/vc_row_inner][\/vc_column][\/vc_row][vc_row css=&#8221;.vc_custom_1521594876844{padding-top: 45px !important;padding-bottom: 20px !important;}&#8221;][vc_column][vc_column_text el_class=&#8221;section-title&#8221; css=&#8221;.vc_custom_1723269756029{padding-bottom: 5px !important;}&#8221;]\n<h1>Referencje<\/h1>\n[\/vc_column_text][vc_row_inner el_class=&#8221;case-articles-wrapper reference-articles-wrapper&#8221;][vc_column_inner width=&#8221;1\/4&#8243;][vc_column_text]\n<article class=\"case-items\">\n<div class=\"img-wrapper\"><img decoding=\"async\" src=\"https:\/\/www.ccgrass.com\/wp-content\/uploads\/2018\/04\/Ireland.jpg\" alt=\"\" \/><\/div>\n<div class=\"type-info\">\n<h5 class=\"white text-uppercase\">Ireland<\/h5>\n<\/div>\n<\/article>\n[\/vc_column_text][\/vc_column_inner][vc_column_inner width=&#8221;1\/4&#8243;][vc_column_text]\n<article class=\"case-items\">\n<div class=\"img-wrapper\"><img decoding=\"async\" src=\"https:\/\/www.ccgrass.com\/wp-content\/uploads\/2018\/04\/India.jpg\" alt=\"\" \/><\/div>\n<div class=\"type-info\">\n<h5 class=\"white text-uppercase\">India<\/h5>\n<\/div>\n<\/article>\n[\/vc_column_text][\/vc_column_inner][vc_column_inner width=&#8221;1\/4&#8243;][vc_column_text]\n<article class=\"case-items\">\n<div class=\"img-wrapper\"><img decoding=\"async\" src=\"https:\/\/www.ccgrass.com\/wp-content\/uploads\/2017\/03\/af2.jpg\" alt=\"\" \/><\/div>\n<div class=\"type-info\">\n<h5 class=\"white\">SOUTH AFRICA<\/h5>\n<\/div>\n<\/article>\n[\/vc_column_text][\/vc_column_inner][vc_column_inner width=&#8221;1\/4&#8243;][vc_column_text]\n<article class=\"case-items\">\n<div class=\"img-wrapper\"><img decoding=\"async\" src=\"https:\/\/www.ccgrass.com\/wp-content\/uploads\/2017\/03\/uk-18.jpg\" alt=\"\" \/><\/div>\n<div class=\"type-info\">\n<h5 class=\"white\">UK<\/h5>\n<\/div>\n<\/article>\n[\/vc_column_text][\/vc_column_inner][\/vc_row_inner][\/vc_column][\/vc_row]\n","protected":false},"excerpt":{"rendered":"<p>[vc_row full_width=&#8221;stretch_row&#8221; css=&#8221;.vc_custom_1521786301489{background-image: url(https:\/\/www.ccgrass.com\/wp-content\/uploads\/2017\/03\/Group-241.png?id=1983) !important;background-position: 0 0 !important;background-repeat: no-repeat !important;}&#8221; el_class=&#8221;fifa-top-section&#8221;][vc_column][vc_empty_space height=&#8221;55px&#8221;][vc_single_image image=&#8221;1975&#8243; img_size=&#8221;full&#8221; alignment=&#8221;center&#8221;][vc_column_text] PREFEROWANY DOSTAWCA FIH [\/vc_column_text][vc_single_image image=&#8221;7376&#8243; img_size=&#8221;full&#8221; alignment=&#8221;center&#8221;][vc_empty_space height=&#8221;25px&#8221;][\/vc_column][\/vc_row][vc_row full_width=&#8221;stretch_row&#8221; css=&#8221;.vc_custom_1521786316009{background-image: url(https:\/\/www.ccgrass.com\/wp-content\/uploads\/2017\/03\/PREFERRED-SUPPLIER-bg.jpg?id=1988) !important;background-position: center !important;background-repeat: no-repeat !important;background-size: cover !important;}&#8221;][vc_column css=&#8221;.vc_custom_1521612867336{padding-top: 0px !important;}&#8221;][vc_row_inner equal_height=&#8221;yes&#8221; content_placement=&#8221;middle&#8221; css=&#8221;.vc_custom_1676253044351{padding-top: 100px !important;padding-bottom: 100px !important;}&#8221;][vc_column_inner][vc_column_text el_class=&#8221;remove-br &#8220;] Co to jest Preferowany Dostawca FIH? [\/vc_column_text][vc_column_text el_class=&#8221;remove-br white &#8220;] [&hellip;]<\/p>\n","protected":false},"author":1,"featured_media":1986,"parent":40,"menu_order":47,"comment_status":"closed","ping_status":"closed","template":"","meta":{"_acf_changed":false,"footnotes":""},"class_list":["post-319","page","type-page","status-publish","has-post-thumbnail","hentry"],"acf":[],"_links":{"self":[{"href":"https:\/\/www.ccgrass.com\/pl\/wp-json\/wp\/v2\/pages\/319","targetHints":{"allow":["GET"]}}],"collection":[{"href":"https:\/\/www.ccgrass.com\/pl\/wp-json\/wp\/v2\/pages"}],"about":[{"href":"https:\/\/www.ccgrass.com\/pl\/wp-json\/wp\/v2\/types\/page"}],"author":[{"embeddable":true,"href":"https:\/\/www.ccgrass.com\/pl\/wp-json\/wp\/v2\/users\/1"}],"replies":[{"embeddable":true,"href":"https:\/\/www.ccgrass.com\/pl\/wp-json\/wp\/v2\/comments?post=319"}],"version-history":[{"count":0,"href":"https:\/\/www.ccgrass.com\/pl\/wp-json\/wp\/v2\/pages\/319\/revisions"}],"up":[{"embeddable":true,"href":"https:\/\/www.ccgrass.com\/pl\/wp-json\/wp\/v2\/pages\/40"}],"wp:featuredmedia":[{"embeddable":true,"href":"https:\/\/www.ccgrass.com\/pl\/wp-json\/wp\/v2\/media\/1986"}],"wp:attachment":[{"href":"https:\/\/www.ccgrass.com\/pl\/wp-json\/wp\/v2\/media?parent=319"}],"curies":[{"name":"wp","href":"https:\/\/api.w.org\/{rel}","templated":true}]}}