{"id":300,"date":"2017-03-25T07:44:43","date_gmt":"2017-03-25T07:44:43","guid":{"rendered":"https:\/\/www.ccgrass.com\/?page_id=300"},"modified":"2024-07-12T02:12:51","modified_gmt":"2024-07-12T02:12:51","slug":"artificial-grass-factory-tour","status":"publish","type":"page","link":"https:\/\/www.ccgrass.com\/pl\/the-company\/artificial-grass-factory-tour\/","title":{"rendered":"Wycieczka po fabryce"},"content":{"rendered":"[vc_row css=&#8221;.vc_custom_1675924808325{margin-top: 90px !important;}&#8221;][vc_column][vc_column_text el_class=&#8221;gray about-lead-content&#8221;]\n<h2 class=\"section-title\">Mi\u0119dzynarodowa i zmodernizowana fabryka sztucznej trawy<\/h2>\n[\/vc_column_text][vc_column_text el_class=&#8221;gray about-lead-content&#8221;]CCGrass rozpocz\u0119\u0142a produkcj\u0119 sztucznej trawy w 2002 roku i obecnie prowadzi najwi\u0119ksz\u0105 na \u015bwiecie fabryk\u0119 sztucznej trawy, kt\u00f3ra wraz z nasz\u0105 oryginaln\u0105 fabryk\u0105 ma roczn\u0105 wydajno\u015b\u0107 ponad 100 000 000\u33a1. \u0141\u0105czna powierzchnia obu fabryk wynosi oko\u0142o 800 000\u33a1, a ponad 4000 pracownik\u00f3w starannie wykonuje ka\u017cdy etap procesu produkcyjnego, w tym wyt\u0142aczanie i skr\u0119canie prz\u0119dzy, tuftowanie (ig\u0142owanie) darni, podk\u0142ad lateksowy lub PU i wyko\u0144czenie. Ka\u017cdy etap jest wykonywany przy u\u017cyciu najbardziej zaawansowanego sprz\u0119tu produkcyjnego, przy jednoczesnym zachowaniu \u015bcis\u0142ych standard\u00f3w kontroli jako\u015bci. W rzeczywisto\u015bci CCGrass zatrudnia ponad 150 sta\u0142ych pracownik\u00f3w, kt\u00f3rzy koncentruj\u0105 si\u0119 wy\u0142\u0105cznie na zapewnieniu jako\u015bci. Pozostaje ona na pierwszym miejscu we wszystkim, co robimy.<\/p>\n<p>Nasi pracownicy s\u0105 przeszkoleni, zmotywowani i odpowiedzialni, oferuj\u0105c do\u015bwiadczenie i po\u015bwi\u0119cenie, aby zapewni\u0107, \u017ce CCGrass produkuje najlepsz\u0105 traw\u0119 syntetyczn\u0105 na \u015bwiecie. Dbamy o \u015brodowisko we wszystkim, co robimy, a nasze fabryki s\u0105 zasilane panelami s\u0142onecznymi, a my bierzemy odpowiedzialno\u015b\u0107 za recykling naszych w\u0142asnych odpad\u00f3w. Fabryka sztucznej trawy CCGrass jest uwa\u017cana za jedn\u0105 z najlepiej zarz\u0105dzanych fabryk w bran\u017cy sztucznej trawy. Poza tym nasze fabryki s\u0105 zgodne z normami ISO9001 i ISO14001 i przechodz\u0105 r\u00f3\u017cnego rodzaju rygorystyczne audyty fabryczne, takie jak BSCI, WFSGI i ICS.[\/vc_column_text][\/vc_column][\/vc_row][vc_row][vc_column][vc_row_inner el_class=&#8221;flexbox&#8221;][vc_column_inner width=&#8221;1\/4&#8243;][vc_single_image image=&#8221;954&#8243; img_size=&#8221;full&#8221; alignment=&#8221;center&#8221; onclick=&#8221;custom_link&#8221; img_link_target=&#8221;_blank&#8221; link=&#8221;https:\/\/www.youtube.com\/watch?v=zS2mhMK_LHs&#8221;][\/vc_column_inner][vc_column_inner width=&#8221;1\/4&#8243;][vc_single_image image=&#8221;955&#8243; img_size=&#8221;full&#8221; alignment=&#8221;center&#8221; onclick=&#8221;custom_link&#8221; img_link_target=&#8221;_blank&#8221; link=&#8221;https:\/\/www.youtube.com\/watch?v=UCnU_NWnNQc&#8221;][\/vc_column_inner][vc_column_inner width=&#8221;1\/4&#8243;][vc_single_image image=&#8221;956&#8243; img_size=&#8221;full&#8221; alignment=&#8221;center&#8221; onclick=&#8221;custom_link&#8221; img_link_target=&#8221;_blank&#8221; link=&#8221;https:\/\/www.youtube.com\/watch?v=mPdTrciyv-Y&#8221;][\/vc_column_inner][\/vc_row_inner][\/vc_column][\/vc_row][vc_row full_width=&#8221;stretch_row_content_no_spaces&#8221; css=&#8221;.vc_custom_1675926603364{margin-top: 50px !important;}&#8221;][vc_column width=&#8221;1\/2&#8243;][vc_single_image image=&#8221;9102&#8243; img_size=&#8221;full&#8221;][\/vc_column][vc_column width=&#8221;1\/2&#8243;][vc_single_image image=&#8221;9097&#8243; img_size=&#8221;full&#8221;][\/vc_column][\/vc_row][vc_row css=&#8221;.vc_custom_1675908406937{padding-top: 50px !important;}&#8221;][vc_column][vc_row_inner css=&#8221;.vc_custom_1675931471025{padding-bottom: 5px !important;}&#8221;][vc_column_inner][vc_column_text el_class=&#8221;gray about-lead-content&#8221;]\n<h2 class=\"section-title\">Profesjonalne procesy produkcji sztucznej trawy<\/h2>\n[\/vc_column_text][vc_column_text el_class=&#8221;gray about-lead-content&#8221;]Dowiedz si\u0119 wi\u0119cej o procesach produkcyjnych zwi\u0105zanych z wytwarzaniem najlepszej na \u015bwiecie trawy syntetycznej. CCGrass, najwi\u0119ksza na \u015bwiecie fabryka sztucznej trawy, wyja\u015bnia proces produkcji najwy\u017cszej jako\u015bci sztucznej trawy. Przyjrzyjmy si\u0119 roli wyt\u0142aczania, skr\u0119cania, tuftowania i podk\u0142adu w produkcji najlepszej trawy syntetycznej. Jako hurtowy producent sztucznej trawy z ca\u0142kowit\u0105 produkcj\u0105 pod jednym dachem, mo\u017cesz liczy\u0107 na CCGrass w zakresie sta\u0142ej jako\u015bci i mo\u017cliwo\u015bci lepszego zarz\u0105dzania kosztami.<\/p>\n<p>Nawierzchnia z trawy syntetycznej r\u00f3\u017cni si\u0119 w zale\u017cno\u015bci od tego, jaki sport jest na niej uprawiany. Aby zapewni\u0107 lepsze wyniki sportowe, nawierzchnia musi mie\u0107 du\u017co widocznych w\u0142\u00f3kien i by\u0107 badana zgodnie z odpowiednimi normami. Na przyk\u0142ad, murawa do pi\u0142ki no\u017cnej, murawa do rugby, murawa GAA, murawa do futbolu ameryka\u0144skiego i murawa do australijskich przepis\u00f3w. Oznacza to u\u017cycie wyk\u0142adziny z d\u0142ugim w\u0142osiem, wykonanej ze spr\u0119\u017cystej, trwa\u0142ej i przyjaznej dla sk\u00f3ry prz\u0119dzy polietylenowej.[\/vc_column_text][\/vc_column_inner][vc_column_inner width=&#8221;1\/4&#8243;][vc_single_image image=&#8221;950&#8243; img_size=&#8221;full&#8221; alignment=&#8221;center&#8221; onclick=&#8221;custom_link&#8221; img_link_target=&#8221;_blank&#8221; link=&#8221;https:\/\/www.youtube.com\/watch?list=UUGWm4zDByoM-VyQuTVferKg&amp;v=dcuFdaZeQ1w&#8221;][\/vc_column_inner][vc_column_inner width=&#8221;1\/4&#8243;][vc_single_image image=&#8221;951&#8243; img_size=&#8221;full&#8221; alignment=&#8221;center&#8221; onclick=&#8221;custom_link&#8221; img_link_target=&#8221;_blank&#8221; link=&#8221;https:\/\/www.youtube.com\/watch?v=fMXd-Phv7Ow&#8221;][\/vc_column_inner][vc_column_inner width=&#8221;1\/4&#8243;][vc_single_image image=&#8221;952&#8243; img_size=&#8221;full&#8221; alignment=&#8221;center&#8221; onclick=&#8221;custom_link&#8221; img_link_target=&#8221;_blank&#8221; link=&#8221;https:\/\/www.youtube.com\/watch?v=fSH1Bca4vvM&#8221;][\/vc_column_inner][vc_column_inner width=&#8221;1\/4&#8243;][vc_single_image image=&#8221;953&#8243; img_size=&#8221;full&#8221; alignment=&#8221;center&#8221; onclick=&#8221;custom_link&#8221; img_link_target=&#8221;_blank&#8221; link=&#8221;https:\/\/www.youtube.com\/watch?v=1FXjlW5vx_0&#8243;][\/vc_column_inner][\/vc_row_inner][vc_column_text]\n<p style=\"text-align: center;\"><a class=\"cus_btn large-btn\" style=\"color: #85c43f;\" href=\"\/pl\/contact-us\/\">KONTAKT<\/a><\/p>\n[\/vc_column_text][vc_raw_html el_class=&#8221;nomargin&#8221;]JTNDc3R5bGUlM0UlMEFhLmxhcmdlLWJ0biUyMCU3QiUwQSUyMCUyMCUyMCUyMGZvbnQtZmFtaWx5JTNBJTIwJTI3SGVsdmV0aWNhTFRTdGQtQm9sZCUyNyUyQyUyMEhlbHZldGljYSUyQyUyMEFyaWFsJTJDJTIwc2Fucy1zZXJpZiUzQiUwQSU3RCUwQWEubGFyZ2UtYnRuJTNBaG92ZXIlN0IlMEElMjAlMjAlMjAlMjBib3JkZXItY29sb3IlM0ElMjAlMjM4NWM0M2YlMjAlMjFpbXBvcnRhbnQlM0IlMEElMjAlMjAlMjAlMjBjb2xvciUzQSUyMCUyM2ZmZmZmZiUyMCUyMWltcG9ydGFudCUzQiUwQSUyMCUyMCUyMCUyMGJhY2tncm91bmQlM0ElMjAlMjM4NWM0M2YlMjAlMjFpbXBvcnRhbnQlM0IlMEElN0QlMEEubm9tYXJnaW4lN0IlMEElMjAlMjAlMjAlMjBtYXJnaW4lM0ElMjAwJTIwJTIxaW1wb3J0YW50JTNCJTBBJTdEJTBBLndwYl9zaW5nbGVfaW1hZ2Uud3BiX2NvbnRlbnRfZWxlbWVudC52Y19hbGlnbl9jZW50ZXIlMjAlN0IlMEElMjAlMjAlMjAlMjBwb3NpdGlvbiUzQSUyMHJlbGF0aXZlJTNCJTBBJTdEJTBBaDIud3BiX2hlYWRpbmcud3BiX3NpbmdsZWltYWdlX2hlYWRpbmclMjAlN0IlMEElMjAlMjAlMjAlMjBmb250LXNpemUlM0ElMjAzNHB4JTNCJTBBJTIwJTIwJTIwJTIwcG9zaXRpb24lM0ElMjBhYnNvbHV0ZSUzQiUwQSUyMCUyMCUyMCUyMHdpZHRoJTNBJTIwMTAwJTI1JTNCJTBBJTIwJTIwJTIwJTIwZGlzcGxheSUzQSUyMGZsZXglM0IlMEElMjAlMjAlMjAlMjBhbGlnbi1pdGVtcyUzQSUyMGNlbnRlciUzQiUwQSUyMCUyMCUyMCUyMGp1c3RpZnktY29udGVudCUzQSUyMGNlbnRlciUzQiUwQSUyMCUyMCUyMCUyMGNvbG9yJTNBJTIwJTIzODVDNDNGJTNCJTBBJTIwJTIwJTIwJTIwYm90dG9tJTNBJTIwMTUlMjUlM0IlMEElN0QlMEEuZmxleGJveCUyMCU3QiUwQSUyMCUyMCUyMCUyMGRpc3BsYXklM0ElMjBmbGV4JTNCJTBBJTIwJTIwJTIwJTIwYWxpZ24taXRlbXMlM0ElMjBjZW50ZXIlM0IlMEElMjAlMjAlMjAlMjBqdXN0aWZ5LWNvbnRlbnQlM0ElMjBjZW50ZXIlM0IlMEElMjAlMjAlMjAlMjBmbGV4LXdyYXAlM0ElMjB3cmFwJTNCJTBBJTdEJTBBJTNDJTJGc3R5bGUlM0U=[\/vc_raw_html][\/vc_column][\/vc_row]\n","protected":false},"excerpt":{"rendered":"<p>[vc_row css=&#8221;.vc_custom_1675924808325{margin-top: 90px !important;}&#8221;][vc_column][vc_column_text el_class=&#8221;gray about-lead-content&#8221;] Mi\u0119dzynarodowa i zmodernizowana fabryka sztucznej trawy [\/vc_column_text][vc_column_text el_class=&#8221;gray about-lead-content&#8221;]CCGrass rozpocz\u0119\u0142a produkcj\u0119 sztucznej trawy w 2002 roku i obecnie prowadzi najwi\u0119ksz\u0105 na \u015bwiecie fabryk\u0119 sztucznej trawy, kt\u00f3ra wraz z nasz\u0105 oryginaln\u0105 fabryk\u0105 ma roczn\u0105 wydajno\u015b\u0107 ponad 100 000 000\u33a1. \u0141\u0105czna powierzchnia obu fabryk wynosi oko\u0142o 800 000\u33a1, a ponad 4000 [&hellip;]<\/p>\n","protected":false},"author":1,"featured_media":563,"parent":36,"menu_order":45,"comment_status":"closed","ping_status":"closed","template":"","meta":{"_acf_changed":false,"footnotes":""},"class_list":["post-300","page","type-page","status-publish","has-post-thumbnail","hentry"],"acf":[],"_links":{"self":[{"href":"https:\/\/www.ccgrass.com\/pl\/wp-json\/wp\/v2\/pages\/300","targetHints":{"allow":["GET"]}}],"collection":[{"href":"https:\/\/www.ccgrass.com\/pl\/wp-json\/wp\/v2\/pages"}],"about":[{"href":"https:\/\/www.ccgrass.com\/pl\/wp-json\/wp\/v2\/types\/page"}],"author":[{"embeddable":true,"href":"https:\/\/www.ccgrass.com\/pl\/wp-json\/wp\/v2\/users\/1"}],"replies":[{"embeddable":true,"href":"https:\/\/www.ccgrass.com\/pl\/wp-json\/wp\/v2\/comments?post=300"}],"version-history":[{"count":0,"href":"https:\/\/www.ccgrass.com\/pl\/wp-json\/wp\/v2\/pages\/300\/revisions"}],"up":[{"embeddable":true,"href":"https:\/\/www.ccgrass.com\/pl\/wp-json\/wp\/v2\/pages\/36"}],"wp:featuredmedia":[{"embeddable":true,"href":"https:\/\/www.ccgrass.com\/pl\/wp-json\/wp\/v2\/media\/563"}],"wp:attachment":[{"href":"https:\/\/www.ccgrass.com\/pl\/wp-json\/wp\/v2\/media?parent=300"}],"curies":[{"name":"wp","href":"https:\/\/api.w.org\/{rel}","templated":true}]}}