{"id":2387,"date":"2018-05-31T09:24:58","date_gmt":"2018-05-31T09:24:58","guid":{"rendered":"https:\/\/www.ccgrass.com\/?page_id=2387"},"modified":"2026-02-11T03:55:49","modified_gmt":"2026-02-11T03:55:49","slug":"world-rugby-preferred-turf-producer","status":"publish","type":"page","link":"https:\/\/www.ccgrass.com\/pl\/qualifications\/world-rugby-preferred-turf-producer\/","title":{"rendered":"Preferowany producent murawy World Rugby"},"content":{"rendered":"[vc_row full_width=&#8221;stretch_row&#8221; css=&#8221;.vc_custom_1527133612027{padding-top: 50px !important;padding-bottom: 50px !important;background: #1d2c50 url(https:\/\/www.ccgrass.com\/wp-content\/uploads\/2018\/05\/World-Rugby-Preferred-Turf-Producer-section01-bg.png?id=1344) !important;background-position: 0 0 !important;background-repeat: no-repeat !important;}&#8221; el_class=&#8221;world-section world-section01&#8243;][vc_column css=&#8221;.vc_custom_1527133225921{padding-top: 0px !important;}&#8221;][vc_empty_space height=&#8221;50px&#8221; el_class=&#8221;hidden-xs&#8221;][vc_single_image image=&#8221;2397&#8243; img_size=&#8221;287X30&#8243; alignment=&#8221;center&#8221; css=&#8221;.vc_custom_1527759272282{margin-bottom: 40px !important;}&#8221;][vc_empty_space height=&#8221;20px&#8221; el_class=&#8221;hidden-xs&#8221;][vc_column_text css=&#8221;.vc_custom_1723270489000{margin-bottom: 40px !important;}&#8221; el_class=&#8221;text-center&#8221;]\n<h1 class=\"global-section-title\">Preferowany producent murawy World Rugby<\/h1>\n[\/vc_column_text][vc_empty_space height=&#8221;20px&#8221; el_class=&#8221;hidden-xs&#8221;][vc_single_image image=&#8221;2364&#8243; img_size=&#8221;380X380&#8243; alignment=&#8221;center&#8221; css=&#8221;.vc_custom_1527759000109{margin-bottom: 0px !important;padding-right: 80px !important;padding-left: 80px !important;}&#8221;][vc_empty_space height=&#8221;50px&#8221; el_class=&#8221;hidden-xs&#8221;][\/vc_column][\/vc_row][vc_row full_width=&#8221;stretch_row&#8221; css=&#8221;.vc_custom_1527138087402{padding-top: 50px !important;padding-bottom: 50px !important;background-color: #7ab24b !important;}&#8221; el_class=&#8221;world-section03 text-center&#8221;][vc_column css=&#8221;.vc_custom_1527138143559{padding-top: 0px !important;}&#8221;][vc_empty_space height=&#8221;20px&#8221; el_class=&#8221;hidden-xs&#8221;][vc_column_text]\n<h2 class=\"global-section-title-blue\">Co to<br \/>\njest preferowany producent murawy World Rugby?<\/h2>\n[\/vc_column_text][vc_column_text]\n<div class=\"global-section-desc-blue\"><a style=\"color: #fff;\" href=\"https:\/\/www.world.rugby\/news\/321874\" rel=\"nofollow noopener\" target=\"_blank\">Preferowani producenci sztucznej trawy World Rugby<\/a>\u00a0to firmy, kt\u00f3re \u015bwiadcz\u0105 us\u0142ugi &#8220;pod klucz&#8221;, od projektowania i budowy po dalsze szkolenia w zakresie konserwacji. Wierz\u0105 w znaczenie bada\u0144 i rozwoju w celu ci\u0105g\u0142ego ulepszania technologii sztucznej trawy.<\/div>\n[\/vc_column_text][vc_empty_space height=&#8221;20px&#8221; el_class=&#8221;hidden-xs&#8221;][vc_single_image image=&#8221;11281&#8243; img_size=&#8221;800&#215;566&#8243; alignment=&#8221;center&#8221; css=&#8221;.vc_custom_1770782142173{margin-bottom: 0px !important;padding-right: 20px !important;padding-left: 20px !important;}&#8221;][vc_empty_space height=&#8221;25px&#8221; el_class=&#8221;hidden-xs&#8221;][\/vc_column][\/vc_row][vc_row full_width=&#8221;stretch_row&#8221; css=&#8221;.vc_custom_1527907033736{padding-top: 50px !important;padding-bottom: 30px !important;background: #1d2c50 url(https:\/\/www.ccgrass.com\/wp-content\/uploads\/2018\/06\/Why-choose-a-World-Rugby-Preferred-Turf-Producer-bg.jpg?id=2428) !important;background-position: center !important;background-repeat: no-repeat !important;background-size: cover !important;}&#8221; el_class=&#8221;world-section04 text-center&#8221;][vc_column css=&#8221;.vc_custom_1527139836180{padding-top: 0px !important;}&#8221;][vc_empty_space height=&#8221;50px&#8221; el_class=&#8221;hidden-xs&#8221;][vc_column_text]\n<h2 class=\"global-section-title\">Dlaczego warto<br \/>\nwybra\u0107 preferowanego producenta murawy World Rugby?<\/h2>\n[\/vc_column_text][vc_column_text]\n<div class=\"global-section-desc\">Zakup od producenta World Rugby Preferred Turf gwarantuje wydajno\u015b\u0107 i ochron\u0119 interes\u00f3w klienta.<\/div>\n[\/vc_column_text][vc_column_text css=&#8221;.vc_custom_1723270646384{margin-bottom: 0px !important;}&#8221; el_class=&#8221;width-1000 text-left&#8221;]\n<div class=\"row world-section-list-wrap\">\n<div class=\"col-xs-12 col-sm-6\">\n<ul class=\"world-section-list list-unstyled\">\n<li class=\"world-section-item\">Zaanga\u017cowanie w zapewnienie najwy\u017cszych mo\u017cliwych standard\u00f3w dobrostanu i wydajno\u015bci graczy<\/li>\n<li class=\"world-section-item\">Umowa z World Rugby zobowi\u0105zuje nas do zapewnienia wysokiego poziomu us\u0142ug i instalacji produkt\u00f3w.<\/li>\n<\/ul>\n<\/div>\n<div class=\"col-xs-12 col-sm-6\">\n<ul class=\"world-section-list list-unstyled\">\n<li class=\"world-section-item\">Boiska z certyfikatem World Rugby Regulation 22 zapewniaj\u0105 wysok\u0105 wydajno\u015b\u0107 gry, jak na najlepszej naturalnej murawie.<\/li>\n<li class=\"world-section-item\">Testowanie przez akredytowane przez World Rugby instytuty testowe w celu zapewnienia rygorystycznych standard\u00f3w bezpiecze\u0144stwa.<\/li>\n<\/ul>\n<\/div>\n<\/div>\n[\/vc_column_text][vc_empty_space height=&#8221;50px&#8221; el_class=&#8221;hidden-xs&#8221;][\/vc_column][\/vc_row][vc_row full_width=&#8221;stretch_row&#8221; css=&#8221;.vc_custom_1527477174412{padding-top: 50px !important;padding-bottom: 30px !important;background-color: #7ab24b !important;}&#8221; el_class=&#8221;world-section04 text-center&#8221;][vc_column css=&#8221;.vc_custom_1527139836180{padding-top: 0px !important;}&#8221;][vc_empty_space height=&#8221;50px&#8221; el_class=&#8221;hidden-xs&#8221;][vc_column_text]\n<h2 class=\"global-section-title-blue\">Jako preferowany producent murawy World Rugby,<br \/>\nCo jeszcze mo\u017ce zaoferowa\u0107 CCGrass?<\/h2>\n[\/vc_column_text][vc_column_text css=&#8221;.vc_custom_1723270744608{margin-bottom: 0px !important;}&#8221; el_class=&#8221;width-1000 text-left&#8221;]\n<div class=\"row world-section-list-wrap\">\n<div class=\"col-xs-12 col-sm-6\">\n<ul class=\"world-section-list world-section-list-blue list-unstyled\">\n<li class=\"world-section-item\">Produkty premium zgodne z regulaminem World Rugby 22<\/li>\n<li class=\"world-section-item\">Profesjonalne doradztwo w zakresie wyboru system\u00f3w<\/li>\n<li class=\"world-section-item\">Pe\u0142ne wsparcie serwisowe, w tym projektowanie w terenie, instalacja i konserwacja<\/li>\n<\/ul>\n<\/div>\n<div class=\"col-xs-12 col-sm-6\">\n<ul class=\"world-section-list world-section-list-blue list-unstyled\">\n<li class=\"world-section-item\">Zorganizowa\u0142 niezale\u017cne testy terenowe World Rugby<\/li>\n<li class=\"world-section-item\">Globalne boiska referencyjne do odwiedzenia<\/li>\n<\/ul>\n<\/div>\n<\/div>\n[\/vc_column_text][vc_empty_space height=&#8221;50px&#8221; el_class=&#8221;hidden-xs&#8221;][vc_btn title=&#8221;ZALECANE PRODUKTY DO RUGBY&#8221; color=&#8221;success&#8221; align=&#8221;center&#8221; link=&#8221;url:https%3A%2F%2Fwww.ccgrass.com%2Fpl%2Fproducts%2Frugby-turf%2F||target:%20_blank|&#8221; el_class=&#8221;custom_btn cus_btn large-btn&#8221;][vc_raw_html]JTNDc3R5bGUlM0UlMEEuY3VzdG9tX2J0biUyMGElMjAlN0IlMEElMjAlMjAlMjAlMjBiYWNrZ3JvdW5kLWNvbG9yJTNBJTIwcmdiYSUyODAlMkMwJTJDMCUyQzAlMjklMjAlMjFpbXBvcnRhbnQlM0IlMEElMjAlMjAlMjAlMjBib3JkZXIlM0ElMjAycHglMjBzb2xpZCUyMCUyM2ZmZmZmZiUyMCUyMWltcG9ydGFudCUzQiUwQSUyMCUyMCUyMCUyMHBhZGRpbmclM0ElMjAxOXB4JTIwNDVweCUyMCUyMWltcG9ydGFudCUzQiUwQSUyMCUyMCUyMCUyMHRyYW5zaXRpb24lM0ElMjBhbGwlMjBlYXNlJTIwMC4zcyUzQiUwQSUyMCUyMCUyMCUyMGNvbG9yJTNBJTIwJTIzZmZmZmZmJTIwJTIxaW1wb3J0YW50JTNCJTBBJTIwJTIwJTIwJTIwYmFja2dyb3VuZC1pbWFnZSUzQSUyMG5vbmUlMjAlMjFpbXBvcnRhbnQlM0IlMEElN0QlMEEuY3VzdG9tX2J0biUyMGElM0Fob3ZlciU3QiUwQSUyMCUyMCUyMCUyMGJvcmRlciUzQSUyMDJweCUyMHNvbGlkJTIwJTIzODVjNDNmJTIwJTIxaW1wb3J0YW50JTNCJTBBJTIwJTIwJTIwJTIwYmFja2dyb3VuZC1jb2xvciUzQSUyMCUyMzg1YzQzZiUyMCUyMWltcG9ydGFudCUzQiUwQSU3RCUwQS5jdXNfYnRuJTdCJTBBJTIwJTIwJTIwJTIwYm9yZGVyJTNBJTIwMCUzQiUwQSU3RCUwQSUzQyUyRnN0eWxlJTNF[\/vc_raw_html][\/vc_column][\/vc_row][vc_row full_width=&#8221;stretch_row&#8221; css=&#8221;.vc_custom_1527479767811{padding-top: 50px !important;padding-bottom: 30px !important;background-image: url(https:\/\/www.ccgrass.com\/wp-content\/uploads\/2018\/05\/world-section02-bg.jpg?id=1294) !important;background-position: center !important;background-repeat: no-repeat !important;background-size: cover !important;}&#8221; el_class=&#8221;world-section02 text-center&#8221;][vc_column css=&#8221;.vc_custom_1527139736814{padding-top: 0px !important;}&#8221;][vc_empty_space height=&#8221;50px&#8221; el_class=&#8221;hidden-xs&#8221;][vc_column_text]\n<h2 class=\"global-section-title\">Czym jest World Rugby?<\/h2>\n[\/vc_column_text][vc_empty_space height=&#8221;10px&#8221; el_class=&#8221;hidden-xs&#8221;][vc_column_text css=&#8221;.vc_custom_1723270803578{margin-bottom: 45px !important;}&#8221;]\n<div class=\"global-section-desc\">World Rugby jest uznanym organem zarz\u0105dzaj\u0105cym gr\u0105 w rugby union, ustalaj\u0105cym jej zasady i zasady, jednocze\u015bnie monitoruj\u0105c gr\u0119. Jego warto\u015bci to uczciwo\u015b\u0107, pasja, solidarno\u015b\u0107, dyscyplina i szacunek; warto\u015bci, kt\u00f3re s\u0105 nieod\u0142\u0105czne w ca\u0142ym sporcie.<\/div>\n[\/vc_column_text][vc_empty_space height=&#8221;20px&#8221; el_class=&#8221;hidden-xs&#8221;][vc_column_text]\n<h2 class=\"global-section-title\">Regulamin 22 World Rugby<\/h2>\n[\/vc_column_text][vc_empty_space height=&#8221;10px&#8221; el_class=&#8221;hidden-xs&#8221;][vc_column_text]\n<div class=\"global-section-desc global-section-desc-770\">World Rugby Regulation 22 to ramy regulacyjne dotycz\u0105ce sztucznej nawierzchni do gry w rugby, obowi\u0105zuj\u0105ce wszystkie zwi\u0105zki i stowarzyszenia. Program, kt\u00f3ry ma na celu zwi\u0119kszenie globalnego uczestnictwa, po raz pierwszy b\u0119dzie regulowa\u0142 i standaryzowa\u0142 rozw\u00f3j, wydajno\u015b\u0107 i konserwacj\u0119 <a href=\"https:\/\/www.ccgrass.com\/pl\/products\/rugby-turf\/\">sztucznej murawy do rugby<\/a> na ca\u0142ym \u015bwiecie.<\/div>\n[\/vc_column_text][vc_column_text css=&#8221;.vc_custom_1723270950681{margin-bottom: 0px !important;}&#8221; el_class=&#8221;width-850 text-left&#8221;]\n<div class=\"row world-section-list-wrap\">\n<div class=\"col-xs-12 col-sm-4\">\n<ul class=\"world-section-list list-unstyled\">\n<li class=\"world-section-item\">Kryterium urazu g\u0142owy (HIC)<\/li>\n<li class=\"world-section-item\">Poch\u0142anianie wstrz\u0105s\u00f3w<\/li>\n<\/ul>\n<\/div>\n<div class=\"col-xs-12 col-sm-4\">\n<ul class=\"world-section-list list-unstyled\">\n<li class=\"world-section-item\">Odkszta\u0142cenie pionowe<\/li>\n<li class=\"world-section-item\">Restytucja energii<\/li>\n<\/ul>\n<\/div>\n<div class=\"col-xs-12 col-sm-4\">\n<ul class=\"world-section-list list-unstyled\">\n<li class=\"world-section-item\">Op\u00f3r obrotowy<\/li>\n<li class=\"world-section-item\">R\u00f3wnomierno\u015b\u0107 i kontrole wizualne<\/li>\n<\/ul>\n<\/div>\n<\/div>\n[\/vc_column_text][vc_empty_space height=&#8221;50px&#8221; el_class=&#8221;hidden-xs&#8221;][\/vc_column][\/vc_row][vc_row full_width=&#8221;stretch_row&#8221; css=&#8221;.vc_custom_1527479788536{padding-top: 35px !important;padding-bottom: 45px !important;background-image: url(https:\/\/www.ccgrass.com\/wp-content\/uploads\/2018\/05\/reference02-bg.jpg?id=1236) !important;background-position: center !important;background-repeat: no-repeat !important;background-size: cover !important;}&#8221; el_class=&#8221;world-section05&#8243;][vc_column][vc_column_text el_class=&#8221;section-title&#8221; css=&#8221;.vc_custom_1723270967447{padding-bottom: 5px !important;}&#8221;]\n<h2 class=\"global-section-title-blue\">Referencje<\/h2>\n[\/vc_column_text][vc_row_inner][vc_column_inner width=&#8221;1\/4&#8243;][vc_column_text]\n<article class=\"reference-item\">\n<div class=\"img-wrapper\"><img decoding=\"async\" src=\"https:\/\/www.ccgrass.com\/wp-content\/uploads\/2018\/05\/reference02-img01.jpg\" alt=\"\" \/><\/div>\n<p>Clongowes Wood College, Ireland<\/p>\n<\/article>\n[\/vc_column_text][\/vc_column_inner][vc_column_inner width=&#8221;1\/4&#8243;][vc_column_text]\n<article class=\"reference-item\">\n<div class=\"img-wrapper\"><img decoding=\"async\" src=\"https:\/\/www.ccgrass.com\/wp-content\/uploads\/2018\/05\/reference02-img02.jpg\" alt=\"\" \/><\/div>\n<p>Stade Municipal, France<\/p>\n<\/article>\n[\/vc_column_text][\/vc_column_inner][vc_column_inner width=&#8221;1\/4&#8243;][vc_column_text]\n<article class=\"reference-item\">\n<div class=\"img-wrapper\"><img decoding=\"async\" src=\"https:\/\/www.ccgrass.com\/wp-content\/uploads\/2018\/05\/reference02-img03.jpg\" alt=\"\" \/><\/div>\n<p>Windhoek Gymnasium Private School, Namibia<\/p>\n<\/article>\n[\/vc_column_text][\/vc_column_inner][vc_column_inner width=&#8221;1\/4&#8243;][vc_column_text]\n<article class=\"reference-item\">\n<div class=\"img-wrapper\"><img decoding=\"async\" src=\"https:\/\/www.ccgrass.com\/wp-content\/uploads\/2018\/05\/reference02-img04.jpg\" alt=\"\" \/><\/div>\n<p>Ealing Trailfinders RFC, UK<\/p>\n<\/article>\n[\/vc_column_text][\/vc_column_inner][\/vc_row_inner][\/vc_column][\/vc_row]\n","protected":false},"excerpt":{"rendered":"<p>[vc_row full_width=&#8221;stretch_row&#8221; css=&#8221;.vc_custom_1527133612027{padding-top: 50px !important;padding-bottom: 50px !important;background: #1d2c50 url(https:\/\/www.ccgrass.com\/wp-content\/uploads\/2018\/05\/World-Rugby-Preferred-Turf-Producer-section01-bg.png?id=1344) !important;background-position: 0 0 !important;background-repeat: no-repeat !important;}&#8221; el_class=&#8221;world-section world-section01&#8243;][vc_column css=&#8221;.vc_custom_1527133225921{padding-top: 0px !important;}&#8221;][vc_empty_space height=&#8221;50px&#8221; el_class=&#8221;hidden-xs&#8221;][vc_single_image image=&#8221;2397&#8243; img_size=&#8221;287X30&#8243; alignment=&#8221;center&#8221; css=&#8221;.vc_custom_1527759272282{margin-bottom: 40px !important;}&#8221;][vc_empty_space height=&#8221;20px&#8221; el_class=&#8221;hidden-xs&#8221;][vc_column_text css=&#8221;.vc_custom_1723270489000{margin-bottom: 40px !important;}&#8221; el_class=&#8221;text-center&#8221;] Preferowany producent murawy World Rugby [\/vc_column_text][vc_empty_space height=&#8221;20px&#8221; el_class=&#8221;hidden-xs&#8221;][vc_single_image image=&#8221;2364&#8243; img_size=&#8221;380X380&#8243; alignment=&#8221;center&#8221; css=&#8221;.vc_custom_1527759000109{margin-bottom: 0px !important;padding-right: 80px !important;padding-left: 80px !important;}&#8221;][vc_empty_space height=&#8221;50px&#8221; el_class=&#8221;hidden-xs&#8221;][\/vc_column][\/vc_row][vc_row full_width=&#8221;stretch_row&#8221; [&hellip;]<\/p>\n","protected":false},"author":1,"featured_media":2393,"parent":40,"menu_order":29,"comment_status":"closed","ping_status":"closed","template":"","meta":{"_acf_changed":false,"footnotes":""},"class_list":["post-2387","page","type-page","status-publish","has-post-thumbnail","hentry"],"acf":[],"_links":{"self":[{"href":"https:\/\/www.ccgrass.com\/pl\/wp-json\/wp\/v2\/pages\/2387","targetHints":{"allow":["GET"]}}],"collection":[{"href":"https:\/\/www.ccgrass.com\/pl\/wp-json\/wp\/v2\/pages"}],"about":[{"href":"https:\/\/www.ccgrass.com\/pl\/wp-json\/wp\/v2\/types\/page"}],"author":[{"embeddable":true,"href":"https:\/\/www.ccgrass.com\/pl\/wp-json\/wp\/v2\/users\/1"}],"replies":[{"embeddable":true,"href":"https:\/\/www.ccgrass.com\/pl\/wp-json\/wp\/v2\/comments?post=2387"}],"version-history":[{"count":0,"href":"https:\/\/www.ccgrass.com\/pl\/wp-json\/wp\/v2\/pages\/2387\/revisions"}],"up":[{"embeddable":true,"href":"https:\/\/www.ccgrass.com\/pl\/wp-json\/wp\/v2\/pages\/40"}],"wp:featuredmedia":[{"embeddable":true,"href":"https:\/\/www.ccgrass.com\/pl\/wp-json\/wp\/v2\/media\/2393"}],"wp:attachment":[{"href":"https:\/\/www.ccgrass.com\/pl\/wp-json\/wp\/v2\/media?parent=2387"}],"curies":[{"name":"wp","href":"https:\/\/api.w.org\/{rel}","templated":true}]}}