{"id":4191,"date":"2024-09-20T07:02:28","date_gmt":"2024-09-20T07:02:28","guid":{"rendered":"https:\/\/www.ccgrass.com\/fr\/?page_id=4191"},"modified":"2024-09-20T07:25:08","modified_gmt":"2024-09-20T07:25:08","slug":"green-artificial-grass-system","status":"publish","type":"page","link":"https:\/\/www.ccgrass.com\/fr\/greenlife\/green-artificial-grass-system\/","title":{"rendered":"Green Artificial Grass System"},"content":{"rendered":"[vc_row css=&#8221;.vc_custom_1661936047822{background-image: url(https:\/\/www.ccgrass.com\/wp-content\/uploads\/2022\/08\/Minimising-Infill-Migration-into-the-Environment.jpg?id=8243) !important;background-position: center !important;background-repeat: no-repeat !important;background-size: cover !important;}&#8221;][vc_column][vc_row_inner content_placement=&#8221;middle&#8221; el_class=&#8221;container&#8221;][vc_column_inner][vc_raw_html]JTNDc3R5bGUlM0UlMEEuY292ZXJfYm94JTIwaDMlMkMlMEEucmVkdWNlX3RleHQlMjBoMyU3QiUwQSUyMCUyMGZvbnQtc2l6ZSUzQSUyMDIwcHglMjAlMjFpbXBvcnRhbnQlM0IlMEElMjAlMjBjb2xvciUzQSUyMCUyMzA1NGU0ZSUzQiUwQSU3RCUwQS5yZWR1Y2VfdGV4dCUyMGg0JTdCJTBBJTIwJTIwZm9udC1zaXplJTNBJTIwMThweCUyMCUyMWltcG9ydGFudCUzQiUwQSUyMCUyMGNvbG9yJTNBJTIwJTIzMDU0ZTRlJTNCJTBBJTIwJTIwbWFyZ2luLWJvdHRvbSUzQSUyMDI1cHglM0IlMEElN0QlMEEuY292ZXJfYm94JTIwcCUyQyUwQS5yZWR1Y2VfdGV4dCUyMHAlMkMlMEEucmVkdWNlX3RleHQlMjBsaSUyQyUwQS5yZWR1Y2VfdGFibGUlMjB0ZCU3QiUwQSUyMCUyMGNvbG9yJTNBJTIwJTIzMjExODE1JTNCJTBBJTdEJTBBLmNvdmVyX2JveCU3QiUwQSUyMCUyMGJhY2tncm91bmQtY29sb3IlM0ElMjByZ2JhJTI4MjU1JTJDMjU1JTJDMjU1JTJDMC43JTI5JTNCJTBBJTIwJTIwcGFkZGluZyUzQSUyMDMwcHglMjA1NXB4JTNCJTBBJTIwJTIwbWF4LXdpZHRoJTNBJTIwNjMwcHglM0IlMEElMjAlMjBtYXJnaW4lM0ElMjA0MHB4JTIwMCUyMDQwcHglMjBhdXRvJTNCJTBBJTdEJTBBYm9keSU3QiUwQSUyMCUyMG92ZXJmbG93LXglM0ElMjBoaWRkZW4lM0IlMEElN0QlMEEudmNfcm93LmNvbnRhaW5lciUyMCU3QiUwQSUyMCUyMCUyMCUyMG1hcmdpbiUzQSUyMDAlMjBhdXRvJTNCJTBBJTdEJTBBLndwYl9yYXdfY29kZS53cGJfY29udGVudF9lbGVtZW50LndwYl9yYXdfaHRtbCU3QiUwQSUyMCUyMG1hcmdpbiUzQSUyMDAlM0IlMEElN0QlMEFoMi52Y19jdXN0b21faGVhZGluZy5mb250LXNpemUtMzglMjAlN0IlMEElMjAlMjAlMjAlMjB0ZXh0LXNoYWRvdyUzQSUyMDZweCUyMDBweCUyMDEwcHglMjByZ2IlMjgwJTIwMCUyMDAlMjAlMkYlMjA3MCUyNSUyOSUzQiUwQSU3RCUwQXN0cm9uZyU3QiUwQSUyMCUyMGZvbnQtZmFtaWx5JTNBJTIwJTI3SGVsdmV0aWNhTFRTdGQtQm9sZCUyNyUyQyUyMEhlbHZldGljYSUyQyUyMEFyaWFsJTJDJTIwc2Fucy1zZXJpZiUzQiUwQSU3RCUwQS5yZWR1Y2VfdGFibGUlMjB0ciUzQW50aC1jaGlsZCUyOG9kZCUyOSU3QiUwQSUyMCUyMGJhY2tncm91bmQtY29sb3IlM0ElMjAlMjNmZmZmZmYlM0IlMEElN0QlMEEucmVkdWNlX3RhYmxlJTIwdHIlM0FudGgtY2hpbGQlMjhldmVuJTI5JTdCJTBBJTIwJTIwYmFja2dyb3VuZC1jb2xvciUzQSUyMCUyM2Q0ZDRkNSUzQiUwQSU3RCUwQS5yZWR1Y2VfdGFibGUlMjB0ZCU3QiUwQSUyMCUyMHBhZGRpbmclM0ElMjA1cHglM0IlMEElN0QlMEEucmVkdWNlX3RhYmxlJTIwdGQlMkMlMEEucmVkdWNlX3RhYmxlJTIwdHIlMkMlMEEucmVkdWNlX3RhYmxlJTIwdGFibGUlN0IlMEElMjAlMjBib3JkZXIlM0ElMjAwJTNCJTBBJTdEJTBBLnJlZHVjZV90YWJsZSUyMHRkJTNBZmlyc3QtY2hpbGQlN0IlMEElMjAlMjAlMjAlMjBtaW4td2lkdGglM0ElMjAzMHB4JTNCJTBBJTIwJTIwJTIwJTIwdGV4dC1hbGlnbiUzQSUyMGNlbnRlciUzQiUwQSU3RCUwQS5yZWR1Y2VfdGFibGUlMjB0YWJsZSU3QiUwQSUyMCUyMCUyMHdpZHRoJTNBJTIwMTAwJTI1JTNCJTBBJTdEJTBBJTQwbWVkaWElMjAlMjhtYXgtd2lkdGglM0ElMjA4MjBweCUyOSU3QiUwQS52Y19jb2wtc20tMiUyQyUyMC52Y19jb2wtc20tNiUyQyUyMC52Y19jb2wtc20tNCUyQyUyMC52Y19jb2wtc20tOCUyMCU3QiUwQSUyMCUyMCUyMCUyMHdpZHRoJTNBJTIwMTAwJTI1JTNCJTBBJTdEJTBBJTdEJTBBJTNDJTJGc3R5bGUlM0U=[\/vc_raw_html][vc_custom_heading text=&#8221;Minimiser la migration du remplissage dans l&#8217;environnement&#8221; font_container=&#8221;tag:h2|text_align:center|color:%23ffffff&#8221; use_theme_fonts=&#8221;yes&#8221; el_class=&#8221;font-size-38&#8243;][vc_column_text el_class=&#8221;cover_box&#8221;]\n<h3>Pourquoi faisons-nous cela?<\/h3>\n<p>Les remplissages polym\u00e9riques utilis\u00e9s dans les surfaces sportives en gazon synth\u00e9tique sont consid\u00e9r\u00e9s comme une source de microplastiques s&#8217;ils migrent du terrain vers l&#8217;environnement. Il est donc important que la conception de tout terrain de football avec ces remplissages inclue des fonctionnalit\u00e9s qui minimisent ce risque.[\/vc_column_text][\/vc_column_inner][\/vc_row_inner][\/vc_column][\/vc_row][vc_row css=&#8221;.vc_custom_1661993910403{background-color: #efefef !important;}&#8221;][vc_column][vc_row_inner equal_height=&#8221;yes&#8221; content_placement=&#8221;middle&#8221; el_class=&#8221;container&#8221;][vc_column_inner width=&#8221;1\/2&#8243;][vc_column_text el_class=&#8221;reduce_text&#8221;]\n<h3>Comment y parvenons-nous?<\/h3>\n<h4>5 Propositions de caract\u00e9ristiques de conception des terrains*<\/h4>\n<p><strong>PROPOSITION 1 : Filtres de drainage<\/strong><br \/>\nTous les drains autour ou \u00e0 proximit\u00e9 du terrain en gazon synth\u00e9tique doivent inclure des pi\u00e8ges \u00e0 limon pour capturer tout remplissage emport\u00e9 dans le syst\u00e8me de drainage. Ceux-ci comprennent g\u00e9n\u00e9ralement un seau de filtration primaire et un micro-filtre secondaire qui capture les petites particules restantes.[\/vc_column_text][\/vc_column_inner][vc_column_inner width=&#8221;1\/2&#8243;][vc_single_image image=&#8221;4216&#8243; img_size=&#8221;full&#8221; alignment=&#8221;center&#8221;][\/vc_column_inner][\/vc_row_inner][\/vc_column][\/vc_row][vc_row][vc_column][vc_row_inner equal_height=&#8221;yes&#8221; content_placement=&#8221;middle&#8221; el_class=&#8221;container&#8221;][vc_column_inner width=&#8221;1\/6&#8243;][vc_single_image image=&#8221;4217&#8243; img_size=&#8221;full&#8221; alignment=&#8221;center&#8221;][\/vc_column_inner][vc_column_inner width=&#8221;1\/2&#8243;][vc_column_text el_class=&#8221;reduce_text&#8221;]<strong>PROPOSITION 2 : Barri\u00e8res de confinement p\u00e9rim\u00e9triques\/marges de bord<\/strong><br \/>\nDesign1:<br \/>\nOptions de bordure sur\u00e9lev\u00e9e et zone pav\u00e9e pour s\u00e9parer la surface en gazon synth\u00e9tique de la limite p\u00e9riph\u00e9rique.[\/vc_column_text][\/vc_column_inner][vc_column_inner width=&#8221;1\/3&#8243;][vc_column_text el_class=&#8221;reduce_table&#8221;]\n<table>\n<tbody>\n<tr>\n<td>1<\/td>\n<td>Zone \u00e0 l&#8217;ext\u00e9rieur du terrain<\/td>\n<\/tr>\n<tr>\n<td>2<\/td>\n<td>C\u00f4t\u00e9 terrain de la cl\u00f4ture<\/td>\n<\/tr>\n<tr>\n<td>3<\/td>\n<td>Cl\u00f4ture p\u00e9rim\u00e9trique<\/td>\n<\/tr>\n<tr>\n<td>4<\/td>\n<td>Planche en bois ou plastique<\/td>\n<\/tr>\n<tr>\n<td>5<\/td>\n<td>Zone pav\u00e9e dure entre le gazon synth\u00e9tique et la cl\u00f4ture<\/td>\n<\/tr>\n<tr>\n<td>6<\/td>\n<td>Bordure du terrain<\/td>\n<\/tr>\n<tr>\n<td>7<\/td>\n<td>Surface en gazon synth\u00e9tique<\/td>\n<\/tr>\n<tr>\n<td>8<\/td>\n<td>Bordure affleurante pour \u00e9viter les risques de tr\u00e9buchement<\/td>\n<\/tr>\n<tr>\n<td>9<\/td>\n<td>Base du terrain en gazon synth\u00e9tique<\/td>\n<\/tr>\n<tr>\n<td><\/td>\n<td>* Toutes les dimensions en millim\u00e8tres<\/td>\n<\/tr>\n<\/tbody>\n<\/table>\n[\/vc_column_text][\/vc_column_inner][\/vc_row_inner][\/vc_column][\/vc_row][vc_row css=&#8221;.vc_custom_1661995241506{background-color: #efefef !important;}&#8221;][vc_column][vc_row_inner equal_height=&#8221;yes&#8221; content_placement=&#8221;middle&#8221; el_class=&#8221;container&#8221;][vc_column_inner width=&#8221;1\/3&#8243;][vc_column_text el_class=&#8221;reduce_text&#8221;]<strong>PROPOSITION 3 : Entr\u00e9e<\/strong><br \/>\n\u00c0 toutes les entr\u00e9es du terrain, des grilles de nettoyage pour chaussures\/tapis de d\u00e9contamination doivent \u00eatre install\u00e9s. Ceux-ci peuvent comprendre:<\/p>\n<ul>\n<li>Grilles de d\u00e9contamination industrielles \u00e0 barre lisse<\/li>\n<li>Tapis \u00e0 raclette en caoutchouc renforc\u00e9<\/li>\n<li>Tapis profil\u00e9s en nid d&#8217;abeille<\/li>\n<\/ul>\n<p>Design2:<br \/>\nGrille de d\u00e9contamination\/<br \/>\nconfiguration alternative pour le nettoyage des chaussures.[\/vc_column_text][\/vc_column_inner][vc_column_inner width=&#8221;1\/3&#8243;][vc_single_image image=&#8221;4218&#8243; img_size=&#8221;full&#8221; alignment=&#8221;center&#8221;][\/vc_column_inner][vc_column_inner width=&#8221;1\/3&#8243;][vc_column_text el_class=&#8221;reduce_table&#8221;]\n<table>\n<tbody>\n<tr>\n<td>1<\/td>\n<td>Zone \u00e0 l&#8217;ext\u00e9rieur du terrain<\/td>\n<\/tr>\n<tr>\n<td>2<\/td>\n<td>Terrain en gazon synth\u00e9tique<\/td>\n<\/tr>\n<tr>\n<td>3<\/td>\n<td>Cl\u00f4ture p\u00e9rim\u00e9trique<\/td>\n<\/tr>\n<tr>\n<td>4<\/td>\n<td>Porte<\/td>\n<\/tr>\n<tr>\n<td>5<\/td>\n<td>Tapis \u00e0 raclette en caoutchouc renforc\u00e9<br \/>\nTapis profil\u00e9s en nid d&#8217;abeille renforc\u00e9s<br \/>\nGrilles de d\u00e9contamination industrielles \u00e0 barre lisse<\/td>\n<\/tr>\n<tr>\n<td>6<\/td>\n<td>Base en b\u00e9ton avec drain et pi\u00e8ge \u00e0 limon<\/td>\n<\/tr>\n<tr>\n<td>7<\/td>\n<td>Barri\u00e8re de contr\u00f4le\/cl\u00f4ture<\/td>\n<\/tr>\n<tr>\n<td>8<\/td>\n<td>Chemin pav\u00e9, affleurant \u00e0 la grille pour \u00e9viter les risques de tr\u00e9buchement<\/td>\n<\/tr>\n<tr>\n<td>9<\/td>\n<td>Base du terrain en gazon synth\u00e9tique<\/td>\n<\/tr>\n<tr>\n<td><\/td>\n<td>* Toutes les dimensions en millim\u00e8tres<\/td>\n<\/tr>\n<\/tbody>\n<\/table>\n[\/vc_column_text][\/vc_column_inner][\/vc_row_inner][\/vc_column][\/vc_row][vc_row][vc_column][vc_row_inner equal_height=&#8221;yes&#8221; content_placement=&#8221;middle&#8221; el_class=&#8221;container&#8221;][vc_column_inner width=&#8221;1\/3&#8243;][vc_single_image image=&#8221;4219&#8243; img_size=&#8221;full&#8221; alignment=&#8221;center&#8221;][\/vc_column_inner][vc_column_inner width=&#8221;2\/3&#8243;][vc_column_text el_class=&#8221;reduce_text&#8221;]\n<p style=\"max-width: 690px;\"><strong>PROPOSITION 4 : Stations de nettoyage des chaussures<\/strong><br \/>\nSi elles sont mont\u00e9es \u00e0 l&#8217;ext\u00e9rieur du terrain en gazon synth\u00e9tique, elles doivent \u00eatre positionn\u00e9es sur une zone pav\u00e9e dure con\u00e7ue pour contenir le remplissage d\u00e9tach\u00e9 et drain\u00e9e conform\u00e9ment aux barri\u00e8res de confinement p\u00e9rim\u00e9triques\/marges de bord.<\/p>\n[\/vc_column_text][\/vc_column_inner][\/vc_row_inner][\/vc_column][\/vc_row][vc_row css=&#8221;.vc_custom_1661995241506{background-color: #efefef !important;}&#8221;][vc_column][vc_row_inner equal_height=&#8221;yes&#8221; content_placement=&#8221;middle&#8221; el_class=&#8221;container&#8221;][vc_column_inner width=&#8221;1\/3&#8243;][vc_column_text el_class=&#8221;reduce_text&#8221;]<strong>PROPOSITION 5: D\u00e9neigement<\/strong><br \/>\nDans les climats o\u00f9 de fortes chutes de neige sont pr\u00e9vues, le terrain doit comporter une zone pav\u00e9e dure ou \u00e9tendue en gazon synth\u00e9tique, con\u00e7ue pour permettre l&#8217;\u00e9coulement de la fonte des neiges vers le terrain principal ou vers des drains appropri\u00e9s \u00e9quip\u00e9s de pi\u00e8ges \u00e0 limon pour capturer tout remplissage emport\u00e9.[\/vc_column_text][\/vc_column_inner][vc_column_inner width=&#8221;1\/3&#8243;][vc_single_image image=&#8221;4220&#8243; img_size=&#8221;full&#8221; alignment=&#8221;center&#8221;][\/vc_column_inner][vc_column_inner width=&#8221;1\/3&#8243;][vc_column_text el_class=&#8221;reduce_table&#8221;]\n<table>\n<tbody>\n<tr>\n<td>1<\/td>\n<td>Zone \u00e0 l&#8217;ext\u00e9rieur du terrain<\/td>\n<\/tr>\n<tr>\n<td>2<\/td>\n<td>C\u00f4t\u00e9 terrain de la cl\u00f4ture<\/td>\n<\/tr>\n<tr>\n<td>3<\/td>\n<td>Cl\u00f4ture p\u00e9rim\u00e9trique<\/td>\n<\/tr>\n<tr>\n<td>4<\/td>\n<td>Planche en bois ou plastique<\/td>\n<\/tr>\n<tr>\n<td>5<\/td>\n<td>Pavage dur avec pente vers le terrain<\/td>\n<\/tr>\n<tr>\n<td>6<\/td>\n<td>Canal de drainage contenant un seau de filtre et un micro-filtre secondaire<\/td>\n<\/tr>\n<tr>\n<td>7<\/td>\n<td>Surface en gazon synth\u00e9tique<\/td>\n<\/tr>\n<tr>\n<td>8<\/td>\n<td>Bordure affleurante pour \u00e9viter les risques de tr\u00e9buchement<\/td>\n<\/tr>\n<tr>\n<td>9<\/td>\n<td>Fondations \/ base<\/td>\n<\/tr>\n<tr>\n<td><\/td>\n<td>* Toutes les dimensions en millim\u00e8tres<\/td>\n<\/tr>\n<\/tbody>\n<\/table>\n[\/vc_column_text][\/vc_column_inner][\/vc_row_inner][\/vc_column][\/vc_row][vc_row][vc_column css=&#8221;.vc_custom_1661997735398{padding-top: 60px !important;padding-bottom: 60px !important;}&#8221;][vc_column_text el_class=&#8221;reduce_text&#8221; css=&#8221;.vc_custom_1726816731080{margin-bottom: 0px !important;}&#8221;]\n<p style=\"max-width: 750px; margin: 0 auto; text-align: center; text-transform: uppercase;\"><strong>*LES PROPOSITIONS SONT EXTRAITES DU<br \/>\nMANUEL DE TEST DU PROGRAMME DE QUALIT\u00c9 DE LA FIFA POUR LE GAZON SYNTH\u00c9TIQUE I \u2013 M\u00c9THODES DE TEST 2015V.3.4<\/strong><\/p>\n[\/vc_column_text][\/vc_column][\/vc_row]\n","protected":false},"excerpt":{"rendered":"<p>[vc_row css=&#8221;.vc_custom_1661936047822{background-image: url(https:\/\/www.ccgrass.com\/wp-content\/uploads\/2022\/08\/Minimising-Infill-Migration-into-the-Environment.jpg?id=8243) !important;background-position: center !important;background-repeat: no-repeat !important;background-size: cover !important;}&#8221;][vc_column][vc_row_inner content_placement=&#8221;middle&#8221; el_class=&#8221;container&#8221;][vc_column_inner][vc_raw_html]JTNDc3R5bGUlM0UlMEEuY292ZXJfYm94JTIwaDMlMkMlMEEucmVkdWNlX3RleHQlMjBoMyU3QiUwQSUyMCUyMGZvbnQtc2l6ZSUzQSUyMDIwcHglMjAlMjFpbXBvcnRhbnQlM0IlMEElMjAlMjBjb2xvciUzQSUyMCUyMzA1NGU0ZSUzQiUwQSU3RCUwQS5yZWR1Y2VfdGV4dCUyMGg0JTdCJTBBJTIwJTIwZm9udC1zaXplJTNBJTIwMThweCUyMCUyMWltcG9ydGFudCUzQiUwQSUyMCUyMGNvbG9yJTNBJTIwJTIzMDU0ZTRlJTNCJTBBJTIwJTIwbWFyZ2luLWJvdHRvbSUzQSUyMDI1cHglM0IlMEElN0QlMEEuY292ZXJfYm94JTIwcCUyQyUwQS5yZWR1Y2VfdGV4dCUyMHAlMkMlMEEucmVkdWNlX3RleHQlMjBsaSUyQyUwQS5yZWR1Y2VfdGFibGUlMjB0ZCU3QiUwQSUyMCUyMGNvbG9yJTNBJTIwJTIzMjExODE1JTNCJTBBJTdEJTBBLmNvdmVyX2JveCU3QiUwQSUyMCUyMGJhY2tncm91bmQtY29sb3IlM0ElMjByZ2JhJTI4MjU1JTJDMjU1JTJDMjU1JTJDMC43JTI5JTNCJTBBJTIwJTIwcGFkZGluZyUzQSUyMDMwcHglMjA1NXB4JTNCJTBBJTIwJTIwbWF4LXdpZHRoJTNBJTIwNjMwcHglM0IlMEElMjAlMjBtYXJnaW4lM0ElMjA0MHB4JTIwMCUyMDQwcHglMjBhdXRvJTNCJTBBJTdEJTBBYm9keSU3QiUwQSUyMCUyMG92ZXJmbG93LXglM0ElMjBoaWRkZW4lM0IlMEElN0QlMEEudmNfcm93LmNvbnRhaW5lciUyMCU3QiUwQSUyMCUyMCUyMCUyMG1hcmdpbiUzQSUyMDAlMjBhdXRvJTNCJTBBJTdEJTBBLndwYl9yYXdfY29kZS53cGJfY29udGVudF9lbGVtZW50LndwYl9yYXdfaHRtbCU3QiUwQSUyMCUyMG1hcmdpbiUzQSUyMDAlM0IlMEElN0QlMEFoMi52Y19jdXN0b21faGVhZGluZy5mb250LXNpemUtMzglMjAlN0IlMEElMjAlMjAlMjAlMjB0ZXh0LXNoYWRvdyUzQSUyMDZweCUyMDBweCUyMDEwcHglMjByZ2IlMjgwJTIwMCUyMDAlMjAlMkYlMjA3MCUyNSUyOSUzQiUwQSU3RCUwQXN0cm9uZyU3QiUwQSUyMCUyMGZvbnQtZmFtaWx5JTNBJTIwJTI3SGVsdmV0aWNhTFRTdGQtQm9sZCUyNyUyQyUyMEhlbHZldGljYSUyQyUyMEFyaWFsJTJDJTIwc2Fucy1zZXJpZiUzQiUwQSU3RCUwQS5yZWR1Y2VfdGFibGUlMjB0ciUzQW50aC1jaGlsZCUyOG9kZCUyOSU3QiUwQSUyMCUyMGJhY2tncm91bmQtY29sb3IlM0ElMjAlMjNmZmZmZmYlM0IlMEElN0QlMEEucmVkdWNlX3RhYmxlJTIwdHIlM0FudGgtY2hpbGQlMjhldmVuJTI5JTdCJTBBJTIwJTIwYmFja2dyb3VuZC1jb2xvciUzQSUyMCUyM2Q0ZDRkNSUzQiUwQSU3RCUwQS5yZWR1Y2VfdGFibGUlMjB0ZCU3QiUwQSUyMCUyMHBhZGRpbmclM0ElMjA1cHglM0IlMEElN0QlMEEucmVkdWNlX3RhYmxlJTIwdGQlMkMlMEEucmVkdWNlX3RhYmxlJTIwdHIlMkMlMEEucmVkdWNlX3RhYmxlJTIwdGFibGUlN0IlMEElMjAlMjBib3JkZXIlM0ElMjAwJTNCJTBBJTdEJTBBLnJlZHVjZV90YWJsZSUyMHRkJTNBZmlyc3QtY2hpbGQlN0IlMEElMjAlMjAlMjAlMjBtaW4td2lkdGglM0ElMjAzMHB4JTNCJTBBJTIwJTIwJTIwJTIwdGV4dC1hbGlnbiUzQSUyMGNlbnRlciUzQiUwQSU3RCUwQS5yZWR1Y2VfdGFibGUlMjB0YWJsZSU3QiUwQSUyMCUyMCUyMHdpZHRoJTNBJTIwMTAwJTI1JTNCJTBBJTdEJTBBJTQwbWVkaWElMjAlMjhtYXgtd2lkdGglM0ElMjA4MjBweCUyOSU3QiUwQS52Y19jb2wtc20tMiUyQyUyMC52Y19jb2wtc20tNiUyQyUyMC52Y19jb2wtc20tNCUyQyUyMC52Y19jb2wtc20tOCUyMCU3QiUwQSUyMCUyMCUyMCUyMHdpZHRoJTNBJTIwMTAwJTI1JTNCJTBBJTdEJTBBJTdEJTBBJTNDJTJGc3R5bGUlM0U=[\/vc_raw_html][vc_custom_heading text=&#8221;Minimiser la migration du remplissage dans l&#8217;environnement&#8221; font_container=&#8221;tag:h2|text_align:center|color:%23ffffff&#8221; use_theme_fonts=&#8221;yes&#8221; el_class=&#8221;font-size-38&#8243;][vc_column_text el_class=&#8221;cover_box&#8221;] Pourquoi faisons-nous cela? Les remplissages polym\u00e9riques utilis\u00e9s dans les surfaces sportives en gazon synth\u00e9tique sont consid\u00e9r\u00e9s comme une source de microplastiques s&#8217;ils migrent du terrain vers l&#8217;environnement. Il est donc important que [&hellip;]<\/p>\n","protected":false},"author":1,"featured_media":0,"parent":4083,"menu_order":1,"comment_status":"closed","ping_status":"closed","template":"templates\/template-reduce.php","meta":{"footnotes":""},"class_list":["post-4191","page","type-page","status-publish","hentry"],"acf":[],"yoast_head":"<!-- This site is optimized with the Yoast SEO plugin v27.2 - https:\/\/yoast.com\/product\/yoast-seo-wordpress\/ -->\n<title>Syst\u00e8me de gazon synth\u00e9tique \u00e9cologique\u2502R\u00e9duction des microplastiques \u2013 CCGrass<\/title>\n<meta name=\"description\" content=\"L&#039;engagement de CCGrass est de trouver une solution pour d\u00e9velopper un syst\u00e8me de gazon synth\u00e9tique \u00e9cologique qui emp\u00eache les microplastiques de p\u00e9n\u00e9trer dans l&#039;environnement.\" \/>\n<meta name=\"robots\" content=\"index, follow, max-snippet:-1, max-image-preview:large, max-video-preview:-1\" \/>\n<link rel=\"canonical\" href=\"https:\/\/www.ccgrass.com\/fr\/greenlife\/green-artificial-grass-system\/\" \/>\n<meta property=\"og:locale\" content=\"en_US\" \/>\n<meta property=\"og:type\" content=\"article\" \/>\n<meta property=\"og:title\" content=\"Syst\u00e8me de gazon synth\u00e9tique \u00e9cologique\u2502R\u00e9duction des microplastiques \u2013 CCGrass\" \/>\n<meta property=\"og:description\" content=\"L&#039;engagement de CCGrass est de trouver une solution pour d\u00e9velopper un syst\u00e8me de gazon synth\u00e9tique \u00e9cologique qui emp\u00eache les microplastiques de p\u00e9n\u00e9trer dans l&#039;environnement.\" \/>\n<meta property=\"og:url\" content=\"https:\/\/www.ccgrass.com\/fr\/greenlife\/green-artificial-grass-system\/\" \/>\n<meta property=\"og:site_name\" content=\"CCGrass\" \/>\n<meta property=\"article:modified_time\" content=\"2024-09-20T07:25:08+00:00\" \/>\n<meta name=\"twitter:card\" content=\"summary_large_image\" \/>\n<script type=\"application\/ld+json\" class=\"yoast-schema-graph\">{\"@context\":\"https:\/\/schema.org\",\"@graph\":[{\"@type\":\"WebPage\",\"@id\":\"https:\/\/www.ccgrass.com\/fr\/greenlife\/green-artificial-grass-system\/\",\"url\":\"https:\/\/www.ccgrass.com\/fr\/greenlife\/green-artificial-grass-system\/\",\"name\":\"Syst\u00e8me de gazon synth\u00e9tique \u00e9cologique\u2502R\u00e9duction des microplastiques \u2013 CCGrass\",\"isPartOf\":{\"@id\":\"https:\/\/www.ccgrass.com\/fr\/#website\"},\"datePublished\":\"2024-09-20T07:02:28+00:00\",\"dateModified\":\"2024-09-20T07:25:08+00:00\",\"description\":\"L'engagement de CCGrass est de trouver une solution pour d\u00e9velopper un syst\u00e8me de gazon synth\u00e9tique \u00e9cologique qui emp\u00eache les microplastiques de p\u00e9n\u00e9trer dans l'environnement.\",\"breadcrumb\":{\"@id\":\"https:\/\/www.ccgrass.com\/fr\/greenlife\/green-artificial-grass-system\/#breadcrumb\"},\"inLanguage\":\"en-US\",\"potentialAction\":[{\"@type\":\"ReadAction\",\"target\":[\"https:\/\/www.ccgrass.com\/fr\/greenlife\/green-artificial-grass-system\/\"]}]},{\"@type\":\"BreadcrumbList\",\"@id\":\"https:\/\/www.ccgrass.com\/fr\/greenlife\/green-artificial-grass-system\/#breadcrumb\",\"itemListElement\":[{\"@type\":\"ListItem\",\"position\":1,\"name\":\"Home\",\"item\":\"https:\/\/www.ccgrass.com\/fr\/\"},{\"@type\":\"ListItem\",\"position\":2,\"name\":\"Greenlife\",\"item\":\"https:\/\/www.ccgrass.com\/fr\/greenlife\/\"},{\"@type\":\"ListItem\",\"position\":3,\"name\":\"Green Artificial Grass System\"}]},{\"@type\":\"WebSite\",\"@id\":\"https:\/\/www.ccgrass.com\/fr\/#website\",\"url\":\"https:\/\/www.ccgrass.com\/fr\/\",\"name\":\"CCGrass\",\"description\":\"\",\"potentialAction\":[{\"@type\":\"SearchAction\",\"target\":{\"@type\":\"EntryPoint\",\"urlTemplate\":\"https:\/\/www.ccgrass.com\/fr\/?s={search_term_string}\"},\"query-input\":{\"@type\":\"PropertyValueSpecification\",\"valueRequired\":true,\"valueName\":\"search_term_string\"}}],\"inLanguage\":\"en-US\"}]}<\/script>\n<!-- \/ Yoast SEO plugin. -->","yoast_head_json":{"title":"Syst\u00e8me de gazon synth\u00e9tique \u00e9cologique\u2502R\u00e9duction des microplastiques \u2013 CCGrass","description":"L'engagement de CCGrass est de trouver une solution pour d\u00e9velopper un syst\u00e8me de gazon synth\u00e9tique \u00e9cologique qui emp\u00eache les microplastiques de p\u00e9n\u00e9trer dans l'environnement.","robots":{"index":"index","follow":"follow","max-snippet":"max-snippet:-1","max-image-preview":"max-image-preview:large","max-video-preview":"max-video-preview:-1"},"canonical":"https:\/\/www.ccgrass.com\/fr\/greenlife\/green-artificial-grass-system\/","og_locale":"en_US","og_type":"article","og_title":"Syst\u00e8me de gazon synth\u00e9tique \u00e9cologique\u2502R\u00e9duction des microplastiques \u2013 CCGrass","og_description":"L'engagement de CCGrass est de trouver une solution pour d\u00e9velopper un syst\u00e8me de gazon synth\u00e9tique \u00e9cologique qui emp\u00eache les microplastiques de p\u00e9n\u00e9trer dans l'environnement.","og_url":"https:\/\/www.ccgrass.com\/fr\/greenlife\/green-artificial-grass-system\/","og_site_name":"CCGrass","article_modified_time":"2024-09-20T07:25:08+00:00","twitter_card":"summary_large_image","schema":{"@context":"https:\/\/schema.org","@graph":[{"@type":"WebPage","@id":"https:\/\/www.ccgrass.com\/fr\/greenlife\/green-artificial-grass-system\/","url":"https:\/\/www.ccgrass.com\/fr\/greenlife\/green-artificial-grass-system\/","name":"Syst\u00e8me de gazon synth\u00e9tique \u00e9cologique\u2502R\u00e9duction des microplastiques \u2013 CCGrass","isPartOf":{"@id":"https:\/\/www.ccgrass.com\/fr\/#website"},"datePublished":"2024-09-20T07:02:28+00:00","dateModified":"2024-09-20T07:25:08+00:00","description":"L'engagement de CCGrass est de trouver une solution pour d\u00e9velopper un syst\u00e8me de gazon synth\u00e9tique \u00e9cologique qui emp\u00eache les microplastiques de p\u00e9n\u00e9trer dans l'environnement.","breadcrumb":{"@id":"https:\/\/www.ccgrass.com\/fr\/greenlife\/green-artificial-grass-system\/#breadcrumb"},"inLanguage":"en-US","potentialAction":[{"@type":"ReadAction","target":["https:\/\/www.ccgrass.com\/fr\/greenlife\/green-artificial-grass-system\/"]}]},{"@type":"BreadcrumbList","@id":"https:\/\/www.ccgrass.com\/fr\/greenlife\/green-artificial-grass-system\/#breadcrumb","itemListElement":[{"@type":"ListItem","position":1,"name":"Home","item":"https:\/\/www.ccgrass.com\/fr\/"},{"@type":"ListItem","position":2,"name":"Greenlife","item":"https:\/\/www.ccgrass.com\/fr\/greenlife\/"},{"@type":"ListItem","position":3,"name":"Green Artificial Grass System"}]},{"@type":"WebSite","@id":"https:\/\/www.ccgrass.com\/fr\/#website","url":"https:\/\/www.ccgrass.com\/fr\/","name":"CCGrass","description":"","potentialAction":[{"@type":"SearchAction","target":{"@type":"EntryPoint","urlTemplate":"https:\/\/www.ccgrass.com\/fr\/?s={search_term_string}"},"query-input":{"@type":"PropertyValueSpecification","valueRequired":true,"valueName":"search_term_string"}}],"inLanguage":"en-US"}]}},"_links":{"self":[{"href":"https:\/\/www.ccgrass.com\/fr\/wp-json\/wp\/v2\/pages\/4191","targetHints":{"allow":["GET"]}}],"collection":[{"href":"https:\/\/www.ccgrass.com\/fr\/wp-json\/wp\/v2\/pages"}],"about":[{"href":"https:\/\/www.ccgrass.com\/fr\/wp-json\/wp\/v2\/types\/page"}],"author":[{"embeddable":true,"href":"https:\/\/www.ccgrass.com\/fr\/wp-json\/wp\/v2\/users\/1"}],"replies":[{"embeddable":true,"href":"https:\/\/www.ccgrass.com\/fr\/wp-json\/wp\/v2\/comments?post=4191"}],"version-history":[{"count":0,"href":"https:\/\/www.ccgrass.com\/fr\/wp-json\/wp\/v2\/pages\/4191\/revisions"}],"up":[{"embeddable":true,"href":"https:\/\/www.ccgrass.com\/fr\/wp-json\/wp\/v2\/pages\/4083"}],"wp:attachment":[{"href":"https:\/\/www.ccgrass.com\/fr\/wp-json\/wp\/v2\/media?parent=4191"}],"curies":[{"name":"wp","href":"https:\/\/api.w.org\/{rel}","templated":true}]}}