{"id":4150,"date":"2024-08-29T05:40:13","date_gmt":"2024-08-29T05:40:13","guid":{"rendered":"https:\/\/www.ccgrass.com\/fr\/?page_id=4150"},"modified":"2024-08-29T05:44:21","modified_gmt":"2024-08-29T05:44:21","slug":"eco-friendly-artificial-grass","status":"publish","type":"page","link":"https:\/\/www.ccgrass.com\/fr\/greenlife\/eco-friendly-artificial-grass\/","title":{"rendered":"Eco Friendly Artificial Grass"},"content":{"rendered":"","protected":false},"excerpt":{"rendered":"","protected":false},"author":1,"featured_media":0,"parent":4083,"menu_order":6,"comment_status":"closed","ping_status":"closed","template":"templates\/template-resources.php","meta":{"footnotes":""},"class_list":["post-4150","page","type-page","status-publish","hentry"],"acf":[],"yoast_head":"<!-- This site is optimized with the Yoast SEO plugin v27.2 - https:\/\/yoast.com\/product\/yoast-seo-wordpress\/ -->\n<title>Gazon synth\u00e9tique \u00e9cologique - CCGrass<\/title>\n<meta name=\"description\" content=\"CCGrass prend des mesures concr\u00e8tes pour r\u00e9duire la consommation de ressources, produit du gazon synth\u00e9tique \u00e9cologique et contribue au recyclage des ressources.\" \/>\n<meta name=\"robots\" content=\"index, follow, max-snippet:-1, max-image-preview:large, max-video-preview:-1\" \/>\n<link rel=\"canonical\" href=\"https:\/\/www.ccgrass.com\/fr\/greenlife\/eco-friendly-artificial-grass\/\" \/>\n<meta property=\"og:locale\" content=\"en_US\" \/>\n<meta property=\"og:type\" content=\"article\" \/>\n<meta property=\"og:title\" content=\"Gazon synth\u00e9tique \u00e9cologique - CCGrass\" \/>\n<meta property=\"og:description\" content=\"CCGrass prend des mesures concr\u00e8tes pour r\u00e9duire la consommation de ressources, produit du gazon synth\u00e9tique \u00e9cologique et contribue au recyclage des ressources.\" \/>\n<meta property=\"og:url\" content=\"https:\/\/www.ccgrass.com\/fr\/greenlife\/eco-friendly-artificial-grass\/\" \/>\n<meta property=\"og:site_name\" content=\"CCGrass\" \/>\n<meta property=\"article:modified_time\" content=\"2024-08-29T05:44:21+00:00\" \/>\n<meta name=\"twitter:card\" content=\"summary_large_image\" \/>\n<script type=\"application\/ld+json\" class=\"yoast-schema-graph\">{\"@context\":\"https:\/\/schema.org\",\"@graph\":[{\"@type\":\"WebPage\",\"@id\":\"https:\/\/www.ccgrass.com\/fr\/greenlife\/eco-friendly-artificial-grass\/\",\"url\":\"https:\/\/www.ccgrass.com\/fr\/greenlife\/eco-friendly-artificial-grass\/\",\"name\":\"Gazon synth\u00e9tique \u00e9cologique - CCGrass\",\"isPartOf\":{\"@id\":\"https:\/\/www.ccgrass.com\/fr\/#website\"},\"datePublished\":\"2024-08-29T05:40:13+00:00\",\"dateModified\":\"2024-08-29T05:44:21+00:00\",\"description\":\"CCGrass prend des mesures concr\u00e8tes pour r\u00e9duire la consommation de ressources, produit du gazon synth\u00e9tique \u00e9cologique et contribue au recyclage des ressources.\",\"breadcrumb\":{\"@id\":\"https:\/\/www.ccgrass.com\/fr\/greenlife\/eco-friendly-artificial-grass\/#breadcrumb\"},\"inLanguage\":\"en-US\",\"potentialAction\":[{\"@type\":\"ReadAction\",\"target\":[\"https:\/\/www.ccgrass.com\/fr\/greenlife\/eco-friendly-artificial-grass\/\"]}]},{\"@type\":\"BreadcrumbList\",\"@id\":\"https:\/\/www.ccgrass.com\/fr\/greenlife\/eco-friendly-artificial-grass\/#breadcrumb\",\"itemListElement\":[{\"@type\":\"ListItem\",\"position\":1,\"name\":\"Home\",\"item\":\"https:\/\/www.ccgrass.com\/fr\/\"},{\"@type\":\"ListItem\",\"position\":2,\"name\":\"Greenlife\",\"item\":\"https:\/\/www.ccgrass.com\/fr\/greenlife\/\"},{\"@type\":\"ListItem\",\"position\":3,\"name\":\"Eco Friendly Artificial Grass\"}]},{\"@type\":\"WebSite\",\"@id\":\"https:\/\/www.ccgrass.com\/fr\/#website\",\"url\":\"https:\/\/www.ccgrass.com\/fr\/\",\"name\":\"CCGrass\",\"description\":\"\",\"potentialAction\":[{\"@type\":\"SearchAction\",\"target\":{\"@type\":\"EntryPoint\",\"urlTemplate\":\"https:\/\/www.ccgrass.com\/fr\/?s={search_term_string}\"},\"query-input\":{\"@type\":\"PropertyValueSpecification\",\"valueRequired\":true,\"valueName\":\"search_term_string\"}}],\"inLanguage\":\"en-US\"}]}<\/script>\n<!-- \/ Yoast SEO plugin. -->","yoast_head_json":{"title":"Gazon synth\u00e9tique \u00e9cologique - CCGrass","description":"CCGrass prend des mesures concr\u00e8tes pour r\u00e9duire la consommation de ressources, produit du gazon synth\u00e9tique \u00e9cologique et contribue au recyclage des ressources.","robots":{"index":"index","follow":"follow","max-snippet":"max-snippet:-1","max-image-preview":"max-image-preview:large","max-video-preview":"max-video-preview:-1"},"canonical":"https:\/\/www.ccgrass.com\/fr\/greenlife\/eco-friendly-artificial-grass\/","og_locale":"en_US","og_type":"article","og_title":"Gazon synth\u00e9tique \u00e9cologique - CCGrass","og_description":"CCGrass prend des mesures concr\u00e8tes pour r\u00e9duire la consommation de ressources, produit du gazon synth\u00e9tique \u00e9cologique et contribue au recyclage des ressources.","og_url":"https:\/\/www.ccgrass.com\/fr\/greenlife\/eco-friendly-artificial-grass\/","og_site_name":"CCGrass","article_modified_time":"2024-08-29T05:44:21+00:00","twitter_card":"summary_large_image","schema":{"@context":"https:\/\/schema.org","@graph":[{"@type":"WebPage","@id":"https:\/\/www.ccgrass.com\/fr\/greenlife\/eco-friendly-artificial-grass\/","url":"https:\/\/www.ccgrass.com\/fr\/greenlife\/eco-friendly-artificial-grass\/","name":"Gazon synth\u00e9tique \u00e9cologique - CCGrass","isPartOf":{"@id":"https:\/\/www.ccgrass.com\/fr\/#website"},"datePublished":"2024-08-29T05:40:13+00:00","dateModified":"2024-08-29T05:44:21+00:00","description":"CCGrass prend des mesures concr\u00e8tes pour r\u00e9duire la consommation de ressources, produit du gazon synth\u00e9tique \u00e9cologique et contribue au recyclage des ressources.","breadcrumb":{"@id":"https:\/\/www.ccgrass.com\/fr\/greenlife\/eco-friendly-artificial-grass\/#breadcrumb"},"inLanguage":"en-US","potentialAction":[{"@type":"ReadAction","target":["https:\/\/www.ccgrass.com\/fr\/greenlife\/eco-friendly-artificial-grass\/"]}]},{"@type":"BreadcrumbList","@id":"https:\/\/www.ccgrass.com\/fr\/greenlife\/eco-friendly-artificial-grass\/#breadcrumb","itemListElement":[{"@type":"ListItem","position":1,"name":"Home","item":"https:\/\/www.ccgrass.com\/fr\/"},{"@type":"ListItem","position":2,"name":"Greenlife","item":"https:\/\/www.ccgrass.com\/fr\/greenlife\/"},{"@type":"ListItem","position":3,"name":"Eco Friendly Artificial Grass"}]},{"@type":"WebSite","@id":"https:\/\/www.ccgrass.com\/fr\/#website","url":"https:\/\/www.ccgrass.com\/fr\/","name":"CCGrass","description":"","potentialAction":[{"@type":"SearchAction","target":{"@type":"EntryPoint","urlTemplate":"https:\/\/www.ccgrass.com\/fr\/?s={search_term_string}"},"query-input":{"@type":"PropertyValueSpecification","valueRequired":true,"valueName":"search_term_string"}}],"inLanguage":"en-US"}]}},"_links":{"self":[{"href":"https:\/\/www.ccgrass.com\/fr\/wp-json\/wp\/v2\/pages\/4150","targetHints":{"allow":["GET"]}}],"collection":[{"href":"https:\/\/www.ccgrass.com\/fr\/wp-json\/wp\/v2\/pages"}],"about":[{"href":"https:\/\/www.ccgrass.com\/fr\/wp-json\/wp\/v2\/types\/page"}],"author":[{"embeddable":true,"href":"https:\/\/www.ccgrass.com\/fr\/wp-json\/wp\/v2\/users\/1"}],"replies":[{"embeddable":true,"href":"https:\/\/www.ccgrass.com\/fr\/wp-json\/wp\/v2\/comments?post=4150"}],"version-history":[{"count":0,"href":"https:\/\/www.ccgrass.com\/fr\/wp-json\/wp\/v2\/pages\/4150\/revisions"}],"up":[{"embeddable":true,"href":"https:\/\/www.ccgrass.com\/fr\/wp-json\/wp\/v2\/pages\/4083"}],"wp:attachment":[{"href":"https:\/\/www.ccgrass.com\/fr\/wp-json\/wp\/v2\/media?parent=4150"}],"curies":[{"name":"wp","href":"https:\/\/api.w.org\/{rel}","templated":true}]}}