{"id":300,"date":"2017-03-25T07:44:43","date_gmt":"2017-03-25T07:44:43","guid":{"rendered":"https:\/\/www.ccgrass.com\/fr\/?page_id=300"},"modified":"2025-07-07T01:39:10","modified_gmt":"2025-07-07T01:39:10","slug":"factory-tour","status":"publish","type":"page","link":"https:\/\/www.ccgrass.com\/fr\/the-company\/factory-tour\/","title":{"rendered":"Visite de l\u2019usine"},"content":{"rendered":"[vc_row full_width=&#8221;stretch_row&#8221; css=&#8221;.vc_custom_1730783752718{padding-top: 250px !important;padding-bottom: 80px !important;background-image: url(https:\/\/www.ccgrass.com\/wp-content\/uploads\/2024\/11\/tufting.jpg?id=11507) !important;background-position: center !important;background-repeat: no-repeat !important;background-size: cover !important;}&#8221;][vc_column][vc_single_image image=&#8221;4361&#8243; img_size=&#8221;full&#8221; alignment=&#8221;center&#8221; onclick=&#8221;custom_link&#8221; link=&#8221;https:\/\/youtu.be\/lciQnTCuI-0?si=rHAhJ16pZ7vt4c5c&#8221; el_class=&#8221;fancybox_youtube&#8221;][vc_row_inner el_class=&#8221;container&#8221; css=&#8221;.vc_custom_1730685625165{margin-bottom: 0px !important;}&#8221;][vc_column_inner][vc_custom_heading text=&#8221;D\u00e9couvrez l\u2019usine de gazon synth\u00e9tique de CCGrass&#8221; font_container=&#8221;tag:h2|text_align:center|color:%23ffffff&#8221; use_theme_fonts=&#8221;yes&#8221; css=&#8221;.vc_custom_1751851934471{margin-bottom: 25px !important;}&#8221; el_class=&#8221;section-title&#8221;][vc_column_text el_class=&#8221;white text-center width-10&#8243; css=&#8221;.vc_custom_1751851939847{margin-bottom: 0px !important;}&#8221;]CCGrass, fabricant de gazon synth\u00e9tique de r\u00e9f\u00e9rence, se distingue par une production enti\u00e8rement int\u00e9gr\u00e9e au sein de ses propres usines sp\u00e9cialis\u00e9es. Gr\u00e2ce \u00e0 des technologies de pointe et \u00e0 des normes de qualit\u00e9 rigoureuses, nous garantissons un gazon d\u2019exception et des d\u00e9lais de livraison fiables.[\/vc_column_text][\/vc_column_inner][\/vc_row_inner][\/vc_column][\/vc_row][vc_row css=&#8221;.vc_custom_1675924808325{margin-top: 90px !important;}&#8221;][vc_column][vc_column_text el_class=&#8221;gray about-lead-content&#8221;]\n<h2 class=\"section-title\">Usines internationales et modernis\u00e9es de gazon synth\u00e9tique<\/h2>\n[\/vc_column_text][vc_column_text el_class=&#8221;gray text-center width-10&#8243;]Depuis 2002, CCGrass, fabricant de gazon synth\u00e9tique reconnu, a d\u00e9velopp\u00e9 le plus grand complexe industriel au monde d\u00e9di\u00e9 \u00e0 la fabrication de gazon artificiel, implant\u00e9 en Chine et au Vietnam, avec une capacit\u00e9 annuelle d\u00e9passant les 100 000 000 m\u00b2. La surface totale des usines atteint environ 800 000 m\u00b2, o\u00f9 plus de 4 000 collaborateurs assurent avec soin chaque \u00e9tape du processus de production.<\/p>\n<p>Nos usines, situ\u00e9es dans plusieurs r\u00e9gions, sont parmi les mieux g\u00e9r\u00e9es du secteur. Chaque phase de fabrication est r\u00e9alis\u00e9e \u00e0 l\u2019aide d\u2019\u00e9quipements de pointe, sous un contr\u00f4le qualit\u00e9 strict. Nos sites respectent les normes ISO9001, ISO14001 et ISO45001, et r\u00e9ussissent diverses certifications et audits rigoureux tels que BSCI, WFSGI, ICS et Sedex.<\/p>\n<p>Notre \u00e9quipe, form\u00e9e, engag\u00e9e et responsable, met toute son exp\u00e9rience et son savoir-faire au service de la production du meilleur gazon synth\u00e9tique au monde. Plus de 150 collaborateurs d\u00e9di\u00e9s exclusivement au contr\u00f4le qualit\u00e9 veillent au maintien des plus hauts standards dans chacune de nos usines.[\/vc_column_text][vc_row_inner css=&#8221;.vc_custom_1730686916522{margin-top: 50px !important;margin-bottom: 25px !important;}&#8221;][vc_column_inner width=&#8221;1\/2&#8243;][vc_single_image image=&#8221;4362&#8243; img_size=&#8221;full&#8221; alignment=&#8221;center&#8221;][\/vc_column_inner][vc_column_inner width=&#8221;1\/2&#8243;][vc_single_image image=&#8221;4363&#8243; img_size=&#8221;full&#8221; alignment=&#8221;center&#8221;][\/vc_column_inner][\/vc_row_inner][\/vc_column][\/vc_row][vc_row][vc_column][vc_row_inner el_class=&#8221;flexbox&#8221;][vc_column_inner width=&#8221;1\/4&#8243;][vc_single_image image=&#8221;954&#8243; img_size=&#8221;full&#8221; alignment=&#8221;center&#8221; onclick=&#8221;custom_link&#8221; img_link_target=&#8221;_blank&#8221; link=&#8221;https:\/\/www.youtube.com\/watch?v=zS2mhMK_LHs&#8221;][\/vc_column_inner][vc_column_inner width=&#8221;1\/4&#8243;][vc_single_image image=&#8221;955&#8243; img_size=&#8221;full&#8221; alignment=&#8221;center&#8221; onclick=&#8221;custom_link&#8221; img_link_target=&#8221;_blank&#8221; link=&#8221;https:\/\/www.youtube.com\/watch?v=UCnU_NWnNQc&#8221;][\/vc_column_inner][vc_column_inner width=&#8221;1\/4&#8243;][vc_single_image image=&#8221;956&#8243; img_size=&#8221;full&#8221; alignment=&#8221;center&#8221; onclick=&#8221;custom_link&#8221; img_link_target=&#8221;_blank&#8221; link=&#8221;https:\/\/www.youtube.com\/watch?v=mPdTrciyv-Y&#8221;][\/vc_column_inner][\/vc_row_inner][\/vc_column][\/vc_row][vc_row full_width=&#8221;stretch_row_content_no_spaces&#8221; css=&#8221;.vc_custom_1730790902381{margin-top: 50px !important;}&#8221; el_class=&#8221;img-factory&#8221;][vc_column][vc_single_image image=&#8221;4364&#8243; img_size=&#8221;full&#8221;][\/vc_column][\/vc_row][vc_row css=&#8221;.vc_custom_1675908406937{padding-top: 50px !important;}&#8221;][vc_column][vc_row_inner css=&#8221;.vc_custom_1675931471025{padding-bottom: 5px !important;}&#8221;][vc_column_inner][vc_column_text el_class=&#8221;gray about-lead-content&#8221;]\n<h2 class=\"section-title\">Processus professionnels de fabrication du gazon synth\u00e9tique<\/h2>\n[\/vc_column_text][vc_column_text el_class=&#8221;gray text-center width-10&#8243;]D\u00e9couvrez les \u00e9tapes cl\u00e9s de fabrication du meilleur gazon synth\u00e9tique au monde. CCGrass, fabricant gazon synth\u00e9tique et d\u00e9tenteur de la plus grande usine de gazon artificiel au monde, vous explique comment sont con\u00e7ues nos surfaces haut de gamme. De l\u2019extrusion au tressage, du tufting \u00e0 la pose de la sous-couche, chaque \u00e9tape joue un r\u00f4le essentiel pour garantir un gazon artificiel de qualit\u00e9 sup\u00e9rieure. En tant que fabricant grossiste ma\u00eetrisant l\u2019ensemble de la production sous un m\u00eame toit, CCGrass vous assure une qualit\u00e9 constante tout en optimisant les co\u00fbts.<\/p>\n<p>La surface d\u2019un gazon synth\u00e9tique varie selon le sport pratiqu\u00e9. Pour des performances sportives optimales, la surface doit pr\u00e9senter un nombre important de fibres visibles et r\u00e9pondre aux normes sp\u00e9cifiques. C\u2019est le cas, par exemple, des terrains de football, <a href=\"https:\/\/www.ccgrass.com\/products\/rugby-turf\/\">rugby<\/a>, GAA, football am\u00e9ricain ou des terrains pour les r\u00e8gles australiennes. Ces terrains n\u00e9cessitent un gazon \u00e0 poils longs, con\u00e7u \u00e0 partir de fibres en poly\u00e9thyl\u00e8ne r\u00e9silientes, durables et agr\u00e9ables au toucher.[\/vc_column_text][\/vc_column_inner][\/vc_row_inner][\/vc_column][\/vc_row][vc_row][vc_column][vc_row_inner equal_height=&#8221;yes&#8221;][vc_column_inner el_class=&#8221;gray_box&#8221; width=&#8221;1\/4&#8243;][vc_single_image image=&#8221;950&#8243; img_size=&#8221;full&#8221; alignment=&#8221;center&#8221; onclick=&#8221;custom_link&#8221; img_link_target=&#8221;_blank&#8221; link=&#8221;https:\/\/www.youtube.com\/watch?list=UUGWm4zDByoM-VyQuTVferKg&amp;v=dcuFdaZeQ1w&#8221;][vc_column_text]<strong>Extrusion<\/strong><\/p>\n<p>L\u2019extrusion est le processus de base pour fabriquer les fibres du gazon synth\u00e9tique. Concr\u00e8tement, des granul\u00e9s de polym\u00e8re de haute qualit\u00e9 sont m\u00e9lang\u00e9s avec des colorants et des additifs anti-UV, puis transform\u00e9s en rubans plats ou en fibres individuelles.[\/vc_column_text][\/vc_column_inner][vc_column_inner el_class=&#8221;gray_box&#8221; width=&#8221;1\/4&#8243;][vc_single_image image=&#8221;951&#8243; img_size=&#8221;full&#8221; alignment=&#8221;center&#8221; onclick=&#8221;custom_link&#8221; img_link_target=&#8221;_blank&#8221; link=&#8221;https:\/\/www.youtube.com\/watch?v=fMXd-Phv7Ow&#8221;][vc_column_text]<strong>Torsion<\/strong><\/p>\n<p>Les fibres extrud\u00e9es subissent une torsion qui renforce leur solidit\u00e9 et leur \u00e9lasticit\u00e9. Elles sont ensuite enroul\u00e9es sur des bobines en vue du processus de tufting, garantissant ainsi que les fibres conservent leur texture et leur durabilit\u00e9 dans le produit final.[\/vc_column_text][\/vc_column_inner][vc_column_inner el_class=&#8221;gray_box&#8221; width=&#8221;1\/4&#8243;][vc_single_image image=&#8221;952&#8243; img_size=&#8221;full&#8221; alignment=&#8221;center&#8221; onclick=&#8221;custom_link&#8221; img_link_target=&#8221;_blank&#8221; link=&#8221;https:\/\/www.youtube.com\/watch?v=fSH1Bca4vvM&#8221;][vc_column_text]<strong>Tufting<\/strong><\/p>\n<p>\u00c0 cette \u00e9tape, les fibres torsad\u00e9es sont cousues dans une toile de support, formant la couche sup\u00e9rieure du gazon. Apr\u00e8s le tufting, les fibres sont coup\u00e9es pour cr\u00e9er des touffes individuelles, am\u00e9liorant ainsi l\u2019apparence naturelle et la performance du gazon synth\u00e9tique.[\/vc_column_text][\/vc_column_inner][vc_column_inner el_class=&#8221;gray_box&#8221; width=&#8221;1\/4&#8243;][vc_single_image image=&#8221;953&#8243; img_size=&#8221;full&#8221; alignment=&#8221;center&#8221; onclick=&#8221;custom_link&#8221; img_link_target=&#8221;_blank&#8221; link=&#8221;https:\/\/www.youtube.com\/watch?v=1FXjlW5vx_0&#8243;][vc_column_text]<strong>Backing<\/strong><\/p>\n<p>La derni\u00e8re \u00e9tape consiste \u00e0 appliquer un support r\u00e9sistant pour fixer solidement les fibres. Ce support assure la stabilit\u00e9 et la r\u00e9sistance du gazon, lui permettant de faire face aux intemp\u00e9ries et \u00e0 une utilisation intensive, notamment dans les terrains de sport professionnels.[\/vc_column_text][\/vc_column_inner][\/vc_row_inner][vc_raw_html el_class=&#8221;nomargin&#8221;]JTNDc3R5bGUlM0UlMEFhLmxhcmdlLWJ0biUyMCU3QiUwQSUyMCUyMCUyMCUyMGZvbnQtZmFtaWx5JTNBJTIwJTI3SGVsdmV0aWNhTFRTdGQtQm9sZCUyNyUyQyUyMEhlbHZldGljYSUyQyUyMEFyaWFsJTJDJTIwc2Fucy1zZXJpZiUzQiUwQSU3RCUwQWEubGFyZ2UtYnRuJTNBaG92ZXIlN0IlMEElMjAlMjAlMjAlMjBib3JkZXItY29sb3IlM0ElMjAlMjM4NWM0M2YlMjAlMjFpbXBvcnRhbnQlM0IlMEElMjAlMjAlMjAlMjBjb2xvciUzQSUyMCUyM2ZmZmZmZiUyMCUyMWltcG9ydGFudCUzQiUwQSUyMCUyMCUyMCUyMGJhY2tncm91bmQlM0ElMjAlMjM4NWM0M2YlMjAlMjFpbXBvcnRhbnQlM0IlMEElN0QlMEEubm9tYXJnaW4lN0IlMEElMjAlMjAlMjAlMjBtYXJnaW4lM0ElMjAwJTIwJTIxaW1wb3J0YW50JTNCJTBBJTdEJTBBLndwYl9zaW5nbGVfaW1hZ2Uud3BiX2NvbnRlbnRfZWxlbWVudC52Y19hbGlnbl9jZW50ZXIlMjAlN0IlMEElMjAlMjAlMjAlMjBwb3NpdGlvbiUzQSUyMHJlbGF0aXZlJTNCJTBBJTdEJTBBaDIud3BiX2hlYWRpbmcud3BiX3NpbmdsZWltYWdlX2hlYWRpbmclMjAlN0IlMEElMjAlMjAlMjAlMjBmb250LXNpemUlM0ElMjAzNHB4JTNCJTBBJTIwJTIwJTIwJTIwcG9zaXRpb24lM0ElMjBhYnNvbHV0ZSUzQiUwQSUyMCUyMCUyMCUyMHdpZHRoJTNBJTIwMTAwJTI1JTNCJTBBJTIwJTIwJTIwJTIwZGlzcGxheSUzQSUyMGZsZXglM0IlMEElMjAlMjAlMjAlMjBhbGlnbi1pdGVtcyUzQSUyMGNlbnRlciUzQiUwQSUyMCUyMCUyMCUyMGp1c3RpZnktY29udGVudCUzQSUyMGNlbnRlciUzQiUwQSUyMCUyMCUyMCUyMGNvbG9yJTNBJTIwJTIzODVDNDNGJTNCJTBBJTIwJTIwJTIwJTIwYm90dG9tJTNBJTIwMTUlMjUlM0IlMEElN0QlMEEuZmxleGJveCUyMCU3QiUwQSUyMCUyMCUyMCUyMGRpc3BsYXklM0ElMjBmbGV4JTNCJTBBJTIwJTIwJTIwJTIwYWxpZ24taXRlbXMlM0ElMjBjZW50ZXIlM0IlMEElMjAlMjAlMjAlMjBqdXN0aWZ5LWNvbnRlbnQlM0ElMjBjZW50ZXIlM0IlMEElMjAlMjAlMjAlMjBmbGV4LXdyYXAlM0ElMjB3cmFwJTNCJTBBJTdEJTBBJTNDJTJGc3R5bGUlM0U=[\/vc_raw_html][\/vc_column][\/vc_row][vc_row full_width=&#8221;stretch_row&#8221; css=&#8221;.vc_custom_1730692668256{padding-top: 100px !important;padding-bottom: 50px !important;background-color: #f8f8e0 !important;}&#8221;][vc_column css=&#8221;.vc_custom_1730691557361{padding-top: 0px !important;}&#8221;][vc_custom_heading text=&#8221;Contr\u00f4le qualit\u00e9 complet pour chaque produit de gazon synth\u00e9tique&#8221; font_container=&#8221;tag:h2|text_align:center|color:%2385c33e&#8221; use_theme_fonts=&#8221;yes&#8221; css=&#8221;.vc_custom_1751852169606{margin-bottom: 35px !important;}&#8221; el_class=&#8221;section-title&#8221;][vc_column_text el_class=&#8221;text-center width-10&#8243;]\n<p style=\"text-align: center;\">Chez CCGrass, fabricant gazon synth\u00e9tique engag\u00e9, la qualit\u00e9 de nos produits est notre priorit\u00e9 absolue. Notre processus rigoureux de contr\u00f4le qualit\u00e9 d\u00e9bute par une s\u00e9lection minutieuse des mati\u00e8res premi\u00e8res et se poursuit \u00e0 chaque \u00e9tape de la production. Nous r\u00e9alisons des inspections approfondies \u00e0 des points cl\u00e9s : contr\u00f4le des fils, v\u00e9rification des produits semi-finis et finis, ainsi qu\u2019un dernier examen avant livraison.<\/p>\n<p style=\"text-align: center;\">Avec plus de 150 collaborateurs d\u00e9di\u00e9s au contr\u00f4le qualit\u00e9 dans nos usines, aucun d\u00e9tail n\u2019est laiss\u00e9 au hasard. Chaque produit subit plusieurs s\u00e9ries de tests afin de r\u00e9pondre \u00e0 nos exigences les plus strictes. Ce n\u2019est qu\u2019apr\u00e8s avoir franchi avec succ\u00e8s ces contr\u00f4les que nos gazons synth\u00e9tiques sont approuv\u00e9s pour la commercialisation, garantissant fiabilit\u00e9 et performance.<\/p>\n[\/vc_column_text][vc_raw_html]JTNDZGl2JTIwY2xhc3MlM0QlMjJxY19ib3glMjIlM0UlMEElMjAlMjAlM0NkaXYlMjBjbGFzcyUzRCUyMnFjX2l0ZW0lMjIlM0UlMEElMjAlMjAlMjAlMjAlM0NpbWclMjBzcmMlM0QlMjJodHRwcyUzQSUyRiUyRnd3dy5jY2dyYXNzLmNvbSUyRndwLWNvbnRlbnQlMkZ1cGxvYWRzJTJGMjAyNCUyRjExJTJGUmF3LW1hdGVyaWFsLXRlc3QucG5nJTIyJTIwYWx0JTNEJTIycWMlMjIlM0UlMEElMjAlMjAlM0MlMkZkaXYlM0UlMEElMjAlMjAlM0NkaXYlMjBjbGFzcyUzRCUyMnFjX2l0ZW0lMjIlM0UlMEElMjAlMjAlMjAlMjAlM0NpbWclMjBzcmMlM0QlMjJodHRwcyUzQSUyRiUyRnd3dy5jY2dyYXNzLmNvbSUyRndwLWNvbnRlbnQlMkZ1cGxvYWRzJTJGMjAyNCUyRjExJTJGWWFybi1jaGVjay5wbmclMjIlMjBhbHQlM0QlMjJxYyUyMiUzRSUwQSUyMCUyMCUzQyUyRmRpdiUzRSUwQSUyMCUyMCUzQ2RpdiUyMGNsYXNzJTNEJTIycWNfaXRlbSUyMiUzRSUwQSUyMCUyMCUyMCUyMCUzQ2ltZyUyMHNyYyUzRCUyMmh0dHBzJTNBJTJGJTJGd3d3LmNjZ3Jhc3MuY29tJTJGd3AtY29udGVudCUyRnVwbG9hZHMlMkYyMDI0JTJGMTElMkZTZW1pLWZpbmlzaGVkLWNoZWNrLnBuZyUyMiUyMGFsdCUzRCUyMnFjJTIyJTNFJTBBJTIwJTIwJTNDJTJGZGl2JTNFJTBBJTIwJTIwJTNDZGl2JTIwY2xhc3MlM0QlMjJxY19pdGVtJTIyJTNFJTBBJTIwJTIwJTIwJTIwJTNDaW1nJTIwc3JjJTNEJTIyaHR0cHMlM0ElMkYlMkZ3d3cuY2NncmFzcy5jb20lMkZ3cC1jb250ZW50JTJGdXBsb2FkcyUyRjIwMjQlMkYxMSUyRlByb2R1Y3RzLXRlc3QucG5nJTIyJTIwYWx0JTNEJTIycWMlMjIlM0UlMEElMjAlMjAlM0MlMkZkaXYlM0UlMEElMjAlMjAlM0NkaXYlMjBjbGFzcyUzRCUyMnFjX2l0ZW0lMjIlM0UlMEElMjAlMjAlMjAlMjAlM0NpbWclMjBzcmMlM0QlMjJodHRwcyUzQSUyRiUyRnd3dy5jY2dyYXNzLmNvbSUyRndwLWNvbnRlbnQlMkZ1cGxvYWRzJTJGMjAyNCUyRjExJTJGQmVmb3JlLWRlbGl2ZXJ5LWNoZWNrLnBuZyUyMiUyMGFsdCUzRCUyMnFjJTIyJTNFJTBBJTIwJTIwJTNDJTJGZGl2JTNFJTBBJTNDJTJGZGl2JTNF[\/vc_raw_html][\/vc_column][\/vc_row][vc_row full_width=&#8221;stretch_row&#8221; content_placement=&#8221;middle&#8221; css=&#8221;.vc_custom_1730706396224{background-image: url(https:\/\/www.ccgrass.com\/wp-content\/uploads\/2024\/11\/bg.jpg?id=11541) !important;background-position: center !important;background-repeat: no-repeat !important;background-size: cover !important;}&#8221; el_class=&#8221;cover_bg&#8221;][vc_column width=&#8221;1\/2&#8243; el_class=&#8221;cover_text&#8221;][vc_custom_heading text=&#8221;Une fabrication durable<br \/>\npour une GreenLife&#8221; font_container=&#8221;tag:h2|text_align:left|color:%2385c33e&#8221; use_theme_fonts=&#8221;yes&#8221; el_class=&#8221;section-title&#8221;][vc_column_text]GreenLife est notre engagement environnemental, qui garantit que tous nos proc\u00e9d\u00e9s de fabrication, le d\u00e9veloppement produit et nos innovations respectent des normes \u00e9cologiques rigoureuses. En adoptant une d\u00e9marche syst\u00e9matique de protection de l\u2019environnement, nous nous engageons \u00e0 contribuer activement \u00e0 un avenir durable.[\/vc_column_text][vc_btn title=&#8221;EN SAVOIR PLUS&#8221; style=&#8221;classic&#8221; color=&#8221;green&#8221; align=&#8221;left&#8221; i_align=&#8221;right&#8221; i_icon_fontawesome=&#8221;fa fa-chevron-circle-down&#8221; add_icon=&#8221;true&#8221; link=&#8221;url:https%3A%2F%2Fwww.ccgrass.com%2Ffr%2Fgreenlife%2F||target:%20_blank|&#8221;][\/vc_column][vc_column width=&#8221;1\/2&#8243;][\/vc_column][\/vc_row]\n","protected":false},"excerpt":{"rendered":"<p>[vc_row full_width=&#8221;stretch_row&#8221; css=&#8221;.vc_custom_1730783752718{padding-top: 250px !important;padding-bottom: 80px !important;background-image: url(https:\/\/www.ccgrass.com\/wp-content\/uploads\/2024\/11\/tufting.jpg?id=11507) !important;background-position: center !important;background-repeat: no-repeat !important;background-size: cover !important;}&#8221;][vc_column][vc_single_image image=&#8221;4361&#8243; img_size=&#8221;full&#8221; alignment=&#8221;center&#8221; onclick=&#8221;custom_link&#8221; link=&#8221;https:\/\/youtu.be\/lciQnTCuI-0?si=rHAhJ16pZ7vt4c5c&#8221; el_class=&#8221;fancybox_youtube&#8221;][vc_row_inner el_class=&#8221;container&#8221; css=&#8221;.vc_custom_1730685625165{margin-bottom: 0px !important;}&#8221;][vc_column_inner][vc_custom_heading text=&#8221;D\u00e9couvrez l\u2019usine de gazon synth\u00e9tique de CCGrass&#8221; font_container=&#8221;tag:h2|text_align:center|color:%23ffffff&#8221; use_theme_fonts=&#8221;yes&#8221; css=&#8221;.vc_custom_1751851934471{margin-bottom: 25px !important;}&#8221; el_class=&#8221;section-title&#8221;][vc_column_text el_class=&#8221;white text-center width-10&#8243; css=&#8221;.vc_custom_1751851939847{margin-bottom: 0px !important;}&#8221;]CCGrass, fabricant de gazon synth\u00e9tique de r\u00e9f\u00e9rence, se distingue par une production [&hellip;]<\/p>\n","protected":false},"author":1,"featured_media":563,"parent":36,"menu_order":27,"comment_status":"closed","ping_status":"closed","template":"page-factory.php","meta":{"footnotes":""},"class_list":["post-300","page","type-page","status-publish","has-post-thumbnail","hentry"],"acf":[],"yoast_head":"<!-- This site is optimized with the Yoast SEO plugin v27.2 - https:\/\/yoast.com\/product\/yoast-seo-wordpress\/ -->\n<title>Visite de l\u2019usine - CCGrass<\/title>\n<meta name=\"description\" content=\"Visiter l\u2019usine4\" \/>\n<meta name=\"robots\" content=\"index, follow, max-snippet:-1, max-image-preview:large, max-video-preview:-1\" \/>\n<link rel=\"canonical\" href=\"https:\/\/www.ccgrass.com\/fr\/the-company\/factory-tour\/\" \/>\n<meta property=\"og:locale\" content=\"en_US\" \/>\n<meta property=\"og:type\" content=\"article\" \/>\n<meta property=\"og:title\" content=\"Visite de l\u2019usine - CCGrass\" \/>\n<meta property=\"og:description\" content=\"Visiter l\u2019usine4\" \/>\n<meta property=\"og:url\" content=\"https:\/\/www.ccgrass.com\/fr\/the-company\/factory-tour\/\" \/>\n<meta property=\"og:site_name\" content=\"CCGrass\" \/>\n<meta property=\"article:modified_time\" content=\"2025-07-07T01:39:10+00:00\" \/>\n<meta property=\"og:image\" content=\"https:\/\/www.ccgrass.com\/fr\/wp-content\/uploads\/2017\/03\/about-hero.jpg\" \/>\n\t<meta property=\"og:image:width\" content=\"1920\" \/>\n\t<meta property=\"og:image:height\" content=\"500\" \/>\n\t<meta property=\"og:image:type\" content=\"image\/jpeg\" \/>\n<meta name=\"twitter:card\" content=\"summary_large_image\" \/>\n<meta name=\"twitter:label1\" content=\"Est. reading time\" \/>\n\t<meta name=\"twitter:data1\" content=\"5 minutes\" \/>\n<script type=\"application\/ld+json\" class=\"yoast-schema-graph\">{\"@context\":\"https:\/\/schema.org\",\"@graph\":[{\"@type\":\"WebPage\",\"@id\":\"https:\/\/www.ccgrass.com\/fr\/the-company\/factory-tour\/\",\"url\":\"https:\/\/www.ccgrass.com\/fr\/the-company\/factory-tour\/\",\"name\":\"Visite de l\u2019usine - CCGrass\",\"isPartOf\":{\"@id\":\"https:\/\/www.ccgrass.com\/fr\/#website\"},\"primaryImageOfPage\":{\"@id\":\"https:\/\/www.ccgrass.com\/fr\/the-company\/factory-tour\/#primaryimage\"},\"image\":{\"@id\":\"https:\/\/www.ccgrass.com\/fr\/the-company\/factory-tour\/#primaryimage\"},\"thumbnailUrl\":\"https:\/\/www.ccgrass.com\/fr\/wp-content\/uploads\/2017\/03\/about-hero.jpg\",\"datePublished\":\"2017-03-25T07:44:43+00:00\",\"dateModified\":\"2025-07-07T01:39:10+00:00\",\"description\":\"Visiter l\u2019usine4\",\"breadcrumb\":{\"@id\":\"https:\/\/www.ccgrass.com\/fr\/the-company\/factory-tour\/#breadcrumb\"},\"inLanguage\":\"en-US\",\"potentialAction\":[{\"@type\":\"ReadAction\",\"target\":[\"https:\/\/www.ccgrass.com\/fr\/the-company\/factory-tour\/\"]}]},{\"@type\":\"ImageObject\",\"inLanguage\":\"en-US\",\"@id\":\"https:\/\/www.ccgrass.com\/fr\/the-company\/factory-tour\/#primaryimage\",\"url\":\"https:\/\/www.ccgrass.com\/fr\/wp-content\/uploads\/2017\/03\/about-hero.jpg\",\"contentUrl\":\"https:\/\/www.ccgrass.com\/fr\/wp-content\/uploads\/2017\/03\/about-hero.jpg\",\"width\":1920,\"height\":500,\"caption\":\"about-hero\"},{\"@type\":\"BreadcrumbList\",\"@id\":\"https:\/\/www.ccgrass.com\/fr\/the-company\/factory-tour\/#breadcrumb\",\"itemListElement\":[{\"@type\":\"ListItem\",\"position\":1,\"name\":\"Home\",\"item\":\"https:\/\/www.ccgrass.com\/fr\/\"},{\"@type\":\"ListItem\",\"position\":2,\"name\":\"SOCI\u00c9T\u00c9\",\"item\":\"https:\/\/www.ccgrass.com\/fr\/the-company\/\"},{\"@type\":\"ListItem\",\"position\":3,\"name\":\"Visite de l\u2019usine\"}]},{\"@type\":\"WebSite\",\"@id\":\"https:\/\/www.ccgrass.com\/fr\/#website\",\"url\":\"https:\/\/www.ccgrass.com\/fr\/\",\"name\":\"CCGrass\",\"description\":\"\",\"potentialAction\":[{\"@type\":\"SearchAction\",\"target\":{\"@type\":\"EntryPoint\",\"urlTemplate\":\"https:\/\/www.ccgrass.com\/fr\/?s={search_term_string}\"},\"query-input\":{\"@type\":\"PropertyValueSpecification\",\"valueRequired\":true,\"valueName\":\"search_term_string\"}}],\"inLanguage\":\"en-US\"}]}<\/script>\n<!-- \/ Yoast SEO plugin. -->","yoast_head_json":{"title":"Visite de l\u2019usine - CCGrass","description":"Visiter l\u2019usine4","robots":{"index":"index","follow":"follow","max-snippet":"max-snippet:-1","max-image-preview":"max-image-preview:large","max-video-preview":"max-video-preview:-1"},"canonical":"https:\/\/www.ccgrass.com\/fr\/the-company\/factory-tour\/","og_locale":"en_US","og_type":"article","og_title":"Visite de l\u2019usine - CCGrass","og_description":"Visiter l\u2019usine4","og_url":"https:\/\/www.ccgrass.com\/fr\/the-company\/factory-tour\/","og_site_name":"CCGrass","article_modified_time":"2025-07-07T01:39:10+00:00","og_image":[{"width":1920,"height":500,"url":"https:\/\/www.ccgrass.com\/fr\/wp-content\/uploads\/2017\/03\/about-hero.jpg","type":"image\/jpeg"}],"twitter_card":"summary_large_image","twitter_misc":{"Est. reading time":"5 minutes"},"schema":{"@context":"https:\/\/schema.org","@graph":[{"@type":"WebPage","@id":"https:\/\/www.ccgrass.com\/fr\/the-company\/factory-tour\/","url":"https:\/\/www.ccgrass.com\/fr\/the-company\/factory-tour\/","name":"Visite de l\u2019usine - CCGrass","isPartOf":{"@id":"https:\/\/www.ccgrass.com\/fr\/#website"},"primaryImageOfPage":{"@id":"https:\/\/www.ccgrass.com\/fr\/the-company\/factory-tour\/#primaryimage"},"image":{"@id":"https:\/\/www.ccgrass.com\/fr\/the-company\/factory-tour\/#primaryimage"},"thumbnailUrl":"https:\/\/www.ccgrass.com\/fr\/wp-content\/uploads\/2017\/03\/about-hero.jpg","datePublished":"2017-03-25T07:44:43+00:00","dateModified":"2025-07-07T01:39:10+00:00","description":"Visiter l\u2019usine4","breadcrumb":{"@id":"https:\/\/www.ccgrass.com\/fr\/the-company\/factory-tour\/#breadcrumb"},"inLanguage":"en-US","potentialAction":[{"@type":"ReadAction","target":["https:\/\/www.ccgrass.com\/fr\/the-company\/factory-tour\/"]}]},{"@type":"ImageObject","inLanguage":"en-US","@id":"https:\/\/www.ccgrass.com\/fr\/the-company\/factory-tour\/#primaryimage","url":"https:\/\/www.ccgrass.com\/fr\/wp-content\/uploads\/2017\/03\/about-hero.jpg","contentUrl":"https:\/\/www.ccgrass.com\/fr\/wp-content\/uploads\/2017\/03\/about-hero.jpg","width":1920,"height":500,"caption":"about-hero"},{"@type":"BreadcrumbList","@id":"https:\/\/www.ccgrass.com\/fr\/the-company\/factory-tour\/#breadcrumb","itemListElement":[{"@type":"ListItem","position":1,"name":"Home","item":"https:\/\/www.ccgrass.com\/fr\/"},{"@type":"ListItem","position":2,"name":"SOCI\u00c9T\u00c9","item":"https:\/\/www.ccgrass.com\/fr\/the-company\/"},{"@type":"ListItem","position":3,"name":"Visite de l\u2019usine"}]},{"@type":"WebSite","@id":"https:\/\/www.ccgrass.com\/fr\/#website","url":"https:\/\/www.ccgrass.com\/fr\/","name":"CCGrass","description":"","potentialAction":[{"@type":"SearchAction","target":{"@type":"EntryPoint","urlTemplate":"https:\/\/www.ccgrass.com\/fr\/?s={search_term_string}"},"query-input":{"@type":"PropertyValueSpecification","valueRequired":true,"valueName":"search_term_string"}}],"inLanguage":"en-US"}]}},"_links":{"self":[{"href":"https:\/\/www.ccgrass.com\/fr\/wp-json\/wp\/v2\/pages\/300","targetHints":{"allow":["GET"]}}],"collection":[{"href":"https:\/\/www.ccgrass.com\/fr\/wp-json\/wp\/v2\/pages"}],"about":[{"href":"https:\/\/www.ccgrass.com\/fr\/wp-json\/wp\/v2\/types\/page"}],"author":[{"embeddable":true,"href":"https:\/\/www.ccgrass.com\/fr\/wp-json\/wp\/v2\/users\/1"}],"replies":[{"embeddable":true,"href":"https:\/\/www.ccgrass.com\/fr\/wp-json\/wp\/v2\/comments?post=300"}],"version-history":[{"count":0,"href":"https:\/\/www.ccgrass.com\/fr\/wp-json\/wp\/v2\/pages\/300\/revisions"}],"up":[{"embeddable":true,"href":"https:\/\/www.ccgrass.com\/fr\/wp-json\/wp\/v2\/pages\/36"}],"wp:featuredmedia":[{"embeddable":true,"href":"https:\/\/www.ccgrass.com\/fr\/wp-json\/wp\/v2\/media\/563"}],"wp:attachment":[{"href":"https:\/\/www.ccgrass.com\/fr\/wp-json\/wp\/v2\/media?parent=300"}],"curies":[{"name":"wp","href":"https:\/\/api.w.org\/{rel}","templated":true}]}}