{"id":112,"date":"2017-03-04T08:09:04","date_gmt":"2017-03-04T08:09:04","guid":{"rendered":"https:\/\/www.ccgrass.com\/fr\/?page_id=112"},"modified":"2025-02-18T08:31:24","modified_gmt":"2025-02-18T08:31:24","slug":"fifa-preferred-producer","status":"publish","type":"page","link":"https:\/\/www.ccgrass.com\/fr\/qualifications\/fifa-preferred-producer\/","title":{"rendered":"FIFA Preferred Producer"},"content":{"rendered":"[vc_row css=&#8221;.vc_custom_1488876653585{padding-top: 80px !important;padding-bottom: 80px !important;}&#8221;][vc_column][vc_empty_space height=&#8221;30px&#8221; el_class=&#8221;hidden-xs&#8221;][vc_column_text]\n<h1 class=\"section-title\">Qu&#8217;est-ce qu&#8217;une FIFA Preferred Producer?<\/h1>\n[\/vc_column_text][vc_column_text el_class=&#8221;width-9 gray text-center&#8221; css=&#8221;.vc_custom_1563782020705{padding-top: 15px !important;}&#8221;]L&#8217;initiative de la FIFA Preferred Producer (FPP) a \u00e9t\u00e9 introduit en pour r\u00e9pondre \u00e0 la demande croissante d\u2019une meilleure qualit\u00e9, non seulement dans le produit lui-m\u00eame, mais aussi dans le processus de la pose du gazon. L&#8217;objectif principal est de prot\u00e9ger les int\u00e9r\u00eats des consommateurs lors de l&#8217;achat du gazon de football et d&#8217;assurer les terrains de football qui peuvent r\u00e9pondre aux exigences \u00e9lev\u00e9es dans l\u2019aspect de qualit\u00e9, de performance et de s\u00e9curit\u00e9.[\/vc_column_text][vc_empty_space height=&#8221;60px&#8221; el_class=&#8221;hidden-xs&#8221;][\/vc_column][\/vc_row][vc_row full_width=&#8221;stretch_row&#8221; css=&#8221;.vc_custom_1488877783767{padding-bottom: 40px !important;background-image: url(https:\/\/www.ccgrass.com\/fr\/wp-content\/uploads\/2017\/03\/fifa-Preferred-bg.jpg?id=116) !important;}&#8221; el_class=&#8221;fifa-center-section&#8221;][vc_column][vc_single_image image=&#8221;4224&#8243; img_size=&#8221;605&#215;429&#8243; alignment=&#8221;center&#8221; el_class=&#8221;footerball-turf&#8221;][vc_column_text el_class=&#8221;white text-center font-18&#8243; css=&#8221;.vc_custom_1496301153669{padding-top: 40px !important;padding-bottom: 75px !important;}&#8221;]Pour atteindre la qualification, le fabricant doit \u00e9galement se conformer aux normes \u00e9lev\u00e9es de la FIFA en termes de:[\/vc_column_text][vc_row_inner][vc_column_inner width=&#8221;1\/4&#8243;][vc_single_image image=&#8221;120&#8243; img_size=&#8221;full&#8221; alignment=&#8221;center&#8221; css=&#8221;.vc_custom_1488877594182{margin-bottom: 25px !important;}&#8221;][vc_column_text el_class=&#8221;text-center&#8221;]\n<h5>Processus de la production<\/h5>\n[\/vc_column_text][\/vc_column_inner][vc_column_inner width=&#8221;1\/4&#8243;][vc_single_image image=&#8221;119&#8243; img_size=&#8221;full&#8221; alignment=&#8221;center&#8221; css=&#8221;.vc_custom_1488877598690{margin-bottom: 25px !important;}&#8221;][vc_column_text el_class=&#8221;text-center&#8221;]\n<h5>Syst\u00e8me de contr\u00f4le de qualit\u00e9<\/h5>\n[\/vc_column_text][\/vc_column_inner][vc_column_inner width=&#8221;1\/4&#8243;][vc_single_image image=&#8221;118&#8243; img_size=&#8221;full&#8221; alignment=&#8221;center&#8221; css=&#8221;.vc_custom_1488877602713{margin-bottom: 25px !important;}&#8221;][vc_column_text el_class=&#8221;text-center&#8221;]\n<h5>Qualit\u00e9 des produits<\/h5>\n[\/vc_column_text][\/vc_column_inner][vc_column_inner width=&#8221;1\/4&#8243;][vc_single_image image=&#8221;117&#8243; img_size=&#8221;full&#8221; alignment=&#8221;center&#8221; css=&#8221;.vc_custom_1488877606752{margin-bottom: 25px !important;}&#8221;][vc_column_text el_class=&#8221;text-center&#8221;]\n<h5>pose et la maintenance<br \/>\nConnaissances et expertise<\/h5>\n[\/vc_column_text][\/vc_column_inner][\/vc_row_inner][vc_empty_space height=&#8221;200px&#8221; el_class=&#8221;hidden-xs&#8221;][\/vc_column][\/vc_row][vc_row full_width=&#8221;stretch_row&#8221; css=&#8221;.vc_custom_1488878738777{padding-top: 60px !important;padding-bottom: 90px !important;background-image: url(https:\/\/www.ccgrass.com\/fr\/wp-content\/uploads\/2017\/03\/choose-fifa.jpg?id=186) !important;}&#8221; el_class=&#8221;choose-fifa-section&#8221;][vc_column][vc_column_text css=&#8221;.vc_custom_1519350078112{padding-bottom: 25px !important;}&#8221; el_class=&#8221;remove-br&#8221;]\n<h2 class=\"section-title\">La route pour devenir FIFA Preferred<br \/>\nProducer est difficile.<\/h2>\n[\/vc_column_text][vc_single_image image=&#8221;3791&#8243; img_size=&#8221;full&#8221; alignment=&#8221;center&#8221; css=&#8221;.vc_custom_1636436140295{padding-bottom: 40px !important;}&#8221;][vc_empty_space height=&#8221;200px&#8221; el_class=&#8221;hidden-xs&#8221;][vc_column_text el_class=&#8221;remove-br&#8221;]\n<h2 class=\"section-title\">Pourquoi choisir une FIFA<br \/>\nPreferred Producer?<\/h2>\n[\/vc_column_text][vc_column_text el_class=&#8221;text-center remove-br&#8221; css=&#8221;.vc_custom_1496301463186{padding-bottom: 20px !important;}&#8221;]Lorsque vous achetez aupr\u00e8s d&#8217;une FIFA Preferred Producer, la performance est garantie et votre<br \/>\nint\u00e9r\u00eat est prot\u00e9g\u00e9.[\/vc_column_text][vc_row_inner content_placement=&#8221;middle&#8221;][vc_column_inner width=&#8221;1\/3&#8243;][vc_column_text el_class=&#8221;black-6&#8243;]\n<ul class=\"green-list\">\n<li>Gazon Arficiciel fabriqu\u00e9 et test\u00e9 selon la norme de qualit\u00e9 de la FIFA.<\/li>\n<li>Usine bien g\u00e9r\u00e9e confirm\u00e9 par FIFA inspectors<\/li>\n<li>Terrain pos\u00e9 est admissible \u00e0 la certification de FIFA Quality ou FIFA Quality Pro, qui sera une puissance de marketing pour vous.<\/li>\n<\/ul>\n[\/vc_column_text][\/vc_column_inner][vc_column_inner width=&#8221;1\/3&#8243;][vc_single_image image=&#8221;3745&#8243; img_size=&#8221;full&#8221; alignment=&#8221;center&#8221;][\/vc_column_inner][vc_column_inner width=&#8221;1\/3&#8243;][vc_column_text el_class=&#8221;black-6&#8243;]\n<ul class=\"green-list\">\n<li>Soutien pour la pose et la maintenance<\/li>\n<li>M\u00eame des probl\u00e8mes se produisent avec le terrain, la FIFA peut \u00e9galement s\u2019engager pour r\u00e9soudre le probl\u00e8me<\/li>\n<li>Plus de possibilit\u00e9s pour le niveau sup\u00e9rieur et des projets d&#8217;envergure<\/li>\n<\/ul>\n[\/vc_column_text][\/vc_column_inner][\/vc_row_inner][\/vc_column][\/vc_row][vc_row full_width=&#8221;stretch_row&#8221; css=&#8221;.vc_custom_1488879318036{padding-top: 60px !important;padding-bottom: 60px !important;background-image: url(https:\/\/www.ccgrass.com\/fr\/wp-content\/uploads\/2017\/03\/fifa-bottom.jpg?id=124) !important;background-position: center !important;background-repeat: no-repeat !important;background-size: cover !important;}&#8221; el_class=&#8221;fifa-offer-section&#8221;][vc_column][vc_empty_space height=&#8221;30px&#8221; el_class=&#8221;hidden-xs&#8221;][vc_column_text el_class=&#8221;remove-br&#8221;]\n<h2 class=\"section-title\">En tant qu\u2019une FIFA Preferred Producer,<br \/>\nqu\u2019est-ce que CCGrass peut vous offrir?<\/h2>\n[\/vc_column_text][vc_column_text el_class=&#8221;text-center white remove-br&#8221; css=&#8221;.vc_custom_1496366649247{padding-bottom: 10px !important;}&#8221;]En plus des avantages communs que vous pouvez trouver de FPP, CCGrass offre des avantages suivants<br \/>\nqui fournissent une valeur suppl\u00e9mentaire.[\/vc_column_text][vc_single_image image=&#8221;3747&#8243; img_size=&#8221;full&#8221; alignment=&#8221;center&#8221; css=&#8221;.vc_custom_1617260982656{padding-bottom: 5px !important;}&#8221;][vc_row_inner][vc_column_inner width=&#8221;1\/2&#8243; offset=&#8221;vc_col-lg-offset-1 vc_col-lg-5&#8243;][vc_column_text el_class=&#8221;white&#8221;]\n<ul class=\"green-list\">\n<li>Service de conseil professionnel \u00e0 partir du choix de produit \u00e0 la pose finale<\/li>\n<li>Service de conception de terrain gratuit rend votre pose du gazon beaucoup plus facile<\/li>\n<li>Vous assurer un arrangement flexible et efficace des essais sur le terrain de la FIFA<\/li>\n<\/ul>\n[\/vc_column_text][\/vc_column_inner][vc_column_inner width=&#8221;1\/2&#8243; offset=&#8221;vc_col-lg-5&#8243;][vc_column_text el_class=&#8221;white&#8221;]\n<ul class=\"green-list\">\n<li>Environ 100 terrains de la FIFA qualifiy r\u00e9pondant \u00e0 votre attente sur la performance, la durabilit\u00e9 et l&#8217;esth\u00e9tique.<\/li>\n<li>\u00c9tant responsible de tout processus de documentation lorsque vous demandez un certificat FIFA<\/li>\n<\/ul>\n[\/vc_column_text][\/vc_column_inner][\/vc_row_inner][\/vc_column][\/vc_row]\n","protected":false},"excerpt":{"rendered":"<p>[vc_row css=&#8221;.vc_custom_1488876653585{padding-top: 80px !important;padding-bottom: 80px !important;}&#8221;][vc_column][vc_empty_space height=&#8221;30px&#8221; el_class=&#8221;hidden-xs&#8221;][vc_column_text] Qu&#8217;est-ce qu&#8217;une FIFA Preferred Producer? [\/vc_column_text][vc_column_text el_class=&#8221;width-9 gray text-center&#8221; css=&#8221;.vc_custom_1563782020705{padding-top: 15px !important;}&#8221;]L&#8217;initiative de la FIFA Preferred Producer (FPP) a \u00e9t\u00e9 introduit en pour r\u00e9pondre \u00e0 la demande croissante d\u2019une meilleure qualit\u00e9, non seulement dans le produit lui-m\u00eame, mais aussi dans le processus de la pose du gazon. [&hellip;]<\/p>\n","protected":false},"author":1,"featured_media":174,"parent":40,"menu_order":23,"comment_status":"closed","ping_status":"closed","template":"","meta":{"footnotes":""},"class_list":["post-112","page","type-page","status-publish","has-post-thumbnail","hentry"],"acf":[],"yoast_head":"<!-- This site is optimized with the Yoast SEO plugin v27.2 - https:\/\/yoast.com\/product\/yoast-seo-wordpress\/ -->\n<title>FIFA Preferred Producer - CCGrass<\/title>\n<meta name=\"description\" content=\"FIFA Preferred Producer4\" \/>\n<meta name=\"robots\" content=\"index, follow, max-snippet:-1, max-image-preview:large, max-video-preview:-1\" \/>\n<link rel=\"canonical\" href=\"https:\/\/www.ccgrass.com\/fr\/qualifications\/fifa-preferred-producer\/\" \/>\n<meta property=\"og:locale\" content=\"en_US\" \/>\n<meta property=\"og:type\" content=\"article\" \/>\n<meta property=\"og:title\" content=\"FIFA Preferred Producer - CCGrass\" \/>\n<meta property=\"og:description\" content=\"FIFA Preferred Producer4\" \/>\n<meta property=\"og:url\" content=\"https:\/\/www.ccgrass.com\/fr\/qualifications\/fifa-preferred-producer\/\" \/>\n<meta property=\"og:site_name\" content=\"CCGrass\" \/>\n<meta property=\"article:modified_time\" content=\"2025-02-18T08:31:24+00:00\" \/>\n<meta property=\"og:image\" content=\"https:\/\/www.ccgrass.com\/fr\/wp-content\/uploads\/2017\/03\/bg-fifa.jpg\" \/>\n\t<meta property=\"og:image:width\" content=\"1920\" \/>\n\t<meta property=\"og:image:height\" content=\"450\" \/>\n\t<meta property=\"og:image:type\" content=\"image\/jpeg\" \/>\n<meta name=\"twitter:card\" content=\"summary_large_image\" \/>\n<meta name=\"twitter:label1\" content=\"Est. reading time\" \/>\n\t<meta name=\"twitter:data1\" content=\"3 minutes\" \/>\n<script type=\"application\/ld+json\" class=\"yoast-schema-graph\">{\"@context\":\"https:\/\/schema.org\",\"@graph\":[{\"@type\":\"WebPage\",\"@id\":\"https:\/\/www.ccgrass.com\/fr\/qualifications\/fifa-preferred-producer\/\",\"url\":\"https:\/\/www.ccgrass.com\/fr\/qualifications\/fifa-preferred-producer\/\",\"name\":\"FIFA Preferred Producer - CCGrass\",\"isPartOf\":{\"@id\":\"https:\/\/www.ccgrass.com\/fr\/#website\"},\"primaryImageOfPage\":{\"@id\":\"https:\/\/www.ccgrass.com\/fr\/qualifications\/fifa-preferred-producer\/#primaryimage\"},\"image\":{\"@id\":\"https:\/\/www.ccgrass.com\/fr\/qualifications\/fifa-preferred-producer\/#primaryimage\"},\"thumbnailUrl\":\"https:\/\/www.ccgrass.com\/fr\/wp-content\/uploads\/2017\/03\/bg-fifa.jpg\",\"datePublished\":\"2017-03-04T08:09:04+00:00\",\"dateModified\":\"2025-02-18T08:31:24+00:00\",\"description\":\"FIFA Preferred Producer4\",\"breadcrumb\":{\"@id\":\"https:\/\/www.ccgrass.com\/fr\/qualifications\/fifa-preferred-producer\/#breadcrumb\"},\"inLanguage\":\"en-US\",\"potentialAction\":[{\"@type\":\"ReadAction\",\"target\":[\"https:\/\/www.ccgrass.com\/fr\/qualifications\/fifa-preferred-producer\/\"]}]},{\"@type\":\"ImageObject\",\"inLanguage\":\"en-US\",\"@id\":\"https:\/\/www.ccgrass.com\/fr\/qualifications\/fifa-preferred-producer\/#primaryimage\",\"url\":\"https:\/\/www.ccgrass.com\/fr\/wp-content\/uploads\/2017\/03\/bg-fifa.jpg\",\"contentUrl\":\"https:\/\/www.ccgrass.com\/fr\/wp-content\/uploads\/2017\/03\/bg-fifa.jpg\",\"width\":1920,\"height\":450,\"caption\":\"CCGrass Fabricant pr\u00e9f\u00e9rentiel de la FIFA pour les terrains de football\"},{\"@type\":\"BreadcrumbList\",\"@id\":\"https:\/\/www.ccgrass.com\/fr\/qualifications\/fifa-preferred-producer\/#breadcrumb\",\"itemListElement\":[{\"@type\":\"ListItem\",\"position\":1,\"name\":\"Home\",\"item\":\"https:\/\/www.ccgrass.com\/fr\/\"},{\"@type\":\"ListItem\",\"position\":2,\"name\":\"QUALIFICATIONS\",\"item\":\"https:\/\/www.ccgrass.com\/fr\/qualifications\/\"},{\"@type\":\"ListItem\",\"position\":3,\"name\":\"FIFA Preferred Producer\"}]},{\"@type\":\"WebSite\",\"@id\":\"https:\/\/www.ccgrass.com\/fr\/#website\",\"url\":\"https:\/\/www.ccgrass.com\/fr\/\",\"name\":\"CCGrass\",\"description\":\"\",\"potentialAction\":[{\"@type\":\"SearchAction\",\"target\":{\"@type\":\"EntryPoint\",\"urlTemplate\":\"https:\/\/www.ccgrass.com\/fr\/?s={search_term_string}\"},\"query-input\":{\"@type\":\"PropertyValueSpecification\",\"valueRequired\":true,\"valueName\":\"search_term_string\"}}],\"inLanguage\":\"en-US\"}]}<\/script>\n<!-- \/ Yoast SEO plugin. -->","yoast_head_json":{"title":"FIFA Preferred Producer - CCGrass","description":"FIFA Preferred Producer4","robots":{"index":"index","follow":"follow","max-snippet":"max-snippet:-1","max-image-preview":"max-image-preview:large","max-video-preview":"max-video-preview:-1"},"canonical":"https:\/\/www.ccgrass.com\/fr\/qualifications\/fifa-preferred-producer\/","og_locale":"en_US","og_type":"article","og_title":"FIFA Preferred Producer - CCGrass","og_description":"FIFA Preferred Producer4","og_url":"https:\/\/www.ccgrass.com\/fr\/qualifications\/fifa-preferred-producer\/","og_site_name":"CCGrass","article_modified_time":"2025-02-18T08:31:24+00:00","og_image":[{"width":1920,"height":450,"url":"https:\/\/www.ccgrass.com\/fr\/wp-content\/uploads\/2017\/03\/bg-fifa.jpg","type":"image\/jpeg"}],"twitter_card":"summary_large_image","twitter_misc":{"Est. reading time":"3 minutes"},"schema":{"@context":"https:\/\/schema.org","@graph":[{"@type":"WebPage","@id":"https:\/\/www.ccgrass.com\/fr\/qualifications\/fifa-preferred-producer\/","url":"https:\/\/www.ccgrass.com\/fr\/qualifications\/fifa-preferred-producer\/","name":"FIFA Preferred Producer - CCGrass","isPartOf":{"@id":"https:\/\/www.ccgrass.com\/fr\/#website"},"primaryImageOfPage":{"@id":"https:\/\/www.ccgrass.com\/fr\/qualifications\/fifa-preferred-producer\/#primaryimage"},"image":{"@id":"https:\/\/www.ccgrass.com\/fr\/qualifications\/fifa-preferred-producer\/#primaryimage"},"thumbnailUrl":"https:\/\/www.ccgrass.com\/fr\/wp-content\/uploads\/2017\/03\/bg-fifa.jpg","datePublished":"2017-03-04T08:09:04+00:00","dateModified":"2025-02-18T08:31:24+00:00","description":"FIFA Preferred Producer4","breadcrumb":{"@id":"https:\/\/www.ccgrass.com\/fr\/qualifications\/fifa-preferred-producer\/#breadcrumb"},"inLanguage":"en-US","potentialAction":[{"@type":"ReadAction","target":["https:\/\/www.ccgrass.com\/fr\/qualifications\/fifa-preferred-producer\/"]}]},{"@type":"ImageObject","inLanguage":"en-US","@id":"https:\/\/www.ccgrass.com\/fr\/qualifications\/fifa-preferred-producer\/#primaryimage","url":"https:\/\/www.ccgrass.com\/fr\/wp-content\/uploads\/2017\/03\/bg-fifa.jpg","contentUrl":"https:\/\/www.ccgrass.com\/fr\/wp-content\/uploads\/2017\/03\/bg-fifa.jpg","width":1920,"height":450,"caption":"CCGrass Fabricant pr\u00e9f\u00e9rentiel de la FIFA pour les terrains de football"},{"@type":"BreadcrumbList","@id":"https:\/\/www.ccgrass.com\/fr\/qualifications\/fifa-preferred-producer\/#breadcrumb","itemListElement":[{"@type":"ListItem","position":1,"name":"Home","item":"https:\/\/www.ccgrass.com\/fr\/"},{"@type":"ListItem","position":2,"name":"QUALIFICATIONS","item":"https:\/\/www.ccgrass.com\/fr\/qualifications\/"},{"@type":"ListItem","position":3,"name":"FIFA Preferred Producer"}]},{"@type":"WebSite","@id":"https:\/\/www.ccgrass.com\/fr\/#website","url":"https:\/\/www.ccgrass.com\/fr\/","name":"CCGrass","description":"","potentialAction":[{"@type":"SearchAction","target":{"@type":"EntryPoint","urlTemplate":"https:\/\/www.ccgrass.com\/fr\/?s={search_term_string}"},"query-input":{"@type":"PropertyValueSpecification","valueRequired":true,"valueName":"search_term_string"}}],"inLanguage":"en-US"}]}},"_links":{"self":[{"href":"https:\/\/www.ccgrass.com\/fr\/wp-json\/wp\/v2\/pages\/112","targetHints":{"allow":["GET"]}}],"collection":[{"href":"https:\/\/www.ccgrass.com\/fr\/wp-json\/wp\/v2\/pages"}],"about":[{"href":"https:\/\/www.ccgrass.com\/fr\/wp-json\/wp\/v2\/types\/page"}],"author":[{"embeddable":true,"href":"https:\/\/www.ccgrass.com\/fr\/wp-json\/wp\/v2\/users\/1"}],"replies":[{"embeddable":true,"href":"https:\/\/www.ccgrass.com\/fr\/wp-json\/wp\/v2\/comments?post=112"}],"version-history":[{"count":0,"href":"https:\/\/www.ccgrass.com\/fr\/wp-json\/wp\/v2\/pages\/112\/revisions"}],"up":[{"embeddable":true,"href":"https:\/\/www.ccgrass.com\/fr\/wp-json\/wp\/v2\/pages\/40"}],"wp:featuredmedia":[{"embeddable":true,"href":"https:\/\/www.ccgrass.com\/fr\/wp-json\/wp\/v2\/media\/174"}],"wp:attachment":[{"href":"https:\/\/www.ccgrass.com\/fr\/wp-json\/wp\/v2\/media?parent=112"}],"curies":[{"name":"wp","href":"https:\/\/api.w.org\/{rel}","templated":true}]}}