{"id":5657,"date":"2024-04-28T06:23:34","date_gmt":"2024-04-28T06:23:34","guid":{"rendered":"https:\/\/www.ccgrass.com\/es\/?page_id=5657"},"modified":"2024-05-06T01:51:51","modified_gmt":"2024-05-06T01:51:51","slug":"serie-union","status":"publish","type":"page","link":"https:\/\/www.ccgrass.com\/es\/serie-union\/","title":{"rendered":"Serie Uni\u00f3n"},"content":{"rendered":"","protected":false},"excerpt":{"rendered":"","protected":false},"author":1,"featured_media":0,"parent":0,"menu_order":10,"comment_status":"closed","ping_status":"closed","template":"template-union.php","meta":{"footnotes":"","_links_to":"","_links_to_target":""},"class_list":["post-5657","page","type-page","status-publish","hentry"],"acf":[],"yoast_head":"<!-- This site is optimized with the Yoast SEO plugin v27.6 - https:\/\/yoast.com\/product\/yoast-seo-wordpress\/ -->\n<title>Serie Uni\u00f3n | Sistema de grama sint\u00e9tica realista - CCGrass<\/title>\n<meta name=\"description\" content=\"El sistema de grama sint\u00e9tica realista de CCGrass imita la naturaleza combinando armoniosamente dos o tres hilos de grama sint\u00e9tica de diferentes formas y colores.\" \/>\n<meta name=\"robots\" content=\"index, follow, max-snippet:-1, max-image-preview:large, max-video-preview:-1\" \/>\n<link rel=\"canonical\" href=\"https:\/\/www.ccgrass.com\/es\/serie-union\/\" \/>\n<meta property=\"og:locale\" content=\"es_ES\" \/>\n<meta property=\"og:type\" content=\"article\" \/>\n<meta property=\"og:title\" content=\"Serie Uni\u00f3n | Sistema de grama sint\u00e9tica realista - CCGrass\" \/>\n<meta property=\"og:description\" content=\"El sistema de grama sint\u00e9tica realista de CCGrass imita la naturaleza combinando armoniosamente dos o tres hilos de grama sint\u00e9tica de diferentes formas y colores.\" \/>\n<meta property=\"og:url\" content=\"https:\/\/www.ccgrass.com\/es\/serie-union\/\" \/>\n<meta property=\"og:site_name\" content=\"CCGrass\" \/>\n<meta property=\"article:modified_time\" content=\"2024-05-06T01:51:51+00:00\" \/>\n<meta name=\"twitter:card\" content=\"summary_large_image\" \/>\n<script type=\"application\/ld+json\" class=\"yoast-schema-graph\">{\"@context\":\"https:\\\/\\\/schema.org\",\"@graph\":[{\"@type\":\"WebPage\",\"@id\":\"https:\\\/\\\/www.ccgrass.com\\\/es\\\/serie-union\\\/\",\"url\":\"https:\\\/\\\/www.ccgrass.com\\\/es\\\/serie-union\\\/\",\"name\":\"Serie Uni\u00f3n | Sistema de grama sint\u00e9tica realista - CCGrass\",\"isPartOf\":{\"@id\":\"https:\\\/\\\/www.ccgrass.com\\\/es\\\/#website\"},\"datePublished\":\"2024-04-28T06:23:34+00:00\",\"dateModified\":\"2024-05-06T01:51:51+00:00\",\"description\":\"El sistema de grama sint\u00e9tica realista de CCGrass imita la naturaleza combinando armoniosamente dos o tres hilos de grama sint\u00e9tica de diferentes formas y colores.\",\"breadcrumb\":{\"@id\":\"https:\\\/\\\/www.ccgrass.com\\\/es\\\/serie-union\\\/#breadcrumb\"},\"inLanguage\":\"es\",\"potentialAction\":[{\"@type\":\"ReadAction\",\"target\":[\"https:\\\/\\\/www.ccgrass.com\\\/es\\\/serie-union\\\/\"]}]},{\"@type\":\"BreadcrumbList\",\"@id\":\"https:\\\/\\\/www.ccgrass.com\\\/es\\\/serie-union\\\/#breadcrumb\",\"itemListElement\":[{\"@type\":\"ListItem\",\"position\":1,\"name\":\"Home\",\"item\":\"https:\\\/\\\/www.ccgrass.com\\\/es\\\/\"},{\"@type\":\"ListItem\",\"position\":2,\"name\":\"Serie Uni\u00f3n\"}]},{\"@type\":\"WebSite\",\"@id\":\"https:\\\/\\\/www.ccgrass.com\\\/es\\\/#website\",\"url\":\"https:\\\/\\\/www.ccgrass.com\\\/es\\\/\",\"name\":\"CCGrass\",\"description\":\"Fabricante L\u00edder de Pasto Sint\u00e9tico\",\"potentialAction\":[{\"@type\":\"SearchAction\",\"target\":{\"@type\":\"EntryPoint\",\"urlTemplate\":\"https:\\\/\\\/www.ccgrass.com\\\/es\\\/?s={search_term_string}\"},\"query-input\":{\"@type\":\"PropertyValueSpecification\",\"valueRequired\":true,\"valueName\":\"search_term_string\"}}],\"inLanguage\":\"es\"}]}<\/script>\n<!-- \/ Yoast SEO plugin. -->","yoast_head_json":{"title":"Serie Uni\u00f3n | Sistema de grama sint\u00e9tica realista - CCGrass","description":"El sistema de grama sint\u00e9tica realista de CCGrass imita la naturaleza combinando armoniosamente dos o tres hilos de grama sint\u00e9tica de diferentes formas y colores.","robots":{"index":"index","follow":"follow","max-snippet":"max-snippet:-1","max-image-preview":"max-image-preview:large","max-video-preview":"max-video-preview:-1"},"canonical":"https:\/\/www.ccgrass.com\/es\/serie-union\/","og_locale":"es_ES","og_type":"article","og_title":"Serie Uni\u00f3n | Sistema de grama sint\u00e9tica realista - CCGrass","og_description":"El sistema de grama sint\u00e9tica realista de CCGrass imita la naturaleza combinando armoniosamente dos o tres hilos de grama sint\u00e9tica de diferentes formas y colores.","og_url":"https:\/\/www.ccgrass.com\/es\/serie-union\/","og_site_name":"CCGrass","article_modified_time":"2024-05-06T01:51:51+00:00","twitter_card":"summary_large_image","schema":{"@context":"https:\/\/schema.org","@graph":[{"@type":"WebPage","@id":"https:\/\/www.ccgrass.com\/es\/serie-union\/","url":"https:\/\/www.ccgrass.com\/es\/serie-union\/","name":"Serie Uni\u00f3n | Sistema de grama sint\u00e9tica realista - CCGrass","isPartOf":{"@id":"https:\/\/www.ccgrass.com\/es\/#website"},"datePublished":"2024-04-28T06:23:34+00:00","dateModified":"2024-05-06T01:51:51+00:00","description":"El sistema de grama sint\u00e9tica realista de CCGrass imita la naturaleza combinando armoniosamente dos o tres hilos de grama sint\u00e9tica de diferentes formas y colores.","breadcrumb":{"@id":"https:\/\/www.ccgrass.com\/es\/serie-union\/#breadcrumb"},"inLanguage":"es","potentialAction":[{"@type":"ReadAction","target":["https:\/\/www.ccgrass.com\/es\/serie-union\/"]}]},{"@type":"BreadcrumbList","@id":"https:\/\/www.ccgrass.com\/es\/serie-union\/#breadcrumb","itemListElement":[{"@type":"ListItem","position":1,"name":"Home","item":"https:\/\/www.ccgrass.com\/es\/"},{"@type":"ListItem","position":2,"name":"Serie Uni\u00f3n"}]},{"@type":"WebSite","@id":"https:\/\/www.ccgrass.com\/es\/#website","url":"https:\/\/www.ccgrass.com\/es\/","name":"CCGrass","description":"Fabricante L\u00edder de Pasto Sint\u00e9tico","potentialAction":[{"@type":"SearchAction","target":{"@type":"EntryPoint","urlTemplate":"https:\/\/www.ccgrass.com\/es\/?s={search_term_string}"},"query-input":{"@type":"PropertyValueSpecification","valueRequired":true,"valueName":"search_term_string"}}],"inLanguage":"es"}]}},"_links":{"self":[{"href":"https:\/\/www.ccgrass.com\/es\/wp-json\/wp\/v2\/pages\/5657","targetHints":{"allow":["GET"]}}],"collection":[{"href":"https:\/\/www.ccgrass.com\/es\/wp-json\/wp\/v2\/pages"}],"about":[{"href":"https:\/\/www.ccgrass.com\/es\/wp-json\/wp\/v2\/types\/page"}],"author":[{"embeddable":true,"href":"https:\/\/www.ccgrass.com\/es\/wp-json\/wp\/v2\/users\/1"}],"replies":[{"embeddable":true,"href":"https:\/\/www.ccgrass.com\/es\/wp-json\/wp\/v2\/comments?post=5657"}],"version-history":[{"count":2,"href":"https:\/\/www.ccgrass.com\/es\/wp-json\/wp\/v2\/pages\/5657\/revisions"}],"predecessor-version":[{"id":5718,"href":"https:\/\/www.ccgrass.com\/es\/wp-json\/wp\/v2\/pages\/5657\/revisions\/5718"}],"wp:attachment":[{"href":"https:\/\/www.ccgrass.com\/es\/wp-json\/wp\/v2\/media?parent=5657"}],"curies":[{"name":"wp","href":"https:\/\/api.w.org\/{rel}","templated":true}]}}