{"id":3941,"date":"2021-05-18T07:50:18","date_gmt":"2021-05-18T07:50:18","guid":{"rendered":"https:\/\/www.ccgrass.com\/es\/?page_id=3941"},"modified":"2026-02-11T03:34:11","modified_gmt":"2026-02-11T03:34:11","slug":"productor-preferido-de-cesped-de-world-rugby","status":"publish","type":"page","link":"https:\/\/www.ccgrass.com\/es\/qualifications\/productor-preferido-de-cesped-de-world-rugby\/","title":{"rendered":"Productor Preferido de C\u00e9sped Sint\u00e9tico de World Rgby"},"content":{"rendered":"[vc_row full_width=\u00bbstretch_row\u00bb css=\u00bb.vc_custom_1527133612027{padding-top: 50px !important;padding-bottom: 50px !important;background: #1d2c50 url(https:\/\/www.ccgrass.com\/wp-content\/uploads\/2018\/05\/World-Rugby-Preferred-Turf-Producer-section01-bg.png?id=1344) !important;background-position: 0 0 !important;background-repeat: no-repeat !important;}\u00bb el_class=\u00bbworld-section world-section01&#8243;][vc_column css=\u00bb.vc_custom_1527133225921{padding-top: 0px !important;}\u00bb][vc_empty_space height=\u00bb50px\u00bb el_class=\u00bbhidden-xs\u00bb][vc_single_image image=\u00bb3942&#8243; img_size=\u00bb287X30&#8243; alignment=\u00bbcenter\u00bb css=\u00bb.vc_custom_1621323669565{margin-bottom: 40px !important;}\u00bb][vc_empty_space height=\u00bb20px\u00bb el_class=\u00bbhidden-xs\u00bb][vc_column_text css=\u00bb.vc_custom_1652060127685{margin-bottom: 40px !important;}\u00bb el_class=\u00bbtext-center\u00bb]\n<h1 class=\"global-section-title\">Productor Preferido de C\u00e9sped Sint\u00e9tico de World Rugby<\/h1>\n[\/vc_column_text][vc_empty_space height=\u00bb20px\u00bb el_class=\u00bbhidden-xs\u00bb][vc_single_image image=\u00bb3943&#8243; img_size=\u00bb380X380&#8243; alignment=\u00bbcenter\u00bb css=\u00bb.vc_custom_1621323735893{margin-bottom: 0px !important;padding-right: 80px !important;padding-left: 80px !important;}\u00bb][vc_empty_space height=\u00bb50px\u00bb el_class=\u00bbhidden-xs\u00bb][\/vc_column][\/vc_row][vc_row full_width=\u00bbstretch_row\u00bb css=\u00bb.vc_custom_1527138087402{padding-top: 50px !important;padding-bottom: 50px !important;background-color: #7ab24b !important;}\u00bb el_class=\u00bbworld-section03 text-center\u00bb][vc_column css=\u00bb.vc_custom_1527138143559{padding-top: 0px !important;}\u00bb][vc_raw_html]JTNDc3R5bGUlM0UlMEEuZ2xvYmFsLXNlY3Rpb24tZGVzYy1ibHVlJTJDLmdsb2JhbC1zZWN0aW9uLWRlc2MlMkMud29ybGQtc2VjdGlvbi1pdGVtJTJDLndvcmxkLXNlY3Rpb24tbGlzdC1ibHVlJTIwLndvcmxkLXNlY3Rpb24taXRlbSU3QiUwQSUyMCUyMCUyMCUyMGZvbnQtd2VpZ2h0JTNBMTAwJTNCJTBBJTdEJTBBJTNDJTJGc3R5bGUlM0U=[\/vc_raw_html][vc_empty_space height=\u00bb20px\u00bb el_class=\u00bbhidden-xs\u00bb][vc_column_text]\n<h2 class=\"global-section-title-blue\">\u00bfQu\u00e9 es un Productor Preferido de C\u00e9sped Sint\u00e9tico de World Rugby?<\/h2>\n[\/vc_column_text][vc_column_text]\n<div class=\"global-section-desc-blue\">Los Productores Preferidos de C\u00e9sped Sint\u00e9tico de World Rugby son empresas que brindan un servicio llave en mano desde el dise\u00f1o y la construcci\u00f3n hasta la educaci\u00f3n de mantenimiento de seguimiento. Creen en la importancia de la investigaci\u00f3n y el desarrollo para mejorar constantemente la tecnolog\u00eda del c\u00e9sped sint\u00e9tico.<\/div>\n[\/vc_column_text][vc_empty_space height=\u00bb20px\u00bb el_class=\u00bbhidden-xs\u00bb][vc_single_image image=\u00bb7134&#8243; img_size=\u00bb800&#215;566&#8243; alignment=\u00bbcenter\u00bb css=\u00bb.vc_custom_1770780845733{margin-bottom: 0px !important;padding-right: 20px !important;padding-left: 20px !important;}\u00bb][vc_empty_space height=\u00bb25px\u00bb el_class=\u00bbhidden-xs\u00bb][\/vc_column][\/vc_row][vc_row full_width=\u00bbstretch_row\u00bb css=\u00bb.vc_custom_1527907033736{padding-top: 50px !important;padding-bottom: 30px !important;background: #1d2c50 url(https:\/\/www.ccgrass.com\/wp-content\/uploads\/2018\/06\/Why-choose-a-World-Rugby-Preferred-Turf-Producer-bg.jpg?id=2428) !important;background-position: center !important;background-repeat: no-repeat !important;background-size: cover !important;}\u00bb el_class=\u00bbworld-section04 text-center\u00bb][vc_column css=\u00bb.vc_custom_1527139836180{padding-top: 0px !important;}\u00bb][vc_empty_space height=\u00bb50px\u00bb el_class=\u00bbhidden-xs\u00bb][vc_column_text]\n<h2 class=\"global-section-title\">\u00bfPor Qu\u00e9 Elegir un Productor Preferido de C\u00e9sped Sint\u00e9tico de World Rugby?<\/h2>\n[\/vc_column_text][vc_column_text]\n<div class=\"global-section-desc\">Cuando compra a un Productor Preferido de C\u00e9sped Sint\u00e9tico de World Rugby, el rendimiento est\u00e1 garantizado y su inter\u00e9s est\u00e1 protegido.<\/div>\n[\/vc_column_text][vc_column_text css=\u00bb.vc_custom_1621323886325{margin-bottom: 0px !important;}\u00bb el_class=\u00bbwidth-1000 text-left\u00bb]\n<div class=\"row world-section-list-wrap\">\n<div class=\"col-xs-12 col-sm-6\">\n<ul class=\"world-section-list list-unstyled\">\n<li class=\"world-section-item\">Compromiso de garantizar los m\u00e1s altos est\u00e1ndares de rendimiento y bienestar de los jugadores<\/li>\n<li class=\"world-section-item\">Vinculado contractualmente con World Rugby para proporcionar un alto nivel de servicio e instalaci\u00f3n de productos.<\/li>\n<\/ul>\n<\/div>\n<div class=\"col-xs-12 col-sm-6\">\n<ul class=\"world-section-list list-unstyled\">\n<li class=\"world-section-item\">Campos certificados por la Regulaci\u00f3n 22 de World Rugby para asegurar un alto rendimiento de juego como en el mejor c\u00e9sped natural<\/li>\n<li class=\"world-section-item\">Pruebas realizadas por institutos de pruebas acreditados por World Rugby para garantizar rigurosos est\u00e1ndares de seguridad.<\/li>\n<\/ul>\n<\/div>\n<\/div>\n[\/vc_column_text][vc_empty_space height=\u00bb50px\u00bb el_class=\u00bbhidden-xs\u00bb][\/vc_column][\/vc_row][vc_row full_width=\u00bbstretch_row\u00bb css=\u00bb.vc_custom_1527477174412{padding-top: 50px !important;padding-bottom: 30px !important;background-color: #7ab24b !important;}\u00bb el_class=\u00bbworld-section04 text-center\u00bb][vc_column css=\u00bb.vc_custom_1527139836180{padding-top: 0px !important;}\u00bb][vc_empty_space height=\u00bb50px\u00bb el_class=\u00bbhidden-xs\u00bb][vc_column_text]\n<h2 class=\"global-section-title-blue\">Como un Productor Preferido de C\u00e9sped Sint\u00e9tico de World Rugby,<br \/>\n\u00bfQu\u00e9 M\u00e1s Puede Ofrecerle CCGrass?<\/h2>\n[\/vc_column_text][vc_column_text css=\u00bb.vc_custom_1621323958732{margin-bottom: 0px !important;}\u00bb el_class=\u00bbwidth-1000 text-left\u00bb]\n<div class=\"row world-section-list-wrap\">\n<div class=\"col-xs-12 col-sm-6\">\n<ul class=\"world-section-list world-section-list-blue list-unstyled\">\n<li class=\"world-section-item\">Productos premium que cumplen con la Regulaci\u00f3n 22 de World Rugby<\/li>\n<li class=\"world-section-item\">Servicio de asesoramiento profesional sobre una variedad de sistemas<\/li>\n<li class=\"world-section-item\">Servicio de respaldo completo, que incluye dise\u00f1o de campo, instalaci\u00f3n y mantenimiento<\/li>\n<\/ul>\n<\/div>\n<div class=\"col-xs-12 col-sm-6\">\n<ul class=\"world-section-list world-section-list-blue list-unstyled\">\n<li class=\"world-section-item\">Pruebas de campo de World Rugby independientes organizadas<\/li>\n<li class=\"world-section-item\">Campos de referencia global para visitar<\/li>\n<\/ul>\n<\/div>\n<\/div>\n[\/vc_column_text][vc_empty_space height=\u00bb50px\u00bb el_class=\u00bbhidden-xs\u00bb][\/vc_column][\/vc_row][vc_row full_width=\u00bbstretch_row\u00bb css=\u00bb.vc_custom_1527479767811{padding-top: 50px !important;padding-bottom: 30px !important;background-image: url(https:\/\/www.ccgrass.com\/wp-content\/uploads\/2018\/05\/world-section02-bg.jpg?id=1294) !important;background-position: center !important;background-repeat: no-repeat !important;background-size: cover !important;}\u00bb el_class=\u00bbworld-section02 text-center\u00bb][vc_column css=\u00bb.vc_custom_1527139736814{padding-top: 0px !important;}\u00bb][vc_empty_space height=\u00bb50px\u00bb el_class=\u00bbhidden-xs\u00bb][vc_column_text]\n<h2 class=\"global-section-title\">\u00bfQu\u00e9 es World Rugby?<\/h2>\n[\/vc_column_text][vc_empty_space height=\u00bb10px\u00bb el_class=\u00bbhidden-xs\u00bb][vc_column_text css=\u00bb.vc_custom_1621323988540{margin-bottom: 45px !important;}\u00bb]\n<div class=\"global-section-desc\">World Rugby es el organismo rector reconocido para el juego de rugby union, que establece sus reglas y principios, mientras monitorea el juego. Sus valores son Integridad, Pasi\u00f3n, Solidaridad, Disciplina y Respeto; valores inherentes a todo el deporte.<\/div>\n[\/vc_column_text][vc_empty_space height=\u00bb20px\u00bb el_class=\u00bbhidden-xs\u00bb][vc_column_text]\n<h2 class=\"global-section-title\">Regulaci\u00f3n 22 de World Rugby<\/h2>\n[\/vc_column_text][vc_empty_space height=\u00bb10px\u00bb el_class=\u00bbhidden-xs\u00bb][vc_column_text]\n<div class=\"global-section-desc global-section-desc-770\">La Regulaci\u00f3n 22 de World Rugby es el marco regulatorio relacionado con la superficie artificial para el Juego de Rugby vinculante para todas las Uniones y Asociaciones. El programa, que tiene como objetivo impulsar la participaci\u00f3n global, regular\u00e1 y estandarizar\u00e1 por primera vez el desarrollo, rendimiento y mantenimiento del pasto sint\u00e9tico de rugby en todo el mundo.<\/div>\n[\/vc_column_text][vc_column_text css=\u00bb.vc_custom_1621324154941{margin-bottom: 0px !important;}\u00bb el_class=\u00bbwidth-850 text-left\u00bb]\n<div class=\"row world-section-list-wrap\">\n<div class=\"col-xs-12 col-sm-4\">\n<ul class=\"world-section-list list-unstyled\">\n<li class=\"world-section-item\">Criterio de lesi\u00f3n en la cabeza (HIC)<\/li>\n<li class=\"world-section-item\">Absorci\u00f3n de impactos<\/li>\n<\/ul>\n<\/div>\n<div class=\"col-xs-12 col-sm-4\">\n<ul class=\"world-section-list list-unstyled\">\n<li class=\"world-section-item\">Deformaci\u00f3n vertical<\/li>\n<li class=\"world-section-item\">Restituci\u00f3n de energ\u00eda<\/li>\n<\/ul>\n<\/div>\n<div class=\"col-xs-12 col-sm-4\">\n<ul class=\"world-section-list list-unstyled\">\n<li class=\"world-section-item\">Resistencia rotacional<\/li>\n<li class=\"world-section-item\">Inspecciones visuales y de uniformidad<\/li>\n<\/ul>\n<\/div>\n<\/div>\n[\/vc_column_text][vc_empty_space height=\u00bb50px\u00bb el_class=\u00bbhidden-xs\u00bb][\/vc_column][\/vc_row][vc_row full_width=\u00bbstretch_row\u00bb css=\u00bb.vc_custom_1527479788536{padding-top: 35px !important;padding-bottom: 45px !important;background-image: url(https:\/\/www.ccgrass.com\/wp-content\/uploads\/2018\/05\/reference02-bg.jpg?id=1236) !important;background-position: center !important;background-repeat: no-repeat !important;background-size: cover !important;}\u00bb el_class=\u00bbworld-section05&#8243;][vc_column][vc_column_text el_class=\u00bbsection-title\u00bb css=\u00bb.vc_custom_1621324166084{padding-bottom: 5px !important;}\u00bb]\n<h2 class=\"global-section-title-blue\">Referencias<\/h2>\n[\/vc_column_text][vc_row_inner][vc_column_inner width=\u00bb1\/4&#8243;][vc_column_text]\n<article class=\"reference-item\">\n<div class=\"img-wrapper\"><img decoding=\"async\" src=\"https:\/\/www.ccgrass.com\/wp-content\/uploads\/2018\/05\/reference02-img01.jpg\" alt=\"\" \/><\/div>\n<p>Clongowes Wood College, Ireland<\/p>\n<\/article>\n[\/vc_column_text][\/vc_column_inner][vc_column_inner width=\u00bb1\/4&#8243;][vc_column_text]\n<article class=\"reference-item\">\n<div class=\"img-wrapper\"><img decoding=\"async\" src=\"https:\/\/www.ccgrass.com\/wp-content\/uploads\/2018\/05\/reference02-img02.jpg\" alt=\"\" \/><\/div>\n<p>Stade Municipal, France<\/p>\n<\/article>\n[\/vc_column_text][\/vc_column_inner][vc_column_inner width=\u00bb1\/4&#8243;][vc_column_text]\n<article class=\"reference-item\">\n<div class=\"img-wrapper\"><img decoding=\"async\" src=\"https:\/\/www.ccgrass.com\/wp-content\/uploads\/2018\/05\/reference02-img03.jpg\" alt=\"\" \/><\/div>\n<p>Windhoek Gymnasium Private School, Namibia<\/p>\n<\/article>\n[\/vc_column_text][\/vc_column_inner][vc_column_inner width=\u00bb1\/4&#8243;][vc_column_text]\n<article class=\"reference-item\">\n<div class=\"img-wrapper\"><img decoding=\"async\" src=\"https:\/\/www.ccgrass.com\/wp-content\/uploads\/2018\/05\/reference02-img04.jpg\" alt=\"\" \/><\/div>\n<p>Ealing Trailfinders RFC, UK<\/p>\n<\/article>\n[\/vc_column_text][\/vc_column_inner][\/vc_row_inner][\/vc_column][\/vc_row]\n","protected":false},"excerpt":{"rendered":"<p>[vc_row full_width=\u00bbstretch_row\u00bb css=\u00bb.vc_custom_1527133612027{padding-top: 50px !important;padding-bottom: 50px !important;background: #1d2c50 url(https:\/\/www.ccgrass.com\/wp-content\/uploads\/2018\/05\/World-Rugby-Preferred-Turf-Producer-section01-bg.png?id=1344) !important;background-position: 0 0 !important;background-repeat: no-repeat !important;}\u00bb el_class=\u00bbworld-section world-section01&#8243;][vc_column css=\u00bb.vc_custom_1527133225921{padding-top: 0px !important;}\u00bb][vc_empty_space height=\u00bb50px\u00bb el_class=\u00bbhidden-xs\u00bb][vc_single_image image=\u00bb3942&#8243; img_size=\u00bb287X30&#8243; alignment=\u00bbcenter\u00bb css=\u00bb.vc_custom_1621323669565{margin-bottom: 40px !important;}\u00bb][vc_empty_space height=\u00bb20px\u00bb el_class=\u00bbhidden-xs\u00bb][vc_column_text css=\u00bb.vc_custom_1652060127685{margin-bottom: 40px !important;}\u00bb el_class=\u00bbtext-center\u00bb] Productor Preferido de C\u00e9sped Sint\u00e9tico de World Rugby [\/vc_column_text][vc_empty_space height=\u00bb20px\u00bb el_class=\u00bbhidden-xs\u00bb][vc_single_image image=\u00bb3943&#8243; img_size=\u00bb380X380&#8243; alignment=\u00bbcenter\u00bb css=\u00bb.vc_custom_1621323735893{margin-bottom: 0px !important;padding-right: 80px !important;padding-left: 80px !important;}\u00bb][vc_empty_space [&hellip;]<\/p>\n","protected":false},"author":1,"featured_media":3945,"parent":40,"menu_order":32,"comment_status":"closed","ping_status":"closed","template":"","meta":{"footnotes":"","_links_to":"","_links_to_target":""},"class_list":["post-3941","page","type-page","status-publish","has-post-thumbnail","hentry"],"acf":[],"yoast_head":"<!-- This site is optimized with the Yoast SEO plugin v27.2 - https:\/\/yoast.com\/product\/yoast-seo-wordpress\/ -->\n<title>Productor Preferido de C\u00e9sped Sint\u00e9tico de World Rgby - CCGrass<\/title>\n<meta name=\"description\" content=\"Como Productor de C\u00e9sped Sint\u00e9tico Preferido de World Rugby, CCGrass se compromete a garantizar los m\u00e1s altos est\u00e1ndares de rendimiento y bienestar de los jugadores.\" \/>\n<meta name=\"robots\" content=\"index, follow, max-snippet:-1, max-image-preview:large, max-video-preview:-1\" \/>\n<link rel=\"canonical\" href=\"https:\/\/www.ccgrass.com\/es\/qualifications\/productor-preferido-de-cesped-de-world-rugby\/\" \/>\n<meta property=\"og:locale\" content=\"es_ES\" \/>\n<meta property=\"og:type\" content=\"article\" \/>\n<meta property=\"og:title\" content=\"Productor Preferido de C\u00e9sped Sint\u00e9tico de World Rgby - CCGrass\" \/>\n<meta property=\"og:description\" content=\"Como Productor de C\u00e9sped Sint\u00e9tico Preferido de World Rugby, CCGrass se compromete a garantizar los m\u00e1s altos est\u00e1ndares de rendimiento y bienestar de los jugadores.\" \/>\n<meta property=\"og:url\" content=\"https:\/\/www.ccgrass.com\/es\/qualifications\/productor-preferido-de-cesped-de-world-rugby\/\" \/>\n<meta property=\"og:site_name\" content=\"CCGrass\" \/>\n<meta property=\"article:modified_time\" content=\"2026-02-11T03:34:11+00:00\" \/>\n<meta property=\"og:image\" content=\"https:\/\/www.ccgrass.com\/es\/wp-content\/uploads\/2021\/05\/banner-world-rugby-1.jpg\" \/>\n\t<meta property=\"og:image:width\" content=\"1920\" \/>\n\t<meta property=\"og:image:height\" content=\"600\" \/>\n\t<meta property=\"og:image:type\" content=\"image\/jpeg\" \/>\n<meta name=\"twitter:card\" content=\"summary_large_image\" \/>\n<meta name=\"twitter:label1\" content=\"Tiempo de lectura\" \/>\n\t<meta name=\"twitter:data1\" content=\"4 minutos\" \/>\n<script type=\"application\/ld+json\" class=\"yoast-schema-graph\">{\"@context\":\"https:\/\/schema.org\",\"@graph\":[{\"@type\":\"WebPage\",\"@id\":\"https:\/\/www.ccgrass.com\/es\/qualifications\/productor-preferido-de-cesped-de-world-rugby\/\",\"url\":\"https:\/\/www.ccgrass.com\/es\/qualifications\/productor-preferido-de-cesped-de-world-rugby\/\",\"name\":\"Productor Preferido de C\u00e9sped Sint\u00e9tico de World Rgby - CCGrass\",\"isPartOf\":{\"@id\":\"https:\/\/www.ccgrass.com\/es\/#website\"},\"primaryImageOfPage\":{\"@id\":\"https:\/\/www.ccgrass.com\/es\/qualifications\/productor-preferido-de-cesped-de-world-rugby\/#primaryimage\"},\"image\":{\"@id\":\"https:\/\/www.ccgrass.com\/es\/qualifications\/productor-preferido-de-cesped-de-world-rugby\/#primaryimage\"},\"thumbnailUrl\":\"https:\/\/www.ccgrass.com\/es\/wp-content\/uploads\/2021\/05\/banner-world-rugby-1.jpg\",\"datePublished\":\"2021-05-18T07:50:18+00:00\",\"dateModified\":\"2026-02-11T03:34:11+00:00\",\"description\":\"Como Productor de C\u00e9sped Sint\u00e9tico Preferido de World Rugby, CCGrass se compromete a garantizar los m\u00e1s altos est\u00e1ndares de rendimiento y bienestar de los jugadores.\",\"breadcrumb\":{\"@id\":\"https:\/\/www.ccgrass.com\/es\/qualifications\/productor-preferido-de-cesped-de-world-rugby\/#breadcrumb\"},\"inLanguage\":\"es\",\"potentialAction\":[{\"@type\":\"ReadAction\",\"target\":[\"https:\/\/www.ccgrass.com\/es\/qualifications\/productor-preferido-de-cesped-de-world-rugby\/\"]}]},{\"@type\":\"ImageObject\",\"inLanguage\":\"es\",\"@id\":\"https:\/\/www.ccgrass.com\/es\/qualifications\/productor-preferido-de-cesped-de-world-rugby\/#primaryimage\",\"url\":\"https:\/\/www.ccgrass.com\/es\/wp-content\/uploads\/2021\/05\/banner-world-rugby-1.jpg\",\"contentUrl\":\"https:\/\/www.ccgrass.com\/es\/wp-content\/uploads\/2021\/05\/banner-world-rugby-1.jpg\",\"width\":1920,\"height\":600,\"caption\":\"banner-world-rugby-1\"},{\"@type\":\"BreadcrumbList\",\"@id\":\"https:\/\/www.ccgrass.com\/es\/qualifications\/productor-preferido-de-cesped-de-world-rugby\/#breadcrumb\",\"itemListElement\":[{\"@type\":\"ListItem\",\"position\":1,\"name\":\"Home\",\"item\":\"https:\/\/www.ccgrass.com\/es\/\"},{\"@type\":\"ListItem\",\"position\":2,\"name\":\"CALIFICACIONES\",\"item\":\"https:\/\/www.ccgrass.com\/es\/qualifications\/\"},{\"@type\":\"ListItem\",\"position\":3,\"name\":\"Productor Preferido de C\u00e9sped Sint\u00e9tico de World Rgby\"}]},{\"@type\":\"WebSite\",\"@id\":\"https:\/\/www.ccgrass.com\/es\/#website\",\"url\":\"https:\/\/www.ccgrass.com\/es\/\",\"name\":\"CCGrass\",\"description\":\"Fabricante L\u00edder de Pasto Sint\u00e9tico\",\"potentialAction\":[{\"@type\":\"SearchAction\",\"target\":{\"@type\":\"EntryPoint\",\"urlTemplate\":\"https:\/\/www.ccgrass.com\/es\/?s={search_term_string}\"},\"query-input\":{\"@type\":\"PropertyValueSpecification\",\"valueRequired\":true,\"valueName\":\"search_term_string\"}}],\"inLanguage\":\"es\"}]}<\/script>\n<!-- \/ Yoast SEO plugin. -->","yoast_head_json":{"title":"Productor Preferido de C\u00e9sped Sint\u00e9tico de World Rgby - CCGrass","description":"Como Productor de C\u00e9sped Sint\u00e9tico Preferido de World Rugby, CCGrass se compromete a garantizar los m\u00e1s altos est\u00e1ndares de rendimiento y bienestar de los jugadores.","robots":{"index":"index","follow":"follow","max-snippet":"max-snippet:-1","max-image-preview":"max-image-preview:large","max-video-preview":"max-video-preview:-1"},"canonical":"https:\/\/www.ccgrass.com\/es\/qualifications\/productor-preferido-de-cesped-de-world-rugby\/","og_locale":"es_ES","og_type":"article","og_title":"Productor Preferido de C\u00e9sped Sint\u00e9tico de World Rgby - CCGrass","og_description":"Como Productor de C\u00e9sped Sint\u00e9tico Preferido de World Rugby, CCGrass se compromete a garantizar los m\u00e1s altos est\u00e1ndares de rendimiento y bienestar de los jugadores.","og_url":"https:\/\/www.ccgrass.com\/es\/qualifications\/productor-preferido-de-cesped-de-world-rugby\/","og_site_name":"CCGrass","article_modified_time":"2026-02-11T03:34:11+00:00","og_image":[{"width":1920,"height":600,"url":"https:\/\/www.ccgrass.com\/es\/wp-content\/uploads\/2021\/05\/banner-world-rugby-1.jpg","type":"image\/jpeg"}],"twitter_card":"summary_large_image","twitter_misc":{"Tiempo de lectura":"4 minutos"},"schema":{"@context":"https:\/\/schema.org","@graph":[{"@type":"WebPage","@id":"https:\/\/www.ccgrass.com\/es\/qualifications\/productor-preferido-de-cesped-de-world-rugby\/","url":"https:\/\/www.ccgrass.com\/es\/qualifications\/productor-preferido-de-cesped-de-world-rugby\/","name":"Productor Preferido de C\u00e9sped Sint\u00e9tico de World Rgby - CCGrass","isPartOf":{"@id":"https:\/\/www.ccgrass.com\/es\/#website"},"primaryImageOfPage":{"@id":"https:\/\/www.ccgrass.com\/es\/qualifications\/productor-preferido-de-cesped-de-world-rugby\/#primaryimage"},"image":{"@id":"https:\/\/www.ccgrass.com\/es\/qualifications\/productor-preferido-de-cesped-de-world-rugby\/#primaryimage"},"thumbnailUrl":"https:\/\/www.ccgrass.com\/es\/wp-content\/uploads\/2021\/05\/banner-world-rugby-1.jpg","datePublished":"2021-05-18T07:50:18+00:00","dateModified":"2026-02-11T03:34:11+00:00","description":"Como Productor de C\u00e9sped Sint\u00e9tico Preferido de World Rugby, CCGrass se compromete a garantizar los m\u00e1s altos est\u00e1ndares de rendimiento y bienestar de los jugadores.","breadcrumb":{"@id":"https:\/\/www.ccgrass.com\/es\/qualifications\/productor-preferido-de-cesped-de-world-rugby\/#breadcrumb"},"inLanguage":"es","potentialAction":[{"@type":"ReadAction","target":["https:\/\/www.ccgrass.com\/es\/qualifications\/productor-preferido-de-cesped-de-world-rugby\/"]}]},{"@type":"ImageObject","inLanguage":"es","@id":"https:\/\/www.ccgrass.com\/es\/qualifications\/productor-preferido-de-cesped-de-world-rugby\/#primaryimage","url":"https:\/\/www.ccgrass.com\/es\/wp-content\/uploads\/2021\/05\/banner-world-rugby-1.jpg","contentUrl":"https:\/\/www.ccgrass.com\/es\/wp-content\/uploads\/2021\/05\/banner-world-rugby-1.jpg","width":1920,"height":600,"caption":"banner-world-rugby-1"},{"@type":"BreadcrumbList","@id":"https:\/\/www.ccgrass.com\/es\/qualifications\/productor-preferido-de-cesped-de-world-rugby\/#breadcrumb","itemListElement":[{"@type":"ListItem","position":1,"name":"Home","item":"https:\/\/www.ccgrass.com\/es\/"},{"@type":"ListItem","position":2,"name":"CALIFICACIONES","item":"https:\/\/www.ccgrass.com\/es\/qualifications\/"},{"@type":"ListItem","position":3,"name":"Productor Preferido de C\u00e9sped Sint\u00e9tico de World Rgby"}]},{"@type":"WebSite","@id":"https:\/\/www.ccgrass.com\/es\/#website","url":"https:\/\/www.ccgrass.com\/es\/","name":"CCGrass","description":"Fabricante L\u00edder de Pasto Sint\u00e9tico","potentialAction":[{"@type":"SearchAction","target":{"@type":"EntryPoint","urlTemplate":"https:\/\/www.ccgrass.com\/es\/?s={search_term_string}"},"query-input":{"@type":"PropertyValueSpecification","valueRequired":true,"valueName":"search_term_string"}}],"inLanguage":"es"}]}},"_links":{"self":[{"href":"https:\/\/www.ccgrass.com\/es\/wp-json\/wp\/v2\/pages\/3941","targetHints":{"allow":["GET"]}}],"collection":[{"href":"https:\/\/www.ccgrass.com\/es\/wp-json\/wp\/v2\/pages"}],"about":[{"href":"https:\/\/www.ccgrass.com\/es\/wp-json\/wp\/v2\/types\/page"}],"author":[{"embeddable":true,"href":"https:\/\/www.ccgrass.com\/es\/wp-json\/wp\/v2\/users\/1"}],"replies":[{"embeddable":true,"href":"https:\/\/www.ccgrass.com\/es\/wp-json\/wp\/v2\/comments?post=3941"}],"version-history":[{"count":4,"href":"https:\/\/www.ccgrass.com\/es\/wp-json\/wp\/v2\/pages\/3941\/revisions"}],"predecessor-version":[{"id":7135,"href":"https:\/\/www.ccgrass.com\/es\/wp-json\/wp\/v2\/pages\/3941\/revisions\/7135"}],"up":[{"embeddable":true,"href":"https:\/\/www.ccgrass.com\/es\/wp-json\/wp\/v2\/pages\/40"}],"wp:featuredmedia":[{"embeddable":true,"href":"https:\/\/www.ccgrass.com\/es\/wp-json\/wp\/v2\/media\/3945"}],"wp:attachment":[{"href":"https:\/\/www.ccgrass.com\/es\/wp-json\/wp\/v2\/media?parent=3941"}],"curies":[{"name":"wp","href":"https:\/\/api.w.org\/{rel}","templated":true}]}}