{"id":311,"date":"2017-03-25T07:58:31","date_gmt":"2017-03-25T07:58:31","guid":{"rendered":"https:\/\/www.ccgrass.com\/es\/?page_id=311"},"modified":"2024-09-30T07:55:11","modified_gmt":"2024-09-30T07:55:11","slug":"sports-grass-for-multi-purpose","status":"publish","type":"page","link":"https:\/\/www.ccgrass.com\/es\/products\/sports-grass-for-multi-purpose\/","title":{"rendered":"Pasto para Multiusos"},"content":{"rendered":"[vc_row full_width=\u00bbstretch_row\u00bb css=\u00bb.vc_custom_1534217049637{padding-top: 45px !important;padding-bottom: 45px !important;background-position: center !important;background-repeat: no-repeat !important;background-size: cover !important;}\u00bb el_class=\u00bbbg-gray-round\u00bb][vc_column][vc_column_text el_class=\u00bbsection-title remove-br\u00bb css=\u00bb.vc_custom_1625646987700{margin-bottom: 35px !important;}\u00bb]\n<h2 class=\"item-h2\">Campos de C\u00e9sped Sint\u00e9tico de M\u00faltiples Deportes de Alto Rendimiento<\/h2>\n[\/vc_column_text][vc_row_inner][vc_column_inner width=\u00bb1\/6&#8243;][\/vc_column_inner][vc_column_inner width=\u00bb2\/3&#8243;][vc_column_text el_class=\u00bbtext-center width-1050 high-hockey-desc\u00bb]A menudo, la demanda es tal que un campo de c\u00e9sped sint\u00e9tico tiene que hacer frente a m\u00e1s de un deporte. Cuando esto sucede, algunos deportes encajan bien; como f\u00fatbol y rugby, o hockey y tenis. De vez en cuando, los deportes se combinan cuando se necesita una conciliaci\u00f3n.<\/p>\n<p>En este caso, la experiencia de CCGrass en la creaci\u00f3n de c\u00e9sped sint\u00e9tico para una serie de deportes nos permite ofrecer productos de alto rendimiento para usos m\u00faltiples, como campos de f\u00fatbol de 11 y 7, campos de f\u00fatbol y hockey y campos de rugby y f\u00fatbol. CCGrass puede brindarle los consejos adecuados para garantizar que elija la superficie y el sistema de c\u00e9sped sint\u00e9tico deportivo m\u00e1s adecuado para sus necesidades.[\/vc_column_text][\/vc_column_inner][vc_column_inner width=\u00bb1\/6&#8243;][\/vc_column_inner][\/vc_row_inner][\/vc_column][\/vc_row][vc_row full_width=\u00bbstretch_row_content\u00bb css=\u00bb.vc_custom_1727678488185{padding-top: 55px !important;padding-bottom: 45px !important;background-image: url(https:\/\/www.ccgrass.com\/es\/wp-content\/uploads\/2024\/09\/multi-sports-turf.jpg?id=5980) !important;background-position: center !important;background-repeat: no-repeat !important;background-size: cover !important;}\u00bb][vc_column css=\u00bb.vc_custom_1534216374605{margin-bottom: 0px !important;}\u00bb][vc_row_inner css=\u00bb.vc_custom_1626925608810{padding-top: 45px !important;padding-bottom: 35px !important;}\u00bb][vc_column_inner][vc_column_text el_class=\u00bbsection-title white\u00bb]\n<h2 class=\"item-h2\">Cuando Se Necesita Una Conciliaci\u00f3n<\/h2>\n[\/vc_column_text][vc_column_text el_class=\u00bbwhite text-center width-9&#8243; css=\u00bb.vc_custom_1625647084852{padding-top: 0px !important;}\u00bb]CCGrass cree que los campos de usos m\u00faltiples nunca deben sacrificar la calidad del rendimiento. Nuestro sistema de f\u00fatbol y hockey cumple con los est\u00e1ndares FIFA Quality Pro y el est\u00e1ndar nacional FIH, y nuestro sistema de f\u00fatbol y rugby ha superado tanto la prueba de laboratorio de la FIFA como la prueba de laboratorio del IRB. Otros deportes, como tenis, atletismo, netball, lacrosse, bolos recreativos, cricket b\u00e1sico e incluso tiro con arco, se pueden acomodar en un campo de c\u00e9sped sint\u00e9tico deportivo CCGrass. A lo largo de los a\u00f1os, un gran n\u00famero de universidades, comunidades y clubes de aficionados han utilizado los sistemas multiprop\u00f3sito CCGrass, ya que maximizan la funci\u00f3n y minimizan los costos.[\/vc_column_text][\/vc_column_inner][\/vc_row_inner][vc_column_text el_class=\u00bbtext-right white\u00bb css=\u00bb.vc_custom_1727682906597{padding-right: 110px !important;}\u00bb]Australia[\/vc_column_text][\/vc_column][\/vc_row][vc_row full_width=\u00bbstretch_row\u00bb css=\u00bb.vc_custom_1535009793527{padding-top: 80px !important;padding-bottom: 55px !important;background-color: #f6f6f6 !important;background-position: center !important;background-repeat: no-repeat !important;background-size: cover !important;}\u00bb el_class=\u00bbbg-gray-round\u00bb][vc_column css=\u00bb.vc_custom_1534221650792{padding-top: 0px !important;}\u00bb][vc_column_text el_class=\u00bbsection-title remove-br\u00bb css=\u00bb.vc_custom_1623135750557{margin-bottom: 35px !important;padding-top: 0px !important;}\u00bb]\n<h2 class=\"item-h2\">Dise\u00f1ado para Sus Necesidades<\/h2>\n[\/vc_column_text][vc_row_inner][vc_column_inner width=\u00bb1\/6&#8243;][\/vc_column_inner][vc_column_inner width=\u00bb2\/3&#8243;][vc_column_text el_class=\u00bbtext-center width-1050 high-hockey-desc\u00bb]La experiencia profesional de CCGrass en la creaci\u00f3n de soluciones de c\u00e9sped sint\u00e9tico para deportes con fines multideportivos nos permite ofrecer a nuestros clientes productos de c\u00e9sped artificial de alto rendimiento para usos m\u00faltiples. Al agregar l\u00edneas de juego adicionales, un campo multideportivo puede adaptarse a varios deportes diferentes.<br \/>\nDebido a la complejidad de los campos de c\u00e9sped sint\u00e9tico multiprop\u00f3sito, CCGrass es responsable del proceso de dise\u00f1o que requiere mucho tiempo y proporciona una gu\u00eda que garantiza una instalaci\u00f3n f\u00e1cil y una jugabilidad s\u00f3lida.[\/vc_column_text][\/vc_column_inner][vc_column_inner width=\u00bb1\/6&#8243;][\/vc_column_inner][\/vc_row_inner][\/vc_column][\/vc_row][vc_row full_width=\u00bbstretch_row\u00bb css=\u00bb.vc_custom_1534222742297{padding-top: 45px !important;padding-bottom: 50px !important;}\u00bb][vc_column][vc_column_text el_class=\u00bbsection-title\u00bb css=\u00bb.vc_custom_1616137444553{margin-bottom: 75px !important;padding-bottom: 5px !important;}\u00bb]\n<h2 class=\"item-h2\">Referencias<\/h2>\n[\/vc_column_text][vc_row_inner el_class=\u00bbcase-articles-wrapper reference-articles-wrapper\u00bb css=\u00bb.vc_custom_1533610260227{margin-bottom: 0px !important;}\u00bb][vc_column_inner width=\u00bb1\/4&#8243;][vc_column_text]\n<article class=\"case-item\">\n<div class=\"img-wrapper\"><img decoding=\"async\" src=\"https:\/\/www.ccgrass.com\/wp-content\/uploads\/2021\/02\/Japan-01-2.jpg\" alt=\"\" \/><\/div>\n<div class=\"type-info text-right\"><span class=\"white\">Jap\u00f3n<\/span><\/div>\n<\/article>\n[\/vc_column_text][\/vc_column_inner][vc_column_inner width=\u00bb1\/4&#8243;][vc_column_text]\n<article class=\"case-item\">\n<div class=\"img-wrapper\"><img decoding=\"async\" src=\"https:\/\/www.ccgrass.com\/wp-content\/uploads\/2021\/02\/Otago-New-Zealand-1.jpg\" alt=\"\" \/><\/div>\n<div class=\"type-info text-right\"><span class=\"white\">Nueva Zelanda<\/span><\/div>\n<\/article>\n[\/vc_column_text][\/vc_column_inner][vc_column_inner width=\u00bb1\/4&#8243;][vc_column_text el_class=\u00bbtext-right\u00bb]\n<article class=\"case-item\">\n<div class=\"img-wrapper\"><img decoding=\"async\" src=\"https:\/\/www.ccgrass.com\/wp-content\/uploads\/2021\/02\/Australia-01-1.jpg\" alt=\"\" \/><\/div>\n<div class=\"type-info text-right\"><span class=\"white\">Australia<\/span><\/div>\n<\/article>\n[\/vc_column_text][\/vc_column_inner][vc_column_inner width=\u00bb1\/4&#8243;][vc_column_text]\n<article class=\"case-item\">\n<div class=\"img-wrapper\"><img decoding=\"async\" src=\"https:\/\/www.ccgrass.com\/wp-content\/uploads\/2021\/02\/Chandigaih-India-1.jpg\" alt=\"\" \/><\/div>\n<div class=\"type-info text-right\"><span class=\"white\">India<\/span><\/div>\n<\/article>\n[\/vc_column_text][\/vc_column_inner][\/vc_row_inner][\/vc_column][\/vc_row]\n","protected":false},"excerpt":{"rendered":"<p>[vc_row full_width=\u00bbstretch_row\u00bb css=\u00bb.vc_custom_1534217049637{padding-top: 45px !important;padding-bottom: 45px !important;background-position: center !important;background-repeat: no-repeat !important;background-size: cover !important;}\u00bb el_class=\u00bbbg-gray-round\u00bb][vc_column][vc_column_text el_class=\u00bbsection-title remove-br\u00bb css=\u00bb.vc_custom_1625646987700{margin-bottom: 35px !important;}\u00bb] Campos de C\u00e9sped Sint\u00e9tico de M\u00faltiples Deportes de Alto Rendimiento [\/vc_column_text][vc_row_inner][vc_column_inner width=\u00bb1\/6&#8243;][\/vc_column_inner][vc_column_inner width=\u00bb2\/3&#8243;][vc_column_text el_class=\u00bbtext-center width-1050 high-hockey-desc\u00bb]A menudo, la demanda es tal que un campo de c\u00e9sped sint\u00e9tico tiene que hacer frente a m\u00e1s de un deporte. [&hellip;]<\/p>\n","protected":false},"author":1,"featured_media":501,"parent":38,"menu_order":51,"comment_status":"closed","ping_status":"closed","template":"","meta":{"footnotes":"","_links_to":"","_links_to_target":""},"class_list":["post-311","page","type-page","status-publish","has-post-thumbnail","hentry"],"acf":[],"yoast_head":"<!-- This site is optimized with the Yoast SEO plugin v27.6 - https:\/\/yoast.com\/product\/yoast-seo-wordpress\/ -->\n<title>C\u00e9sped Sint\u00e9tico Autorizado para Canchas Multideportivas - CCGrass<\/title>\n<meta name=\"description\" content=\"Profesional en soluciones de c\u00e9sped sint\u00e9tico para m\u00faltiples deportes que cumplen con los est\u00e1ndares FIH y FIFA\" \/>\n<meta name=\"robots\" content=\"index, follow, max-snippet:-1, max-image-preview:large, max-video-preview:-1\" \/>\n<link rel=\"canonical\" href=\"https:\/\/www.ccgrass.com\/es\/products\/sports-grass-for-multi-purpose\/\" \/>\n<meta property=\"og:locale\" content=\"es_ES\" \/>\n<meta property=\"og:type\" content=\"article\" \/>\n<meta property=\"og:title\" content=\"C\u00e9sped Sint\u00e9tico Autorizado para Canchas Multideportivas - CCGrass\" \/>\n<meta property=\"og:description\" content=\"Profesional en soluciones de c\u00e9sped sint\u00e9tico para m\u00faltiples deportes que cumplen con los est\u00e1ndares FIH y FIFA\" \/>\n<meta property=\"og:url\" content=\"https:\/\/www.ccgrass.com\/es\/products\/sports-grass-for-multi-purpose\/\" \/>\n<meta property=\"og:site_name\" content=\"CCGrass\" \/>\n<meta property=\"article:modified_time\" content=\"2024-09-30T07:55:11+00:00\" \/>\n<meta property=\"og:image\" content=\"https:\/\/www.ccgrass.com\/es\/wp-content\/uploads\/2017\/03\/thumb-for-multi-purpose.jpg\" \/>\n\t<meta property=\"og:image:width\" content=\"1920\" \/>\n\t<meta property=\"og:image:height\" content=\"495\" \/>\n\t<meta property=\"og:image:type\" content=\"image\/jpeg\" \/>\n<meta name=\"twitter:card\" content=\"summary_large_image\" \/>\n<meta name=\"twitter:label1\" content=\"Tiempo de lectura\" \/>\n\t<meta name=\"twitter:data1\" content=\"4 minutos\" \/>\n<script type=\"application\/ld+json\" class=\"yoast-schema-graph\">{\"@context\":\"https:\\\/\\\/schema.org\",\"@graph\":[{\"@type\":\"WebPage\",\"@id\":\"https:\\\/\\\/www.ccgrass.com\\\/es\\\/products\\\/sports-grass-for-multi-purpose\\\/\",\"url\":\"https:\\\/\\\/www.ccgrass.com\\\/es\\\/products\\\/sports-grass-for-multi-purpose\\\/\",\"name\":\"C\u00e9sped Sint\u00e9tico Autorizado para Canchas Multideportivas - CCGrass\",\"isPartOf\":{\"@id\":\"https:\\\/\\\/www.ccgrass.com\\\/es\\\/#website\"},\"primaryImageOfPage\":{\"@id\":\"https:\\\/\\\/www.ccgrass.com\\\/es\\\/products\\\/sports-grass-for-multi-purpose\\\/#primaryimage\"},\"image\":{\"@id\":\"https:\\\/\\\/www.ccgrass.com\\\/es\\\/products\\\/sports-grass-for-multi-purpose\\\/#primaryimage\"},\"thumbnailUrl\":\"https:\\\/\\\/www.ccgrass.com\\\/es\\\/wp-content\\\/uploads\\\/2017\\\/03\\\/thumb-for-multi-purpose.jpg\",\"datePublished\":\"2017-03-25T07:58:31+00:00\",\"dateModified\":\"2024-09-30T07:55:11+00:00\",\"description\":\"Profesional en soluciones de c\u00e9sped sint\u00e9tico para m\u00faltiples deportes que cumplen con los est\u00e1ndares FIH y FIFA\",\"breadcrumb\":{\"@id\":\"https:\\\/\\\/www.ccgrass.com\\\/es\\\/products\\\/sports-grass-for-multi-purpose\\\/#breadcrumb\"},\"inLanguage\":\"es\",\"potentialAction\":[{\"@type\":\"ReadAction\",\"target\":[\"https:\\\/\\\/www.ccgrass.com\\\/es\\\/products\\\/sports-grass-for-multi-purpose\\\/\"]}]},{\"@type\":\"ImageObject\",\"inLanguage\":\"es\",\"@id\":\"https:\\\/\\\/www.ccgrass.com\\\/es\\\/products\\\/sports-grass-for-multi-purpose\\\/#primaryimage\",\"url\":\"https:\\\/\\\/www.ccgrass.com\\\/es\\\/wp-content\\\/uploads\\\/2017\\\/03\\\/thumb-for-multi-purpose.jpg\",\"contentUrl\":\"https:\\\/\\\/www.ccgrass.com\\\/es\\\/wp-content\\\/uploads\\\/2017\\\/03\\\/thumb-for-multi-purpose.jpg\",\"width\":1920,\"height\":495,\"caption\":\"CCGrass c\u00e9sped sint\u00e9tico deportivo para campos de m\u00faltiples usos\"},{\"@type\":\"BreadcrumbList\",\"@id\":\"https:\\\/\\\/www.ccgrass.com\\\/es\\\/products\\\/sports-grass-for-multi-purpose\\\/#breadcrumb\",\"itemListElement\":[{\"@type\":\"ListItem\",\"position\":1,\"name\":\"Home\",\"item\":\"https:\\\/\\\/www.ccgrass.com\\\/es\\\/\"},{\"@type\":\"ListItem\",\"position\":2,\"name\":\"Productos\",\"item\":\"https:\\\/\\\/www.ccgrass.com\\\/es\\\/products\\\/\"},{\"@type\":\"ListItem\",\"position\":3,\"name\":\"Pasto para Multiusos\"}]},{\"@type\":\"WebSite\",\"@id\":\"https:\\\/\\\/www.ccgrass.com\\\/es\\\/#website\",\"url\":\"https:\\\/\\\/www.ccgrass.com\\\/es\\\/\",\"name\":\"CCGrass\",\"description\":\"Fabricante L\u00edder de Pasto Sint\u00e9tico\",\"potentialAction\":[{\"@type\":\"SearchAction\",\"target\":{\"@type\":\"EntryPoint\",\"urlTemplate\":\"https:\\\/\\\/www.ccgrass.com\\\/es\\\/?s={search_term_string}\"},\"query-input\":{\"@type\":\"PropertyValueSpecification\",\"valueRequired\":true,\"valueName\":\"search_term_string\"}}],\"inLanguage\":\"es\"}]}<\/script>\n<!-- \/ Yoast SEO plugin. -->","yoast_head_json":{"title":"C\u00e9sped Sint\u00e9tico Autorizado para Canchas Multideportivas - CCGrass","description":"Profesional en soluciones de c\u00e9sped sint\u00e9tico para m\u00faltiples deportes que cumplen con los est\u00e1ndares FIH y FIFA","robots":{"index":"index","follow":"follow","max-snippet":"max-snippet:-1","max-image-preview":"max-image-preview:large","max-video-preview":"max-video-preview:-1"},"canonical":"https:\/\/www.ccgrass.com\/es\/products\/sports-grass-for-multi-purpose\/","og_locale":"es_ES","og_type":"article","og_title":"C\u00e9sped Sint\u00e9tico Autorizado para Canchas Multideportivas - CCGrass","og_description":"Profesional en soluciones de c\u00e9sped sint\u00e9tico para m\u00faltiples deportes que cumplen con los est\u00e1ndares FIH y FIFA","og_url":"https:\/\/www.ccgrass.com\/es\/products\/sports-grass-for-multi-purpose\/","og_site_name":"CCGrass","article_modified_time":"2024-09-30T07:55:11+00:00","og_image":[{"width":1920,"height":495,"url":"https:\/\/www.ccgrass.com\/es\/wp-content\/uploads\/2017\/03\/thumb-for-multi-purpose.jpg","type":"image\/jpeg"}],"twitter_card":"summary_large_image","twitter_misc":{"Tiempo de lectura":"4 minutos"},"schema":{"@context":"https:\/\/schema.org","@graph":[{"@type":"WebPage","@id":"https:\/\/www.ccgrass.com\/es\/products\/sports-grass-for-multi-purpose\/","url":"https:\/\/www.ccgrass.com\/es\/products\/sports-grass-for-multi-purpose\/","name":"C\u00e9sped Sint\u00e9tico Autorizado para Canchas Multideportivas - CCGrass","isPartOf":{"@id":"https:\/\/www.ccgrass.com\/es\/#website"},"primaryImageOfPage":{"@id":"https:\/\/www.ccgrass.com\/es\/products\/sports-grass-for-multi-purpose\/#primaryimage"},"image":{"@id":"https:\/\/www.ccgrass.com\/es\/products\/sports-grass-for-multi-purpose\/#primaryimage"},"thumbnailUrl":"https:\/\/www.ccgrass.com\/es\/wp-content\/uploads\/2017\/03\/thumb-for-multi-purpose.jpg","datePublished":"2017-03-25T07:58:31+00:00","dateModified":"2024-09-30T07:55:11+00:00","description":"Profesional en soluciones de c\u00e9sped sint\u00e9tico para m\u00faltiples deportes que cumplen con los est\u00e1ndares FIH y FIFA","breadcrumb":{"@id":"https:\/\/www.ccgrass.com\/es\/products\/sports-grass-for-multi-purpose\/#breadcrumb"},"inLanguage":"es","potentialAction":[{"@type":"ReadAction","target":["https:\/\/www.ccgrass.com\/es\/products\/sports-grass-for-multi-purpose\/"]}]},{"@type":"ImageObject","inLanguage":"es","@id":"https:\/\/www.ccgrass.com\/es\/products\/sports-grass-for-multi-purpose\/#primaryimage","url":"https:\/\/www.ccgrass.com\/es\/wp-content\/uploads\/2017\/03\/thumb-for-multi-purpose.jpg","contentUrl":"https:\/\/www.ccgrass.com\/es\/wp-content\/uploads\/2017\/03\/thumb-for-multi-purpose.jpg","width":1920,"height":495,"caption":"CCGrass c\u00e9sped sint\u00e9tico deportivo para campos de m\u00faltiples usos"},{"@type":"BreadcrumbList","@id":"https:\/\/www.ccgrass.com\/es\/products\/sports-grass-for-multi-purpose\/#breadcrumb","itemListElement":[{"@type":"ListItem","position":1,"name":"Home","item":"https:\/\/www.ccgrass.com\/es\/"},{"@type":"ListItem","position":2,"name":"Productos","item":"https:\/\/www.ccgrass.com\/es\/products\/"},{"@type":"ListItem","position":3,"name":"Pasto para Multiusos"}]},{"@type":"WebSite","@id":"https:\/\/www.ccgrass.com\/es\/#website","url":"https:\/\/www.ccgrass.com\/es\/","name":"CCGrass","description":"Fabricante L\u00edder de Pasto Sint\u00e9tico","potentialAction":[{"@type":"SearchAction","target":{"@type":"EntryPoint","urlTemplate":"https:\/\/www.ccgrass.com\/es\/?s={search_term_string}"},"query-input":{"@type":"PropertyValueSpecification","valueRequired":true,"valueName":"search_term_string"}}],"inLanguage":"es"}]}},"_links":{"self":[{"href":"https:\/\/www.ccgrass.com\/es\/wp-json\/wp\/v2\/pages\/311","targetHints":{"allow":["GET"]}}],"collection":[{"href":"https:\/\/www.ccgrass.com\/es\/wp-json\/wp\/v2\/pages"}],"about":[{"href":"https:\/\/www.ccgrass.com\/es\/wp-json\/wp\/v2\/types\/page"}],"author":[{"embeddable":true,"href":"https:\/\/www.ccgrass.com\/es\/wp-json\/wp\/v2\/users\/1"}],"replies":[{"embeddable":true,"href":"https:\/\/www.ccgrass.com\/es\/wp-json\/wp\/v2\/comments?post=311"}],"version-history":[{"count":2,"href":"https:\/\/www.ccgrass.com\/es\/wp-json\/wp\/v2\/pages\/311\/revisions"}],"predecessor-version":[{"id":5982,"href":"https:\/\/www.ccgrass.com\/es\/wp-json\/wp\/v2\/pages\/311\/revisions\/5982"}],"up":[{"embeddable":true,"href":"https:\/\/www.ccgrass.com\/es\/wp-json\/wp\/v2\/pages\/38"}],"wp:featuredmedia":[{"embeddable":true,"href":"https:\/\/www.ccgrass.com\/es\/wp-json\/wp\/v2\/media\/501"}],"wp:attachment":[{"href":"https:\/\/www.ccgrass.com\/es\/wp-json\/wp\/v2\/media?parent=311"}],"curies":[{"name":"wp","href":"https:\/\/api.w.org\/{rel}","templated":true}]}}