{"id":307,"date":"2017-03-25T07:57:28","date_gmt":"2017-03-25T07:57:28","guid":{"rendered":"https:\/\/www.ccgrass.com\/es\/?page_id=307"},"modified":"2022-02-10T09:24:51","modified_gmt":"2022-02-10T09:24:51","slug":"sports-grass-for-hockey","status":"publish","type":"page","link":"https:\/\/www.ccgrass.com\/es\/products\/sports-grass-for-hockey\/","title":{"rendered":"Pasto para Hockey"},"content":{"rendered":"[vc_row css=\u00bb.vc_custom_1625646896367{padding-top: 65px !important;padding-bottom: 45px !important;}\u00bb][vc_column width=\u00bb1\/3&#8243;][vc_single_image image=\u00bb3820&#8243; img_size=\u00bbfull\u00bb alignment=\u00bbcenter\u00bb css=\u00bb.vc_custom_1614300985837{margin-bottom: 15px !important;}\u00bb][vc_column_text el_class=\u00bbtext-center black\u00bb]CCGrass es un FIH<br \/>\nProveedor Preferido[\/vc_column_text][\/vc_column][vc_column width=\u00bb1\/3&#8243;][vc_single_image image=\u00bb4016&#8243; img_size=\u00bb120\u00d7120&#8243; alignment=\u00bbcenter\u00bb css=\u00bb.vc_custom_1622600042234{margin-bottom: 15px !important;}\u00bb][vc_column_text el_class=\u00bbtext-center black\u00bb]Cumpliendo con todos los requisitos<br \/>\ndel Programa de Calidad FIH[\/vc_column_text][\/vc_column][vc_column width=\u00bb1\/3&#8243;][vc_single_image image=\u00bb3822&#8243; img_size=\u00bbfull\u00bb alignment=\u00bbcenter\u00bb css=\u00bb.vc_custom_1614301159192{margin-bottom: 15px !important;}\u00bb][vc_column_text el_class=\u00bbtext-center black\u00bb]En todo el mundo<br \/>\ncampos certificados por FIH[\/vc_column_text][\/vc_column][\/vc_row][vc_row full_width=\u00bbstretch_row\u00bb css=\u00bb.vc_custom_1614301228216{padding-top: 40px !important;padding-bottom: 60px !important;background: #012726 url(https:\/\/www.ccgrass.com\/es\/wp-content\/uploads\/2021\/02\/hockey-bg.jpg?id=3823) !important;background-position: center !important;background-repeat: no-repeat !important;background-size: cover !important;}\u00bb el_class=\u00bbbg-gray-round\u00bb][vc_column][vc_column_text el_class=\u00bbsection-title remove-br\u00bb]\n<h2 class=\"section-title\">Liderando el Camino en el Dise\u00f1o de Campos de Pasto Sint\u00e9tico para Hockey<\/h2>\n[\/vc_column_text][vc_column_text el_class=\u00bbtext-center width-8 white high-hockey-desc\u00bb]CCGrass produce internamente un hilo de polietileno texturizado de alta calidad, lo que garantiza que se implementen controles rigurosos durante la producci\u00f3n. Esto permite que cada rollo llegue, in situ, en perfectas condiciones, listo para su instalaci\u00f3n.<\/p>\n<p>Ya sea un campo de pasto sint\u00e9tico de hockey que requiere agua o un campo revestido de arena que usa un vendaje de arena para el rendimiento y la comodidad del jugador, un campo de pasto sint\u00e9tico de hockey CCGrass, cuando se coloque adecuadamente, cumplir\u00e1 con los est\u00e1ndares apropiados de la FIH (Federaci\u00f3n Internacional de Hockey).[\/vc_column_text][\/vc_column][\/vc_row][vc_row][vc_column][vc_empty_space height=\u00bb52px\u00bb][vc_column_text el_class=\u00bbtext-center width-8&#8243;]\n<h2 class=\"section-title\">Calidad Donde Importa<\/h2>\n<p>Para los jugadores de hockey, la velocidad y la suavidad de la pelota en la superficie del pasto sint\u00e9tico de hockey es el elemento m\u00e1s importante para garantizar un gran juego. Los campos de hockey CCGrass FastPro tienen m\u00e1s fibra por metro cuadrado que los productos comparables y han sido completamente probados con sistemas de shockpads espec\u00edficos para hockey. Esto conduce a un mayor control del stick, una mejor interacci\u00f3n entre el pie y la superficie y un juego m\u00e1s r\u00e1pido.[\/vc_column_text][vc_empty_space height=\u00bb52px\u00bb][\/vc_column][\/vc_row][vc_row full_width=\u00bbstretch_row\u00bb css=\u00bb.vc_custom_1614301390313{padding-top: 60px !important;background-image: url(https:\/\/www.ccgrass.com\/es\/wp-content\/uploads\/2021\/02\/Tim-Lowrey-South-Africa-1.jpg?id=3824) !important;background-position: center !important;background-repeat: no-repeat !important;background-size: cover !important;}\u00bb][vc_column][vc_column_text]\n<h2 class=\"section-title\">Enfoque Flexible para Hacer que el Juego Sea Especial<\/h2>\n[\/vc_column_text][vc_row_inner][vc_column_inner][vc_column_text el_class=\u00bbwhite text-center width-8&#8243;]En CCGrass, reconocemos que los clubes de hockey, las escuelas y las universidades quieren opciones, por lo que nuestras superficies est\u00e1n disponibles en una variedad de combinaciones de colores. Creemos que un color s\u00f3lido para el campo de pasto sint\u00e9tico de hockey y el entorno asegura una mejor experiencia de juego. Gracias a nuestro propio proceso de procesamiento por lotes de colores, podemos adaptarnos a las solicitudes individuales del cliente.<\/p>\n<p>Del mismo modo, nuestras superficies de pasto sint\u00e9tico para hockey se pueden utilizar para otros deportes como tenis, netball y f\u00fatbol recreativo, sin afectar el rendimiento del hockey. En este caso, simplemente agregue l\u00edneas al campo.[\/vc_column_text][\/vc_column_inner][\/vc_row_inner][vc_column_text]<img loading=\"lazy\" decoding=\"async\" class=\"aligncenter size-full wp-image-4535\" src=\"https:\/\/www.ccgrass.com\/es\/wp-content\/uploads\/2022\/02\/216.png\" alt=\"\" width=\"216\" height=\"216\" srcset=\"https:\/\/www.ccgrass.com\/es\/wp-content\/uploads\/2022\/02\/216.png 216w, https:\/\/www.ccgrass.com\/es\/wp-content\/uploads\/2022\/02\/216-150x150.png 150w\" sizes=\"auto, (max-width: 216px) 100vw, 216px\" \/>[\/vc_column_text][vc_column_text el_class=\u00bbtext-right white flex_p\u00bb]South Africa[\/vc_column_text][\/vc_column][\/vc_row][vc_row][vc_column][vc_empty_space height=\u00bb52px\u00bb][vc_column_text]\n<h2 class=\"item-h2 section-title\">Pasto Sint\u00e9tico de Alto Rendimiento<br \/>\npara Hockey<\/h2>\n[\/vc_column_text][vc_column_text el_class=\u00bbtext-center width-8&#8243;]La FIH (<a href=\"https:\/\/en.wikipedia.org\/wiki\/International_Hockey_Federation\" rel=\"dofollow\">Federaci\u00f3n Internacional de Hockey<\/a>) divide los campos de pasto sint\u00e9tico de hockey en Global Elite Level, Global Level, National Level y Multi Level. CCGrass ofrece sistemas de pasto sint\u00e9tico de hockey para todos los niveles para adaptarse a diferentes aplicaciones de juego, desde partidos internacionales hasta entrenamiento juvenil. Como proveedor preferido de FIH, los sistemas de hockey CCGrass cumplen con todos los est\u00e1ndares FIH, incluidos, entre otros, el balanceo de la pelota, el rebote de la pelota y la respuesta al impacto. El sistema de nivel global CCGrass est\u00e1 certificado para juegos de hockey profesional de primer nivel, como los Juegos Ol\u00edmpicos y la Copa del Mundo.[\/vc_column_text][\/vc_column][\/vc_row][vc_row full_width=\u00bbstretch_row\u00bb css=\u00bb.vc_custom_1521595696254{padding-top: 45px !important;background-position: center !important;background-repeat: no-repeat !important;background-size: cover !important;}\u00bb el_class=\u00bbbg-gray-round\u00bb][vc_column width=\u00bb1\/4&#8243;][\/vc_column][vc_column width=\u00bb1\/2&#8243;][vc_column_text el_class=\u00bbremove-br\u00bb css=\u00bb.vc_custom_1614301664768{margin-bottom: 30px !important;}\u00bb]\n<h2 class=\"section-title\">Serie FastPro HF<\/h2>\n[\/vc_column_text][vc_column_text]\n<h3 class=\"text-center black\">Caracter\u00edsticas del Producto<\/h3>\n[\/vc_column_text][vc_row_inner][vc_column_inner width=\u00bb1\/2&#8243;][vc_column_text]\n<ul class=\"star-list list-unstyled\">\n<li>Monofilamento rizado 100% PE<\/li>\n<li>Jugador amigable con una comodidad insuperable<\/li>\n<li>Estabilidad y durabilidad extremas a los rayos UV<\/li>\n<li>Interacci\u00f3n \u00f3ptima bola \/ superficie<\/li>\n<\/ul>\n[\/vc_column_text][\/vc_column_inner][vc_column_inner width=\u00bb1\/2&#8243;][vc_column_text]\n<ul class=\"star-list list-unstyled\">\n<li>Puntada densa para una apariencia compacta<\/li>\n<li>Superficie lisa para una gran jugabilidad<\/li>\n<li>Innovaci\u00f3n de color est\u00e9tico<\/li>\n<\/ul>\n[\/vc_column_text][\/vc_column_inner][\/vc_row_inner][\/vc_column][vc_column width=\u00bb1\/4&#8243;][\/vc_column][\/vc_row][vc_row][vc_column css=\u00bb.vc_custom_1521597047912{padding-top: 20px !important;}\u00bb][vc_column_text css=\u00bb.vc_custom_1614301936946{background-color: #a38826 !important;}\u00bb el_class=\u00bbhockey-attr\u00bb]\n<div class=\"attr-list\">\n<div class=\"table-responsive\">\n<table class=\"table\">\n<thead>\n<tr>\n<th scope=\"col\">Propiedad<\/th>\n<th scope=\"col\">\n<h4>Global<\/h4>\n<\/th>\n<th scope=\"col\">Nacional<\/th>\n<\/tr>\n<\/thead>\n<tbody>\n<tr>\n<th scope=\"row\">Rebote de bola<\/th>\n<td>100mm-400mm<\/td>\n<td>100mm-425mm<\/td>\n<\/tr>\n<tr>\n<th scope=\"row\">Rollo de bolas<\/th>\n<td>\u226510m<\/td>\n<td>\u22659m<\/td>\n<\/tr>\n<tr>\n<th scope=\"row\">Desviaci\u00f3n del rollo de bola<\/th>\n<td>9.5\u00b10.01m<\/td>\n<td>8.5\u00b10.01m<\/td>\n<\/tr>\n<tr>\n<th scope=\"row\">Absorci\u00f3n de impactos<\/th>\n<td>45%-60%<\/td>\n<td>40%-65%<\/td>\n<\/tr>\n<tr>\n<th scope=\"row\">Deformaci\u00f3n vertical<\/th>\n<td>4mm-9mm<\/td>\n<td>4mm-9mm<\/td>\n<\/tr>\n<tr>\n<th scope=\"row\">Fricci\u00f3n zapata \/ superficie<\/th>\n<td>25Nm-45Nm<\/td>\n<td>25Nm-45Nm<\/td>\n<\/tr>\n<\/tbody>\n<\/table>\n<\/div>\n<\/div>\n[\/vc_column_text][vc_row_inner css=\u00bb.vc_custom_1521597385792{padding-bottom: 65px !important;}\u00bb][vc_column_inner width=\u00bb1\/2&#8243;][vc_column_text]\n<div class=\"fastpro-item\">\n<p><img decoding=\"async\" src=\"https:\/\/www.ccgrass.com\/es\/wp-content\/uploads\/2021\/02\/Fastpro-HF-13.jpg\" alt=\"\" \/><\/p>\n<h4>FastPro HF de 13 mm<\/h4>\n<h5>FIH Global Certified Agua y base reducida en agua<\/h5>\n<\/div>\n[\/vc_column_text][\/vc_column_inner][vc_column_inner width=\u00bb1\/2&#8243;][vc_column_text]\n<div class=\"fastpro-item\">\n<p><img loading=\"lazy\" decoding=\"async\" class=\"alignnone wp-image-4626 size-full\" src=\"https:\/\/www.ccgrass.com\/es\/wp-content\/uploads\/2021\/02\/HF-18mm-3.jpg\" alt=\"\" width=\"705\" height=\"361\" \/><\/p>\n<h4>FastPro HF de 18 mm<\/h4>\n<h5>Certificado nacional FIH con revestimiento de arena<\/h5>\n<\/div>\n[\/vc_column_text][\/vc_column_inner][\/vc_row_inner][\/vc_column][\/vc_row][vc_row full_width=\u00bbstretch_row\u00bb css=\u00bb.vc_custom_1490845887315{padding-top: 10px !important;padding-bottom: 30px !important;background-color: #eeeeee !important;}\u00bb][vc_column][vc_tta_pageable no_fill_content_area=\u00bb1&#8243; autoplay=\u00bb3&#8243; active_section=\u00bb1&#8243; pagination_style=\u00bbflat-round\u00bb pagination_color=\u00bbgreen\u00bb css_animation=\u00bbnone\u00bb css=\u00bb.vc_custom_1521789229343{padding-bottom: 0px !important;}\u00bb][vc_tta_section title=\u00bbSection 1&#8243; tab_id=\u00bb1490843396406-33e08032-3485&#8243;][vc_row_inner content_placement=\u00bbmiddle\u00bb][vc_column_inner width=\u00bb1\/3&#8243;][vc_single_image image=\u00bb3828&#8243; img_size=\u00bbfull\u00bb css_animation=\u00bbfadeInUp\u00bb][\/vc_column_inner][vc_column_inner width=\u00bb2\/3&#8243;][vc_column_text css_animation=\u00bbfadeInUp\u00bb el_class=\u00bbtestimonial-info\u00bb]Sobre la colocaci\u00f3n de Green HF se ha realizado impecablemente el encuentro de costuras de los rollos de hierba. Y encuentro que la nivelaci\u00f3n de los rodillos verdes HF tambi\u00e9n proporciona una superficie de juego inmaculada y plana que los jugadores disfrutan la oportunidad de jugar en los campos de pasto sint\u00e9tico.<\/p>\n<div class=\"testimonial-item\" style=\"text-align: left;\">Ricky Hammond<br \/>\nEntrenador en jefe del Club de Leones de Battersea<\/div>\n[\/vc_column_text][\/vc_column_inner][\/vc_row_inner][\/vc_tta_section][vc_tta_section title=\u00bbSection 2&#8243; tab_id=\u00bb1490843396560-8cee7fd6-cd66&#8243;][vc_row_inner content_placement=\u00bbmiddle\u00bb][vc_column_inner width=\u00bb1\/3&#8243;][vc_single_image image=\u00bb3828&#8243; img_size=\u00bbfull\u00bb css_animation=\u00bbfadeInUp\u00bb][\/vc_column_inner][vc_column_inner width=\u00bb2\/3&#8243;][vc_column_text css_animation=\u00bbfadeInUp\u00bb el_class=\u00bbtestimonial-info\u00bb]Nos ha proporcionado una excelente superficie de c\u00e9sped artificial para hockey y espero muchos a\u00f1os felices de uso y apoyo y mantenimiento continuos por parte de Tim y su equipo durante los pr\u00f3ximos meses y a\u00f1os.<\/p>\n<div class=\"testimonial-item\" style=\"text-align: left;\">SIMON INGYON<br \/>\nJefe de Parques y Servicios de Ocio<br \/>\nConsejo de Wandsworth,<br \/>\nDepartamento de Medio Ambiente y Servicios Comunitarios<\/div>\n[\/vc_column_text][\/vc_column_inner][\/vc_row_inner][\/vc_tta_section][\/vc_tta_pageable][\/vc_column][\/vc_row][vc_row css=\u00bb.vc_custom_1521594876844{padding-top: 45px !important;padding-bottom: 20px !important;}\u00bb][vc_column][vc_column_text el_class=\u00bbsection-title\u00bb css=\u00bb.vc_custom_1614303683857{padding-bottom: 5px !important;}\u00bb]\n<h2 class=\"section-title\">Referencias<\/h2>\n[\/vc_column_text][vc_row_inner el_class=\u00bbcase-articles-wrapper reference-articles-wrapper\u00bb][vc_column_inner width=\u00bb1\/3&#8243;][vc_column_text]\n<article class=\"case-items\">\n<div class=\"img-wrapper\"><img decoding=\"async\" src=\"https:\/\/www.ccgrass.com\/wp-content\/uploads\/2018\/04\/South-Africa-3.jpg\" alt=\"\" \/><\/div>\n<div class=\"type-info\">\n<h5 class=\"white\">SOUTH AFRICA<\/h5>\n<ul class=\"list-unstyled\">\n<li>FastPro HF de 13 mm<\/li>\n<\/ul>\n<\/div>\n<\/article>\n[\/vc_column_text][\/vc_column_inner][vc_column_inner width=\u00bb1\/3&#8243;][vc_column_text]\n<article class=\"case-items\">\n<div class=\"img-wrapper\"><img decoding=\"async\" src=\"https:\/\/www.ccgrass.com\/wp-content\/uploads\/2018\/04\/Netherlands.jpg\" alt=\"\" \/><\/div>\n<div class=\"type-info\">\n<h5 class=\"white text-uppercase\">Netherlands<\/h5>\n<ul class=\"list-unstyled\">\n<li>FastPro HF de 13 mm<\/li>\n<\/ul>\n<\/div>\n<\/article>\n[\/vc_column_text][\/vc_column_inner][vc_column_inner width=\u00bb1\/3&#8243;][vc_column_text]\n<article class=\"case-items\">\n<div class=\"img-wrapper\"><img decoding=\"async\" src=\"https:\/\/www.ccgrass.com\/wp-content\/uploads\/2018\/04\/Henley-Hockey-Club-UK.jpg\" alt=\"\" \/><\/div>\n<div class=\"type-info\">\n<h5 class=\"white\">UK<\/h5>\n<ul class=\"list-unstyled\">\n<li>FastPro HF de 18 mm<\/li>\n<\/ul>\n<\/div>\n<\/article>\n[\/vc_column_text][\/vc_column_inner][\/vc_row_inner][\/vc_column][\/vc_row]\n","protected":false},"excerpt":{"rendered":"<p>[vc_row css=\u00bb.vc_custom_1625646896367{padding-top: 65px !important;padding-bottom: 45px !important;}\u00bb][vc_column width=\u00bb1\/3&#8243;][vc_single_image image=\u00bb3820&#8243; img_size=\u00bbfull\u00bb alignment=\u00bbcenter\u00bb css=\u00bb.vc_custom_1614300985837{margin-bottom: 15px !important;}\u00bb][vc_column_text el_class=\u00bbtext-center black\u00bb]CCGrass es un FIH Proveedor Preferido[\/vc_column_text][\/vc_column][vc_column width=\u00bb1\/3&#8243;][vc_single_image image=\u00bb4016&#8243; img_size=\u00bb120\u00d7120&#8243; alignment=\u00bbcenter\u00bb css=\u00bb.vc_custom_1622600042234{margin-bottom: 15px !important;}\u00bb][vc_column_text el_class=\u00bbtext-center black\u00bb]Cumpliendo con todos los requisitos del Programa de Calidad FIH[\/vc_column_text][\/vc_column][vc_column width=\u00bb1\/3&#8243;][vc_single_image image=\u00bb3822&#8243; img_size=\u00bbfull\u00bb alignment=\u00bbcenter\u00bb css=\u00bb.vc_custom_1614301159192{margin-bottom: 15px !important;}\u00bb][vc_column_text el_class=\u00bbtext-center black\u00bb]En todo el mundo campos certificados por FIH[\/vc_column_text][\/vc_column][\/vc_row][vc_row full_width=\u00bbstretch_row\u00bb [&hellip;]<\/p>\n","protected":false},"author":1,"featured_media":2354,"parent":38,"menu_order":47,"comment_status":"closed","ping_status":"closed","template":"","meta":{"footnotes":"","_links_to":"","_links_to_target":""},"class_list":["post-307","page","type-page","status-publish","has-post-thumbnail","hentry"],"acf":[],"yoast_head":"<!-- This site is optimized with the Yoast SEO plugin v27.5 - https:\/\/yoast.com\/product\/yoast-seo-wordpress\/ -->\n<title>Pasto Sint\u00e9tico de Hockey | Proveedor Preferido de la FIH -CCGrass<\/title>\n<meta name=\"description\" content=\"Como Proveedor Preferido de la FIH, CCGrass fabrica pasto sint\u00e9tico de hockey de alta calidad y construye campos de c\u00e9sped de hockey.\" \/>\n<meta name=\"robots\" content=\"index, follow, max-snippet:-1, max-image-preview:large, max-video-preview:-1\" \/>\n<link rel=\"canonical\" href=\"https:\/\/www.ccgrass.com\/es\/products\/sports-grass-for-hockey\/\" \/>\n<meta property=\"og:locale\" content=\"es_ES\" \/>\n<meta property=\"og:type\" content=\"article\" \/>\n<meta property=\"og:title\" content=\"Pasto Sint\u00e9tico de Hockey | Proveedor Preferido de la FIH -CCGrass\" \/>\n<meta property=\"og:description\" content=\"Como Proveedor Preferido de la FIH, CCGrass fabrica pasto sint\u00e9tico de hockey de alta calidad y construye campos de c\u00e9sped de hockey.\" \/>\n<meta property=\"og:url\" content=\"https:\/\/www.ccgrass.com\/es\/products\/sports-grass-for-hockey\/\" \/>\n<meta property=\"og:site_name\" content=\"CCGrass\" \/>\n<meta property=\"article:modified_time\" content=\"2022-02-10T09:24:51+00:00\" \/>\n<meta property=\"og:image\" content=\"https:\/\/www.ccgrass.com\/es\/wp-content\/uploads\/2018\/08\/Mask-Group-1.jpg\" \/>\n\t<meta property=\"og:image:width\" content=\"1920\" \/>\n\t<meta property=\"og:image:height\" content=\"450\" \/>\n\t<meta property=\"og:image:type\" content=\"image\/jpeg\" \/>\n<meta name=\"twitter:card\" content=\"summary_large_image\" \/>\n<meta name=\"twitter:label1\" content=\"Tiempo de lectura\" \/>\n\t<meta name=\"twitter:data1\" content=\"5 minutos\" \/>\n<script type=\"application\/ld+json\" class=\"yoast-schema-graph\">{\"@context\":\"https:\\\/\\\/schema.org\",\"@graph\":[{\"@type\":\"WebPage\",\"@id\":\"https:\\\/\\\/www.ccgrass.com\\\/es\\\/products\\\/sports-grass-for-hockey\\\/\",\"url\":\"https:\\\/\\\/www.ccgrass.com\\\/es\\\/products\\\/sports-grass-for-hockey\\\/\",\"name\":\"Pasto Sint\u00e9tico de Hockey | Proveedor Preferido de la FIH -CCGrass\",\"isPartOf\":{\"@id\":\"https:\\\/\\\/www.ccgrass.com\\\/es\\\/#website\"},\"primaryImageOfPage\":{\"@id\":\"https:\\\/\\\/www.ccgrass.com\\\/es\\\/products\\\/sports-grass-for-hockey\\\/#primaryimage\"},\"image\":{\"@id\":\"https:\\\/\\\/www.ccgrass.com\\\/es\\\/products\\\/sports-grass-for-hockey\\\/#primaryimage\"},\"thumbnailUrl\":\"https:\\\/\\\/www.ccgrass.com\\\/es\\\/wp-content\\\/uploads\\\/2018\\\/08\\\/Mask-Group-1.jpg\",\"datePublished\":\"2017-03-25T07:57:28+00:00\",\"dateModified\":\"2022-02-10T09:24:51+00:00\",\"description\":\"Como Proveedor Preferido de la FIH, CCGrass fabrica pasto sint\u00e9tico de hockey de alta calidad y construye campos de c\u00e9sped de hockey.\",\"breadcrumb\":{\"@id\":\"https:\\\/\\\/www.ccgrass.com\\\/es\\\/products\\\/sports-grass-for-hockey\\\/#breadcrumb\"},\"inLanguage\":\"es\",\"potentialAction\":[{\"@type\":\"ReadAction\",\"target\":[\"https:\\\/\\\/www.ccgrass.com\\\/es\\\/products\\\/sports-grass-for-hockey\\\/\"]}]},{\"@type\":\"ImageObject\",\"inLanguage\":\"es\",\"@id\":\"https:\\\/\\\/www.ccgrass.com\\\/es\\\/products\\\/sports-grass-for-hockey\\\/#primaryimage\",\"url\":\"https:\\\/\\\/www.ccgrass.com\\\/es\\\/wp-content\\\/uploads\\\/2018\\\/08\\\/Mask-Group-1.jpg\",\"contentUrl\":\"https:\\\/\\\/www.ccgrass.com\\\/es\\\/wp-content\\\/uploads\\\/2018\\\/08\\\/Mask-Group-1.jpg\",\"width\":1920,\"height\":450,\"caption\":\"C\u00e9sped artificial de hockey\"},{\"@type\":\"BreadcrumbList\",\"@id\":\"https:\\\/\\\/www.ccgrass.com\\\/es\\\/products\\\/sports-grass-for-hockey\\\/#breadcrumb\",\"itemListElement\":[{\"@type\":\"ListItem\",\"position\":1,\"name\":\"Home\",\"item\":\"https:\\\/\\\/www.ccgrass.com\\\/es\\\/\"},{\"@type\":\"ListItem\",\"position\":2,\"name\":\"Productos\",\"item\":\"https:\\\/\\\/www.ccgrass.com\\\/es\\\/products\\\/\"},{\"@type\":\"ListItem\",\"position\":3,\"name\":\"Pasto para Hockey\"}]},{\"@type\":\"WebSite\",\"@id\":\"https:\\\/\\\/www.ccgrass.com\\\/es\\\/#website\",\"url\":\"https:\\\/\\\/www.ccgrass.com\\\/es\\\/\",\"name\":\"CCGrass\",\"description\":\"Fabricante L\u00edder de Pasto Sint\u00e9tico\",\"potentialAction\":[{\"@type\":\"SearchAction\",\"target\":{\"@type\":\"EntryPoint\",\"urlTemplate\":\"https:\\\/\\\/www.ccgrass.com\\\/es\\\/?s={search_term_string}\"},\"query-input\":{\"@type\":\"PropertyValueSpecification\",\"valueRequired\":true,\"valueName\":\"search_term_string\"}}],\"inLanguage\":\"es\"}]}<\/script>\n<!-- \/ Yoast SEO plugin. -->","yoast_head_json":{"title":"Pasto Sint\u00e9tico de Hockey | Proveedor Preferido de la FIH -CCGrass","description":"Como Proveedor Preferido de la FIH, CCGrass fabrica pasto sint\u00e9tico de hockey de alta calidad y construye campos de c\u00e9sped de hockey.","robots":{"index":"index","follow":"follow","max-snippet":"max-snippet:-1","max-image-preview":"max-image-preview:large","max-video-preview":"max-video-preview:-1"},"canonical":"https:\/\/www.ccgrass.com\/es\/products\/sports-grass-for-hockey\/","og_locale":"es_ES","og_type":"article","og_title":"Pasto Sint\u00e9tico de Hockey | Proveedor Preferido de la FIH -CCGrass","og_description":"Como Proveedor Preferido de la FIH, CCGrass fabrica pasto sint\u00e9tico de hockey de alta calidad y construye campos de c\u00e9sped de hockey.","og_url":"https:\/\/www.ccgrass.com\/es\/products\/sports-grass-for-hockey\/","og_site_name":"CCGrass","article_modified_time":"2022-02-10T09:24:51+00:00","og_image":[{"width":1920,"height":450,"url":"https:\/\/www.ccgrass.com\/es\/wp-content\/uploads\/2018\/08\/Mask-Group-1.jpg","type":"image\/jpeg"}],"twitter_card":"summary_large_image","twitter_misc":{"Tiempo de lectura":"5 minutos"},"schema":{"@context":"https:\/\/schema.org","@graph":[{"@type":"WebPage","@id":"https:\/\/www.ccgrass.com\/es\/products\/sports-grass-for-hockey\/","url":"https:\/\/www.ccgrass.com\/es\/products\/sports-grass-for-hockey\/","name":"Pasto Sint\u00e9tico de Hockey | Proveedor Preferido de la FIH -CCGrass","isPartOf":{"@id":"https:\/\/www.ccgrass.com\/es\/#website"},"primaryImageOfPage":{"@id":"https:\/\/www.ccgrass.com\/es\/products\/sports-grass-for-hockey\/#primaryimage"},"image":{"@id":"https:\/\/www.ccgrass.com\/es\/products\/sports-grass-for-hockey\/#primaryimage"},"thumbnailUrl":"https:\/\/www.ccgrass.com\/es\/wp-content\/uploads\/2018\/08\/Mask-Group-1.jpg","datePublished":"2017-03-25T07:57:28+00:00","dateModified":"2022-02-10T09:24:51+00:00","description":"Como Proveedor Preferido de la FIH, CCGrass fabrica pasto sint\u00e9tico de hockey de alta calidad y construye campos de c\u00e9sped de hockey.","breadcrumb":{"@id":"https:\/\/www.ccgrass.com\/es\/products\/sports-grass-for-hockey\/#breadcrumb"},"inLanguage":"es","potentialAction":[{"@type":"ReadAction","target":["https:\/\/www.ccgrass.com\/es\/products\/sports-grass-for-hockey\/"]}]},{"@type":"ImageObject","inLanguage":"es","@id":"https:\/\/www.ccgrass.com\/es\/products\/sports-grass-for-hockey\/#primaryimage","url":"https:\/\/www.ccgrass.com\/es\/wp-content\/uploads\/2018\/08\/Mask-Group-1.jpg","contentUrl":"https:\/\/www.ccgrass.com\/es\/wp-content\/uploads\/2018\/08\/Mask-Group-1.jpg","width":1920,"height":450,"caption":"C\u00e9sped artificial de hockey"},{"@type":"BreadcrumbList","@id":"https:\/\/www.ccgrass.com\/es\/products\/sports-grass-for-hockey\/#breadcrumb","itemListElement":[{"@type":"ListItem","position":1,"name":"Home","item":"https:\/\/www.ccgrass.com\/es\/"},{"@type":"ListItem","position":2,"name":"Productos","item":"https:\/\/www.ccgrass.com\/es\/products\/"},{"@type":"ListItem","position":3,"name":"Pasto para Hockey"}]},{"@type":"WebSite","@id":"https:\/\/www.ccgrass.com\/es\/#website","url":"https:\/\/www.ccgrass.com\/es\/","name":"CCGrass","description":"Fabricante L\u00edder de Pasto Sint\u00e9tico","potentialAction":[{"@type":"SearchAction","target":{"@type":"EntryPoint","urlTemplate":"https:\/\/www.ccgrass.com\/es\/?s={search_term_string}"},"query-input":{"@type":"PropertyValueSpecification","valueRequired":true,"valueName":"search_term_string"}}],"inLanguage":"es"}]}},"_links":{"self":[{"href":"https:\/\/www.ccgrass.com\/es\/wp-json\/wp\/v2\/pages\/307","targetHints":{"allow":["GET"]}}],"collection":[{"href":"https:\/\/www.ccgrass.com\/es\/wp-json\/wp\/v2\/pages"}],"about":[{"href":"https:\/\/www.ccgrass.com\/es\/wp-json\/wp\/v2\/types\/page"}],"author":[{"embeddable":true,"href":"https:\/\/www.ccgrass.com\/es\/wp-json\/wp\/v2\/users\/1"}],"replies":[{"embeddable":true,"href":"https:\/\/www.ccgrass.com\/es\/wp-json\/wp\/v2\/comments?post=307"}],"version-history":[{"count":0,"href":"https:\/\/www.ccgrass.com\/es\/wp-json\/wp\/v2\/pages\/307\/revisions"}],"up":[{"embeddable":true,"href":"https:\/\/www.ccgrass.com\/es\/wp-json\/wp\/v2\/pages\/38"}],"wp:featuredmedia":[{"embeddable":true,"href":"https:\/\/www.ccgrass.com\/es\/wp-json\/wp\/v2\/media\/2354"}],"wp:attachment":[{"href":"https:\/\/www.ccgrass.com\/es\/wp-json\/wp\/v2\/media?parent=307"}],"curies":[{"name":"wp","href":"https:\/\/api.w.org\/{rel}","templated":true}]}}