{"id":300,"date":"2017-03-25T07:44:43","date_gmt":"2017-03-25T07:44:43","guid":{"rendered":"https:\/\/www.ccgrass.com\/es\/?page_id=300"},"modified":"2024-11-28T09:06:35","modified_gmt":"2024-11-28T09:06:35","slug":"factory-tour","status":"publish","type":"page","link":"https:\/\/www.ccgrass.com\/es\/the-company\/factory-tour\/","title":{"rendered":"Tour por la F\u00e1brica"},"content":{"rendered":"[vc_row full_width=\u00bbstretch_row\u00bb css=\u00bb.vc_custom_1730783752718{padding-top: 250px !important;padding-bottom: 80px !important;background-image: url(https:\/\/www.ccgrass.com\/wp-content\/uploads\/2024\/11\/tufting.jpg?id=11507) !important;background-position: center !important;background-repeat: no-repeat !important;background-size: cover !important;}\u00bb][vc_column][vc_single_image image=\u00bb6001&#8243; img_size=\u00bbfull\u00bb alignment=\u00bbcenter\u00bb onclick=\u00bbcustom_link\u00bb link=\u00bbhttps:\/\/youtu.be\/ToTxI7MtIII?si=EGG87k2KA50Wwtgf\u00bb el_class=\u00bbfancybox_youtube\u00bb][vc_row_inner el_class=\u00bbcontainer\u00bb css=\u00bb.vc_custom_1730685625165{margin-bottom: 0px !important;}\u00bb][vc_column_inner][vc_custom_heading text=\u00bbVisite la F\u00e1brica de Pasto Sint\u00e9tico CCGrass\u00bb font_container=\u00bbtag:h2|text_align:center|color:%23ffffff\u00bb use_theme_fonts=\u00bbyes\u00bb css=\u00bb.vc_custom_1731556036248{margin-bottom: 25px !important;}\u00bb el_class=\u00bbsection-title\u00bb][vc_column_text el_class=\u00bbwhite text-center width-10&#8243; css=\u00bb.vc_custom_1731556046167{margin-bottom: 0px !important;}\u00bb]CCGrass lidera la industria con la producci\u00f3n interna completa y el control en nuestras f\u00e1bricas de pasto sint\u00e9tico profesional. Tecnolog\u00eda avanzada y estrictas normas de calidad garantizan c\u00e9sped excepcional y entrega confiable.[\/vc_column_text][\/vc_column_inner][\/vc_row_inner][\/vc_column][\/vc_row][vc_row css=\u00bb.vc_custom_1675924808325{margin-top: 90px !important;}\u00bb][vc_column][vc_column_text el_class=\u00bbgray about-lead-content\u00bb]\n<h2 class=\"section-title\">Internacional y Modernizado de F\u00e1bricas de Pasto Sint\u00e9tico<\/h2>\n[\/vc_column_text][vc_column_text el_class=\u00bbgray text-center width-10&#8243;]CCGrass comenz\u00f3 a fabricar pasto sint\u00e9tico en 2002 y ahora opera el complejo de f\u00e1bricas de pasto sint\u00e9tico m\u00e1s grande del mundo en China y Vietnam, con una capacidad anual de m\u00e1s de 100,000,000\u33a1. La superficie combinada de las f\u00e1bricas es de aproximadamente 800,000\u33a1, con m\u00e1s de 4,000 empleados que realizan cuidadosamente cada paso del proceso de producci\u00f3n de c\u00e9sped.<\/p>\n<p>Nuestras f\u00e1bricas de pasto sint\u00e9tico en diferentes ubicaciones est\u00e1n consideradas como algunas de las mejor gestionadas de la industria del pasto sint\u00e9tico. Cada paso de la producci\u00f3n se realiza con los equipos de fabricaci\u00f3n m\u00e1s avanzados y bajo estrictas normas de control de calidad. Nuestras f\u00e1bricas cumplen las normas ISO9001, ISO14001 e ISO45001 y superan varios tipos de estrictas auditor\u00edas de f\u00e1brica, como BSCI, WFSGI, ICS y Sedex.<\/p>\n<p>Nuestro equipo, formado, motivado y responsable, ofrece experiencia y dedicaci\u00f3n para garantizar que CCGrass produzca el mejor c\u00e9sped sint\u00e9tico del mundo. Contamos con m\u00e1s de 150 empleados permanentes que se centran exclusivamente en garantizar la calidad en cada f\u00e1brica, poniendo la calidad a la vanguardia de todo lo que hacemos.[\/vc_column_text][vc_row_inner css=\u00bb.vc_custom_1730686916522{margin-top: 50px !important;margin-bottom: 25px !important;}\u00bb][vc_column_inner width=\u00bb1\/2&#8243;][vc_single_image image=\u00bb6019&#8243; img_size=\u00bbfull\u00bb alignment=\u00bbcenter\u00bb][\/vc_column_inner][vc_column_inner width=\u00bb1\/2&#8243;][vc_single_image image=\u00bb6004&#8243; img_size=\u00bbfull\u00bb alignment=\u00bbcenter\u00bb][\/vc_column_inner][\/vc_row_inner][\/vc_column][\/vc_row][vc_row][vc_column][vc_row_inner el_class=\u00bbflexbox\u00bb][vc_column_inner width=\u00bb1\/4&#8243;][vc_single_image image=\u00bb954&#8243; img_size=\u00bbfull\u00bb alignment=\u00bbcenter\u00bb onclick=\u00bbcustom_link\u00bb img_link_target=\u00bb_blank\u00bb link=\u00bbhttps:\/\/www.youtube.com\/watch?v=zS2mhMK_LHs\u00bb][\/vc_column_inner][vc_column_inner width=\u00bb1\/4&#8243;][vc_single_image image=\u00bb955&#8243; img_size=\u00bbfull\u00bb alignment=\u00bbcenter\u00bb onclick=\u00bbcustom_link\u00bb img_link_target=\u00bb_blank\u00bb link=\u00bbhttps:\/\/www.youtube.com\/watch?v=UCnU_NWnNQc\u00bb][\/vc_column_inner][vc_column_inner width=\u00bb1\/4&#8243;][vc_single_image image=\u00bb956&#8243; img_size=\u00bbfull\u00bb alignment=\u00bbcenter\u00bb onclick=\u00bbcustom_link\u00bb img_link_target=\u00bb_blank\u00bb link=\u00bbhttps:\/\/www.youtube.com\/watch?v=mPdTrciyv-Y\u00bb][\/vc_column_inner][\/vc_row_inner][\/vc_column][\/vc_row][vc_row full_width=\u00bbstretch_row_content_no_spaces\u00bb css=\u00bb.vc_custom_1730790902381{margin-top: 50px !important;}\u00bb el_class=\u00bbimg-factory\u00bb][vc_column][vc_single_image image=\u00bb6005&#8243; img_size=\u00bbfull\u00bb][\/vc_column][\/vc_row][vc_row css=\u00bb.vc_custom_1675908406937{padding-top: 50px !important;}\u00bb][vc_column][vc_row_inner css=\u00bb.vc_custom_1675931471025{padding-bottom: 5px !important;}\u00bb][vc_column_inner][vc_column_text el_class=\u00bbgray about-lead-content\u00bb]\n<h2 class=\"section-title\">Proceso de Grass Sint\u00e9tico Producci\u00f3n<\/h2>\n[\/vc_column_text][vc_column_text el_class=\u00bbgray text-center width-10&#8243;]Conozca mejor los procesos de fabricaci\u00f3n del mejor c\u00e9sped sint\u00e9tico del mundo. CCGrass, la mayor f\u00e1brica de pasto sint\u00e9tico del mundo, explica el proceso de producci\u00f3n del mejor pasto sint\u00e9tico. Veamos el papel de la extrusi\u00f3n, la torsi\u00f3n, el acolchonamiento y el revestimiento para producir el mejor c\u00e9sped artificial. Como fabricante mayorista de c\u00e9sped artificial con producci\u00f3n total bajo un mismo techo, puede contar con CCGrass para obtener una calidad constante y la capacidad de gestionar mejor los costes.<\/p>\n<p>Una superficie de c\u00e9sped sint\u00e9tico var\u00eda en funci\u00f3n del deporte que se practique en ella. Para un mejor rendimiento deportivo, la superficie tiene que tener mucha fibra visible y estar probada seg\u00fan las normas adecuadas. Por ejemplo, c\u00e9sped para f\u00fatbol, <a href=\"https:\/\/www.ccgrass.com\/es\/products\/rugby-turf\/\">c\u00e9sped para rugby<\/a>, c\u00e9sped para la GAA, c\u00e9sped para f\u00fatbol americano y c\u00e9sped para las Reglas Australianas. Esto significa utilizar una moqueta de pelo largo, fabricada con hilos de polietileno resistentes, duraderos y respetuosos con la piel.[\/vc_column_text][\/vc_column_inner][\/vc_row_inner][\/vc_column][\/vc_row][vc_row][vc_column][vc_row_inner equal_height=\u00bbyes\u00bb][vc_column_inner el_class=\u00bbgray_box\u00bb width=\u00bb1\/4&#8243;][vc_single_image image=\u00bb950&#8243; img_size=\u00bbfull\u00bb alignment=\u00bbcenter\u00bb onclick=\u00bbcustom_link\u00bb img_link_target=\u00bb_blank\u00bb link=\u00bbhttps:\/\/www.youtube.com\/watch?list=UUGWm4zDByoM-VyQuTVferKg&amp;v=dcuFdaZeQ1w\u00bb][vc_column_text]<strong>Extrusi\u00f3n<\/strong><\/p>\n<p>La extrusi\u00f3n es el proceso fundamental para producir las fibras utilizadas en el pasto sint\u00e9tico. En t\u00e9rminos muy sencillos, los gr\u00e1nulos de pol\u00edmero en bruto de alta calidad se mezclan con aditivos de color y UV y, a continuaci\u00f3n, se transforman en cintas planas o fibras individuales.[\/vc_column_text][\/vc_column_inner][vc_column_inner el_class=\u00bbgray_box\u00bb width=\u00bb1\/4&#8243;][vc_single_image image=\u00bb951&#8243; img_size=\u00bbfull\u00bb alignment=\u00bbcenter\u00bb onclick=\u00bbcustom_link\u00bb img_link_target=\u00bb_blank\u00bb link=\u00bbhttps:\/\/www.youtube.com\/watch?v=fMXd-Phv7Ow\u00bb][vc_column_text]<strong>Torsi\u00f3n<\/strong><\/p>\n<p>Las fibras extruidas se retuercen, lo que aumenta su resistencia y elasticidad. A continuaci\u00f3n, se enrollan en bobinas para prepararlas para el proceso de tufting, lo que garantiza que las fibras mantengan su textura y durabilidad en el producto final.[\/vc_column_text][\/vc_column_inner][vc_column_inner el_class=\u00bbgray_box\u00bb width=\u00bb1\/4&#8243;][vc_single_image image=\u00bb952&#8243; img_size=\u00bbfull\u00bb alignment=\u00bbcenter\u00bb onclick=\u00bbcustom_link\u00bb img_link_target=\u00bb_blank\u00bb link=\u00bbhttps:\/\/www.youtube.com\/watch?v=fSH1Bca4vvM\u00bb][vc_column_text]<strong>Tufting<\/strong><\/p>\n<p>En este paso, las fibras retorcidas se cosen a una tela de soporte, formando la capa superficial del c\u00e9sped. Despu\u00e9s del mech\u00f3n, las fibras se cortan para crear mechones individuales de pasto sint\u00e9tico, mejorando el aspecto natural y el rendimiento del c\u00e9sped.[\/vc_column_text][\/vc_column_inner][vc_column_inner el_class=\u00bbgray_box\u00bb width=\u00bb1\/4&#8243;][vc_single_image image=\u00bb953&#8243; img_size=\u00bbfull\u00bb alignment=\u00bbcenter\u00bb onclick=\u00bbcustom_link\u00bb img_link_target=\u00bb_blank\u00bb link=\u00bbhttps:\/\/www.youtube.com\/watch?v=1FXjlW5vx_0&#8243;][vc_column_text]<strong>Revestimiento<\/strong><\/p>\n<p>El \u00faltimo paso consiste en aplicar un soporte duradero para fijar las fibras en su lugar. Este soporte proporciona estabilidad y apoyo, permitiendo que el c\u00e9sped resista diversas condiciones clim\u00e1ticas y un uso intensivo en entornos deportivos profesionales.[\/vc_column_text][\/vc_column_inner][\/vc_row_inner][vc_column_text css=\u00bb.vc_custom_1731556403943{margin-top: 50px !important;margin-bottom: 50px !important;}\u00bb]\n<p style=\"text-align: center;\"><a class=\"cus_btn large-btn\" style=\"color: #85c43f;\" href=\"https:\/\/www.ccgrass.com\/es\/como-se-fabrica-el-cesped-sintetico-fabricacion-de-cesped\/\">CONOZCA M\u00c1S<\/a><\/p>\n[\/vc_column_text][vc_raw_html el_class=\u00bbnomargin\u00bb]JTNDc3R5bGUlM0UlMEFhLmxhcmdlLWJ0biUyMCU3QiUwQSUyMCUyMCUyMCUyMGZvbnQtZmFtaWx5JTNBJTIwJTI3SGVsdmV0aWNhTFRTdGQtQm9sZCUyNyUyQyUyMEhlbHZldGljYSUyQyUyMEFyaWFsJTJDJTIwc2Fucy1zZXJpZiUzQiUwQSU3RCUwQWEubGFyZ2UtYnRuJTNBaG92ZXIlN0IlMEElMjAlMjAlMjAlMjBib3JkZXItY29sb3IlM0ElMjAlMjM4NWM0M2YlMjAlMjFpbXBvcnRhbnQlM0IlMEElMjAlMjAlMjAlMjBjb2xvciUzQSUyMCUyM2ZmZmZmZiUyMCUyMWltcG9ydGFudCUzQiUwQSUyMCUyMCUyMCUyMGJhY2tncm91bmQlM0ElMjAlMjM4NWM0M2YlMjAlMjFpbXBvcnRhbnQlM0IlMEElN0QlMEEubm9tYXJnaW4lN0IlMEElMjAlMjAlMjAlMjBtYXJnaW4lM0ElMjAwJTIwJTIxaW1wb3J0YW50JTNCJTBBJTdEJTBBLndwYl9zaW5nbGVfaW1hZ2Uud3BiX2NvbnRlbnRfZWxlbWVudC52Y19hbGlnbl9jZW50ZXIlMjAlN0IlMEElMjAlMjAlMjAlMjBwb3NpdGlvbiUzQSUyMHJlbGF0aXZlJTNCJTBBJTdEJTBBaDIud3BiX2hlYWRpbmcud3BiX3NpbmdsZWltYWdlX2hlYWRpbmclMjAlN0IlMEElMjAlMjAlMjAlMjBmb250LXNpemUlM0ElMjAzNHB4JTNCJTBBJTIwJTIwJTIwJTIwcG9zaXRpb24lM0ElMjBhYnNvbHV0ZSUzQiUwQSUyMCUyMCUyMCUyMHdpZHRoJTNBJTIwMTAwJTI1JTNCJTBBJTIwJTIwJTIwJTIwZGlzcGxheSUzQSUyMGZsZXglM0IlMEElMjAlMjAlMjAlMjBhbGlnbi1pdGVtcyUzQSUyMGNlbnRlciUzQiUwQSUyMCUyMCUyMCUyMGp1c3RpZnktY29udGVudCUzQSUyMGNlbnRlciUzQiUwQSUyMCUyMCUyMCUyMGNvbG9yJTNBJTIwJTIzODVDNDNGJTNCJTBBJTIwJTIwJTIwJTIwYm90dG9tJTNBJTIwMTUlMjUlM0IlMEElN0QlMEEuZmxleGJveCUyMCU3QiUwQSUyMCUyMCUyMCUyMGRpc3BsYXklM0ElMjBmbGV4JTNCJTBBJTIwJTIwJTIwJTIwYWxpZ24taXRlbXMlM0ElMjBjZW50ZXIlM0IlMEElMjAlMjAlMjAlMjBqdXN0aWZ5LWNvbnRlbnQlM0ElMjBjZW50ZXIlM0IlMEElMjAlMjAlMjAlMjBmbGV4LXdyYXAlM0ElMjB3cmFwJTNCJTBBJTdEJTBBJTNDJTJGc3R5bGUlM0U=[\/vc_raw_html][\/vc_column][\/vc_row][vc_row full_width=\u00bbstretch_row\u00bb css=\u00bb.vc_custom_1730692668256{padding-top: 100px !important;padding-bottom: 50px !important;background-color: #f8f8e0 !important;}\u00bb][vc_column css=\u00bb.vc_custom_1730691557361{padding-top: 0px !important;}\u00bb][vc_custom_heading text=\u00bbControl de Calidad Completo para Cada Producto de C\u00e9sped\u00bb font_container=\u00bbtag:h2|text_align:center|color:%2385c33e\u00bb use_theme_fonts=\u00bbyes\u00bb css=\u00bb.vc_custom_1731556420735{margin-bottom: 35px !important;}\u00bb el_class=\u00bbsection-title\u00bb][vc_column_text el_class=\u00bbtext-center width-10&#8243;]\n<p style=\"text-align: center;\">En CCGrass, estamos profundamente comprometidos con la entrega de productos de c\u00e9sped sint\u00e9tico de alta calidad. Nuestro riguroso proceso de control de calidad comienza con la cuidadosa selecci\u00f3n de las materias primas y contin\u00faa a lo largo de todas las fases de producci\u00f3n. Llevamos a cabo evaluaciones exhaustivas en puntos clave, incluidas inspecciones del hilo, comprobaciones de los productos semiacabados y acabados, y un control final antes de la entrega.<\/p>\n<p style=\"text-align: center;\">Con m\u00e1s de 150 personas dedicadas al control de calidad en nuestras instalaciones, nos aseguramos de que no se pase por alto ning\u00fan detalle. Cada producto se somete a m\u00faltiples rondas de pruebas para cumplir nuestros exigentes est\u00e1ndares. Solo despu\u00e9s de superar estos exhaustivos controles de calidad se autoriza el suministro de nuestros productos al mercado, lo que garantiza la fiabilidad y el rendimiento en los que puede confiar.<\/p>\n[\/vc_column_text][vc_raw_html]JTNDZGl2JTIwY2xhc3MlM0QlMjJxY19ib3glMjIlM0UlMEElMjAlMjAlM0NkaXYlMjBjbGFzcyUzRCUyMnFjX2l0ZW0lMjIlM0UlMEElMjAlMjAlMjAlMjAlM0NpbWclMjBzcmMlM0QlMjJodHRwcyUzQSUyRiUyRnd3dy5jY2dyYXNzLmNvbSUyRmVzJTJGd3AtY29udGVudCUyRnVwbG9hZHMlMkYyMDI0JTJGMTElMkZSYXctbWF0ZXJpYWwtdGVzdC0xLnBuZyUyMiUyMGFsdCUzRCUyMnFjJTIyJTNFJTBBJTIwJTIwJTNDJTJGZGl2JTNFJTBBJTIwJTIwJTNDZGl2JTIwY2xhc3MlM0QlMjJxY19pdGVtJTIyJTNFJTBBJTIwJTIwJTIwJTIwJTNDaW1nJTIwc3JjJTNEJTIyaHR0cHMlM0ElMkYlMkZ3d3cuY2NncmFzcy5jb20lMkZlcyUyRndwLWNvbnRlbnQlMkZ1cGxvYWRzJTJGMjAyNCUyRjExJTJGWWFybi1jaGVjay0xLnBuZyUyMiUyMGFsdCUzRCUyMnFjJTIyJTNFJTBBJTIwJTIwJTNDJTJGZGl2JTNFJTBBJTIwJTIwJTNDZGl2JTIwY2xhc3MlM0QlMjJxY19pdGVtJTIyJTNFJTBBJTIwJTIwJTIwJTIwJTNDaW1nJTIwc3JjJTNEJTIyaHR0cHMlM0ElMkYlMkZ3d3cuY2NncmFzcy5jb20lMkZlcyUyRndwLWNvbnRlbnQlMkZ1cGxvYWRzJTJGMjAyNCUyRjExJTJGU2VtaS1maW5pc2hlZC1jaGVjay0xLnBuZyUyMiUyMGFsdCUzRCUyMnFjJTIyJTNFJTBBJTIwJTIwJTNDJTJGZGl2JTNFJTBBJTIwJTIwJTNDZGl2JTIwY2xhc3MlM0QlMjJxY19pdGVtJTIyJTNFJTBBJTIwJTIwJTIwJTIwJTNDaW1nJTIwc3JjJTNEJTIyaHR0cHMlM0ElMkYlMkZ3d3cuY2NncmFzcy5jb20lMkZlcyUyRndwLWNvbnRlbnQlMkZ1cGxvYWRzJTJGMjAyNCUyRjExJTJGUHJvZHVjdHMtdGVzdC5wbmclMjIlMjBhbHQlM0QlMjJxYyUyMiUzRSUwQSUyMCUyMCUzQyUyRmRpdiUzRSUwQSUyMCUyMCUzQ2RpdiUyMGNsYXNzJTNEJTIycWNfaXRlbSUyMiUzRSUwQSUyMCUyMCUyMCUyMCUzQ2ltZyUyMHNyYyUzRCUyMmh0dHBzJTNBJTJGJTJGd3d3LmNjZ3Jhc3MuY29tJTJGZXMlMkZ3cC1jb250ZW50JTJGdXBsb2FkcyUyRjIwMjQlMkYxMSUyRkJlZm9yZS1kZWxpdmVyeS1jaGVjay5wbmclMjIlMjBhbHQlM0QlMjJxYyUyMiUzRSUwQSUyMCUyMCUzQyUyRmRpdiUzRSUwQSUzQyUyRmRpdiUzRQ==[\/vc_raw_html][\/vc_column][\/vc_row][vc_row full_width=\u00bbstretch_row\u00bb content_placement=\u00bbmiddle\u00bb css=\u00bb.vc_custom_1730706396224{background-image: url(https:\/\/www.ccgrass.com\/wp-content\/uploads\/2024\/11\/bg.jpg?id=11541) !important;background-position: center !important;background-repeat: no-repeat !important;background-size: cover !important;}\u00bb el_class=\u00bbcover_bg\u00bb][vc_column width=\u00bb1\/2&#8243; el_class=\u00bbcover_text\u00bb][vc_custom_heading text=\u00bbFabricaci\u00f3n Sostenible<br \/>\npara una GreenLife\u00bb font_container=\u00bbtag:h2|text_align:left|color:%2385c33e\u00bb use_theme_fonts=\u00bbyes\u00bb el_class=\u00bbsection-title\u00bb][vc_column_text]Greenlife es nuestro concepto medioambiental, centrado en garantizar que todos los procesos de fabricaci\u00f3n, el desarrollo de productos y las innovaciones cumplan estrictas normas ecol\u00f3gicas. Al adoptar un enfoque sistem\u00e1tico de la protecci\u00f3n del medio ambiente, nos comprometemos a contribuir de forma significativa a un futuro sostenible.[\/vc_column_text][vc_btn title=\u00bbCONOZCA M\u00c1S\u00bb style=\u00bbclassic\u00bb color=\u00bbgreen\u00bb align=\u00bbleft\u00bb i_align=\u00bbright\u00bb i_icon_fontawesome=\u00bbfa fa-chevron-circle-down\u00bb add_icon=\u00bbtrue\u00bb link=\u00bburl:https%3A%2F%2Fwww.ccgrass.com%2Fes%2Fgreenlife%2F|||\u00bb][\/vc_column][vc_column width=\u00bb1\/2&#8243;][\/vc_column][\/vc_row]\n","protected":false},"excerpt":{"rendered":"<p>[vc_row full_width=\u00bbstretch_row\u00bb css=\u00bb.vc_custom_1730783752718{padding-top: 250px !important;padding-bottom: 80px !important;background-image: url(https:\/\/www.ccgrass.com\/wp-content\/uploads\/2024\/11\/tufting.jpg?id=11507) !important;background-position: center !important;background-repeat: no-repeat !important;background-size: cover !important;}\u00bb][vc_column][vc_single_image image=\u00bb6001&#8243; img_size=\u00bbfull\u00bb alignment=\u00bbcenter\u00bb onclick=\u00bbcustom_link\u00bb link=\u00bbhttps:\/\/youtu.be\/ToTxI7MtIII?si=EGG87k2KA50Wwtgf\u00bb el_class=\u00bbfancybox_youtube\u00bb][vc_row_inner el_class=\u00bbcontainer\u00bb css=\u00bb.vc_custom_1730685625165{margin-bottom: 0px !important;}\u00bb][vc_column_inner][vc_custom_heading text=\u00bbVisite la F\u00e1brica de Pasto Sint\u00e9tico CCGrass\u00bb font_container=\u00bbtag:h2|text_align:center|color:%23ffffff\u00bb use_theme_fonts=\u00bbyes\u00bb css=\u00bb.vc_custom_1731556036248{margin-bottom: 25px !important;}\u00bb el_class=\u00bbsection-title\u00bb][vc_column_text el_class=\u00bbwhite text-center width-10&#8243; css=\u00bb.vc_custom_1731556046167{margin-bottom: 0px !important;}\u00bb]CCGrass lidera la industria con la producci\u00f3n interna completa y el control [&hellip;]<\/p>\n","protected":false},"author":1,"featured_media":563,"parent":36,"menu_order":50,"comment_status":"closed","ping_status":"closed","template":"page-factory.php","meta":{"footnotes":"","_links_to":"","_links_to_target":""},"class_list":["post-300","page","type-page","status-publish","has-post-thumbnail","hentry"],"acf":[],"yoast_head":"<!-- This site is optimized with the Yoast SEO plugin v27.6 - https:\/\/yoast.com\/product\/yoast-seo-wordpress\/ -->\n<title>F\u00e1brica de Grass Sint\u00e9tico Modernizada e Internacional - CCGrass<\/title>\n<meta name=\"description\" content=\"CCGrass ha comenzado a fabricar grass sint\u00e9tico desde 2002 y ahora opera la f\u00e1brica de grass sint\u00e9tico m\u00e1s grande del mundo.\" \/>\n<meta name=\"robots\" content=\"index, follow, max-snippet:-1, max-image-preview:large, max-video-preview:-1\" \/>\n<link rel=\"canonical\" href=\"https:\/\/www.ccgrass.com\/es\/the-company\/factory-tour\/\" \/>\n<meta property=\"og:locale\" content=\"es_ES\" \/>\n<meta property=\"og:type\" content=\"article\" \/>\n<meta property=\"og:title\" content=\"F\u00e1brica de Grass Sint\u00e9tico Modernizada e Internacional - CCGrass\" \/>\n<meta property=\"og:description\" content=\"CCGrass ha comenzado a fabricar grass sint\u00e9tico desde 2002 y ahora opera la f\u00e1brica de grass sint\u00e9tico m\u00e1s grande del mundo.\" \/>\n<meta property=\"og:url\" content=\"https:\/\/www.ccgrass.com\/es\/the-company\/factory-tour\/\" \/>\n<meta property=\"og:site_name\" content=\"CCGrass\" \/>\n<meta property=\"article:modified_time\" content=\"2024-11-28T09:06:35+00:00\" \/>\n<meta property=\"og:image\" content=\"https:\/\/www.ccgrass.com\/es\/wp-content\/uploads\/2017\/03\/about-hero.jpg\" \/>\n\t<meta property=\"og:image:width\" content=\"1920\" \/>\n\t<meta property=\"og:image:height\" content=\"500\" \/>\n\t<meta property=\"og:image:type\" content=\"image\/jpeg\" \/>\n<meta name=\"twitter:card\" content=\"summary_large_image\" \/>\n<meta name=\"twitter:label1\" content=\"Tiempo de lectura\" \/>\n\t<meta name=\"twitter:data1\" content=\"5 minutos\" \/>\n<script type=\"application\/ld+json\" class=\"yoast-schema-graph\">{\"@context\":\"https:\\\/\\\/schema.org\",\"@graph\":[{\"@type\":\"WebPage\",\"@id\":\"https:\\\/\\\/www.ccgrass.com\\\/es\\\/the-company\\\/factory-tour\\\/\",\"url\":\"https:\\\/\\\/www.ccgrass.com\\\/es\\\/the-company\\\/factory-tour\\\/\",\"name\":\"F\u00e1brica de Grass Sint\u00e9tico Modernizada e Internacional - CCGrass\",\"isPartOf\":{\"@id\":\"https:\\\/\\\/www.ccgrass.com\\\/es\\\/#website\"},\"primaryImageOfPage\":{\"@id\":\"https:\\\/\\\/www.ccgrass.com\\\/es\\\/the-company\\\/factory-tour\\\/#primaryimage\"},\"image\":{\"@id\":\"https:\\\/\\\/www.ccgrass.com\\\/es\\\/the-company\\\/factory-tour\\\/#primaryimage\"},\"thumbnailUrl\":\"https:\\\/\\\/www.ccgrass.com\\\/es\\\/wp-content\\\/uploads\\\/2017\\\/03\\\/about-hero.jpg\",\"datePublished\":\"2017-03-25T07:44:43+00:00\",\"dateModified\":\"2024-11-28T09:06:35+00:00\",\"description\":\"CCGrass ha comenzado a fabricar grass sint\u00e9tico desde 2002 y ahora opera la f\u00e1brica de grass sint\u00e9tico m\u00e1s grande del mundo.\",\"breadcrumb\":{\"@id\":\"https:\\\/\\\/www.ccgrass.com\\\/es\\\/the-company\\\/factory-tour\\\/#breadcrumb\"},\"inLanguage\":\"es\",\"potentialAction\":[{\"@type\":\"ReadAction\",\"target\":[\"https:\\\/\\\/www.ccgrass.com\\\/es\\\/the-company\\\/factory-tour\\\/\"]}]},{\"@type\":\"ImageObject\",\"inLanguage\":\"es\",\"@id\":\"https:\\\/\\\/www.ccgrass.com\\\/es\\\/the-company\\\/factory-tour\\\/#primaryimage\",\"url\":\"https:\\\/\\\/www.ccgrass.com\\\/es\\\/wp-content\\\/uploads\\\/2017\\\/03\\\/about-hero.jpg\",\"contentUrl\":\"https:\\\/\\\/www.ccgrass.com\\\/es\\\/wp-content\\\/uploads\\\/2017\\\/03\\\/about-hero.jpg\",\"width\":1920,\"height\":500,\"caption\":\"F\u00e1brica de c\u00e9sped artificial\"},{\"@type\":\"BreadcrumbList\",\"@id\":\"https:\\\/\\\/www.ccgrass.com\\\/es\\\/the-company\\\/factory-tour\\\/#breadcrumb\",\"itemListElement\":[{\"@type\":\"ListItem\",\"position\":1,\"name\":\"Home\",\"item\":\"https:\\\/\\\/www.ccgrass.com\\\/es\\\/\"},{\"@type\":\"ListItem\",\"position\":2,\"name\":\"LA COMPA\u00d1IA\",\"item\":\"https:\\\/\\\/www.ccgrass.com\\\/es\\\/the-company\\\/\"},{\"@type\":\"ListItem\",\"position\":3,\"name\":\"Tour por la F\u00e1brica\"}]},{\"@type\":\"WebSite\",\"@id\":\"https:\\\/\\\/www.ccgrass.com\\\/es\\\/#website\",\"url\":\"https:\\\/\\\/www.ccgrass.com\\\/es\\\/\",\"name\":\"CCGrass\",\"description\":\"Fabricante L\u00edder de Pasto Sint\u00e9tico\",\"potentialAction\":[{\"@type\":\"SearchAction\",\"target\":{\"@type\":\"EntryPoint\",\"urlTemplate\":\"https:\\\/\\\/www.ccgrass.com\\\/es\\\/?s={search_term_string}\"},\"query-input\":{\"@type\":\"PropertyValueSpecification\",\"valueRequired\":true,\"valueName\":\"search_term_string\"}}],\"inLanguage\":\"es\"}]}<\/script>\n<!-- \/ Yoast SEO plugin. -->","yoast_head_json":{"title":"F\u00e1brica de Grass Sint\u00e9tico Modernizada e Internacional - CCGrass","description":"CCGrass ha comenzado a fabricar grass sint\u00e9tico desde 2002 y ahora opera la f\u00e1brica de grass sint\u00e9tico m\u00e1s grande del mundo.","robots":{"index":"index","follow":"follow","max-snippet":"max-snippet:-1","max-image-preview":"max-image-preview:large","max-video-preview":"max-video-preview:-1"},"canonical":"https:\/\/www.ccgrass.com\/es\/the-company\/factory-tour\/","og_locale":"es_ES","og_type":"article","og_title":"F\u00e1brica de Grass Sint\u00e9tico Modernizada e Internacional - CCGrass","og_description":"CCGrass ha comenzado a fabricar grass sint\u00e9tico desde 2002 y ahora opera la f\u00e1brica de grass sint\u00e9tico m\u00e1s grande del mundo.","og_url":"https:\/\/www.ccgrass.com\/es\/the-company\/factory-tour\/","og_site_name":"CCGrass","article_modified_time":"2024-11-28T09:06:35+00:00","og_image":[{"width":1920,"height":500,"url":"https:\/\/www.ccgrass.com\/es\/wp-content\/uploads\/2017\/03\/about-hero.jpg","type":"image\/jpeg"}],"twitter_card":"summary_large_image","twitter_misc":{"Tiempo de lectura":"5 minutos"},"schema":{"@context":"https:\/\/schema.org","@graph":[{"@type":"WebPage","@id":"https:\/\/www.ccgrass.com\/es\/the-company\/factory-tour\/","url":"https:\/\/www.ccgrass.com\/es\/the-company\/factory-tour\/","name":"F\u00e1brica de Grass Sint\u00e9tico Modernizada e Internacional - CCGrass","isPartOf":{"@id":"https:\/\/www.ccgrass.com\/es\/#website"},"primaryImageOfPage":{"@id":"https:\/\/www.ccgrass.com\/es\/the-company\/factory-tour\/#primaryimage"},"image":{"@id":"https:\/\/www.ccgrass.com\/es\/the-company\/factory-tour\/#primaryimage"},"thumbnailUrl":"https:\/\/www.ccgrass.com\/es\/wp-content\/uploads\/2017\/03\/about-hero.jpg","datePublished":"2017-03-25T07:44:43+00:00","dateModified":"2024-11-28T09:06:35+00:00","description":"CCGrass ha comenzado a fabricar grass sint\u00e9tico desde 2002 y ahora opera la f\u00e1brica de grass sint\u00e9tico m\u00e1s grande del mundo.","breadcrumb":{"@id":"https:\/\/www.ccgrass.com\/es\/the-company\/factory-tour\/#breadcrumb"},"inLanguage":"es","potentialAction":[{"@type":"ReadAction","target":["https:\/\/www.ccgrass.com\/es\/the-company\/factory-tour\/"]}]},{"@type":"ImageObject","inLanguage":"es","@id":"https:\/\/www.ccgrass.com\/es\/the-company\/factory-tour\/#primaryimage","url":"https:\/\/www.ccgrass.com\/es\/wp-content\/uploads\/2017\/03\/about-hero.jpg","contentUrl":"https:\/\/www.ccgrass.com\/es\/wp-content\/uploads\/2017\/03\/about-hero.jpg","width":1920,"height":500,"caption":"F\u00e1brica de c\u00e9sped artificial"},{"@type":"BreadcrumbList","@id":"https:\/\/www.ccgrass.com\/es\/the-company\/factory-tour\/#breadcrumb","itemListElement":[{"@type":"ListItem","position":1,"name":"Home","item":"https:\/\/www.ccgrass.com\/es\/"},{"@type":"ListItem","position":2,"name":"LA COMPA\u00d1IA","item":"https:\/\/www.ccgrass.com\/es\/the-company\/"},{"@type":"ListItem","position":3,"name":"Tour por la F\u00e1brica"}]},{"@type":"WebSite","@id":"https:\/\/www.ccgrass.com\/es\/#website","url":"https:\/\/www.ccgrass.com\/es\/","name":"CCGrass","description":"Fabricante L\u00edder de Pasto Sint\u00e9tico","potentialAction":[{"@type":"SearchAction","target":{"@type":"EntryPoint","urlTemplate":"https:\/\/www.ccgrass.com\/es\/?s={search_term_string}"},"query-input":{"@type":"PropertyValueSpecification","valueRequired":true,"valueName":"search_term_string"}}],"inLanguage":"es"}]}},"_links":{"self":[{"href":"https:\/\/www.ccgrass.com\/es\/wp-json\/wp\/v2\/pages\/300","targetHints":{"allow":["GET"]}}],"collection":[{"href":"https:\/\/www.ccgrass.com\/es\/wp-json\/wp\/v2\/pages"}],"about":[{"href":"https:\/\/www.ccgrass.com\/es\/wp-json\/wp\/v2\/types\/page"}],"author":[{"embeddable":true,"href":"https:\/\/www.ccgrass.com\/es\/wp-json\/wp\/v2\/users\/1"}],"replies":[{"embeddable":true,"href":"https:\/\/www.ccgrass.com\/es\/wp-json\/wp\/v2\/comments?post=300"}],"version-history":[{"count":10,"href":"https:\/\/www.ccgrass.com\/es\/wp-json\/wp\/v2\/pages\/300\/revisions"}],"predecessor-version":[{"id":6044,"href":"https:\/\/www.ccgrass.com\/es\/wp-json\/wp\/v2\/pages\/300\/revisions\/6044"}],"up":[{"embeddable":true,"href":"https:\/\/www.ccgrass.com\/es\/wp-json\/wp\/v2\/pages\/36"}],"wp:featuredmedia":[{"embeddable":true,"href":"https:\/\/www.ccgrass.com\/es\/wp-json\/wp\/v2\/media\/563"}],"wp:attachment":[{"href":"https:\/\/www.ccgrass.com\/es\/wp-json\/wp\/v2\/media?parent=300"}],"curies":[{"name":"wp","href":"https:\/\/api.w.org\/{rel}","templated":true}]}}