{"id":1420,"date":"2018-08-29T01:31:38","date_gmt":"2018-08-29T01:31:38","guid":{"rendered":"https:\/\/www.ccgrass.com\/es\/?page_id=1420"},"modified":"2024-02-05T02:57:16","modified_gmt":"2024-02-05T02:57:16","slug":"sports-grass-superb","status":"publish","type":"page","link":"https:\/\/www.ccgrass.com\/es\/products\/our-innovation\/sports-grass-superb\/","title":{"rendered":"Superb, Durabilidad, Resiliencia, Suavidad"},"content":{"rendered":"[vc_row full_width=\u00bbstretch_row_content_no_spaces\u00bb css=\u00bb.vc_custom_1535507974345{background: #001b15 url(https:\/\/www.ccgrass.com\/es\/wp-content\/uploads\/2018\/08\/Group-45.png?id=2338) !important;background-position: 0 0 !important;background-repeat: no-repeat !important;}\u00bb el_class=\u00bbsuperb-top-section\u00bb][vc_column css=\u00bb.vc_custom_1527229395650{padding-top: 0px !important;}\u00bb][vc_single_image image=\u00bb2343&#8243; img_size=\u00bbfull\u00bb alignment=\u00bbcenter\u00bb css=\u00bb.vc_custom_1535508022215{margin-bottom: 0px !important;padding-top: 50px !important;padding-right: 15px !important;padding-bottom: 50px !important;padding-left: 15px !important;background-image: url(https:\/\/www.ccgrass.com\/es\/wp-content\/uploads\/2018\/08\/Group-47.png?id=2339) !important;}\u00bb el_class=\u00bbsuperb-top-img\u00bb][vc_single_image image=\u00bb2341&#8243; img_size=\u00bbfull\u00bb alignment=\u00bbcenter\u00bb][vc_column_text el_class=\u00bbtext-center\u00bb]\n<h4 class=\"green\">Durabilidad . Resiliencia . Suavidad<\/h4>\n[\/vc_column_text][vc_empty_space height=\u00bb50px\u00bb][vc_empty_space height=\u00bb50px\u00bb el_class=\u00bbhidden-xs\u00bb][vc_column_text el_class=\u00bbsuperb-top-title\u00bb css=\u00bb.vc_custom_1652059968845{margin-bottom: 15px !important;}\u00bb]\n<h1 class=\"section-title\">Garant\u00eda de <span class=\"red\">12-15<\/span> A\u00f1os<\/h1>\n[\/vc_column_text][vc_row_inner css=\u00bb.vc_custom_1527228858883{padding-right: 15px !important;padding-left: 15px !important;}\u00bb][vc_column_inner el_class=\u00bbwidth-8-inner\u00bb][vc_column_text el_class=\u00bbwhite font-14&#8243;]La industria de grama sint\u00e9tico normalmente proporciona productos con una garant\u00eda de 7-8 a\u00f1os. Sin embargo, en cuanto al Superb, gracias a su dise\u00f1o \u00fanico y materiales avanzados usados en sus hilos, la garant\u00eda se puede extender a 12-15 a\u00f1os bajo la condici\u00f3n de usar y mantener correctamente.<\/p>\n<p>Superb ha pasado la prueba de envejecimiento por ultravioleta, en la cual fue sometido a la meteorizaci\u00f3n artificial de 5,000 horas y el resultado de la escala de Gris fue 4-5, en l\u00ednea con el Est\u00e1ndar de FIFA \u00b4s Quality Pro(Escala de Gris). Esto significa que no ha cambiado el color, la fibra no se ha fragmentado y el c\u00e9sped no se ha desintegrado bajo los rayos del sol. Superb&#8212;- puede soportar uso m\u00e1s intensivo que otros hilos y lo apoyamos con la garant\u00eda extendida a 12-15 a\u00f1os.[\/vc_column_text][vc_empty_space height=\u00bb30px\u00bb][vc_empty_space height=\u00bb30px\u00bb el_class=\u00bbhidden-xs\u00bb][\/vc_column_inner][\/vc_row_inner][\/vc_column][\/vc_row][vc_row full_width=\u00bbstretch_row\u00bb css=\u00bb.vc_custom_1527224039812{padding-top: 40px !important;padding-bottom: 40px !important;background-color: #032517 !important;}\u00bb][vc_column][vc_column_text css=\u00bb.vc_custom_1622610310027{margin-bottom: 0px !important;}\u00bb]\n<h2 class=\"section-title\"><span class=\"red\">400\u03bcm<\/span> &#8211; Espeso Pero Suave<\/h2>\n[\/vc_column_text][vc_single_image image=\u00bb2337&#8243; img_size=\u00bbfull\u00bb alignment=\u00bbcenter\u00bb css=\u00bb.vc_custom_1535507882261{margin-bottom: 0px !important;}\u00bb][vc_column_text el_class=\u00bbwhite font-14 width-8&#8243;]La fibra es el n\u00facleo de grama sint\u00e9tico. La forma y el espesor tienen una gran influencia en la durabilidad y rendimiento deportivo de la cancha.<\/p>\n<p>El hilo de Superb tiene una forma de oliva y un espesor de 400\u03bcm\u2014 que es uno de los m\u00e1s espesos en el mercado, pero al mismo tiempo es extremadamente flexible, el\u00e1stico y mantiene su caracter\u00edstico de \u201cvuelve la primavera\u201d a largo plazo.<\/p>\n<p>Los hilos m\u00e1s espesos generalmente no tienen la suavidad t\u00e1ctil, pero Superb es una excepci\u00f3n. Las hierbas de Superb est\u00e1n hechas por la materia prima de 100% PE y poseen una resiliencia y suavidad incomparable.[\/vc_column_text][\/vc_column][\/vc_row][vc_row full_width=\u00bbstretch_row\u00bb css=\u00bb.vc_custom_1527227601215{padding-top: 40px !important;padding-bottom: 40px !important;background-color: #001b15 !important;}\u00bb][vc_column el_class=\u00bbwidth-13-inner\u00bb][vc_column_text css=\u00bb.vc_custom_1622610319175{margin-bottom: 20px !important;}\u00bb]\n<h2 class=\"section-title\">Lisport XL <span class=\"red\">&#8211; 25,000 <\/span>Ciclos<\/h2>\n[\/vc_column_text][vc_column_text]\n<h3 class=\"text-center green\">El M\u00e1s Resistente en el Mercado<\/h3>\n[\/vc_column_text][vc_column_text el_class=\u00bbwhite font-14&#8243;]El Lisport XL es una m\u00e1quina de generaci\u00f3n nueva, la cual simula los desgastes y reproduce las huellas de desgaste creadas por las zapatillas con clavos de f\u00fatbol y el desgaste abrasivo causado por las de suela plana.<br \/>\nDespu\u00e9s de que los hilos de Superb han sufrido m\u00e1s de 25,000 ciclos en la prueba de Lisport, siguen manteniendo forma completa y no muestran ninguna se\u00f1al de desgaste. Y el est\u00e1ndar de FIFA\u00b4s Quality Pro solo exige 6,020 ciclos. Lo que significa es que Supeb es el m\u00e1s duradero hilo en el mercado deportivo de hoy.[\/vc_column_text][vc_row_inner][vc_column_inner width=\u00bb1\/3&#8243;][vc_single_image image=\u00bb2342&#8243; img_size=\u00bbfull\u00bb css=\u00bb.vc_custom_1535507895974{margin-bottom: 25px !important;}\u00bb][vc_column_text el_class=\u00bbgreen font-15&#8243;]Los resultados de la durabilidad antes y despu\u00e9s de la prueba de simular desgaste de 25,000 ciclos con Lisport XL. (el est\u00e1ndar de FIFA: 6, 020 ciclos)[\/vc_column_text][\/vc_column_inner][vc_column_inner width=\u00bb2\/3&#8243;][vc_single_image image=\u00bb2340&#8243; img_size=\u00bbfull\u00bb][\/vc_column_inner][\/vc_row_inner][\/vc_column][\/vc_row][vc_row full_width=\u00bbstretch_row\u00bb css=\u00bb.vc_custom_1527228188990{background-color: #032517 !important;}\u00bb][vc_column][vc_column_text el_class=\u00bbsuperb-bottom-content\u00bb]\n<h2 class=\"section-title\"><span class=\"red\">El Maravilloso <\/span>Rendimiento Deportivo<\/h2>\n<p>Nos concentramos en cada detalle de la produci\u00f3n de nuestro grama sint\u00e9tico, como las materias primas que usamos, el dise\u00f1o de la fibra y el sistema de producir. Lo que significa es: Superb satisface una variedad de requisitos estrictos del control de calidad.<\/p>\n<p>As\u00ed que para los jugadores que corren, saltan, se deslizan o caen, nuestra superfice de Superb ofrece el perfecto rendimiento deportivo a un m\u00e1s largo plazo.[\/vc_column_text][\/vc_column][\/vc_row]\n","protected":false},"excerpt":{"rendered":"<p>[vc_row full_width=\u00bbstretch_row_content_no_spaces\u00bb css=\u00bb.vc_custom_1535507974345{background: #001b15 url(https:\/\/www.ccgrass.com\/es\/wp-content\/uploads\/2018\/08\/Group-45.png?id=2338) !important;background-position: 0 0 !important;background-repeat: no-repeat !important;}\u00bb el_class=\u00bbsuperb-top-section\u00bb][vc_column css=\u00bb.vc_custom_1527229395650{padding-top: 0px !important;}\u00bb][vc_single_image image=\u00bb2343&#8243; img_size=\u00bbfull\u00bb alignment=\u00bbcenter\u00bb css=\u00bb.vc_custom_1535508022215{margin-bottom: 0px !important;padding-top: 50px !important;padding-right: 15px !important;padding-bottom: 50px !important;padding-left: 15px !important;background-image: url(https:\/\/www.ccgrass.com\/es\/wp-content\/uploads\/2018\/08\/Group-47.png?id=2339) !important;}\u00bb el_class=\u00bbsuperb-top-img\u00bb][vc_single_image image=\u00bb2341&#8243; img_size=\u00bbfull\u00bb alignment=\u00bbcenter\u00bb][vc_column_text el_class=\u00bbtext-center\u00bb] Durabilidad . Resiliencia . Suavidad [\/vc_column_text][vc_empty_space height=\u00bb50px\u00bb][vc_empty_space height=\u00bb50px\u00bb el_class=\u00bbhidden-xs\u00bb][vc_column_text el_class=\u00bbsuperb-top-title\u00bb css=\u00bb.vc_custom_1652059968845{margin-bottom: 15px !important;}\u00bb] Garant\u00eda de 12-15 A\u00f1os [\/vc_column_text][vc_row_inner css=\u00bb.vc_custom_1527228858883{padding-right: [&hellip;]<\/p>\n","protected":false},"author":1,"featured_media":0,"parent":1416,"menu_order":30,"comment_status":"closed","ping_status":"closed","template":"templates\/template-stars.php","meta":{"footnotes":"","_links_to":"","_links_to_target":""},"class_list":["post-1420","page","type-page","status-publish","hentry"],"acf":[],"yoast_head":"<!-- This site is optimized with the Yoast SEO plugin v27.2 - https:\/\/yoast.com\/product\/yoast-seo-wordpress\/ -->\n<title>Superb | Grama Sint\u00e9tico para Deportes Suave y Duradero - CCGrass<\/title>\n<meta name=\"description\" content=\"CCGrass proporciona grama sint\u00e9tico de deportes, Superb,caracterizado por su durabilidad, resistencia y suavidad.\" \/>\n<meta name=\"robots\" content=\"index, follow, max-snippet:-1, max-image-preview:large, max-video-preview:-1\" \/>\n<link rel=\"canonical\" href=\"https:\/\/www.ccgrass.com\/es\/products\/our-innovation\/sports-grass-superb\/\" \/>\n<meta property=\"og:locale\" content=\"es_ES\" \/>\n<meta property=\"og:type\" content=\"article\" \/>\n<meta property=\"og:title\" content=\"Superb | Grama Sint\u00e9tico para Deportes Suave y Duradero - CCGrass\" \/>\n<meta property=\"og:description\" content=\"CCGrass proporciona grama sint\u00e9tico de deportes, Superb,caracterizado por su durabilidad, resistencia y suavidad.\" \/>\n<meta property=\"og:url\" content=\"https:\/\/www.ccgrass.com\/es\/products\/our-innovation\/sports-grass-superb\/\" \/>\n<meta property=\"og:site_name\" content=\"CCGrass\" \/>\n<meta property=\"article:modified_time\" content=\"2024-02-05T02:57:16+00:00\" \/>\n<meta name=\"twitter:card\" content=\"summary_large_image\" \/>\n<meta name=\"twitter:label1\" content=\"Tiempo de lectura\" \/>\n\t<meta name=\"twitter:data1\" content=\"3 minutos\" \/>\n<script type=\"application\/ld+json\" class=\"yoast-schema-graph\">{\"@context\":\"https:\/\/schema.org\",\"@graph\":[{\"@type\":\"WebPage\",\"@id\":\"https:\/\/www.ccgrass.com\/es\/products\/our-innovation\/sports-grass-superb\/\",\"url\":\"https:\/\/www.ccgrass.com\/es\/products\/our-innovation\/sports-grass-superb\/\",\"name\":\"Superb | Grama Sint\u00e9tico para Deportes Suave y Duradero - CCGrass\",\"isPartOf\":{\"@id\":\"https:\/\/www.ccgrass.com\/es\/#website\"},\"datePublished\":\"2018-08-29T01:31:38+00:00\",\"dateModified\":\"2024-02-05T02:57:16+00:00\",\"description\":\"CCGrass proporciona grama sint\u00e9tico de deportes, Superb,caracterizado por su durabilidad, resistencia y suavidad.\",\"breadcrumb\":{\"@id\":\"https:\/\/www.ccgrass.com\/es\/products\/our-innovation\/sports-grass-superb\/#breadcrumb\"},\"inLanguage\":\"es\",\"potentialAction\":[{\"@type\":\"ReadAction\",\"target\":[\"https:\/\/www.ccgrass.com\/es\/products\/our-innovation\/sports-grass-superb\/\"]}]},{\"@type\":\"BreadcrumbList\",\"@id\":\"https:\/\/www.ccgrass.com\/es\/products\/our-innovation\/sports-grass-superb\/#breadcrumb\",\"itemListElement\":[{\"@type\":\"ListItem\",\"position\":1,\"name\":\"Home\",\"item\":\"https:\/\/www.ccgrass.com\/es\/\"},{\"@type\":\"ListItem\",\"position\":2,\"name\":\"Productos\",\"item\":\"https:\/\/www.ccgrass.com\/es\/products\/\"},{\"@type\":\"ListItem\",\"position\":3,\"name\":\"Nuestra Innovaci\u00f3n\",\"item\":\"https:\/\/www.ccgrass.com\/es\/products\/our-innovation\/\"},{\"@type\":\"ListItem\",\"position\":4,\"name\":\"Superb, Durabilidad, Resiliencia, Suavidad\"}]},{\"@type\":\"WebSite\",\"@id\":\"https:\/\/www.ccgrass.com\/es\/#website\",\"url\":\"https:\/\/www.ccgrass.com\/es\/\",\"name\":\"CCGrass\",\"description\":\"Fabricante L\u00edder de Pasto Sint\u00e9tico\",\"potentialAction\":[{\"@type\":\"SearchAction\",\"target\":{\"@type\":\"EntryPoint\",\"urlTemplate\":\"https:\/\/www.ccgrass.com\/es\/?s={search_term_string}\"},\"query-input\":{\"@type\":\"PropertyValueSpecification\",\"valueRequired\":true,\"valueName\":\"search_term_string\"}}],\"inLanguage\":\"es\"}]}<\/script>\n<!-- \/ Yoast SEO plugin. -->","yoast_head_json":{"title":"Superb | Grama Sint\u00e9tico para Deportes Suave y Duradero - CCGrass","description":"CCGrass proporciona grama sint\u00e9tico de deportes, Superb,caracterizado por su durabilidad, resistencia y suavidad.","robots":{"index":"index","follow":"follow","max-snippet":"max-snippet:-1","max-image-preview":"max-image-preview:large","max-video-preview":"max-video-preview:-1"},"canonical":"https:\/\/www.ccgrass.com\/es\/products\/our-innovation\/sports-grass-superb\/","og_locale":"es_ES","og_type":"article","og_title":"Superb | Grama Sint\u00e9tico para Deportes Suave y Duradero - CCGrass","og_description":"CCGrass proporciona grama sint\u00e9tico de deportes, Superb,caracterizado por su durabilidad, resistencia y suavidad.","og_url":"https:\/\/www.ccgrass.com\/es\/products\/our-innovation\/sports-grass-superb\/","og_site_name":"CCGrass","article_modified_time":"2024-02-05T02:57:16+00:00","twitter_card":"summary_large_image","twitter_misc":{"Tiempo de lectura":"3 minutos"},"schema":{"@context":"https:\/\/schema.org","@graph":[{"@type":"WebPage","@id":"https:\/\/www.ccgrass.com\/es\/products\/our-innovation\/sports-grass-superb\/","url":"https:\/\/www.ccgrass.com\/es\/products\/our-innovation\/sports-grass-superb\/","name":"Superb | Grama Sint\u00e9tico para Deportes Suave y Duradero - CCGrass","isPartOf":{"@id":"https:\/\/www.ccgrass.com\/es\/#website"},"datePublished":"2018-08-29T01:31:38+00:00","dateModified":"2024-02-05T02:57:16+00:00","description":"CCGrass proporciona grama sint\u00e9tico de deportes, Superb,caracterizado por su durabilidad, resistencia y suavidad.","breadcrumb":{"@id":"https:\/\/www.ccgrass.com\/es\/products\/our-innovation\/sports-grass-superb\/#breadcrumb"},"inLanguage":"es","potentialAction":[{"@type":"ReadAction","target":["https:\/\/www.ccgrass.com\/es\/products\/our-innovation\/sports-grass-superb\/"]}]},{"@type":"BreadcrumbList","@id":"https:\/\/www.ccgrass.com\/es\/products\/our-innovation\/sports-grass-superb\/#breadcrumb","itemListElement":[{"@type":"ListItem","position":1,"name":"Home","item":"https:\/\/www.ccgrass.com\/es\/"},{"@type":"ListItem","position":2,"name":"Productos","item":"https:\/\/www.ccgrass.com\/es\/products\/"},{"@type":"ListItem","position":3,"name":"Nuestra Innovaci\u00f3n","item":"https:\/\/www.ccgrass.com\/es\/products\/our-innovation\/"},{"@type":"ListItem","position":4,"name":"Superb, Durabilidad, Resiliencia, Suavidad"}]},{"@type":"WebSite","@id":"https:\/\/www.ccgrass.com\/es\/#website","url":"https:\/\/www.ccgrass.com\/es\/","name":"CCGrass","description":"Fabricante L\u00edder de Pasto Sint\u00e9tico","potentialAction":[{"@type":"SearchAction","target":{"@type":"EntryPoint","urlTemplate":"https:\/\/www.ccgrass.com\/es\/?s={search_term_string}"},"query-input":{"@type":"PropertyValueSpecification","valueRequired":true,"valueName":"search_term_string"}}],"inLanguage":"es"}]}},"_links":{"self":[{"href":"https:\/\/www.ccgrass.com\/es\/wp-json\/wp\/v2\/pages\/1420","targetHints":{"allow":["GET"]}}],"collection":[{"href":"https:\/\/www.ccgrass.com\/es\/wp-json\/wp\/v2\/pages"}],"about":[{"href":"https:\/\/www.ccgrass.com\/es\/wp-json\/wp\/v2\/types\/page"}],"author":[{"embeddable":true,"href":"https:\/\/www.ccgrass.com\/es\/wp-json\/wp\/v2\/users\/1"}],"replies":[{"embeddable":true,"href":"https:\/\/www.ccgrass.com\/es\/wp-json\/wp\/v2\/comments?post=1420"}],"version-history":[{"count":1,"href":"https:\/\/www.ccgrass.com\/es\/wp-json\/wp\/v2\/pages\/1420\/revisions"}],"predecessor-version":[{"id":5416,"href":"https:\/\/www.ccgrass.com\/es\/wp-json\/wp\/v2\/pages\/1420\/revisions\/5416"}],"up":[{"embeddable":true,"href":"https:\/\/www.ccgrass.com\/es\/wp-json\/wp\/v2\/pages\/1416"}],"wp:attachment":[{"href":"https:\/\/www.ccgrass.com\/es\/wp-json\/wp\/v2\/media?parent=1420"}],"curies":[{"name":"wp","href":"https:\/\/api.w.org\/{rel}","templated":true}]}}