{"id":1418,"date":"2018-08-29T01:31:12","date_gmt":"2018-08-29T01:31:12","guid":{"rendered":"https:\/\/www.ccgrass.com\/es\/?page_id=1418"},"modified":"2022-05-09T01:26:09","modified_gmt":"2022-05-09T01:26:09","slug":"sports-grass-prt","status":"publish","type":"page","link":"https:\/\/www.ccgrass.com\/es\/products\/our-innovation\/sports-grass-prt\/","title":{"rendered":"La Serie de PRT, 100% Reciclable Grass Sint\u00e9tico"},"content":{"rendered":"[vc_row full_width=\u00bbstretch_row_content\u00bb css=\u00bb.vc_custom_1527066525400{background-color: #fef8ea !important;}\u00bb][vc_column][vc_column_text el_class=\u00bbprt-top-area\u00bb]\n<h1>100% reciclable grass sint\u00e9tico<\/h1>\n<p><img decoding=\"async\" src=\"https:\/\/www.ccgrass.com\/es\/wp-content\/uploads\/2018\/08\/prt-top-img.png\" alt=\"\" \/>[\/vc_column_text][vc_column_text el_class=\u00bbwidth-7 font-20 text-center black-2&#8243;]La serie de PRT\u00ae es un tipo de grass sint\u00e9tico 100% reciclable lanzado por CCGrass, la cual se caracteriza por su 100% reciclaje, su permeabilidad fabulosa de agua y mechones s\u00f3lidos.[\/vc_column_text][vc_empty_space height=\u00bb60px\u00bb][\/vc_column][\/vc_row][vc_row full_width=\u00bbstretch_row_content\u00bb css=\u00bb.vc_custom_1535507437147{background-color: #fef8ea !important;background-position: center !important;background-repeat: no-repeat !important;background-size: cover !important;}\u00bb][vc_column el_class=\u00bbwidth-10-inner\u00bb][vc_single_image image=\u00bb2330&#8243; img_size=\u00bbfull\u00bb][vc_row_inner][vc_column_inner width=\u00bb1\/2&#8243; offset=\u00bbvc_col-lg-5&#8243;][vc_column_text]\n<ul class=\"orange-list green prt-center-list\">\n<li>No l\u00e1tex, No PU, No revestimiento<\/li>\n<li>Permeabilidad fabulosa de agua<\/li>\n<li>Mechones s\u00f3lidos<\/li>\n<li>M\u00e1s beneficios\uff1a\n<ul class=\"list-unstyled black-6\">\n<li>No derrame de rellenos<\/li>\n<li>No crecimiento de maleza<\/li>\n<li>F\u00e1cil y flexible para la instalaci\u00f3n<\/li>\n<li>Respaldo sumamente suave<\/li>\n<\/ul>\n<\/li>\n<\/ul>\n[\/vc_column_text][\/vc_column_inner][vc_column_inner width=\u00bb1\/2&#8243; offset=\u00bbvc_col-lg-7&#8243;][vc_single_image image=\u00bb2329&#8243; img_size=\u00bbfull\u00bb][\/vc_column_inner][\/vc_row_inner][vc_empty_space height=\u00bb10px\u00bb][vc_column_text]<iframe loading=\"lazy\" src=\"https:\/\/www.youtube.com\/embed\/xaVJnpMnTsg?rel=0\" width=\"100%\" height=\"540\" frameborder=\"0\" allowfullscreen=\"allowfullscreen\"><\/iframe>[\/vc_column_text][vc_empty_space height=\u00bb30px\u00bb el_class=\u00bbhidden-xs\u00bb][vc_empty_space height=\u00bb30px\u00bb][\/vc_column][\/vc_row][vc_row full_width=\u00bbstretch_row_content\u00bb css=\u00bb.vc_custom_1527066514966{background-color: #fef8ea !important;}\u00bb][vc_column el_class=\u00bbwidth-10-inner\u00bb][vc_empty_space height=\u00bb30px\u00bb][vc_column_text]\n<h2 class=\"section-title\">No l\u00e1tex, No PU, No revestimiento<\/h2>\n[\/vc_column_text][vc_row_inner content_placement=\u00bbmiddle\u00bb][vc_column_inner width=\u00bb1\/2&#8243;][vc_single_image image=\u00bb2325&#8243; img_size=\u00bbfull\u00bb alignment=\u00bbright\u00bb][\/vc_column_inner][vc_column_inner width=\u00bb1\/2&#8243;][vc_column_text]\n<h2 class=\"orange\">100% Reciclable<\/h2>\n<ul class=\"orange-list green\">\n<li>100% amable para el medio mbiente &amp; ecolog\u00eda<\/li>\n<li>Seguro y inocuo para consumidores<\/li>\n<li>Reciclaje 100% f\u00e1cil y econ\u00f3mico<\/li>\n<\/ul>\n[\/vc_column_text][\/vc_column_inner][\/vc_row_inner][vc_empty_space height=\u00bb20px\u00bb][vc_separator color=\u00bbcustom\u00bb accent_color=\u00bb#dddddd\u00bb][vc_empty_space height=\u00bb20px\u00bb][vc_row_inner][vc_column_inner][vc_column_text el_class=\u00bbwidth-5&#8243;]\n<h2 class=\"orange\">Permeabilidad Fabulosa de Agua<\/h2>\n<ul class=\"orange-list green\">\n<li>Seca r\u00e1pidamente, 5 veces m\u00e1s r\u00e1pido que un grass sint\u00e9tico regular<\/li>\n<li>100% permeable, no agua queda<\/li>\n<li>Utilizable en todos los tiempos<\/li>\n<\/ul>\n[\/vc_column_text][vc_empty_space height=\u00bb20px\u00bb][vc_single_image image=\u00bb2326&#8243; img_size=\u00bbfull\u00bb alignment=\u00bbcenter\u00bb][vc_empty_space height=\u00bb20px\u00bb][vc_separator color=\u00bbcustom\u00bb accent_color=\u00bb#dddddd\u00bb][\/vc_column_inner][\/vc_row_inner][vc_empty_space height=\u00bb20px\u00bb][vc_row_inner][vc_column_inner width=\u00bb1\/2&#8243; offset=\u00bbvc_col-lg-5&#8243;][vc_column_text css=\u00bb.vc_custom_1622604639320{padding-right: 20px !important;padding-left: 20px !important;}\u00bb]\n<h2 class=\"orange\">Mechones S\u00f3lidos<\/h2>\n<ul class=\"orange-list green\">\n<li>Aplicable para uso intensivo<\/li>\n<li>Garant\u00eda m\u00e1s larga<\/li>\n<li><strong>&gt;FIFA est\u00e1ndar<\/strong><\/li>\n<\/ul>\n[\/vc_column_text][\/vc_column_inner][vc_column_inner width=\u00bb1\/2&#8243; offset=\u00bbvc_col-lg-7&#8243;][vc_single_image image=\u00bb2327&#8243; img_size=\u00bbfull\u00bb][\/vc_column_inner][\/vc_row_inner][vc_empty_space height=\u00bb30px\u00bb el_class=\u00bbhidden-xs\u00bb][vc_empty_space height=\u00bb30px\u00bb][\/vc_column][\/vc_row]\n","protected":false},"excerpt":{"rendered":"<p>[vc_row full_width=\u00bbstretch_row_content\u00bb css=\u00bb.vc_custom_1527066525400{background-color: #fef8ea !important;}\u00bb][vc_column][vc_column_text el_class=\u00bbprt-top-area\u00bb] 100% reciclable grass sint\u00e9tico [\/vc_column_text][vc_column_text el_class=\u00bbwidth-7 font-20 text-center black-2&#8243;]La serie de PRT\u00ae es un tipo de grass sint\u00e9tico 100% reciclable lanzado por CCGrass, la cual se caracteriza por su 100% reciclaje, su permeabilidad fabulosa de agua y mechones s\u00f3lidos.[\/vc_column_text][vc_empty_space height=\u00bb60px\u00bb][\/vc_column][\/vc_row][vc_row full_width=\u00bbstretch_row_content\u00bb css=\u00bb.vc_custom_1535507437147{background-color: #fef8ea !important;background-position: center !important;background-repeat: no-repeat !important;background-size: cover [&hellip;]<\/p>\n","protected":false},"author":1,"featured_media":2324,"parent":1416,"menu_order":31,"comment_status":"closed","ping_status":"closed","template":"templates\/template-stars.php","meta":{"footnotes":"","_links_to":"","_links_to_target":""},"class_list":["post-1418","page","type-page","status-publish","has-post-thumbnail","hentry"],"acf":[],"yoast_head":"<!-- This site is optimized with the Yoast SEO plugin v27.2 - https:\/\/yoast.com\/product\/yoast-seo-wordpress\/ -->\n<title>La serie de PRT\u2502Grass Sint\u00e9tico 100% Reciclable - CCGrass<\/title>\n<meta name=\"description\" content=\"La serie PRT\u00ae es un c\u00e9sped sint\u00e9tico 100% reciclable lanzado por CCGrass que se caracteriza dram\u00e1ticamente por 100% reciclable, superpermeabilidad al agua y fuerte bloqueo del c\u00e9sped.\" \/>\n<meta name=\"robots\" content=\"index, follow, max-snippet:-1, max-image-preview:large, max-video-preview:-1\" \/>\n<link rel=\"canonical\" href=\"https:\/\/www.ccgrass.com\/es\/products\/our-innovation\/sports-grass-prt\/\" \/>\n<meta property=\"og:locale\" content=\"es_ES\" \/>\n<meta property=\"og:type\" content=\"article\" \/>\n<meta property=\"og:title\" content=\"La serie de PRT\u2502Grass Sint\u00e9tico 100% Reciclable - CCGrass\" \/>\n<meta property=\"og:description\" content=\"La serie PRT\u00ae es un c\u00e9sped sint\u00e9tico 100% reciclable lanzado por CCGrass que se caracteriza dram\u00e1ticamente por 100% reciclable, superpermeabilidad al agua y fuerte bloqueo del c\u00e9sped.\" \/>\n<meta property=\"og:url\" content=\"https:\/\/www.ccgrass.com\/es\/products\/our-innovation\/sports-grass-prt\/\" \/>\n<meta property=\"og:site_name\" content=\"CCGrass\" \/>\n<meta property=\"article:modified_time\" content=\"2022-05-09T01:26:09+00:00\" \/>\n<meta property=\"og:image\" content=\"https:\/\/www.ccgrass.com\/es\/wp-content\/uploads\/2018\/08\/pre-banner.jpg\" \/>\n\t<meta property=\"og:image:width\" content=\"1920\" \/>\n\t<meta property=\"og:image:height\" content=\"300\" \/>\n\t<meta property=\"og:image:type\" content=\"image\/jpeg\" \/>\n<meta name=\"twitter:card\" content=\"summary_large_image\" \/>\n<meta name=\"twitter:label1\" content=\"Tiempo de lectura\" \/>\n\t<meta name=\"twitter:data1\" content=\"2 minutos\" \/>\n<script type=\"application\/ld+json\" class=\"yoast-schema-graph\">{\"@context\":\"https:\/\/schema.org\",\"@graph\":[{\"@type\":\"WebPage\",\"@id\":\"https:\/\/www.ccgrass.com\/es\/products\/our-innovation\/sports-grass-prt\/\",\"url\":\"https:\/\/www.ccgrass.com\/es\/products\/our-innovation\/sports-grass-prt\/\",\"name\":\"La serie de PRT\u2502Grass Sint\u00e9tico 100% Reciclable - CCGrass\",\"isPartOf\":{\"@id\":\"https:\/\/www.ccgrass.com\/es\/#website\"},\"primaryImageOfPage\":{\"@id\":\"https:\/\/www.ccgrass.com\/es\/products\/our-innovation\/sports-grass-prt\/#primaryimage\"},\"image\":{\"@id\":\"https:\/\/www.ccgrass.com\/es\/products\/our-innovation\/sports-grass-prt\/#primaryimage\"},\"thumbnailUrl\":\"https:\/\/www.ccgrass.com\/es\/wp-content\/uploads\/2018\/08\/pre-banner.jpg\",\"datePublished\":\"2018-08-29T01:31:12+00:00\",\"dateModified\":\"2022-05-09T01:26:09+00:00\",\"description\":\"La serie PRT\u00ae es un c\u00e9sped sint\u00e9tico 100% reciclable lanzado por CCGrass que se caracteriza dram\u00e1ticamente por 100% reciclable, superpermeabilidad al agua y fuerte bloqueo del c\u00e9sped.\",\"breadcrumb\":{\"@id\":\"https:\/\/www.ccgrass.com\/es\/products\/our-innovation\/sports-grass-prt\/#breadcrumb\"},\"inLanguage\":\"es\",\"potentialAction\":[{\"@type\":\"ReadAction\",\"target\":[\"https:\/\/www.ccgrass.com\/es\/products\/our-innovation\/sports-grass-prt\/\"]}]},{\"@type\":\"ImageObject\",\"inLanguage\":\"es\",\"@id\":\"https:\/\/www.ccgrass.com\/es\/products\/our-innovation\/sports-grass-prt\/#primaryimage\",\"url\":\"https:\/\/www.ccgrass.com\/es\/wp-content\/uploads\/2018\/08\/pre-banner.jpg\",\"contentUrl\":\"https:\/\/www.ccgrass.com\/es\/wp-content\/uploads\/2018\/08\/pre-banner.jpg\",\"width\":1920,\"height\":300,\"caption\":\"pre-banner\"},{\"@type\":\"BreadcrumbList\",\"@id\":\"https:\/\/www.ccgrass.com\/es\/products\/our-innovation\/sports-grass-prt\/#breadcrumb\",\"itemListElement\":[{\"@type\":\"ListItem\",\"position\":1,\"name\":\"Home\",\"item\":\"https:\/\/www.ccgrass.com\/es\/\"},{\"@type\":\"ListItem\",\"position\":2,\"name\":\"Productos\",\"item\":\"https:\/\/www.ccgrass.com\/es\/products\/\"},{\"@type\":\"ListItem\",\"position\":3,\"name\":\"Nuestra Innovaci\u00f3n\",\"item\":\"https:\/\/www.ccgrass.com\/es\/products\/our-innovation\/\"},{\"@type\":\"ListItem\",\"position\":4,\"name\":\"La Serie de PRT, 100% Reciclable Grass Sint\u00e9tico\"}]},{\"@type\":\"WebSite\",\"@id\":\"https:\/\/www.ccgrass.com\/es\/#website\",\"url\":\"https:\/\/www.ccgrass.com\/es\/\",\"name\":\"CCGrass\",\"description\":\"Fabricante L\u00edder de Pasto Sint\u00e9tico\",\"potentialAction\":[{\"@type\":\"SearchAction\",\"target\":{\"@type\":\"EntryPoint\",\"urlTemplate\":\"https:\/\/www.ccgrass.com\/es\/?s={search_term_string}\"},\"query-input\":{\"@type\":\"PropertyValueSpecification\",\"valueRequired\":true,\"valueName\":\"search_term_string\"}}],\"inLanguage\":\"es\"}]}<\/script>\n<!-- \/ Yoast SEO plugin. -->","yoast_head_json":{"title":"La serie de PRT\u2502Grass Sint\u00e9tico 100% Reciclable - CCGrass","description":"La serie PRT\u00ae es un c\u00e9sped sint\u00e9tico 100% reciclable lanzado por CCGrass que se caracteriza dram\u00e1ticamente por 100% reciclable, superpermeabilidad al agua y fuerte bloqueo del c\u00e9sped.","robots":{"index":"index","follow":"follow","max-snippet":"max-snippet:-1","max-image-preview":"max-image-preview:large","max-video-preview":"max-video-preview:-1"},"canonical":"https:\/\/www.ccgrass.com\/es\/products\/our-innovation\/sports-grass-prt\/","og_locale":"es_ES","og_type":"article","og_title":"La serie de PRT\u2502Grass Sint\u00e9tico 100% Reciclable - CCGrass","og_description":"La serie PRT\u00ae es un c\u00e9sped sint\u00e9tico 100% reciclable lanzado por CCGrass que se caracteriza dram\u00e1ticamente por 100% reciclable, superpermeabilidad al agua y fuerte bloqueo del c\u00e9sped.","og_url":"https:\/\/www.ccgrass.com\/es\/products\/our-innovation\/sports-grass-prt\/","og_site_name":"CCGrass","article_modified_time":"2022-05-09T01:26:09+00:00","og_image":[{"width":1920,"height":300,"url":"https:\/\/www.ccgrass.com\/es\/wp-content\/uploads\/2018\/08\/pre-banner.jpg","type":"image\/jpeg"}],"twitter_card":"summary_large_image","twitter_misc":{"Tiempo de lectura":"2 minutos"},"schema":{"@context":"https:\/\/schema.org","@graph":[{"@type":"WebPage","@id":"https:\/\/www.ccgrass.com\/es\/products\/our-innovation\/sports-grass-prt\/","url":"https:\/\/www.ccgrass.com\/es\/products\/our-innovation\/sports-grass-prt\/","name":"La serie de PRT\u2502Grass Sint\u00e9tico 100% Reciclable - CCGrass","isPartOf":{"@id":"https:\/\/www.ccgrass.com\/es\/#website"},"primaryImageOfPage":{"@id":"https:\/\/www.ccgrass.com\/es\/products\/our-innovation\/sports-grass-prt\/#primaryimage"},"image":{"@id":"https:\/\/www.ccgrass.com\/es\/products\/our-innovation\/sports-grass-prt\/#primaryimage"},"thumbnailUrl":"https:\/\/www.ccgrass.com\/es\/wp-content\/uploads\/2018\/08\/pre-banner.jpg","datePublished":"2018-08-29T01:31:12+00:00","dateModified":"2022-05-09T01:26:09+00:00","description":"La serie PRT\u00ae es un c\u00e9sped sint\u00e9tico 100% reciclable lanzado por CCGrass que se caracteriza dram\u00e1ticamente por 100% reciclable, superpermeabilidad al agua y fuerte bloqueo del c\u00e9sped.","breadcrumb":{"@id":"https:\/\/www.ccgrass.com\/es\/products\/our-innovation\/sports-grass-prt\/#breadcrumb"},"inLanguage":"es","potentialAction":[{"@type":"ReadAction","target":["https:\/\/www.ccgrass.com\/es\/products\/our-innovation\/sports-grass-prt\/"]}]},{"@type":"ImageObject","inLanguage":"es","@id":"https:\/\/www.ccgrass.com\/es\/products\/our-innovation\/sports-grass-prt\/#primaryimage","url":"https:\/\/www.ccgrass.com\/es\/wp-content\/uploads\/2018\/08\/pre-banner.jpg","contentUrl":"https:\/\/www.ccgrass.com\/es\/wp-content\/uploads\/2018\/08\/pre-banner.jpg","width":1920,"height":300,"caption":"pre-banner"},{"@type":"BreadcrumbList","@id":"https:\/\/www.ccgrass.com\/es\/products\/our-innovation\/sports-grass-prt\/#breadcrumb","itemListElement":[{"@type":"ListItem","position":1,"name":"Home","item":"https:\/\/www.ccgrass.com\/es\/"},{"@type":"ListItem","position":2,"name":"Productos","item":"https:\/\/www.ccgrass.com\/es\/products\/"},{"@type":"ListItem","position":3,"name":"Nuestra Innovaci\u00f3n","item":"https:\/\/www.ccgrass.com\/es\/products\/our-innovation\/"},{"@type":"ListItem","position":4,"name":"La Serie de PRT, 100% Reciclable Grass Sint\u00e9tico"}]},{"@type":"WebSite","@id":"https:\/\/www.ccgrass.com\/es\/#website","url":"https:\/\/www.ccgrass.com\/es\/","name":"CCGrass","description":"Fabricante L\u00edder de Pasto Sint\u00e9tico","potentialAction":[{"@type":"SearchAction","target":{"@type":"EntryPoint","urlTemplate":"https:\/\/www.ccgrass.com\/es\/?s={search_term_string}"},"query-input":{"@type":"PropertyValueSpecification","valueRequired":true,"valueName":"search_term_string"}}],"inLanguage":"es"}]}},"_links":{"self":[{"href":"https:\/\/www.ccgrass.com\/es\/wp-json\/wp\/v2\/pages\/1418","targetHints":{"allow":["GET"]}}],"collection":[{"href":"https:\/\/www.ccgrass.com\/es\/wp-json\/wp\/v2\/pages"}],"about":[{"href":"https:\/\/www.ccgrass.com\/es\/wp-json\/wp\/v2\/types\/page"}],"author":[{"embeddable":true,"href":"https:\/\/www.ccgrass.com\/es\/wp-json\/wp\/v2\/users\/1"}],"replies":[{"embeddable":true,"href":"https:\/\/www.ccgrass.com\/es\/wp-json\/wp\/v2\/comments?post=1418"}],"version-history":[{"count":0,"href":"https:\/\/www.ccgrass.com\/es\/wp-json\/wp\/v2\/pages\/1418\/revisions"}],"up":[{"embeddable":true,"href":"https:\/\/www.ccgrass.com\/es\/wp-json\/wp\/v2\/pages\/1416"}],"wp:featuredmedia":[{"embeddable":true,"href":"https:\/\/www.ccgrass.com\/es\/wp-json\/wp\/v2\/media\/2324"}],"wp:attachment":[{"href":"https:\/\/www.ccgrass.com\/es\/wp-json\/wp\/v2\/media?parent=1418"}],"curies":[{"name":"wp","href":"https:\/\/api.w.org\/{rel}","templated":true}]}}